{"id":10570,"date":"2023-05-06T10:51:32","date_gmt":"2023-05-06T08:51:32","guid":{"rendered":"https:\/\/amalashes.com\/?post_type=product&#038;p=10570"},"modified":"2026-02-22T02:24:24","modified_gmt":"2026-02-22T00:24:24","slug":"banda-extensii-gene-japoneza-ama-lashes","status":"publish","type":"product","link":"https:\/\/amalashes.com\/gb\/produs\/banda-extensii-gene-japoneza-ama-lashes\/","title":{"rendered":"Banda Japoneza Antialergica Extensii Gene"},"content":{"rendered":"<p style=\"text-align: center;\">Unul dintre cele mai apreciate accesorii de c\u0103tre speciali\u0219tii din domeniu este, f\u0103r\u0103 \u00eendoial\u0103, banda japoneza antialergica extensii gene<\/p>\n<p style=\"text-align: center;\">Aceasta a revolu\u021bionat modul \u00een care se realizeaz\u0103 izolarea genelor inferioare \u0219i securizarea pleoapei superioare, oferind un nivel de confort de neegalat.<\/p>\n<p style=\"text-align: center;\">Spre deosebire de benzile clasice, <b data-path-to-node=\"2\" data-index-in-node=\"455\">banda japonez\u0103 antialergic\u0103<\/b> este fabricat\u0103 dintr-o poliolefin\u0103 flexibil\u0103.<\/p>\n<p style=\"text-align: center;\">Poliolefina este un material de ultim\u0103 genera\u021bie care se muleaz\u0103 perfect pe orice fizionomie.<\/p>\n<p style=\"text-align: center;\">Aceast\u0103 inova\u021bie tehnologic\u0103 asigur\u0103 o aplicare fin\u0103 \u0219i u\u0219oar\u0103. Banda fiind special conceput\u0103 pentru a proteja zona extrem de sensibil\u0103 a ochilor \u00een timpul procedurilor de lung\u0103 durat\u0103.<\/p>\n<h2 style=\"text-align: center;\" data-path-to-node=\"3\">Avantajele de a utiliza banda japoneza antialergica extensii gene \u00een salonul t\u0103u!<\/h2>\n<p style=\"text-align: center;\" data-path-to-node=\"4\">Utilizarea unei <b data-path-to-node=\"4\" data-index-in-node=\"16\">benzi japoneza antialergice<\/b> nu este doar o op\u021biune de lux. Aceasta este o necesitate pentru a asigura s\u0103n\u0103tatea pielii clientelor.<\/p>\n<p style=\"text-align: center;\" data-path-to-node=\"4\">Principalul s\u0103u atu const\u0103 \u00een adezivul special formulat pentru a fi bl\u00e2nd cu epiderma.<\/p>\n<p style=\"text-align: center;\" data-path-to-node=\"4\">Multe persoane se confrunt\u0103 cu irita\u021bii dup\u0103 aplicarea extensiilor de gene, \u00eens\u0103 majoritatea acestor reac\u021bii sunt provocate de benzile abrazive sau de adezivii prea puternici.<\/p>\n<p style=\"text-align: center;\" data-path-to-node=\"5\">Integreaza <b data-path-to-node=\"5\" data-index-in-node=\"21\">banda japoneza <\/b>\u00een procesul de lucru, elimini riscul de ro\u0219ea\u021b\u0103 sau disconfort la finalul \u0219edin\u021bei.<\/p>\n<p style=\"text-align: center;\" data-path-to-node=\"5\">Aderan\u021ba sa este medie, ceea ce \u00eenseamn\u0103 c\u0103 r\u0103m\u00e2ne fix\u0103 pe parcursul lucrului.<\/p>\n<p style=\"text-align: center;\" data-path-to-node=\"5\">Aceasta se \u00eendep\u0103rteaz\u0103 extrem de u\u0219or, f\u0103r\u0103 a l\u0103sa reziduuri lipicioase sau a smulge firele de p\u0103r sub\u021biri din zona periocular\u0103.<\/p>\n<p style=\"text-align: center;\" data-path-to-node=\"5\">De asemenea, textura sa mat\u0103 ajut\u0103 <span style=\"color: #000000;\"><a style=\"color: #000000;\" href=\"https:\/\/amalashes.com\/produs\/extensii-gene-negre-007-amaria-colection-by-ama-lashes\/\">lash<\/a> <\/span>artistul s\u0103 vad\u0103 mai bine genele naturale, reduc\u00e2nd oboseala vizual\u0103.<\/p>\n<h2 style=\"text-align: center;\" data-path-to-node=\"6\">Performan\u021b\u0103 \u0219i siguran\u021b\u0103 cu banda japoneza antialergica extensii de la <span style=\"color: #000000;\"><a style=\"color: #000000;\" href=\"https:\/\/www.facebook.com\/amalashesacademy\">AMA Lashes<\/a><\/span><\/h2>\n<p style=\"text-align: center;\" data-path-to-node=\"7\">Atunci c\u00e2nd alegi o <b data-path-to-node=\"7\" data-index-in-node=\"20\">banda japoneza antialergica<\/b>, calitatea materialului este crucial\u0103.<\/p>\n<p style=\"text-align: center;\" data-path-to-node=\"7\">Produsele distribuite de AMA Lashes sunt selectate riguros pentru a respecta cele mai \u00eenalte norme europene de siguran\u021b\u0103.<\/p>\n<p style=\"text-align: center;\" data-path-to-node=\"7\">O <b data-path-to-node=\"7\" data-index-in-node=\"211\">banda japoneza <\/b>\u00a0autentic\u0103 trebuie s\u0103 fie poroas\u0103, permi\u021b\u00e2nd pielii s\u0103 respire pe tot parcursul procedurii care poate dura chiar \u0219i trei ore.<\/p>\n<p style=\"text-align: center;\" data-path-to-node=\"8\">Speciali\u0219tii care testeaz\u0103 aceste produse confirm\u0103 faptul c\u0103 flexibilitatea materialului permite realizarea unor tehnici avansate de lifting al pleoapei. Acestea fiind esen\u021biale pentru lucrul cu genele scurte sau cu ochii ad\u00e2nci\u021bi \u00een orbit\u0103.<\/p>\n<p style=\"text-align: center;\" data-path-to-node=\"8\">Fiind extrem de sub\u021bire, aceasta nu creeaz\u0103 volum inutil sub ochi, permi\u021b\u00e2nd pensetelor s\u0103 se mi\u0219te liber.<\/p>\n<p style=\"text-align: center;\" data-path-to-node=\"8\">Investi\u021bia \u00eentr-o <b data-path-to-node=\"8\" data-index-in-node=\"353\">banda japoneza <\/b>de calitate se reflect\u0103 direct \u00een gradul de satisfac\u021bie al clientelor, care vor reveni cu \u00eencredere, \u0219tiind c\u0103 siguran\u021ba lor este prioritar\u0103.<\/p>\n<p style=\"text-align: center;\" data-path-to-node=\"8\">\u00cen concluzie, acest produs japonez reprezint\u0103 simbioza perfect\u0103 \u00eentre tehnologia modern\u0103 \u0219i grija pentru s\u0103n\u0103tate. Aceasta fiind un element indispensabil \u00een trusa oric\u0103rui profesionist care tinde spre perfec\u021biune.<\/p>\n","protected":false},"excerpt":{"rendered":"<p style=\"text-align: center;\">Banda gene japoneza antialergica este un produs de calitate superioara.<\/p>\n<p style=\"text-align: center;\">Aceasta banda este fabricata din poliolefina flexibila, ceea ce o face extrem de fina si usoara.<\/p>\n<p>&nbsp;<\/p>\n<p style=\"text-align: center;\"><strong><span style=\"color: #800000;\">* TRANSPORT GRATUIT IN ROMANIA<br \/>\nla toate comenzile de peste 450 lei<\/span><\/strong><\/p>\n<p style=\"text-align: center;\"><strong><span style=\"color: #800000;\">* TRANSPORT GRATUIT IN EUROPA<br \/>\nla toate comenzile de peste 1500 lei<\/span><\/strong><\/p>\n","protected":false},"featured_media":13065,"comment_status":"closed","ping_status":"closed","template":"","meta":[],"product_brand":[],"product_cat":[379,377],"product_tag":[784,785,846,736,783,505,782,786,293,412,520,669,889,836],"class_list":{"0":"post-10570","1":"product","2":"type-product","3":"status-publish","4":"has-post-thumbnail","6":"product_cat-accesorii-extensii-gene-ama-lashes","7":"product_cat-intretinere-extensii-gene-fir-cu-fir-ama-lashes","8":"product_tag-banda-antialergica-gene","9":"product_tag-banda-antiiritanta-gene","10":"product_tag-banda-extensii-gene","11":"product_tag-banda-gene","12":"product_tag-banda-izolare-gene","13":"product_tag-banda-japoneza","14":"product_tag-banda-japoneza-gene","15":"product_tag-banda-protectie-gene","16":"product_tag-extensii-ama","17":"product_tag-extensii-gene","18":"product_tag-eyelash-extensions","19":"product_tag-gene-negre","20":"product_tag-intretinere-extensii-gene","21":"product_tag-produse-extensii-gene","23":"first","24":"instock","25":"taxable","26":"shipping-taxable","27":"purchasable","28":"product-type-simple"},"translation":{"provider":"WPGlobus","version":"3.0.2","language":"gb","enabled_languages":["ro","gb"],"languages":{"ro":{"title":true,"content":true,"excerpt":true},"gb":{"title":false,"content":false,"excerpt":false}}},"yoast_head":"<!-- This site is optimized with the Yoast SEO plugin v27.4 - https:\/\/yoast.com\/product\/yoast-seo-wordpress\/ -->\n<title>Banda japoneza antialergica extensii gene | AMA Lashes<\/title>\n<meta name=\"robots\" content=\"index, follow, max-snippet:-1, max-image-preview:large, max-video-preview:-1\" \/>\n<link rel=\"canonical\" href=\"https:\/\/amalashes.com\/produs\/banda-extensii-gene-japoneza-ama-lashes\/\" \/>\n<meta property=\"og:locale\" content=\"en_GB\" \/>\n<meta property=\"og:type\" content=\"article\" \/>\n<meta property=\"og:title\" content=\"Banda Japoneza Antialergica Extensii Gene | AMA Lashes\" \/>\n<meta property=\"og:url\" content=\"https:\/\/amalashes.com\/produs\/banda-extensii-gene-japoneza-ama-lashes\/\" \/>\n<meta property=\"og:site_name\" content=\"AMA Lashes\" \/>\n<meta property=\"article:publisher\" content=\"https:\/\/www.facebook.com\/amalashesacademy\/\" \/>\n<meta property=\"article:modified_time\" content=\"2026-02-22T00:24:24+00:00\" \/>\n<meta property=\"og:image\" content=\"https:\/\/amalashes.com\/wp-content\/uploads\/2023\/05\/Banda-japoneza-amalashes-2.jpg\" \/>\n\t<meta property=\"og:image:width\" content=\"1774\" \/>\n\t<meta property=\"og:image:height\" content=\"1774\" \/>\n\t<meta property=\"og:image:type\" content=\"image\/jpeg\" \/>\n<meta name=\"twitter:card\" content=\"summary_large_image\" \/>\n<meta name=\"twitter:label1\" content=\"Est. reading time\" \/>\n\t<meta name=\"twitter:data1\" content=\"3 minutes\" \/>\n<script type=\"application\/ld+json\" class=\"yoast-schema-graph\">{\"@context\":\"https:\\\/\\\/schema.org\",\"@graph\":[{\"@type\":\"WebPage\",\"@id\":\"https:\\\/\\\/amalashes.com\\\/produs\\\/banda-extensii-gene-japoneza-ama-lashes\\\/\",\"url\":\"https:\\\/\\\/amalashes.com\\\/produs\\\/banda-extensii-gene-japoneza-ama-lashes\\\/\",\"name\":\"Banda japoneza antialergica extensii gene | AMA Lashes\",\"isPartOf\":{\"@id\":\"https:\\\/\\\/amalashes.com\\\/#website\"},\"primaryImageOfPage\":{\"@id\":\"https:\\\/\\\/amalashes.com\\\/produs\\\/banda-extensii-gene-japoneza-ama-lashes\\\/#primaryimage\"},\"image\":{\"@id\":\"https:\\\/\\\/amalashes.com\\\/produs\\\/banda-extensii-gene-japoneza-ama-lashes\\\/#primaryimage\"},\"thumbnailUrl\":\"https:\\\/\\\/amalashes.com\\\/wp-content\\\/uploads\\\/2023\\\/05\\\/Banda-japoneza-amalashes-2.jpg\",\"datePublished\":\"2023-05-06T08:51:32+00:00\",\"dateModified\":\"2026-02-22T00:24:24+00:00\",\"description\":\"Banda japoneza extensii gene antialergica | Fabricata din poliolefina flexibila iar adezivul antiiritant de pe banda permite o dezlipire usoara | AMA Lashes\",\"breadcrumb\":{\"@id\":\"https:\\\/\\\/amalashes.com\\\/produs\\\/banda-extensii-gene-japoneza-ama-lashes\\\/#breadcrumb\"},\"inLanguage\":\"en-GB\",\"potentialAction\":[{\"@type\":\"ReadAction\",\"target\":[\"https:\\\/\\\/amalashes.com\\\/produs\\\/banda-extensii-gene-japoneza-ama-lashes\\\/\"]}]},{\"@type\":\"ImageObject\",\"inLanguage\":\"en-GB\",\"@id\":\"https:\\\/\\\/amalashes.com\\\/produs\\\/banda-extensii-gene-japoneza-ama-lashes\\\/#primaryimage\",\"url\":\"https:\\\/\\\/amalashes.com\\\/wp-content\\\/uploads\\\/2023\\\/05\\\/Banda-japoneza-amalashes-2.jpg\",\"contentUrl\":\"https:\\\/\\\/amalashes.com\\\/wp-content\\\/uploads\\\/2023\\\/05\\\/Banda-japoneza-amalashes-2.jpg\",\"width\":1774,\"height\":1774,\"caption\":\"Banda japoneza antialergica extensii gene material flexibil calitate superioara AMA Lashes.\"},{\"@type\":\"BreadcrumbList\",\"@id\":\"https:\\\/\\\/amalashes.com\\\/produs\\\/banda-extensii-gene-japoneza-ama-lashes\\\/#breadcrumb\",\"itemListElement\":[{\"@type\":\"ListItem\",\"position\":1,\"name\":\"Prima pagin\u0103\",\"item\":\"https:\\\/\\\/amalashes.com\\\/\"},{\"@type\":\"ListItem\",\"position\":2,\"name\":\"AMA SHOP\",\"item\":\"https:\\\/\\\/amalashes.com\\\/ama-lashes-shop\\\/\"},{\"@type\":\"ListItem\",\"position\":3,\"name\":\"Banda Japoneza Antialergica Extensii Gene\"}]},{\"@type\":\"WebSite\",\"@id\":\"https:\\\/\\\/amalashes.com\\\/#website\",\"url\":\"https:\\\/\\\/amalashes.com\\\/\",\"name\":\"AMA Lashes\",\"description\":\"Eyelash Extension Courses and Eyelash Extension Products, Lash Academy AMA Lashes. We offer you the most complete eyelash extension courses with an accredited diploma and a wide range of products and accessories for the application and maintenance of thread-by-thread eyelash extensions, of superior quality at a fair price. AMA Lashes products cannot be missing from the kit of a professional thread-by-thread eyelash extension technician.\",\"publisher\":{\"@id\":\"https:\\\/\\\/amalashes.com\\\/#organization\"},\"potentialAction\":[{\"@type\":\"SearchAction\",\"target\":{\"@type\":\"EntryPoint\",\"urlTemplate\":\"https:\\\/\\\/amalashes.com\\\/?s={search_term_string}\"},\"query-input\":{\"@type\":\"PropertyValueSpecification\",\"valueRequired\":true,\"valueName\":\"search_term_string\"}}],\"inLanguage\":\"en-GB\"},{\"@type\":\"Organization\",\"@id\":\"https:\\\/\\\/amalashes.com\\\/#organization\",\"name\":\"AMA Lashes\",\"url\":\"https:\\\/\\\/amalashes.com\\\/\",\"logo\":{\"@type\":\"ImageObject\",\"inLanguage\":\"en-GB\",\"@id\":\"https:\\\/\\\/amalashes.com\\\/#\\\/schema\\\/logo\\\/image\\\/\",\"url\":\"https:\\\/\\\/amalashes.com\\\/wp-content\\\/uploads\\\/2020\\\/12\\\/Logo-on-black.png\",\"contentUrl\":\"https:\\\/\\\/amalashes.com\\\/wp-content\\\/uploads\\\/2020\\\/12\\\/Logo-on-black.png\",\"width\":1920,\"height\":1920,\"caption\":\"AMA Lashes\"},\"image\":{\"@id\":\"https:\\\/\\\/amalashes.com\\\/#\\\/schema\\\/logo\\\/image\\\/\"},\"sameAs\":[\"https:\\\/\\\/www.facebook.com\\\/amalashesacademy\\\/\",\"https:\\\/\\\/www.instagram.com\\\/ama_lashes\\\/\",\"https:\\\/\\\/www.youtube.com\\\/channel\\\/UC8xFLI71s3u-oFj2OkPqSUg\"]}]}<\/script>\n<!-- \/ Yoast SEO plugin. -->","yoast_head_json":{"title":"Banda japoneza antialergica extensii gene | AMA Lashes","robots":{"index":"index","follow":"follow","max-snippet":"max-snippet:-1","max-image-preview":"max-image-preview:large","max-video-preview":"max-video-preview:-1"},"canonical":"https:\/\/amalashes.com\/produs\/banda-extensii-gene-japoneza-ama-lashes\/","og_locale":"en_GB","og_type":"article","og_title":"Banda Japoneza Antialergica Extensii Gene | AMA Lashes","og_url":"https:\/\/amalashes.com\/produs\/banda-extensii-gene-japoneza-ama-lashes\/","og_site_name":"AMA Lashes","article_publisher":"https:\/\/www.facebook.com\/amalashesacademy\/","article_modified_time":"2026-02-22T00:24:24+00:00","og_image":[{"width":1774,"height":1774,"url":"https:\/\/amalashes.com\/wp-content\/uploads\/2023\/05\/Banda-japoneza-amalashes-2.jpg","type":"image\/jpeg"}],"twitter_card":"summary_large_image","twitter_misc":{"Est. reading time":"3 minutes"},"schema":{"@context":"https:\/\/schema.org","@graph":[{"@type":"WebPage","@id":"https:\/\/amalashes.com\/produs\/banda-extensii-gene-japoneza-ama-lashes\/","url":"https:\/\/amalashes.com\/produs\/banda-extensii-gene-japoneza-ama-lashes\/","name":"Banda japoneza antialergica extensii gene | AMA Lashes","isPartOf":{"@id":"https:\/\/amalashes.com\/#website"},"primaryImageOfPage":{"@id":"https:\/\/amalashes.com\/produs\/banda-extensii-gene-japoneza-ama-lashes\/#primaryimage"},"image":{"@id":"https:\/\/amalashes.com\/produs\/banda-extensii-gene-japoneza-ama-lashes\/#primaryimage"},"thumbnailUrl":"https:\/\/amalashes.com\/wp-content\/uploads\/2023\/05\/Banda-japoneza-amalashes-2.jpg","datePublished":"2023-05-06T08:51:32+00:00","dateModified":"2026-02-22T00:24:24+00:00","description":"Banda japoneza extensii gene antialergica | Fabricata din poliolefina flexibila iar adezivul antiiritant de pe banda permite o dezlipire usoara | AMA Lashes","breadcrumb":{"@id":"https:\/\/amalashes.com\/produs\/banda-extensii-gene-japoneza-ama-lashes\/#breadcrumb"},"inLanguage":"en-GB","potentialAction":[{"@type":"ReadAction","target":["https:\/\/amalashes.com\/produs\/banda-extensii-gene-japoneza-ama-lashes\/"]}]},{"@type":"ImageObject","inLanguage":"en-GB","@id":"https:\/\/amalashes.com\/produs\/banda-extensii-gene-japoneza-ama-lashes\/#primaryimage","url":"https:\/\/amalashes.com\/wp-content\/uploads\/2023\/05\/Banda-japoneza-amalashes-2.jpg","contentUrl":"https:\/\/amalashes.com\/wp-content\/uploads\/2023\/05\/Banda-japoneza-amalashes-2.jpg","width":1774,"height":1774,"caption":"Banda japoneza antialergica extensii gene material flexibil calitate superioara AMA Lashes."},{"@type":"BreadcrumbList","@id":"https:\/\/amalashes.com\/produs\/banda-extensii-gene-japoneza-ama-lashes\/#breadcrumb","itemListElement":[{"@type":"ListItem","position":1,"name":"Prima pagin\u0103","item":"https:\/\/amalashes.com\/"},{"@type":"ListItem","position":2,"name":"AMA SHOP","item":"https:\/\/amalashes.com\/ama-lashes-shop\/"},{"@type":"ListItem","position":3,"name":"Banda Japoneza Antialergica Extensii Gene"}]},{"@type":"WebSite","@id":"https:\/\/amalashes.com\/#website","url":"https:\/\/amalashes.com\/","name":"AMA Lashes","description":"Eyelash Extension Courses and Eyelash Extension Products, Lash Academy AMA Lashes. We offer you the most complete eyelash extension courses with an accredited diploma and a wide range of products and accessories for the application and maintenance of thread-by-thread eyelash extensions, of superior quality at a fair price. AMA Lashes products cannot be missing from the kit of a professional thread-by-thread eyelash extension technician.","publisher":{"@id":"https:\/\/amalashes.com\/#organization"},"potentialAction":[{"@type":"SearchAction","target":{"@type":"EntryPoint","urlTemplate":"https:\/\/amalashes.com\/?s={search_term_string}"},"query-input":{"@type":"PropertyValueSpecification","valueRequired":true,"valueName":"search_term_string"}}],"inLanguage":"en-GB"},{"@type":"Organization","@id":"https:\/\/amalashes.com\/#organization","name":"AMA Lashes","url":"https:\/\/amalashes.com\/","logo":{"@type":"ImageObject","inLanguage":"en-GB","@id":"https:\/\/amalashes.com\/#\/schema\/logo\/image\/","url":"https:\/\/amalashes.com\/wp-content\/uploads\/2020\/12\/Logo-on-black.png","contentUrl":"https:\/\/amalashes.com\/wp-content\/uploads\/2020\/12\/Logo-on-black.png","width":1920,"height":1920,"caption":"AMA Lashes"},"image":{"@id":"https:\/\/amalashes.com\/#\/schema\/logo\/image\/"},"sameAs":["https:\/\/www.facebook.com\/amalashesacademy\/","https:\/\/www.instagram.com\/ama_lashes\/","https:\/\/www.youtube.com\/channel\/UC8xFLI71s3u-oFj2OkPqSUg"]}]}},"_links":{"self":[{"href":"https:\/\/amalashes.com\/gb\/wp-json\/wp\/v2\/product\/10570","targetHints":{"allow":["GET"]}}],"collection":[{"href":"https:\/\/amalashes.com\/gb\/wp-json\/wp\/v2\/product"}],"about":[{"href":"https:\/\/amalashes.com\/gb\/wp-json\/wp\/v2\/types\/product"}],"replies":[{"embeddable":true,"href":"https:\/\/amalashes.com\/gb\/wp-json\/wp\/v2\/comments?post=10570"}],"wp:featuredmedia":[{"embeddable":true,"href":"https:\/\/amalashes.com\/gb\/wp-json\/wp\/v2\/media\/13065"}],"wp:attachment":[{"href":"https:\/\/amalashes.com\/gb\/wp-json\/wp\/v2\/media?parent=10570"}],"wp:term":[{"taxonomy":"product_brand","embeddable":true,"href":"https:\/\/amalashes.com\/gb\/wp-json\/wp\/v2\/product_brand?post=10570"},{"taxonomy":"product_cat","embeddable":true,"href":"https:\/\/amalashes.com\/gb\/wp-json\/wp\/v2\/product_cat?post=10570"},{"taxonomy":"product_tag","embeddable":true,"href":"https:\/\/amalashes.com\/gb\/wp-json\/wp\/v2\/product_tag?post=10570"}],"curies":[{"name":"wp","href":"https:\/\/api.w.org\/{rel}","templated":true}]}}