{"id":11459,"date":"2023-12-10T19:47:41","date_gmt":"2023-12-10T17:47:41","guid":{"rendered":"https:\/\/amalashes.com\/?post_type=product&#038;p=11459"},"modified":"2026-04-04T19:04:46","modified_gmt":"2026-04-04T16:04:46","slug":"kit-fast-volum-extensii-gene-ama-lashes","status":"publish","type":"product","link":"https:\/\/amalashes.com\/gb\/produs\/kit-fast-volum-extensii-gene-ama-lashes\/","title":{"rendered":"Kit Extensii Gene Fast Volum by AMA Lashes"},"content":{"rendered":"<p style=\"text-align: center;\">St\u0103p\u00e2ne\u0219te arta volumului cu acest kit extensii <span style=\"color: #000000;\"><a style=\"color: #000000;\" href=\"https:\/\/amalashes.com\/produs\/extensii-gene-negre-amaria-collection-ama-lashes\/\">gene<\/a> <\/span>fast volum by AMA Lashes<\/p>\n<div class=\"container\" style=\"text-align: center;\">\n<div id=\"model-response-message-contentr_7f9e84ce09256b55\" class=\"markdown markdown-main-panel enable-updated-hr-color preserve-whitespaces-in-response\" dir=\"ltr\" aria-live=\"polite\" aria-busy=\"false\">\n<p data-path-to-node=\"3\">Trecerea de la tehnica fir cu fir la volum reprezint\u0103 un moment decisiv \u00een cariera oric\u0103rui lash artist.<\/p>\n<p data-path-to-node=\"3\">Este etapa \u00een care precizia \u00eent\u00e2lne\u0219te creativitatea, iar rezultatele devin cu adev\u0103rat spectaculoase.<\/p>\n<p data-path-to-node=\"3\"><b data-path-to-node=\"3\" data-index-in-node=\"208\">Kit-ul extensii gene fast volum <\/b>a fost creat special pentru a sus\u021bine aceast\u0103 tranzi\u021bie, oferind instrumentele ideale pentru realizarea seturilor de tip <b data-path-to-node=\"3\" data-index-in-node=\"362\">Soft Volum (3D-7D)<\/b> cu o u\u0219urin\u021b\u0103 uimitoare.<\/p>\n<h3 data-path-to-node=\"4\"><b data-path-to-node=\"4\" data-index-in-node=\"0\">Vitez\u0103 \u0219i Simetrie Perfect\u0103:<\/b><\/h3>\n<p data-path-to-node=\"5\">Secretul unui set de volum reu\u0219it st\u0103 \u00een formarea unor evantaie impecabile.<\/p>\n<p data-path-to-node=\"5\">\u00cen acest kit, piesa de rezisten\u021b\u0103 este <b data-path-to-node=\"5\" data-index-in-node=\"115\">Penseta \u00een form\u0103 de L<\/b>, un instrument de \u00eenalt\u0103 precizie care permite tehnicianului s\u0103 creeze evantaie direct pe band\u0103.<\/p>\n<p data-path-to-node=\"5\">Designul s\u0103u ergonomic asigur\u0103 o \u00eenchidere perfect\u0103 pe toat\u0103 suprafa\u021ba v\u00e2rfului. Facilit\u00e2nd realizarea unor evantaie simetrice, cu baze sub\u021biri, gata pentru o cuplare instantanee pe geana natural\u0103.<\/p>\n<h2 data-path-to-node=\"6\"><b data-path-to-node=\"6\" data-index-in-node=\"0\">Intensitate \u0219i rezisten\u021b\u0103 cu acest kit extensii gene fast volum.<\/b><\/h2>\n<p data-path-to-node=\"7\">Calitatea firului este cea care ofer\u0103 profunzime privirii.<\/p>\n<p data-path-to-node=\"7\"><span style=\"color: #000000;\"><a style=\"color: #000000;\" href=\"https:\/\/amalashes.com\/produs\/extensii-gene-negre-0-10-ama-lashes-luxury\/\"><b data-path-to-node=\"7\" data-index-in-node=\"59\">Extensiile din Luxury Collection<\/b> <\/a><\/span>incluse \u00een acest set sunt de un negru intens, non-reflectorizant, care subliniaz\u0103 linia ochiului \u00eentr-un mod elegant \u0219i sofisticat.<\/p>\n<p data-path-to-node=\"7\">Acestea sunt acompaniate de <span style=\"color: #000000;\"><a style=\"color: #000000;\" href=\"https:\/\/amalashes.com\/produs\/adeziv-extensii-gene-magnetic1-3ml-ama-lashes\/\"><b data-path-to-node=\"7\" data-index-in-node=\"252\">Adezivul Magnetic 1<\/b><\/a><\/span>, o formul\u0103 de elit\u0103 cu uscare rapid\u0103, esen\u021bial\u0103 atunci c\u00e2nd lucrezi cu mai multe fire simultan.<\/p>\n<p data-path-to-node=\"7\">Acest adeziv previne \u00eenchiderea evantaielor \u0219i garanteaz\u0103 o reten\u021bie de lung\u0103 durat\u0103, oferind clientelor tale satisfac\u021bia unor gene perfecte s\u0103pt\u0103m\u00e2ni la r\u00e2nd.<\/p>\n<h3 data-path-to-node=\"8\"><b data-path-to-node=\"8\" data-index-in-node=\"0\">Partenerul Ideal pentru Traineri \u0219i Tehnicieni:<\/b><\/h3>\n<p data-path-to-node=\"9\">AMA Lashes \u00een\u021belege nevoile pie\u021bei, motiv pentru care acest kit este preferat de traineri \u00een cadrul cursurilor de perfec\u021bionare.<\/p>\n<p data-path-to-node=\"9\">Produsele sunt selectate pentru a minimiza timpul de lucru (Fast Volume) \u0219i pentru a maximiza estetica rezultatului final.<\/p>\n<p data-path-to-node=\"9\">Mai mult, fiecare kit con\u021bine un <b data-path-to-node=\"9\" data-index-in-node=\"285\">Element Surpriz\u0103<\/b>, un gest de apreciere din partea echipei noastre pentru pasiunea \u0219i dedicarea ta.<\/p>\n<p data-path-to-node=\"10\">Alege s\u0103 oferi servicii premium cu un kit care pune accent pe eficien\u021b\u0103, calitate \u0219i estetic\u0103.<\/p>\n<h3 data-path-to-node=\"10\">Cu acest kit extensii gene f<b data-path-to-node=\"10\" data-index-in-node=\"98\">ast volum by<span style=\"color: #000000;\"><a style=\"color: #000000;\" href=\"https:\/\/web.facebook.com\/amalashesacademy\/\"> AMA Lashes<\/a><\/span><\/b>, volumul nu mai este o provocare, ci o pl\u0103cere cotidian\u0103.<\/h3>\n<\/div>\n<\/div>\n<h3 style=\"text-align: center;\">Kit-ul contine:<\/h3>\n<h3 style=\"text-align: center;\"><span style=\"color: #ff0000;\">\u2013 1 <a style=\"color: #ff0000;\" href=\"https:\/\/amalashes.com\/produs\/adeziv-magnetic-1-3-grame\/\">Adeziv Magnetic 1 by AMA<\/a><\/span><br \/>\n<span style=\"color: #ff0000;\">\u2013 1 Cutie Extensii Gene AMA Collection<\/span><br \/>\n<span style=\"color: #ff0000;\">\u2013 1<a style=\"color: #ff0000;\" href=\"https:\/\/amalashes.com\/produs\/penseta-curbura-l\/\" target=\"_blank\" rel=\"noopener\"> Penseta Curbura L<\/a><\/span><br \/>\n<span style=\"color: #ff0000;\">\u2013 1 ELEMENT SURPRIZA\u00a0<\/span><\/h3>\n<p style=\"text-align: center;\">Cutia de extensii gene pote sa difere in functie de stoc!<\/p>\n","protected":false},"excerpt":{"rendered":"<p style=\"text-align: center;\">Kit-ul &#8221; FAST VOLUME &#8221; extensii gene\u00a0 by AMA Lashes este special conceput sa vina in ajutorul tehnicienilor de gene, care fac primii pasi in lumea volumelor .<\/p>\n<p>&nbsp;<\/p>\n<p style=\"text-align: center;\"><strong><span style=\"color: #800000;\">* TRANSPORT GRATUIT IN ROMANIA<br \/>\nla toate comenzile de peste 450 lei<\/span><\/strong><\/p>\n<p style=\"text-align: center;\"><strong><span style=\"color: #800000;\">* TRANSPORT GRATUIT IN EUROPA<br \/>\nla toate comenzile de peste 1500 lei<\/span><\/strong><\/p>\n","protected":false},"featured_media":18371,"comment_status":"open","ping_status":"closed","template":"","meta":[],"product_brand":[],"product_cat":[384],"product_tag":[687,725,781,688,559,1125,730,729,1039,724,1631,1627,1632,1628,728],"class_list":{"0":"post-11459","1":"product","2":"type-product","3":"status-publish","4":"has-post-thumbnail","6":"product_cat-kit-produse-extensii-gene-ama-lashes","7":"product_tag-eyelash-extensions-kit","8":"product_tag-kit-curs-gene","9":"product_tag-kit-curs-volum","10":"product_tag-kit-extensii-gene","11":"product_tag-kit-gene","12":"product_tag-kit-gene-ama-lashes","13":"product_tag-kit-gene-mini","14":"product_tag-kit-profesional-extensii-gene","15":"product_tag-kit-volum-extensii-gene","16":"product_tag-kit-volum-gene","17":"product_tag-lashvolume","18":"product_tag-produse-incepatori","19":"product_tag-softvolume","20":"product_tag-tehnica-volum","21":"product_tag-volume-eyelash-extensions-kit","23":"first","24":"instock","25":"taxable","26":"shipping-taxable","27":"purchasable","28":"product-type-simple"},"translation":{"provider":"WPGlobus","version":"3.0.2","language":"gb","enabled_languages":["ro","gb"],"languages":{"ro":{"title":true,"content":true,"excerpt":true},"gb":{"title":false,"content":false,"excerpt":false}}},"yoast_head":"<!-- This site is optimized with the Yoast SEO plugin v27.3 - https:\/\/yoast.com\/product\/yoast-seo-wordpress\/ -->\n<title>Kit extensii gene fast volum | AMA Lashes<\/title>\n<meta name=\"robots\" content=\"index, follow, max-snippet:-1, max-image-preview:large, max-video-preview:-1\" \/>\n<link rel=\"canonical\" href=\"https:\/\/amalashes.com\/produs\/kit-fast-volum-extensii-gene-ama-lashes\/\" \/>\n<meta property=\"og:locale\" content=\"en_GB\" \/>\n<meta property=\"og:type\" content=\"article\" \/>\n<meta property=\"og:title\" content=\"Kit Extensii Gene Fast Volum by AMA Lashes | AMA Lashes\" \/>\n<meta property=\"og:url\" content=\"https:\/\/amalashes.com\/produs\/kit-fast-volum-extensii-gene-ama-lashes\/\" \/>\n<meta property=\"og:site_name\" content=\"AMA Lashes\" \/>\n<meta property=\"article:publisher\" content=\"https:\/\/www.facebook.com\/amalashesacademy\/\" \/>\n<meta property=\"article:modified_time\" content=\"2026-04-04T16:04:46+00:00\" \/>\n<meta property=\"og:image\" content=\"https:\/\/amalashes.com\/wp-content\/uploads\/2023\/12\/kit-volum-fast-extensii-gene-ama-lashes-luxury.jpg\" \/>\n\t<meta property=\"og:image:width\" content=\"928\" \/>\n\t<meta property=\"og:image:height\" content=\"1120\" \/>\n\t<meta property=\"og:image:type\" content=\"image\/jpeg\" \/>\n<meta name=\"twitter:card\" content=\"summary_large_image\" \/>\n<meta name=\"twitter:label1\" content=\"Est. reading time\" \/>\n\t<meta name=\"twitter:data1\" content=\"3 minutes\" \/>\n<script type=\"application\/ld+json\" class=\"yoast-schema-graph\">{\"@context\":\"https:\\\/\\\/schema.org\",\"@graph\":[{\"@type\":\"WebPage\",\"@id\":\"https:\\\/\\\/amalashes.com\\\/produs\\\/kit-fast-volum-extensii-gene-ama-lashes\\\/\",\"url\":\"https:\\\/\\\/amalashes.com\\\/produs\\\/kit-fast-volum-extensii-gene-ama-lashes\\\/\",\"name\":\"Kit extensii gene fast volum | AMA Lashes\",\"isPartOf\":{\"@id\":\"https:\\\/\\\/amalashes.com\\\/#website\"},\"primaryImageOfPage\":{\"@id\":\"https:\\\/\\\/amalashes.com\\\/produs\\\/kit-fast-volum-extensii-gene-ama-lashes\\\/#primaryimage\"},\"image\":{\"@id\":\"https:\\\/\\\/amalashes.com\\\/produs\\\/kit-fast-volum-extensii-gene-ama-lashes\\\/#primaryimage\"},\"thumbnailUrl\":\"https:\\\/\\\/amalashes.com\\\/wp-content\\\/uploads\\\/2023\\\/12\\\/kit-volum-fast-extensii-gene-ama-lashes-luxury.jpg\",\"datePublished\":\"2023-12-10T17:47:41+00:00\",\"dateModified\":\"2026-04-04T16:04:46+00:00\",\"description\":\"Kit extensii gene fast volum by AMA Lashes | Cumpara acum cu o reducere de 10% | Produse de o calitate exceptionala la un pret corect | AMA Lashes\",\"breadcrumb\":{\"@id\":\"https:\\\/\\\/amalashes.com\\\/produs\\\/kit-fast-volum-extensii-gene-ama-lashes\\\/#breadcrumb\"},\"inLanguage\":\"en-GB\",\"potentialAction\":[{\"@type\":\"ReadAction\",\"target\":[\"https:\\\/\\\/amalashes.com\\\/produs\\\/kit-fast-volum-extensii-gene-ama-lashes\\\/\"]}]},{\"@type\":\"ImageObject\",\"inLanguage\":\"en-GB\",\"@id\":\"https:\\\/\\\/amalashes.com\\\/produs\\\/kit-fast-volum-extensii-gene-ama-lashes\\\/#primaryimage\",\"url\":\"https:\\\/\\\/amalashes.com\\\/wp-content\\\/uploads\\\/2023\\\/12\\\/kit-volum-fast-extensii-gene-ama-lashes-luxury.jpg\",\"contentUrl\":\"https:\\\/\\\/amalashes.com\\\/wp-content\\\/uploads\\\/2023\\\/12\\\/kit-volum-fast-extensii-gene-ama-lashes-luxury.jpg\",\"width\":928,\"height\":1120,\"caption\":\"Kit volum gene Fast Volume by AMA Lashes cu penseta curba L\"},{\"@type\":\"BreadcrumbList\",\"@id\":\"https:\\\/\\\/amalashes.com\\\/produs\\\/kit-fast-volum-extensii-gene-ama-lashes\\\/#breadcrumb\",\"itemListElement\":[{\"@type\":\"ListItem\",\"position\":1,\"name\":\"Prima pagin\u0103\",\"item\":\"https:\\\/\\\/amalashes.com\\\/\"},{\"@type\":\"ListItem\",\"position\":2,\"name\":\"AMA SHOP\",\"item\":\"https:\\\/\\\/amalashes.com\\\/ama-lashes-shop\\\/\"},{\"@type\":\"ListItem\",\"position\":3,\"name\":\"Kit Extensii Gene Fast Volum by AMA Lashes\"}]},{\"@type\":\"WebSite\",\"@id\":\"https:\\\/\\\/amalashes.com\\\/#website\",\"url\":\"https:\\\/\\\/amalashes.com\\\/\",\"name\":\"AMA Lashes\",\"description\":\"Eyelash Extension Courses and Eyelash Extension Products, Lash Academy AMA Lashes. We offer you the most complete eyelash extension courses with an accredited diploma and a wide range of products and accessories for the application and maintenance of thread-by-thread eyelash extensions, of superior quality at a fair price. AMA Lashes products cannot be missing from the kit of a professional thread-by-thread eyelash extension technician.\",\"publisher\":{\"@id\":\"https:\\\/\\\/amalashes.com\\\/#organization\"},\"potentialAction\":[{\"@type\":\"SearchAction\",\"target\":{\"@type\":\"EntryPoint\",\"urlTemplate\":\"https:\\\/\\\/amalashes.com\\\/?s={search_term_string}\"},\"query-input\":{\"@type\":\"PropertyValueSpecification\",\"valueRequired\":true,\"valueName\":\"search_term_string\"}}],\"inLanguage\":\"en-GB\"},{\"@type\":\"Organization\",\"@id\":\"https:\\\/\\\/amalashes.com\\\/#organization\",\"name\":\"AMA Lashes\",\"url\":\"https:\\\/\\\/amalashes.com\\\/\",\"logo\":{\"@type\":\"ImageObject\",\"inLanguage\":\"en-GB\",\"@id\":\"https:\\\/\\\/amalashes.com\\\/#\\\/schema\\\/logo\\\/image\\\/\",\"url\":\"https:\\\/\\\/amalashes.com\\\/wp-content\\\/uploads\\\/2020\\\/12\\\/Logo-on-black.png\",\"contentUrl\":\"https:\\\/\\\/amalashes.com\\\/wp-content\\\/uploads\\\/2020\\\/12\\\/Logo-on-black.png\",\"width\":1920,\"height\":1920,\"caption\":\"AMA Lashes\"},\"image\":{\"@id\":\"https:\\\/\\\/amalashes.com\\\/#\\\/schema\\\/logo\\\/image\\\/\"},\"sameAs\":[\"https:\\\/\\\/www.facebook.com\\\/amalashesacademy\\\/\",\"https:\\\/\\\/www.instagram.com\\\/ama_lashes\\\/\",\"https:\\\/\\\/www.youtube.com\\\/channel\\\/UC8xFLI71s3u-oFj2OkPqSUg\"]}]}<\/script>\n<!-- \/ Yoast SEO plugin. -->","yoast_head_json":{"title":"Kit extensii gene fast volum | AMA Lashes","robots":{"index":"index","follow":"follow","max-snippet":"max-snippet:-1","max-image-preview":"max-image-preview:large","max-video-preview":"max-video-preview:-1"},"canonical":"https:\/\/amalashes.com\/produs\/kit-fast-volum-extensii-gene-ama-lashes\/","og_locale":"en_GB","og_type":"article","og_title":"Kit Extensii Gene Fast Volum by AMA Lashes | AMA Lashes","og_url":"https:\/\/amalashes.com\/produs\/kit-fast-volum-extensii-gene-ama-lashes\/","og_site_name":"AMA Lashes","article_publisher":"https:\/\/www.facebook.com\/amalashesacademy\/","article_modified_time":"2026-04-04T16:04:46+00:00","og_image":[{"width":928,"height":1120,"url":"https:\/\/amalashes.com\/wp-content\/uploads\/2023\/12\/kit-volum-fast-extensii-gene-ama-lashes-luxury.jpg","type":"image\/jpeg"}],"twitter_card":"summary_large_image","twitter_misc":{"Est. reading time":"3 minutes"},"schema":{"@context":"https:\/\/schema.org","@graph":[{"@type":"WebPage","@id":"https:\/\/amalashes.com\/produs\/kit-fast-volum-extensii-gene-ama-lashes\/","url":"https:\/\/amalashes.com\/produs\/kit-fast-volum-extensii-gene-ama-lashes\/","name":"Kit extensii gene fast volum | AMA Lashes","isPartOf":{"@id":"https:\/\/amalashes.com\/#website"},"primaryImageOfPage":{"@id":"https:\/\/amalashes.com\/produs\/kit-fast-volum-extensii-gene-ama-lashes\/#primaryimage"},"image":{"@id":"https:\/\/amalashes.com\/produs\/kit-fast-volum-extensii-gene-ama-lashes\/#primaryimage"},"thumbnailUrl":"https:\/\/amalashes.com\/wp-content\/uploads\/2023\/12\/kit-volum-fast-extensii-gene-ama-lashes-luxury.jpg","datePublished":"2023-12-10T17:47:41+00:00","dateModified":"2026-04-04T16:04:46+00:00","description":"Kit extensii gene fast volum by AMA Lashes | Cumpara acum cu o reducere de 10% | Produse de o calitate exceptionala la un pret corect | AMA Lashes","breadcrumb":{"@id":"https:\/\/amalashes.com\/produs\/kit-fast-volum-extensii-gene-ama-lashes\/#breadcrumb"},"inLanguage":"en-GB","potentialAction":[{"@type":"ReadAction","target":["https:\/\/amalashes.com\/produs\/kit-fast-volum-extensii-gene-ama-lashes\/"]}]},{"@type":"ImageObject","inLanguage":"en-GB","@id":"https:\/\/amalashes.com\/produs\/kit-fast-volum-extensii-gene-ama-lashes\/#primaryimage","url":"https:\/\/amalashes.com\/wp-content\/uploads\/2023\/12\/kit-volum-fast-extensii-gene-ama-lashes-luxury.jpg","contentUrl":"https:\/\/amalashes.com\/wp-content\/uploads\/2023\/12\/kit-volum-fast-extensii-gene-ama-lashes-luxury.jpg","width":928,"height":1120,"caption":"Kit volum gene Fast Volume by AMA Lashes cu penseta curba L"},{"@type":"BreadcrumbList","@id":"https:\/\/amalashes.com\/produs\/kit-fast-volum-extensii-gene-ama-lashes\/#breadcrumb","itemListElement":[{"@type":"ListItem","position":1,"name":"Prima pagin\u0103","item":"https:\/\/amalashes.com\/"},{"@type":"ListItem","position":2,"name":"AMA SHOP","item":"https:\/\/amalashes.com\/ama-lashes-shop\/"},{"@type":"ListItem","position":3,"name":"Kit Extensii Gene Fast Volum by AMA Lashes"}]},{"@type":"WebSite","@id":"https:\/\/amalashes.com\/#website","url":"https:\/\/amalashes.com\/","name":"AMA Lashes","description":"Eyelash Extension Courses and Eyelash Extension Products, Lash Academy AMA Lashes. We offer you the most complete eyelash extension courses with an accredited diploma and a wide range of products and accessories for the application and maintenance of thread-by-thread eyelash extensions, of superior quality at a fair price. AMA Lashes products cannot be missing from the kit of a professional thread-by-thread eyelash extension technician.","publisher":{"@id":"https:\/\/amalashes.com\/#organization"},"potentialAction":[{"@type":"SearchAction","target":{"@type":"EntryPoint","urlTemplate":"https:\/\/amalashes.com\/?s={search_term_string}"},"query-input":{"@type":"PropertyValueSpecification","valueRequired":true,"valueName":"search_term_string"}}],"inLanguage":"en-GB"},{"@type":"Organization","@id":"https:\/\/amalashes.com\/#organization","name":"AMA Lashes","url":"https:\/\/amalashes.com\/","logo":{"@type":"ImageObject","inLanguage":"en-GB","@id":"https:\/\/amalashes.com\/#\/schema\/logo\/image\/","url":"https:\/\/amalashes.com\/wp-content\/uploads\/2020\/12\/Logo-on-black.png","contentUrl":"https:\/\/amalashes.com\/wp-content\/uploads\/2020\/12\/Logo-on-black.png","width":1920,"height":1920,"caption":"AMA Lashes"},"image":{"@id":"https:\/\/amalashes.com\/#\/schema\/logo\/image\/"},"sameAs":["https:\/\/www.facebook.com\/amalashesacademy\/","https:\/\/www.instagram.com\/ama_lashes\/","https:\/\/www.youtube.com\/channel\/UC8xFLI71s3u-oFj2OkPqSUg"]}]}},"_links":{"self":[{"href":"https:\/\/amalashes.com\/gb\/wp-json\/wp\/v2\/product\/11459","targetHints":{"allow":["GET"]}}],"collection":[{"href":"https:\/\/amalashes.com\/gb\/wp-json\/wp\/v2\/product"}],"about":[{"href":"https:\/\/amalashes.com\/gb\/wp-json\/wp\/v2\/types\/product"}],"replies":[{"embeddable":true,"href":"https:\/\/amalashes.com\/gb\/wp-json\/wp\/v2\/comments?post=11459"}],"wp:featuredmedia":[{"embeddable":true,"href":"https:\/\/amalashes.com\/gb\/wp-json\/wp\/v2\/media\/18371"}],"wp:attachment":[{"href":"https:\/\/amalashes.com\/gb\/wp-json\/wp\/v2\/media?parent=11459"}],"wp:term":[{"taxonomy":"product_brand","embeddable":true,"href":"https:\/\/amalashes.com\/gb\/wp-json\/wp\/v2\/product_brand?post=11459"},{"taxonomy":"product_cat","embeddable":true,"href":"https:\/\/amalashes.com\/gb\/wp-json\/wp\/v2\/product_cat?post=11459"},{"taxonomy":"product_tag","embeddable":true,"href":"https:\/\/amalashes.com\/gb\/wp-json\/wp\/v2\/product_tag?post=11459"}],"curies":[{"name":"wp","href":"https:\/\/api.w.org\/{rel}","templated":true}]}}