{"id":12725,"date":"2024-06-28T14:38:54","date_gmt":"2024-06-28T12:38:54","guid":{"rendered":"https:\/\/amalashes.com\/?post_type=product&#038;p=12725"},"modified":"2026-02-19T04:54:33","modified_gmt":"2026-02-19T02:54:33","slug":"penseta-extensii-gene-dreapta-black-mamba","status":"publish","type":"product","link":"https:\/\/amalashes.com\/gb\/produs\/penseta-extensii-gene-dreapta-black-mamba\/","title":{"rendered":"Penseta extensii gene dreapta Black Mamba Edition by AMA Lashes"},"content":{"rendered":"<p>&nbsp;<\/p>\n<div class=\"page\" title=\"Page 2\">\n<div class=\"section\">\n<div class=\"layoutArea\">\n<div class=\"column\">\n<h1 style=\"text-align: center;\">Penseta extensii gene dreapta Black Mamba Edition by AMA Lashes<\/h1>\n<p style=\"text-align: center;\">Penseta extensii gene dreapta Black Mamba de la\u00a0 AMA Lashes a fost creata tinandu-se cont de cele patru caracteristici definitorii.<\/p>\n<p style=\"text-align: center;\">Caracteristici absolut necesare unei pensete pentru <span style=\"color: #000000;\">aplicarea <a style=\"color: #000000;\" href=\"https:\/\/amalashes.com\/produs\/extensii-gene-negre-amaria-0-10-ama-lashes\/\">extensiilor de gene<\/a> fir cu fir,<\/span> si anume:<\/p>\n<p style=\"text-align: center;\">calitatea, fiabilitatea, rezistenta la prindere si precizia.<\/p>\n<p style=\"text-align: center;\">Pentru a avea cele patru caracteristici enumerate mai sus la cote maxime.<\/p>\n<p style=\"text-align: center;\">Ne-am indreptat atentia de la bun inceput catre producatorii specializati in producerea\u00a0 instrumentelor medicale.<\/p>\n<p style=\"text-align: center;\">Si nu catre cei specializati in productia de instrumente<span style=\"color: #000000;\"> <a style=\"color: #000000;\" href=\"https:\/\/amalashes.com\/produsele-noastre\/intretinere\/cleanserul-double-bubble\/\">cosmetice. <\/a><\/span><\/p>\n<p style=\"text-align: center;\">Deoarece este binecunoscut faptul ca :<\/p>\n<p style=\"text-align: center;\">Materialele si tehnologia de productie a instrumentelor medicale este cu mult superioara celor <span style=\"color: #000000;\"><a style=\"color: #000000;\" href=\"https:\/\/amalashes.com\/produsele-noastre\/intretinere\/cleanserul-gentle-touch\/\">cosmetice<\/a>.<\/span><\/p>\n<p><!--more--><\/p>\n<h2 style=\"text-align: center;\">Penseta extensii gene dreapta Black Mamba by <span style=\"color: #000000;\"><a style=\"color: #000000;\" href=\"https:\/\/www.facebook.com\/amalashesacademy\/\">AMA Lashes<\/a><\/span>\u00a0 a fost supusa procesului de 40 de etape specific instrumentelor chirurgicale.<\/h2>\n<p style=\"text-align: center;\">Care in etapa terminat\u0103 sunt inspectate sub microscop cu ajutorul laserului pentru a se asigura perfecta aliniere a varfului.<\/p>\n<p style=\"text-align: center;\">Deoarece tocmai aceasta aliniere este esentiala in prinderea si <span style=\"color: #000000;\"><a style=\"color: #000000;\" href=\"http:\/\/www.ama-studio.ro\">aplicarea extensiilor de gene fir cu fir<\/a>.<\/span><\/p>\n<p style=\"text-align: center;\">Unghiul de prindere\u00a0 a fost proiectat\u00a0 cu o inclinatie specifica.<\/p>\n<p style=\"text-align: center;\">Inclinatie\u00a0 care permite prinderea ideala a extensiilor atunci cand mana se afla in pozitia naturala.<\/p>\n<p style=\"text-align: center;\">Rezistenta la strangere si grosimea <span style=\"color: #000000;\"><a style=\"color: #000000;\" href=\"https:\/\/amalashes.com\/produs\/penseta-extensii-gene-dreapta-ama-lashes\/\">pensetei<\/a><\/span> au fost special alese pentru nu obosi degetele in timpul procedurii.<\/p>\n<p style=\"text-align: center;\">Dar in acelasi timp pentru a pastra \u201csimtul tactil\u201d la cote maxime.<\/p>\n<p style=\"text-align: center;\">Penseta pentru<span style=\"color: #000000;\"><a style=\"color: #000000;\" href=\"https:\/\/amalashes.com\/produs\/extensii-gene-negre-007-hypnotic-collection-by-ama-lashes\/\">\u00a0gene<\/a> dreapta <\/span>Black Mamba by AMA Lashes este fabricata din otel chirurgical inoxidabil.<\/p>\n<p style=\"text-align: center;\">Acestea pot fi dezinfectate in conditii de maxima siguranta, fara riscului aparitiiei ruginii.<\/p>\n<p style=\"text-align: center;\">Este necesara sterilizarea pensetei dupa fiecare procedura de aplicare.<\/p>\n<p style=\"text-align: center;\">Pensetele drepte sunt ideale pentru separarea genelor, pensetele curbate pentru aplicarea genelor individuale \u0219i pensetele unghiulare pentru crearea buchetelor.<\/p>\n<p style=\"text-align: center;\">O\u021belul inoxidabil este un material popular datorit\u0103 durabilitate \u0219i u\u0219urin\u021bei de cur\u0103\u021bare.<\/p>\n<p style=\"text-align: center;\">Pensetele cu un design ergonomic asigur\u0103 o prindere confortabil\u0103 \u0219i reduc oboseala m\u00e2inii \u00een timpul aplic\u0103rii extensiilor.<\/p>\n<h3 style=\"text-align: center;\" data-path-to-node=\"8\">Igien\u0103 \u0219i Durabilitate Extrem\u0103<\/h3>\n<p style=\"text-align: center;\" data-path-to-node=\"9\">Fabricat\u0103 integral din <b data-path-to-node=\"9\" data-index-in-node=\"23\">o\u021bel chirurgical inoxidabil<\/b>, edi\u021bia Black Mamba garanteaz\u0103 rezisten\u021b\u0103 total\u0103 la coroziune \u0219i rugin\u0103, chiar \u0219i \u00een urma steriliz\u0103rilor repetate la temperaturi \u00eenalte sau \u00een solu\u021bii chimice puternice. Este un instrument robust, u\u0219or de cur\u0103\u021bat \u0219i esen\u021bial pentru un salon care respect\u0103 cele mai \u00eenalte standarde de siguran\u021b\u0103.<\/p>\n<\/div>\n<\/div>\n<\/div>\n<\/div>\n<p>&nbsp;<\/p>\n","protected":false},"excerpt":{"rendered":"<p style=\"text-align: center;\">Penseta dreapta (Black Mamba Edition) by AMA Lashes &#8211; <span style=\"color: #000000;\">Ideala pentru izolare<\/span><\/p>\n<p style=\"text-align: center;\"><span style=\"color: #808080;\">\u00a0<\/span><\/p>\n<p style=\"text-align: center;\"><strong><span style=\"color: #800000;\">* TRANSPORT GRATUIT IN ROMANIA<br \/>\nla toate comenzile de peste 450 lei<\/span><\/strong><\/p>\n<p style=\"text-align: center;\"><strong><span style=\"color: #800000;\">* TRANSPORT GRATUIT IN EUROPA<br \/>\nla toate comenzile de peste 1500 lei<\/span><\/strong><\/p>\n","protected":false},"featured_media":18317,"comment_status":"open","ping_status":"closed","template":"","meta":[],"product_brand":[],"product_cat":[376],"product_tag":[887,1163,1241,1240,952,691,787,607,872,874,1195,1164,836],"class_list":{"0":"post-12725","1":"product","2":"type-product","3":"status-publish","4":"has-post-thumbnail","6":"product_cat-pensete-extensii-gene-ama-lashes","7":"product_tag-eyelash-extension-tweezers","8":"product_tag-eyelash-tweezers-ama-lashes","9":"product_tag-penseta-aplicare-extensii","10":"product_tag-penseta-aplicare-gene","11":"product_tag-penseta-dreapta-gene","12":"product_tag-penseta-extensii","13":"product_tag-penseta-extensii-gene","14":"product_tag-penseta-gene","15":"product_tag-penseta-gene-buna","16":"product_tag-penseta-gene-dreapta","17":"product_tag-penseta-izolare-extensii","18":"product_tag-penseta-izolare-gene","19":"product_tag-produse-extensii-gene","21":"first","22":"instock","23":"taxable","24":"shipping-taxable","25":"purchasable","26":"product-type-simple"},"translation":{"provider":"WPGlobus","version":"3.0.2","language":"gb","enabled_languages":["ro","gb"],"languages":{"ro":{"title":true,"content":true,"excerpt":true},"gb":{"title":false,"content":false,"excerpt":false}}},"yoast_head":"<!-- This site is optimized with the Yoast SEO plugin v27.4 - https:\/\/yoast.com\/product\/yoast-seo-wordpress\/ -->\n<title>Penseta extensii gene dreapta Black Mamba | AMA Lashes<\/title>\n<meta name=\"robots\" content=\"index, follow, max-snippet:-1, max-image-preview:large, max-video-preview:-1\" \/>\n<link rel=\"canonical\" href=\"https:\/\/amalashes.com\/produs\/penseta-extensii-gene-dreapta-black-mamba\/\" \/>\n<meta property=\"og:locale\" content=\"en_GB\" \/>\n<meta property=\"og:type\" content=\"article\" \/>\n<meta property=\"og:title\" content=\"Penseta extensii gene dreapta Black Mamba Edition by AMA Lashes | AMA Lashes\" \/>\n<meta property=\"og:url\" content=\"https:\/\/amalashes.com\/produs\/penseta-extensii-gene-dreapta-black-mamba\/\" \/>\n<meta property=\"og:site_name\" content=\"AMA Lashes\" \/>\n<meta property=\"article:publisher\" content=\"https:\/\/www.facebook.com\/amalashesacademy\/\" \/>\n<meta property=\"article:modified_time\" content=\"2026-02-19T02:54:33+00:00\" \/>\n<meta property=\"og:image\" content=\"https:\/\/amalashes.com\/wp-content\/uploads\/2024\/06\/penseta-extensii-gene-dreapta-black-mamba.jpg\" \/>\n\t<meta property=\"og:image:width\" content=\"904\" \/>\n\t<meta property=\"og:image:height\" content=\"1024\" \/>\n\t<meta property=\"og:image:type\" content=\"image\/jpeg\" \/>\n<meta name=\"twitter:card\" content=\"summary_large_image\" \/>\n<meta name=\"twitter:label1\" content=\"Est. reading time\" \/>\n\t<meta name=\"twitter:data1\" content=\"3 minutes\" \/>\n<script type=\"application\/ld+json\" class=\"yoast-schema-graph\">{\"@context\":\"https:\\\/\\\/schema.org\",\"@graph\":[{\"@type\":\"WebPage\",\"@id\":\"https:\\\/\\\/amalashes.com\\\/produs\\\/penseta-extensii-gene-dreapta-black-mamba\\\/\",\"url\":\"https:\\\/\\\/amalashes.com\\\/produs\\\/penseta-extensii-gene-dreapta-black-mamba\\\/\",\"name\":\"Penseta extensii gene dreapta Black Mamba | AMA Lashes\",\"isPartOf\":{\"@id\":\"https:\\\/\\\/amalashes.com\\\/#website\"},\"primaryImageOfPage\":{\"@id\":\"https:\\\/\\\/amalashes.com\\\/produs\\\/penseta-extensii-gene-dreapta-black-mamba\\\/#primaryimage\"},\"image\":{\"@id\":\"https:\\\/\\\/amalashes.com\\\/produs\\\/penseta-extensii-gene-dreapta-black-mamba\\\/#primaryimage\"},\"thumbnailUrl\":\"https:\\\/\\\/amalashes.com\\\/wp-content\\\/uploads\\\/2024\\\/06\\\/penseta-extensii-gene-dreapta-black-mamba.jpg\",\"datePublished\":\"2024-06-28T12:38:54+00:00\",\"dateModified\":\"2026-02-19T02:54:33+00:00\",\"description\":\"Penseta extensii gene dreapta Black Mamba, varful pensetei permite prinderea ideala a extensiilor atunci cand mana se are pozitia naturala | AMA Lashes\",\"breadcrumb\":{\"@id\":\"https:\\\/\\\/amalashes.com\\\/produs\\\/penseta-extensii-gene-dreapta-black-mamba\\\/#breadcrumb\"},\"inLanguage\":\"en-GB\",\"potentialAction\":[{\"@type\":\"ReadAction\",\"target\":[\"https:\\\/\\\/amalashes.com\\\/produs\\\/penseta-extensii-gene-dreapta-black-mamba\\\/\"]}]},{\"@type\":\"ImageObject\",\"inLanguage\":\"en-GB\",\"@id\":\"https:\\\/\\\/amalashes.com\\\/produs\\\/penseta-extensii-gene-dreapta-black-mamba\\\/#primaryimage\",\"url\":\"https:\\\/\\\/amalashes.com\\\/wp-content\\\/uploads\\\/2024\\\/06\\\/penseta-extensii-gene-dreapta-black-mamba.jpg\",\"contentUrl\":\"https:\\\/\\\/amalashes.com\\\/wp-content\\\/uploads\\\/2024\\\/06\\\/penseta-extensii-gene-dreapta-black-mamba.jpg\",\"width\":904,\"height\":1024,\"caption\":\"Penset\u0103 dreapt\u0103 extensii gene Black Mamba Edition AMA Lashes din o\u021bel chirurgical.\"},{\"@type\":\"BreadcrumbList\",\"@id\":\"https:\\\/\\\/amalashes.com\\\/produs\\\/penseta-extensii-gene-dreapta-black-mamba\\\/#breadcrumb\",\"itemListElement\":[{\"@type\":\"ListItem\",\"position\":1,\"name\":\"Prima pagin\u0103\",\"item\":\"https:\\\/\\\/amalashes.com\\\/\"},{\"@type\":\"ListItem\",\"position\":2,\"name\":\"AMA SHOP\",\"item\":\"https:\\\/\\\/amalashes.com\\\/ama-lashes-shop\\\/\"},{\"@type\":\"ListItem\",\"position\":3,\"name\":\"Penseta extensii gene dreapta Black Mamba Edition by AMA Lashes\"}]},{\"@type\":\"WebSite\",\"@id\":\"https:\\\/\\\/amalashes.com\\\/#website\",\"url\":\"https:\\\/\\\/amalashes.com\\\/\",\"name\":\"AMA Lashes\",\"description\":\"Eyelash Extension Courses and Eyelash Extension Products, Lash Academy AMA Lashes. We offer you the most complete eyelash extension courses with an accredited diploma and a wide range of products and accessories for the application and maintenance of thread-by-thread eyelash extensions, of superior quality at a fair price. AMA Lashes products cannot be missing from the kit of a professional thread-by-thread eyelash extension technician.\",\"publisher\":{\"@id\":\"https:\\\/\\\/amalashes.com\\\/#organization\"},\"potentialAction\":[{\"@type\":\"SearchAction\",\"target\":{\"@type\":\"EntryPoint\",\"urlTemplate\":\"https:\\\/\\\/amalashes.com\\\/?s={search_term_string}\"},\"query-input\":{\"@type\":\"PropertyValueSpecification\",\"valueRequired\":true,\"valueName\":\"search_term_string\"}}],\"inLanguage\":\"en-GB\"},{\"@type\":\"Organization\",\"@id\":\"https:\\\/\\\/amalashes.com\\\/#organization\",\"name\":\"AMA Lashes\",\"url\":\"https:\\\/\\\/amalashes.com\\\/\",\"logo\":{\"@type\":\"ImageObject\",\"inLanguage\":\"en-GB\",\"@id\":\"https:\\\/\\\/amalashes.com\\\/#\\\/schema\\\/logo\\\/image\\\/\",\"url\":\"https:\\\/\\\/amalashes.com\\\/wp-content\\\/uploads\\\/2020\\\/12\\\/Logo-on-black.png\",\"contentUrl\":\"https:\\\/\\\/amalashes.com\\\/wp-content\\\/uploads\\\/2020\\\/12\\\/Logo-on-black.png\",\"width\":1920,\"height\":1920,\"caption\":\"AMA Lashes\"},\"image\":{\"@id\":\"https:\\\/\\\/amalashes.com\\\/#\\\/schema\\\/logo\\\/image\\\/\"},\"sameAs\":[\"https:\\\/\\\/www.facebook.com\\\/amalashesacademy\\\/\",\"https:\\\/\\\/www.instagram.com\\\/ama_lashes\\\/\",\"https:\\\/\\\/www.youtube.com\\\/channel\\\/UC8xFLI71s3u-oFj2OkPqSUg\"]}]}<\/script>\n<!-- \/ Yoast SEO plugin. -->","yoast_head_json":{"title":"Penseta extensii gene dreapta Black Mamba | AMA Lashes","robots":{"index":"index","follow":"follow","max-snippet":"max-snippet:-1","max-image-preview":"max-image-preview:large","max-video-preview":"max-video-preview:-1"},"canonical":"https:\/\/amalashes.com\/produs\/penseta-extensii-gene-dreapta-black-mamba\/","og_locale":"en_GB","og_type":"article","og_title":"Penseta extensii gene dreapta Black Mamba Edition by AMA Lashes | AMA Lashes","og_url":"https:\/\/amalashes.com\/produs\/penseta-extensii-gene-dreapta-black-mamba\/","og_site_name":"AMA Lashes","article_publisher":"https:\/\/www.facebook.com\/amalashesacademy\/","article_modified_time":"2026-02-19T02:54:33+00:00","og_image":[{"width":904,"height":1024,"url":"https:\/\/amalashes.com\/wp-content\/uploads\/2024\/06\/penseta-extensii-gene-dreapta-black-mamba.jpg","type":"image\/jpeg"}],"twitter_card":"summary_large_image","twitter_misc":{"Est. reading time":"3 minutes"},"schema":{"@context":"https:\/\/schema.org","@graph":[{"@type":"WebPage","@id":"https:\/\/amalashes.com\/produs\/penseta-extensii-gene-dreapta-black-mamba\/","url":"https:\/\/amalashes.com\/produs\/penseta-extensii-gene-dreapta-black-mamba\/","name":"Penseta extensii gene dreapta Black Mamba | AMA Lashes","isPartOf":{"@id":"https:\/\/amalashes.com\/#website"},"primaryImageOfPage":{"@id":"https:\/\/amalashes.com\/produs\/penseta-extensii-gene-dreapta-black-mamba\/#primaryimage"},"image":{"@id":"https:\/\/amalashes.com\/produs\/penseta-extensii-gene-dreapta-black-mamba\/#primaryimage"},"thumbnailUrl":"https:\/\/amalashes.com\/wp-content\/uploads\/2024\/06\/penseta-extensii-gene-dreapta-black-mamba.jpg","datePublished":"2024-06-28T12:38:54+00:00","dateModified":"2026-02-19T02:54:33+00:00","description":"Penseta extensii gene dreapta Black Mamba, varful pensetei permite prinderea ideala a extensiilor atunci cand mana se are pozitia naturala | AMA Lashes","breadcrumb":{"@id":"https:\/\/amalashes.com\/produs\/penseta-extensii-gene-dreapta-black-mamba\/#breadcrumb"},"inLanguage":"en-GB","potentialAction":[{"@type":"ReadAction","target":["https:\/\/amalashes.com\/produs\/penseta-extensii-gene-dreapta-black-mamba\/"]}]},{"@type":"ImageObject","inLanguage":"en-GB","@id":"https:\/\/amalashes.com\/produs\/penseta-extensii-gene-dreapta-black-mamba\/#primaryimage","url":"https:\/\/amalashes.com\/wp-content\/uploads\/2024\/06\/penseta-extensii-gene-dreapta-black-mamba.jpg","contentUrl":"https:\/\/amalashes.com\/wp-content\/uploads\/2024\/06\/penseta-extensii-gene-dreapta-black-mamba.jpg","width":904,"height":1024,"caption":"Penset\u0103 dreapt\u0103 extensii gene Black Mamba Edition AMA Lashes din o\u021bel chirurgical."},{"@type":"BreadcrumbList","@id":"https:\/\/amalashes.com\/produs\/penseta-extensii-gene-dreapta-black-mamba\/#breadcrumb","itemListElement":[{"@type":"ListItem","position":1,"name":"Prima pagin\u0103","item":"https:\/\/amalashes.com\/"},{"@type":"ListItem","position":2,"name":"AMA SHOP","item":"https:\/\/amalashes.com\/ama-lashes-shop\/"},{"@type":"ListItem","position":3,"name":"Penseta extensii gene dreapta Black Mamba Edition by AMA Lashes"}]},{"@type":"WebSite","@id":"https:\/\/amalashes.com\/#website","url":"https:\/\/amalashes.com\/","name":"AMA Lashes","description":"Eyelash Extension Courses and Eyelash Extension Products, Lash Academy AMA Lashes. We offer you the most complete eyelash extension courses with an accredited diploma and a wide range of products and accessories for the application and maintenance of thread-by-thread eyelash extensions, of superior quality at a fair price. AMA Lashes products cannot be missing from the kit of a professional thread-by-thread eyelash extension technician.","publisher":{"@id":"https:\/\/amalashes.com\/#organization"},"potentialAction":[{"@type":"SearchAction","target":{"@type":"EntryPoint","urlTemplate":"https:\/\/amalashes.com\/?s={search_term_string}"},"query-input":{"@type":"PropertyValueSpecification","valueRequired":true,"valueName":"search_term_string"}}],"inLanguage":"en-GB"},{"@type":"Organization","@id":"https:\/\/amalashes.com\/#organization","name":"AMA Lashes","url":"https:\/\/amalashes.com\/","logo":{"@type":"ImageObject","inLanguage":"en-GB","@id":"https:\/\/amalashes.com\/#\/schema\/logo\/image\/","url":"https:\/\/amalashes.com\/wp-content\/uploads\/2020\/12\/Logo-on-black.png","contentUrl":"https:\/\/amalashes.com\/wp-content\/uploads\/2020\/12\/Logo-on-black.png","width":1920,"height":1920,"caption":"AMA Lashes"},"image":{"@id":"https:\/\/amalashes.com\/#\/schema\/logo\/image\/"},"sameAs":["https:\/\/www.facebook.com\/amalashesacademy\/","https:\/\/www.instagram.com\/ama_lashes\/","https:\/\/www.youtube.com\/channel\/UC8xFLI71s3u-oFj2OkPqSUg"]}]}},"_links":{"self":[{"href":"https:\/\/amalashes.com\/gb\/wp-json\/wp\/v2\/product\/12725","targetHints":{"allow":["GET"]}}],"collection":[{"href":"https:\/\/amalashes.com\/gb\/wp-json\/wp\/v2\/product"}],"about":[{"href":"https:\/\/amalashes.com\/gb\/wp-json\/wp\/v2\/types\/product"}],"replies":[{"embeddable":true,"href":"https:\/\/amalashes.com\/gb\/wp-json\/wp\/v2\/comments?post=12725"}],"wp:featuredmedia":[{"embeddable":true,"href":"https:\/\/amalashes.com\/gb\/wp-json\/wp\/v2\/media\/18317"}],"wp:attachment":[{"href":"https:\/\/amalashes.com\/gb\/wp-json\/wp\/v2\/media?parent=12725"}],"wp:term":[{"taxonomy":"product_brand","embeddable":true,"href":"https:\/\/amalashes.com\/gb\/wp-json\/wp\/v2\/product_brand?post=12725"},{"taxonomy":"product_cat","embeddable":true,"href":"https:\/\/amalashes.com\/gb\/wp-json\/wp\/v2\/product_cat?post=12725"},{"taxonomy":"product_tag","embeddable":true,"href":"https:\/\/amalashes.com\/gb\/wp-json\/wp\/v2\/product_tag?post=12725"}],"curies":[{"name":"wp","href":"https:\/\/api.w.org\/{rel}","templated":true}]}}