{"id":13017,"date":"2024-09-30T12:08:35","date_gmt":"2024-09-30T09:08:35","guid":{"rendered":"https:\/\/amalashes.com\/?post_type=product&#038;p=13017"},"modified":"2026-02-20T03:59:50","modified_gmt":"2026-02-20T01:59:50","slug":"forfecuta-stilizare-sprancene-alba-ama-lashes","status":"publish","type":"product","link":"https:\/\/amalashes.com\/gb\/produs\/forfecuta-stilizare-sprancene-alba-ama-lashes\/","title":{"rendered":"Forfecuta stilizare sprancene alba by AMA Lashes"},"content":{"rendered":"<div class=\"page\" style=\"text-align: center;\" title=\"Page 2\">\n<div class=\"section\">\n<div class=\"layoutArea\">\n<div class=\"column\">\n<p data-path-to-node=\"2\">Forfecuta stilizare sprancene alba de la AMA LASHES, ridica standardele cosmetice\u00a0 la standarde chirurgicale pentru a avea spr\u00e2ncene impecabile<\/p>\n<p data-path-to-node=\"3\">\u00cen procesul de design \u0219i produc\u021bie al forfecu\u021bei pentru stilizarea spr\u00e2ncenelor, <b data-path-to-node=\"3\" data-index-in-node=\"81\">AMA LASHES<\/b> a redefinit conceptul de instrument cosmetic.<\/p>\n<p data-path-to-node=\"3\"><!--more--><\/p>\n<p data-path-to-node=\"3\">Plec\u00e2nd de la premisa c\u0103 un rezultat de excep\u021bie necesit\u0103 o precizie absolut\u0103.<\/p>\n<p data-path-to-node=\"3\">Am ales s\u0103 ignor\u0103m standardele comerciale obi\u0219nuite \u0219i s\u0103 ne \u00eendrept\u0103m aten\u021bia c\u0103tre un domeniu unde eroarea nu este permis\u0103: <b data-path-to-node=\"3\" data-index-in-node=\"343\">industria instrumentarului medical<\/b>.<\/p>\n<h3 data-path-to-node=\"4\">De ce Tehnologie Medical\u0103 \u00een Cosmetic\u0103?<\/h3>\n<p data-path-to-node=\"5\">Diferen\u021ba dintre o forfecu\u021b\u0103 cosmetic\u0103 standard \u0219i cea creat\u0103 de AMA LASHES const\u0103 \u00een fundamentul tehnic. Instrumentele medicale sunt supuse unor rigori de fabrica\u021bie mult mai stricte, utiliz\u00e2nd materiale de o puritate superioar\u0103.<\/p>\n<p data-path-to-node=\"5\">Forfecu\u021ba noastr\u0103 este supus\u0103 unui proces complex de <b data-path-to-node=\"5\" data-index-in-node=\"284\">40 de etape de produc\u021bie<\/b>, un flux identic cu cel al instrumentelor chirurgicale de \u00eenalt\u0103 fine\u021be.<\/p>\n<p data-path-to-node=\"6\">Aceast\u0103 abordare garanteaz\u0103 cele patru piloni fundamentali ai brandului nostru:<\/p>\n<ol start=\"1\" data-path-to-node=\"7\">\n<li>\n<p data-path-to-node=\"7,0,0\"><b data-path-to-node=\"7,0,0\" data-index-in-node=\"0\">Calitatea<\/b> materialului de baz\u0103;<\/p>\n<\/li>\n<li>\n<p data-path-to-node=\"7,1,0\"><b data-path-to-node=\"7,1,0\" data-index-in-node=\"0\">Fiabilitatea<\/b> pe termen lung;<\/p>\n<\/li>\n<li>\n<p data-path-to-node=\"7,2,0\"><b data-path-to-node=\"7,2,0\" data-index-in-node=\"0\">Rezisten\u021ba<\/b> la uzur\u0103 \u0219i steriliz\u0103ri repetate;.<b data-path-to-node=\"7,3,0\" data-index-in-node=\"0\">Precizia<\/b> microscopic\u0103 a t\u0103ierii.<\/p>\n<\/li>\n<\/ol>\n<h2 data-path-to-node=\"8\">Inspec\u021bie laser \u0219i control sub microscop pentru forfecuta stilizare sprancene alba de la AMA Lashes.<\/h2>\n<p data-path-to-node=\"9\">Secretul unei t\u0103ieri perfecte, care s\u0103 nu despice firul de p\u0103r \u0219i s\u0103 permit\u0103 o arcuire curat\u0103 a spr\u00e2ncenei, rezid\u0103 \u00een alinierea v\u00e2rfurilor.<\/p>\n<p data-path-to-node=\"9\">\u00cen etapa final\u0103 de produc\u021bie, fiecare forfecu\u021b\u0103 este <b data-path-to-node=\"9\" data-index-in-node=\"193\">inspectat\u0103 sub microscop cu ajutorul tehnologiei laser<\/b>. Acest control riguros asigur\u0103 o simetrie perfect\u0103 a lamelor, oferind specialistului siguran\u021ba c\u0103 fiecare mi\u0219care va fi exact\u0103, p\u00e2n\u0103 la ultimul milimetru.<\/p>\n<h3 data-path-to-node=\"10\">Ergonomie \u0219i Sim\u021b Tactil<\/h3>\n<p data-path-to-node=\"11\">Un instrument profesional trebuie s\u0103 fie o extensie a m\u00e2inii stilistului.<\/p>\n<p data-path-to-node=\"11\">Forma ergonomic\u0103 a forfecu\u021bei AMA LASHES a fost studiat\u0103 pentru a preveni oboseala muscular\u0103 a degetelor, o problem\u0103 frecvent\u0103 \u00een timpul procedurilor lungi de stilizare.<\/p>\n<p data-path-to-node=\"11\">Totu\u0219i, am acordat o aten\u021bie deosebit\u0103 greut\u0103\u021bii \u0219i echilibrului lamei pentru a p\u0103stra <b data-path-to-node=\"11\" data-index-in-node=\"331\">\u201esim\u021bul tactil\u201d la cote maxime<\/b>.<\/p>\n<p data-path-to-node=\"11\">Astfel, specialistul simte rezisten\u021ba firului de p\u0103r, av\u00e2nd un control total asupra presiunii exercitate.<\/p>\n<h3 data-path-to-node=\"12\">Igien\u0103 \u0219i Durabilitate<\/h3>\n<p data-path-to-node=\"13\">Fabricat\u0103 integral din <b data-path-to-node=\"13\" data-index-in-node=\"23\">o\u021bel chirurgical inoxidabil<\/b>, forfecu\u021ba poate fi dezinfectat\u0103 \u0219i sterilizat\u0103 \u00een condi\u021bii de maxim\u0103 siguran\u021b\u0103.<\/p>\n<p data-path-to-node=\"13\">Propriet\u0103\u021bile anticorozive ale acestui material elimin\u0103 complet riscul apari\u021biei ruginii, chiar \u0219i dup\u0103 utiliz\u0103ri repetate \u00een medii profesionale.<\/p>\n<p data-path-to-node=\"14\">Fie c\u0103 alegi s\u0103 o achizi\u021bionezi individual sau ca parte din\u00a0 <b data-path-to-node=\"14\" data-index-in-node=\"60\">Setul de Stilizare Sprancene AMA LASHES<\/b> (al\u0103turi de penseta multifunc\u021bional\u0103). Forfecu\u021ba noastr\u0103 reprezint\u0103 o investi\u021bie \u00een excelen\u021b\u0103 \u0219i \u00een satisfac\u021bia clien\u021bilor t\u0103i.<\/p>\n<h3 style=\"text-align: center;\">Forfecuta stilizare sprancene alba by <span style=\"color: #000000;\"><a style=\"color: #000000;\" href=\"https:\/\/www.facebook.com\/amalashesacademy\">AMA Lashes<\/a><\/span>\u00a0 este fabricata din otel chirurgical inoxidabil.<\/h3>\n<p data-path-to-node=\"16\">Instruc\u021biuni de \u00eentre\u021binere<\/p>\n<p style=\"text-align: center;\">Deoarece este binecunoscut faptul ca materialele si tehnologia de productie a instrumentelor medicale este cu mult superioara celor cosmetice.<\/p>\n<p style=\"text-align: center;\">Forfecuta stilizare sprancene by AMA Lashes a fost supusa procesului de patruzeci de etape specific instrumentelor chirurgicale.<\/p>\n<p style=\"text-align: center;\">Iar in etapa terminat\u0103 sunt inspectate sub microscop cu ajutorul laserului pentru a se asigura perfecta aliniere a varfului, deoarece tocmai aceasta aliniere este esentiala in taierea firului de par.<\/p>\n<p style=\"text-align: center;\">Forma ergonomica a forfecutei a fost special alesa pentru nu obosi degetele in timpul procedurii.<\/p>\n<p style=\"text-align: center;\">Dar in acelasi timp pentru a pastra \u201csimtul tactil\u201d la cote maxime.<\/p>\n<p style=\"text-align: center;\">\u00a0 Acestea\u00a0 pot fi dezinfectate in conditii de maxima siguranta, fara riscul aparitiei ruginii.<\/p>\n<\/div>\n<p style=\"text-align: center;\">Se poate cumpara individual sau la set impreuna cu penseta multifunctionala AMA Lashes, de pe site-ul nostru, la categoria <span style=\"color: #000000;\">s<a style=\"color: #000000;\" href=\"https:\/\/amalashes.com\/produs\/set-stilizare-sprancene-by-ama-lashes\/\">tilizare sprancene<\/a>.<\/span><\/p>\n<\/div>\n<\/div>\n<\/div>\n<p>&nbsp;<\/p>\n<p style=\"text-align: center;\">\n","protected":false},"excerpt":{"rendered":"<p style=\"text-align: center;\">\u00a0Forfecuta\u00a0 poate fi dezinfectata in conditii de maxima siguranta, fara riscul aparitiei ruginii.<\/p>\n<p style=\"text-align: center;\"><span style=\"color: #808080;\">\u00a0<\/span><\/p>\n<p style=\"text-align: center;\"><span style=\"color: #800000;\">* TRANSPORT GRATUIT IN ROMANIA<br \/>\nla toate comenzile de peste 450 lei<\/span><\/p>\n<p>&nbsp;<\/p>\n<p style=\"text-align: center;\"><span style=\"color: #800000;\">* TRANSPORT GRATUIT IN EUROPA<br \/>\nla toate comenzile de peste\u00a0 1500 lei<\/span><\/p>\n","protected":false},"featured_media":18359,"comment_status":"open","ping_status":"closed","template":"","meta":[],"product_brand":[],"product_cat":[753],"product_tag":[1617,773,1620,1547,755,1615,1007,1159,1618,769,1158,1157,754,770,1616,1121,1124,762,1591,751,1592,1619],"class_list":{"0":"post-13017","1":"product","2":"type-product","3":"status-publish","4":"has-post-thumbnail","6":"product_cat-stilizare-sprancene-ama-lashes-luxury","7":"product_tag-accesorii-sprancene-profesionale","8":"product_tag-accesorii-stilizare-sprancene","9":"product_tag-brows-styling-tools","10":"product_tag-forfecuta-ama-lashes","11":"product_tag-forfecuta-amalashes","12":"product_tag-forfecuta-otel-chirurgical","13":"product_tag-forfecuta-otel-inoxidabil","14":"product_tag-forfecuta-pmu","15":"product_tag-forfecuta-precizie-cosmetica","16":"product_tag-forfecuta-profesionala","17":"product_tag-forfecuta-profesionala-sprancene","18":"product_tag-forfecuta-spancene","19":"product_tag-forfecuta-sprancene","20":"product_tag-forfecuta-stilizare-sprancene","21":"product_tag-instrumente-stilizare-sprancene","22":"product_tag-produse-sprancene","23":"product_tag-produse-stilizare-sprancene","24":"product_tag-set-stilizare-sprancene","25":"product_tag-sprancene-perfecte","26":"product_tag-stilizare-sprancene","27":"product_tag-stilizat-sprancene","28":"product_tag-ustensile-brow-artist","30":"first","31":"instock","32":"taxable","33":"shipping-taxable","34":"purchasable","35":"product-type-simple"},"translation":{"provider":"WPGlobus","version":"3.0.2","language":"gb","enabled_languages":["ro","gb"],"languages":{"ro":{"title":true,"content":true,"excerpt":true},"gb":{"title":false,"content":false,"excerpt":false}}},"yoast_head":"<!-- This site is optimized with the Yoast SEO plugin v27.3 - https:\/\/yoast.com\/product\/yoast-seo-wordpress\/ -->\n<title>Forfecuta stilizare sprancene alba | AMA Lashes<\/title>\n<meta name=\"robots\" content=\"index, follow, max-snippet:-1, max-image-preview:large, max-video-preview:-1\" \/>\n<link rel=\"canonical\" href=\"https:\/\/amalashes.com\/produs\/forfecuta-stilizare-sprancene-alba-ama-lashes\/\" \/>\n<meta property=\"og:locale\" content=\"en_GB\" \/>\n<meta property=\"og:type\" content=\"article\" \/>\n<meta property=\"og:title\" content=\"Forfecuta stilizare sprancene alba by AMA Lashes | AMA Lashes\" \/>\n<meta property=\"og:url\" content=\"https:\/\/amalashes.com\/produs\/forfecuta-stilizare-sprancene-alba-ama-lashes\/\" \/>\n<meta property=\"og:site_name\" content=\"AMA Lashes\" \/>\n<meta property=\"article:publisher\" content=\"https:\/\/www.facebook.com\/amalashesacademy\/\" \/>\n<meta property=\"article:modified_time\" content=\"2026-02-20T01:59:50+00:00\" \/>\n<meta property=\"og:image\" content=\"https:\/\/amalashes.com\/wp-content\/uploads\/2024\/09\/forfecuta-stilizare-sprancene-alba-ama-lashes.jpg\" \/>\n\t<meta property=\"og:image:width\" content=\"438\" \/>\n\t<meta property=\"og:image:height\" content=\"600\" \/>\n\t<meta property=\"og:image:type\" content=\"image\/jpeg\" \/>\n<meta name=\"twitter:card\" content=\"summary_large_image\" \/>\n<meta name=\"twitter:label1\" content=\"Est. reading time\" \/>\n\t<meta name=\"twitter:data1\" content=\"4 minutes\" \/>\n<script type=\"application\/ld+json\" class=\"yoast-schema-graph\">{\"@context\":\"https:\\\/\\\/schema.org\",\"@graph\":[{\"@type\":\"WebPage\",\"@id\":\"https:\\\/\\\/amalashes.com\\\/produs\\\/forfecuta-stilizare-sprancene-alba-ama-lashes\\\/\",\"url\":\"https:\\\/\\\/amalashes.com\\\/produs\\\/forfecuta-stilizare-sprancene-alba-ama-lashes\\\/\",\"name\":\"Forfecuta stilizare sprancene alba | AMA Lashes\",\"isPartOf\":{\"@id\":\"https:\\\/\\\/amalashes.com\\\/#website\"},\"primaryImageOfPage\":{\"@id\":\"https:\\\/\\\/amalashes.com\\\/produs\\\/forfecuta-stilizare-sprancene-alba-ama-lashes\\\/#primaryimage\"},\"image\":{\"@id\":\"https:\\\/\\\/amalashes.com\\\/produs\\\/forfecuta-stilizare-sprancene-alba-ama-lashes\\\/#primaryimage\"},\"thumbnailUrl\":\"https:\\\/\\\/amalashes.com\\\/wp-content\\\/uploads\\\/2024\\\/09\\\/forfecuta-stilizare-sprancene-alba-ama-lashes.jpg\",\"datePublished\":\"2024-09-30T09:08:35+00:00\",\"dateModified\":\"2026-02-20T01:59:50+00:00\",\"description\":\"Forfecuta stilizare sprancene alba, are o forma ergonomica special creata si este fabricata din otel inoxidabil. Calitate superioara | AMA Lashes\",\"breadcrumb\":{\"@id\":\"https:\\\/\\\/amalashes.com\\\/produs\\\/forfecuta-stilizare-sprancene-alba-ama-lashes\\\/#breadcrumb\"},\"inLanguage\":\"en-GB\",\"potentialAction\":[{\"@type\":\"ReadAction\",\"target\":[\"https:\\\/\\\/amalashes.com\\\/produs\\\/forfecuta-stilizare-sprancene-alba-ama-lashes\\\/\"]}]},{\"@type\":\"ImageObject\",\"inLanguage\":\"en-GB\",\"@id\":\"https:\\\/\\\/amalashes.com\\\/produs\\\/forfecuta-stilizare-sprancene-alba-ama-lashes\\\/#primaryimage\",\"url\":\"https:\\\/\\\/amalashes.com\\\/wp-content\\\/uploads\\\/2024\\\/09\\\/forfecuta-stilizare-sprancene-alba-ama-lashes.jpg\",\"contentUrl\":\"https:\\\/\\\/amalashes.com\\\/wp-content\\\/uploads\\\/2024\\\/09\\\/forfecuta-stilizare-sprancene-alba-ama-lashes.jpg\",\"width\":438,\"height\":600,\"caption\":\"Forfecuta stilizare sprancene alba profesional\u0103 AMA LASHES din o\u021bel chirurgical.\"},{\"@type\":\"BreadcrumbList\",\"@id\":\"https:\\\/\\\/amalashes.com\\\/produs\\\/forfecuta-stilizare-sprancene-alba-ama-lashes\\\/#breadcrumb\",\"itemListElement\":[{\"@type\":\"ListItem\",\"position\":1,\"name\":\"Prima pagin\u0103\",\"item\":\"https:\\\/\\\/amalashes.com\\\/\"},{\"@type\":\"ListItem\",\"position\":2,\"name\":\"AMA SHOP\",\"item\":\"https:\\\/\\\/amalashes.com\\\/ama-lashes-shop\\\/\"},{\"@type\":\"ListItem\",\"position\":3,\"name\":\"Forfecuta stilizare sprancene alba by AMA Lashes\"}]},{\"@type\":\"WebSite\",\"@id\":\"https:\\\/\\\/amalashes.com\\\/#website\",\"url\":\"https:\\\/\\\/amalashes.com\\\/\",\"name\":\"AMA Lashes\",\"description\":\"Eyelash Extension Courses and Eyelash Extension Products, Lash Academy AMA Lashes. We offer you the most complete eyelash extension courses with an accredited diploma and a wide range of products and accessories for the application and maintenance of thread-by-thread eyelash extensions, of superior quality at a fair price. AMA Lashes products cannot be missing from the kit of a professional thread-by-thread eyelash extension technician.\",\"publisher\":{\"@id\":\"https:\\\/\\\/amalashes.com\\\/#organization\"},\"potentialAction\":[{\"@type\":\"SearchAction\",\"target\":{\"@type\":\"EntryPoint\",\"urlTemplate\":\"https:\\\/\\\/amalashes.com\\\/?s={search_term_string}\"},\"query-input\":{\"@type\":\"PropertyValueSpecification\",\"valueRequired\":true,\"valueName\":\"search_term_string\"}}],\"inLanguage\":\"en-GB\"},{\"@type\":\"Organization\",\"@id\":\"https:\\\/\\\/amalashes.com\\\/#organization\",\"name\":\"AMA Lashes\",\"url\":\"https:\\\/\\\/amalashes.com\\\/\",\"logo\":{\"@type\":\"ImageObject\",\"inLanguage\":\"en-GB\",\"@id\":\"https:\\\/\\\/amalashes.com\\\/#\\\/schema\\\/logo\\\/image\\\/\",\"url\":\"https:\\\/\\\/amalashes.com\\\/wp-content\\\/uploads\\\/2020\\\/12\\\/Logo-on-black.png\",\"contentUrl\":\"https:\\\/\\\/amalashes.com\\\/wp-content\\\/uploads\\\/2020\\\/12\\\/Logo-on-black.png\",\"width\":1920,\"height\":1920,\"caption\":\"AMA Lashes\"},\"image\":{\"@id\":\"https:\\\/\\\/amalashes.com\\\/#\\\/schema\\\/logo\\\/image\\\/\"},\"sameAs\":[\"https:\\\/\\\/www.facebook.com\\\/amalashesacademy\\\/\",\"https:\\\/\\\/www.instagram.com\\\/ama_lashes\\\/\",\"https:\\\/\\\/www.youtube.com\\\/channel\\\/UC8xFLI71s3u-oFj2OkPqSUg\"]}]}<\/script>\n<!-- \/ Yoast SEO plugin. -->","yoast_head_json":{"title":"Forfecuta stilizare sprancene alba | AMA Lashes","robots":{"index":"index","follow":"follow","max-snippet":"max-snippet:-1","max-image-preview":"max-image-preview:large","max-video-preview":"max-video-preview:-1"},"canonical":"https:\/\/amalashes.com\/produs\/forfecuta-stilizare-sprancene-alba-ama-lashes\/","og_locale":"en_GB","og_type":"article","og_title":"Forfecuta stilizare sprancene alba by AMA Lashes | AMA Lashes","og_url":"https:\/\/amalashes.com\/produs\/forfecuta-stilizare-sprancene-alba-ama-lashes\/","og_site_name":"AMA Lashes","article_publisher":"https:\/\/www.facebook.com\/amalashesacademy\/","article_modified_time":"2026-02-20T01:59:50+00:00","og_image":[{"width":438,"height":600,"url":"https:\/\/amalashes.com\/wp-content\/uploads\/2024\/09\/forfecuta-stilizare-sprancene-alba-ama-lashes.jpg","type":"image\/jpeg"}],"twitter_card":"summary_large_image","twitter_misc":{"Est. reading time":"4 minutes"},"schema":{"@context":"https:\/\/schema.org","@graph":[{"@type":"WebPage","@id":"https:\/\/amalashes.com\/produs\/forfecuta-stilizare-sprancene-alba-ama-lashes\/","url":"https:\/\/amalashes.com\/produs\/forfecuta-stilizare-sprancene-alba-ama-lashes\/","name":"Forfecuta stilizare sprancene alba | AMA Lashes","isPartOf":{"@id":"https:\/\/amalashes.com\/#website"},"primaryImageOfPage":{"@id":"https:\/\/amalashes.com\/produs\/forfecuta-stilizare-sprancene-alba-ama-lashes\/#primaryimage"},"image":{"@id":"https:\/\/amalashes.com\/produs\/forfecuta-stilizare-sprancene-alba-ama-lashes\/#primaryimage"},"thumbnailUrl":"https:\/\/amalashes.com\/wp-content\/uploads\/2024\/09\/forfecuta-stilizare-sprancene-alba-ama-lashes.jpg","datePublished":"2024-09-30T09:08:35+00:00","dateModified":"2026-02-20T01:59:50+00:00","description":"Forfecuta stilizare sprancene alba, are o forma ergonomica special creata si este fabricata din otel inoxidabil. Calitate superioara | AMA Lashes","breadcrumb":{"@id":"https:\/\/amalashes.com\/produs\/forfecuta-stilizare-sprancene-alba-ama-lashes\/#breadcrumb"},"inLanguage":"en-GB","potentialAction":[{"@type":"ReadAction","target":["https:\/\/amalashes.com\/produs\/forfecuta-stilizare-sprancene-alba-ama-lashes\/"]}]},{"@type":"ImageObject","inLanguage":"en-GB","@id":"https:\/\/amalashes.com\/produs\/forfecuta-stilizare-sprancene-alba-ama-lashes\/#primaryimage","url":"https:\/\/amalashes.com\/wp-content\/uploads\/2024\/09\/forfecuta-stilizare-sprancene-alba-ama-lashes.jpg","contentUrl":"https:\/\/amalashes.com\/wp-content\/uploads\/2024\/09\/forfecuta-stilizare-sprancene-alba-ama-lashes.jpg","width":438,"height":600,"caption":"Forfecuta stilizare sprancene alba profesional\u0103 AMA LASHES din o\u021bel chirurgical."},{"@type":"BreadcrumbList","@id":"https:\/\/amalashes.com\/produs\/forfecuta-stilizare-sprancene-alba-ama-lashes\/#breadcrumb","itemListElement":[{"@type":"ListItem","position":1,"name":"Prima pagin\u0103","item":"https:\/\/amalashes.com\/"},{"@type":"ListItem","position":2,"name":"AMA SHOP","item":"https:\/\/amalashes.com\/ama-lashes-shop\/"},{"@type":"ListItem","position":3,"name":"Forfecuta stilizare sprancene alba by AMA Lashes"}]},{"@type":"WebSite","@id":"https:\/\/amalashes.com\/#website","url":"https:\/\/amalashes.com\/","name":"AMA Lashes","description":"Eyelash Extension Courses and Eyelash Extension Products, Lash Academy AMA Lashes. We offer you the most complete eyelash extension courses with an accredited diploma and a wide range of products and accessories for the application and maintenance of thread-by-thread eyelash extensions, of superior quality at a fair price. AMA Lashes products cannot be missing from the kit of a professional thread-by-thread eyelash extension technician.","publisher":{"@id":"https:\/\/amalashes.com\/#organization"},"potentialAction":[{"@type":"SearchAction","target":{"@type":"EntryPoint","urlTemplate":"https:\/\/amalashes.com\/?s={search_term_string}"},"query-input":{"@type":"PropertyValueSpecification","valueRequired":true,"valueName":"search_term_string"}}],"inLanguage":"en-GB"},{"@type":"Organization","@id":"https:\/\/amalashes.com\/#organization","name":"AMA Lashes","url":"https:\/\/amalashes.com\/","logo":{"@type":"ImageObject","inLanguage":"en-GB","@id":"https:\/\/amalashes.com\/#\/schema\/logo\/image\/","url":"https:\/\/amalashes.com\/wp-content\/uploads\/2020\/12\/Logo-on-black.png","contentUrl":"https:\/\/amalashes.com\/wp-content\/uploads\/2020\/12\/Logo-on-black.png","width":1920,"height":1920,"caption":"AMA Lashes"},"image":{"@id":"https:\/\/amalashes.com\/#\/schema\/logo\/image\/"},"sameAs":["https:\/\/www.facebook.com\/amalashesacademy\/","https:\/\/www.instagram.com\/ama_lashes\/","https:\/\/www.youtube.com\/channel\/UC8xFLI71s3u-oFj2OkPqSUg"]}]}},"_links":{"self":[{"href":"https:\/\/amalashes.com\/gb\/wp-json\/wp\/v2\/product\/13017","targetHints":{"allow":["GET"]}}],"collection":[{"href":"https:\/\/amalashes.com\/gb\/wp-json\/wp\/v2\/product"}],"about":[{"href":"https:\/\/amalashes.com\/gb\/wp-json\/wp\/v2\/types\/product"}],"replies":[{"embeddable":true,"href":"https:\/\/amalashes.com\/gb\/wp-json\/wp\/v2\/comments?post=13017"}],"wp:featuredmedia":[{"embeddable":true,"href":"https:\/\/amalashes.com\/gb\/wp-json\/wp\/v2\/media\/18359"}],"wp:attachment":[{"href":"https:\/\/amalashes.com\/gb\/wp-json\/wp\/v2\/media?parent=13017"}],"wp:term":[{"taxonomy":"product_brand","embeddable":true,"href":"https:\/\/amalashes.com\/gb\/wp-json\/wp\/v2\/product_brand?post=13017"},{"taxonomy":"product_cat","embeddable":true,"href":"https:\/\/amalashes.com\/gb\/wp-json\/wp\/v2\/product_cat?post=13017"},{"taxonomy":"product_tag","embeddable":true,"href":"https:\/\/amalashes.com\/gb\/wp-json\/wp\/v2\/product_tag?post=13017"}],"curies":[{"name":"wp","href":"https:\/\/api.w.org\/{rel}","templated":true}]}}