{"id":13027,"date":"2024-10-02T09:42:13","date_gmt":"2024-10-02T06:42:13","guid":{"rendered":"https:\/\/amalashes.com\/?post_type=product&#038;p=13027"},"modified":"2026-04-04T13:25:43","modified_gmt":"2026-04-04T10:25:43","slug":"set-stilizare-sprancene-by-ama-lashes","status":"publish","type":"product","link":"https:\/\/amalashes.com\/gb\/produs\/set-stilizare-sprancene-by-ama-lashes\/","title":{"rendered":"Set stilizare sprancene (forfecuta si penseta) by AMA Lashes"},"content":{"rendered":"<p style=\"text-align: center;\" data-path-to-node=\"2\">Excelen\u021b\u0103 \u00een stilizarea spr\u00e2ncenelor cu acest set stilizare sprancene profesional de la AMA LASHES<\/p>\n<p style=\"text-align: center;\" data-path-to-node=\"3\">\u00cen universul beauty, trecerea de la un rezultat satisf\u0103c\u0103tor la unul impecabil este definit\u0103 adesea de calitatea instrumentelor folosite.<\/p>\n<p style=\"text-align: center;\" data-path-to-node=\"3\"><b data-path-to-node=\"3\" data-index-in-node=\"138\">Setul de stilizare a spr\u00e2ncenelor de la AMA Luxury<\/b> nu este doar un accesoriu cosmetic, ci un instrument de precizie chirurgical\u0103, conceput special pentru profesioni\u0219tii care refuz\u0103 compromisul \u00een munca lor zilnic\u0103.<\/p>\n<p data-path-to-node=\"3\"><!--more--><\/p>\n<h3 style=\"text-align: center;\" data-path-to-node=\"4\">Diferen\u021ba dintre Cosmetic \u0219i Medical<\/h3>\n<p style=\"text-align: center;\" data-path-to-node=\"5\">Majoritatea instrumentelor de \u00eenfrumuse\u021bare de pe pia\u021b\u0103 sunt produse prin procese de mas\u0103, unde focusul cade pe aspectul estetic.<\/p>\n<p style=\"text-align: center;\" data-path-to-node=\"5\">AMA a ales o abordare radical diferit\u0103: <b data-path-to-node=\"5\" data-index-in-node=\"177\">tehnologia medical\u0103<\/b>.<\/p>\n<p style=\"text-align: center;\" data-path-to-node=\"5\">Alegerea de a colabora cu produc\u0103tori specializa\u021bi \u00een instrumentar chirurgical ridic\u0103 standardele de siguran\u021b\u0103 \u0219i performan\u021b\u0103 la un nivel neatins de accesoriile cosmetice conven\u021bionale.<\/p>\n<h2 style=\"text-align: center;\" data-path-to-node=\"6\">Fiecare pies\u0103 din acest set stilizare sprancene \u2014 penseta \u0219i forfecu\u021ba \u2014 trece printr-un flux riguros de produc\u021bie.<\/h2>\n<p style=\"text-align: center;\" data-path-to-node=\"6\">Flux ce cuprinde <b data-path-to-node=\"6\" data-index-in-node=\"107\">40 de etape distincte<\/b>, specifice bisturielor \u0219i penselor chirurgicale.<\/p>\n<p style=\"text-align: center;\" data-path-to-node=\"6\">Aceast\u0103 rigoare garanteaz\u0103 o densitate a materialului \u0219i o finisare a suprafe\u021belor care previn acumularea bacteriilor \u0219i asigur\u0103 o durabilitate de excep\u021bie.<\/p>\n<h3 style=\"text-align: center;\" data-path-to-node=\"7\">Inginerie \u0219i Precizie Microscopica<\/h3>\n<p style=\"text-align: center;\" data-path-to-node=\"8\">Cea mai mare frustrare a unui stilist de spr\u00e2ncene este <span style=\"color: #000000;\"><a style=\"color: #000000;\" href=\"https:\/\/amalashes.com\/produs\/penseta-stilizare-sprancene-a4-by-ama-lashes\/\">penseta<\/a> <\/span>care \u201erupe\u201d firul sau care nu are o priz\u0103 ferm\u0103. Pentru a elimina aceast\u0103 problem\u0103, AMA Luxury utilizeaz\u0103 <b data-path-to-node=\"8\" data-index-in-node=\"170\">inspec\u021bia laser sub microscop<\/b>.<\/p>\n<p style=\"text-align: center;\" data-path-to-node=\"8\">Acest proces verific\u0103 alinierea perfect\u0103 a bra\u021belor \u0219i a v\u00e2rfului, asigur\u00e2ndu-se c\u0103 suprafa\u021ba de contact este total\u0103.<\/p>\n<p style=\"text-align: center;\" data-path-to-node=\"9\">Mai mult, unghiul de prindere al pensetei a fost proiectat ergonomic.<\/p>\n<p style=\"text-align: center;\" data-path-to-node=\"9\">Forma sa conic\u0103 \u0219i \u00eenclina\u021bia specific\u0103 au fost calculate pentru a se adapta <b data-path-to-node=\"9\" data-index-in-node=\"147\">pozi\u021biei naturale a m\u00e2inii<\/b>. Rezultatul?<\/p>\n<p style=\"text-align: center;\" data-path-to-node=\"9\">O prindere ideal\u0103 a firului de p\u0103r f\u0103r\u0103 a tensiona \u00eencheietura sau a obosi degetele specialistului, p\u0103str\u00e2nd \u00een acela\u0219i timp un \u201esim\u021b tactil\u201d acut, esen\u021bial pentru firele foarte fine sau scurte.<\/p>\n<h3 style=\"text-align: center;\" data-path-to-node=\"10\">Durabilitate \u0219i Igien\u0103 F\u0103r\u0103 Compromis<\/h3>\n<p style=\"text-align: center;\" data-path-to-node=\"11\">Fabricate din <b data-path-to-node=\"11\" data-index-in-node=\"14\">o\u021bel chirurgical inoxidabil<\/b>, aceste instrumente sunt imune la procesele repetate de dezinfectare \u0219i sterilizare.<\/p>\n<p style=\"text-align: center;\" data-path-to-node=\"11\">\u00centr-un salon profesional, unde igiena este prioritar\u0103, utilizarea unor instrumente care pot fi introduse \u00een autoclav sau dezinfectate cu solu\u021bii puternice f\u0103r\u0103 riscul de a rugini este un avantaj strategic.<\/p>\n<h3 style=\"text-align: center;\" data-path-to-node=\"12\"><b data-path-to-node=\"12\" data-index-in-node=\"0\">De ce s\u0103 alegi acest set stilizare sprancene de la\u00a0 <span style=\"color: #000000;\"><a style=\"color: #000000;\" href=\"https:\/\/www.facebook.com\/amalashesacademy\">AMA Luxury<\/a><\/span>?<\/b><\/h3>\n<ul style=\"text-align: center;\" data-path-to-node=\"13\">\n<li>\n<p data-path-to-node=\"13,0,0\"><b data-path-to-node=\"13,0,0\" data-index-in-node=\"0\">Fiabilitate:<\/b> Rezisten\u021b\u0103 maxim\u0103 la utilizare intens\u0103.<\/p>\n<\/li>\n<li>\n<p data-path-to-node=\"13,1,0\"><b data-path-to-node=\"13,1,0\" data-index-in-node=\"0\">Acurate\u021be:<\/b> T\u0103iere \u0219i prindere milimetric\u0103.<\/p>\n<\/li>\n<li>\n<p data-path-to-node=\"13,2,0\"><b data-path-to-node=\"13,2,0\" data-index-in-node=\"0\">Confort:<\/b> Design u\u0219or care previne oboseala muscular\u0103.<\/p>\n<\/li>\n<li>\n<p data-path-to-node=\"13,3,0\"><b data-path-to-node=\"13,3,0\" data-index-in-node=\"0\">Profesionalism:<\/b> Instrumente care reflect\u0103 respectul fa\u021b\u0103 de client \u0219i fa\u021b\u0103 de actul de stilizare.<\/p>\n<\/li>\n<\/ul>\n<p style=\"text-align: center;\">\n","protected":false},"excerpt":{"rendered":"<p style=\"text-align: center;\">Set stilizare sprancene ( penseta si forfecuta) by AMA Lashes.<\/p>\n<p style=\"text-align: center;\">Set de o calitate superioara fabricat din otel chirurgical inoxidabil.<\/p>\n<p style=\"text-align: center;\"><span style=\"color: #808080;\">\u00a0<\/span><\/p>\n<p style=\"text-align: center;\"><strong><span style=\"color: #800000;\">* TRANSPORT GRATUIT IN ROMANIA<br \/>\nla toate comenzile de peste 450 lei<\/span><\/strong><\/p>\n<p style=\"text-align: center;\"><strong><span style=\"color: #800000;\">* TRANSPORT GRATUIT IN EUROPA<br \/>\nla toate comenzile de peste 1500 lei<\/span><\/strong><\/p>\n<p>&nbsp;<\/p>\n<p style=\"text-align: center;\">\n","protected":false},"featured_media":13042,"comment_status":"open","ping_status":"closed","template":"","meta":[],"product_brand":[],"product_cat":[377,753],"product_tag":[773,754,1010,1156,921,858,750,838,1121,1124,1009,762,1011,751],"class_list":{"0":"post-13027","1":"product","2":"type-product","3":"status-publish","4":"has-post-thumbnail","6":"product_cat-intretinere-extensii-gene-fir-cu-fir-ama-lashes","7":"product_cat-stilizare-sprancene-ama-lashes-luxury","8":"product_tag-accesorii-stilizare-sprancene","9":"product_tag-forfecuta-sprancene","10":"product_tag-intretinere-sprancene","11":"product_tag-intretinere-stilizare-sprancene","12":"product_tag-pensat-clasic","13":"product_tag-penseta-ama-lashes","14":"product_tag-penseta-sprancene","15":"product_tag-penseta-stilizare-sprancene","16":"product_tag-produse-sprancene","17":"product_tag-produse-stilizare-sprancene","18":"product_tag-set-profesional-stilizare-sprancene","19":"product_tag-set-stilizare-sprancene","20":"product_tag-set-stilizare-sprancene-ama-lashes","21":"product_tag-stilizare-sprancene","23":"first","24":"instock","25":"taxable","26":"shipping-taxable","27":"purchasable","28":"product-type-simple"},"translation":{"provider":"WPGlobus","version":"3.0.2","language":"gb","enabled_languages":["ro","gb"],"languages":{"ro":{"title":true,"content":true,"excerpt":true},"gb":{"title":false,"content":false,"excerpt":false}}},"yoast_head":"<!-- This site is optimized with the Yoast SEO plugin v27.3 - https:\/\/yoast.com\/product\/yoast-seo-wordpress\/ -->\n<title>Set stilizare sprancene | AMA Lashes<\/title>\n<meta name=\"robots\" content=\"index, follow, max-snippet:-1, max-image-preview:large, max-video-preview:-1\" \/>\n<link rel=\"canonical\" href=\"https:\/\/amalashes.com\/produs\/set-stilizare-sprancene-by-ama-lashes\/\" \/>\n<meta property=\"og:locale\" content=\"en_GB\" \/>\n<meta property=\"og:type\" content=\"article\" \/>\n<meta property=\"og:title\" content=\"Set stilizare sprancene (forfecuta si penseta) by AMA Lashes | AMA Lashes\" \/>\n<meta property=\"og:url\" content=\"https:\/\/amalashes.com\/produs\/set-stilizare-sprancene-by-ama-lashes\/\" \/>\n<meta property=\"og:site_name\" content=\"AMA Lashes\" \/>\n<meta property=\"article:publisher\" content=\"https:\/\/www.facebook.com\/amalashesacademy\/\" \/>\n<meta property=\"article:modified_time\" content=\"2026-04-04T10:25:43+00:00\" \/>\n<meta property=\"og:image\" content=\"https:\/\/amalashes.com\/wp-content\/uploads\/2024\/10\/set-foarfeca-penseta-stilizare-sprancene-amalashes-1-e1738601837340.jpg\" \/>\n\t<meta property=\"og:image:width\" content=\"1777\" \/>\n\t<meta property=\"og:image:height\" content=\"1777\" \/>\n\t<meta property=\"og:image:type\" content=\"image\/jpeg\" \/>\n<meta name=\"twitter:card\" content=\"summary_large_image\" \/>\n<meta name=\"twitter:label1\" content=\"Est. reading time\" \/>\n\t<meta name=\"twitter:data1\" content=\"3 minutes\" \/>\n<script type=\"application\/ld+json\" class=\"yoast-schema-graph\">{\"@context\":\"https:\\\/\\\/schema.org\",\"@graph\":[{\"@type\":\"WebPage\",\"@id\":\"https:\\\/\\\/amalashes.com\\\/produs\\\/set-stilizare-sprancene-by-ama-lashes\\\/\",\"url\":\"https:\\\/\\\/amalashes.com\\\/produs\\\/set-stilizare-sprancene-by-ama-lashes\\\/\",\"name\":\"Set stilizare sprancene | AMA Lashes\",\"isPartOf\":{\"@id\":\"https:\\\/\\\/amalashes.com\\\/#website\"},\"primaryImageOfPage\":{\"@id\":\"https:\\\/\\\/amalashes.com\\\/produs\\\/set-stilizare-sprancene-by-ama-lashes\\\/#primaryimage\"},\"image\":{\"@id\":\"https:\\\/\\\/amalashes.com\\\/produs\\\/set-stilizare-sprancene-by-ama-lashes\\\/#primaryimage\"},\"thumbnailUrl\":\"https:\\\/\\\/amalashes.com\\\/wp-content\\\/uploads\\\/2024\\\/10\\\/set-foarfeca-penseta-stilizare-sprancene-amalashes-1-e1738601837340.jpg\",\"datePublished\":\"2024-10-02T06:42:13+00:00\",\"dateModified\":\"2026-04-04T10:25:43+00:00\",\"description\":\"Set stilizare sprancene, penseta multifunctionala si forfecuta ergonomica. Calitate superioara, setul este fabricat din otel medical inoxidabil | AMA Lashes\",\"breadcrumb\":{\"@id\":\"https:\\\/\\\/amalashes.com\\\/produs\\\/set-stilizare-sprancene-by-ama-lashes\\\/#breadcrumb\"},\"inLanguage\":\"en-GB\",\"potentialAction\":[{\"@type\":\"ReadAction\",\"target\":[\"https:\\\/\\\/amalashes.com\\\/produs\\\/set-stilizare-sprancene-by-ama-lashes\\\/\"]}]},{\"@type\":\"ImageObject\",\"inLanguage\":\"en-GB\",\"@id\":\"https:\\\/\\\/amalashes.com\\\/produs\\\/set-stilizare-sprancene-by-ama-lashes\\\/#primaryimage\",\"url\":\"https:\\\/\\\/amalashes.com\\\/wp-content\\\/uploads\\\/2024\\\/10\\\/set-foarfeca-penseta-stilizare-sprancene-amalashes-1-e1738601837340.jpg\",\"contentUrl\":\"https:\\\/\\\/amalashes.com\\\/wp-content\\\/uploads\\\/2024\\\/10\\\/set-foarfeca-penseta-stilizare-sprancene-amalashes-1-e1738601837340.jpg\",\"width\":1777,\"height\":1777,\"caption\":\"Set profesional stilizare spr\u00e2ncene AMA Lashes contine penset\u0103 \u0219i forfecu\u021b\u0103 din o\u021bel chirurgical inoxidabil\"},{\"@type\":\"BreadcrumbList\",\"@id\":\"https:\\\/\\\/amalashes.com\\\/produs\\\/set-stilizare-sprancene-by-ama-lashes\\\/#breadcrumb\",\"itemListElement\":[{\"@type\":\"ListItem\",\"position\":1,\"name\":\"Prima pagin\u0103\",\"item\":\"https:\\\/\\\/amalashes.com\\\/\"},{\"@type\":\"ListItem\",\"position\":2,\"name\":\"AMA SHOP\",\"item\":\"https:\\\/\\\/amalashes.com\\\/ama-lashes-shop\\\/\"},{\"@type\":\"ListItem\",\"position\":3,\"name\":\"Set stilizare sprancene (forfecuta si penseta) by AMA Lashes\"}]},{\"@type\":\"WebSite\",\"@id\":\"https:\\\/\\\/amalashes.com\\\/#website\",\"url\":\"https:\\\/\\\/amalashes.com\\\/\",\"name\":\"AMA Lashes\",\"description\":\"Eyelash Extension Courses and Eyelash Extension Products, Lash Academy AMA Lashes. We offer you the most complete eyelash extension courses with an accredited diploma and a wide range of products and accessories for the application and maintenance of thread-by-thread eyelash extensions, of superior quality at a fair price. AMA Lashes products cannot be missing from the kit of a professional thread-by-thread eyelash extension technician.\",\"publisher\":{\"@id\":\"https:\\\/\\\/amalashes.com\\\/#organization\"},\"potentialAction\":[{\"@type\":\"SearchAction\",\"target\":{\"@type\":\"EntryPoint\",\"urlTemplate\":\"https:\\\/\\\/amalashes.com\\\/?s={search_term_string}\"},\"query-input\":{\"@type\":\"PropertyValueSpecification\",\"valueRequired\":true,\"valueName\":\"search_term_string\"}}],\"inLanguage\":\"en-GB\"},{\"@type\":\"Organization\",\"@id\":\"https:\\\/\\\/amalashes.com\\\/#organization\",\"name\":\"AMA Lashes\",\"url\":\"https:\\\/\\\/amalashes.com\\\/\",\"logo\":{\"@type\":\"ImageObject\",\"inLanguage\":\"en-GB\",\"@id\":\"https:\\\/\\\/amalashes.com\\\/#\\\/schema\\\/logo\\\/image\\\/\",\"url\":\"https:\\\/\\\/amalashes.com\\\/wp-content\\\/uploads\\\/2020\\\/12\\\/Logo-on-black.png\",\"contentUrl\":\"https:\\\/\\\/amalashes.com\\\/wp-content\\\/uploads\\\/2020\\\/12\\\/Logo-on-black.png\",\"width\":1920,\"height\":1920,\"caption\":\"AMA Lashes\"},\"image\":{\"@id\":\"https:\\\/\\\/amalashes.com\\\/#\\\/schema\\\/logo\\\/image\\\/\"},\"sameAs\":[\"https:\\\/\\\/www.facebook.com\\\/amalashesacademy\\\/\",\"https:\\\/\\\/www.instagram.com\\\/ama_lashes\\\/\",\"https:\\\/\\\/www.youtube.com\\\/channel\\\/UC8xFLI71s3u-oFj2OkPqSUg\"]}]}<\/script>\n<!-- \/ Yoast SEO plugin. -->","yoast_head_json":{"title":"Set stilizare sprancene | AMA Lashes","robots":{"index":"index","follow":"follow","max-snippet":"max-snippet:-1","max-image-preview":"max-image-preview:large","max-video-preview":"max-video-preview:-1"},"canonical":"https:\/\/amalashes.com\/produs\/set-stilizare-sprancene-by-ama-lashes\/","og_locale":"en_GB","og_type":"article","og_title":"Set stilizare sprancene (forfecuta si penseta) by AMA Lashes | AMA Lashes","og_url":"https:\/\/amalashes.com\/produs\/set-stilizare-sprancene-by-ama-lashes\/","og_site_name":"AMA Lashes","article_publisher":"https:\/\/www.facebook.com\/amalashesacademy\/","article_modified_time":"2026-04-04T10:25:43+00:00","og_image":[{"width":1777,"height":1777,"url":"https:\/\/amalashes.com\/wp-content\/uploads\/2024\/10\/set-foarfeca-penseta-stilizare-sprancene-amalashes-1-e1738601837340.jpg","type":"image\/jpeg"}],"twitter_card":"summary_large_image","twitter_misc":{"Est. reading time":"3 minutes"},"schema":{"@context":"https:\/\/schema.org","@graph":[{"@type":"WebPage","@id":"https:\/\/amalashes.com\/produs\/set-stilizare-sprancene-by-ama-lashes\/","url":"https:\/\/amalashes.com\/produs\/set-stilizare-sprancene-by-ama-lashes\/","name":"Set stilizare sprancene | AMA Lashes","isPartOf":{"@id":"https:\/\/amalashes.com\/#website"},"primaryImageOfPage":{"@id":"https:\/\/amalashes.com\/produs\/set-stilizare-sprancene-by-ama-lashes\/#primaryimage"},"image":{"@id":"https:\/\/amalashes.com\/produs\/set-stilizare-sprancene-by-ama-lashes\/#primaryimage"},"thumbnailUrl":"https:\/\/amalashes.com\/wp-content\/uploads\/2024\/10\/set-foarfeca-penseta-stilizare-sprancene-amalashes-1-e1738601837340.jpg","datePublished":"2024-10-02T06:42:13+00:00","dateModified":"2026-04-04T10:25:43+00:00","description":"Set stilizare sprancene, penseta multifunctionala si forfecuta ergonomica. Calitate superioara, setul este fabricat din otel medical inoxidabil | AMA Lashes","breadcrumb":{"@id":"https:\/\/amalashes.com\/produs\/set-stilizare-sprancene-by-ama-lashes\/#breadcrumb"},"inLanguage":"en-GB","potentialAction":[{"@type":"ReadAction","target":["https:\/\/amalashes.com\/produs\/set-stilizare-sprancene-by-ama-lashes\/"]}]},{"@type":"ImageObject","inLanguage":"en-GB","@id":"https:\/\/amalashes.com\/produs\/set-stilizare-sprancene-by-ama-lashes\/#primaryimage","url":"https:\/\/amalashes.com\/wp-content\/uploads\/2024\/10\/set-foarfeca-penseta-stilizare-sprancene-amalashes-1-e1738601837340.jpg","contentUrl":"https:\/\/amalashes.com\/wp-content\/uploads\/2024\/10\/set-foarfeca-penseta-stilizare-sprancene-amalashes-1-e1738601837340.jpg","width":1777,"height":1777,"caption":"Set profesional stilizare spr\u00e2ncene AMA Lashes contine penset\u0103 \u0219i forfecu\u021b\u0103 din o\u021bel chirurgical inoxidabil"},{"@type":"BreadcrumbList","@id":"https:\/\/amalashes.com\/produs\/set-stilizare-sprancene-by-ama-lashes\/#breadcrumb","itemListElement":[{"@type":"ListItem","position":1,"name":"Prima pagin\u0103","item":"https:\/\/amalashes.com\/"},{"@type":"ListItem","position":2,"name":"AMA SHOP","item":"https:\/\/amalashes.com\/ama-lashes-shop\/"},{"@type":"ListItem","position":3,"name":"Set stilizare sprancene (forfecuta si penseta) by AMA Lashes"}]},{"@type":"WebSite","@id":"https:\/\/amalashes.com\/#website","url":"https:\/\/amalashes.com\/","name":"AMA Lashes","description":"Eyelash Extension Courses and Eyelash Extension Products, Lash Academy AMA Lashes. We offer you the most complete eyelash extension courses with an accredited diploma and a wide range of products and accessories for the application and maintenance of thread-by-thread eyelash extensions, of superior quality at a fair price. AMA Lashes products cannot be missing from the kit of a professional thread-by-thread eyelash extension technician.","publisher":{"@id":"https:\/\/amalashes.com\/#organization"},"potentialAction":[{"@type":"SearchAction","target":{"@type":"EntryPoint","urlTemplate":"https:\/\/amalashes.com\/?s={search_term_string}"},"query-input":{"@type":"PropertyValueSpecification","valueRequired":true,"valueName":"search_term_string"}}],"inLanguage":"en-GB"},{"@type":"Organization","@id":"https:\/\/amalashes.com\/#organization","name":"AMA Lashes","url":"https:\/\/amalashes.com\/","logo":{"@type":"ImageObject","inLanguage":"en-GB","@id":"https:\/\/amalashes.com\/#\/schema\/logo\/image\/","url":"https:\/\/amalashes.com\/wp-content\/uploads\/2020\/12\/Logo-on-black.png","contentUrl":"https:\/\/amalashes.com\/wp-content\/uploads\/2020\/12\/Logo-on-black.png","width":1920,"height":1920,"caption":"AMA Lashes"},"image":{"@id":"https:\/\/amalashes.com\/#\/schema\/logo\/image\/"},"sameAs":["https:\/\/www.facebook.com\/amalashesacademy\/","https:\/\/www.instagram.com\/ama_lashes\/","https:\/\/www.youtube.com\/channel\/UC8xFLI71s3u-oFj2OkPqSUg"]}]}},"_links":{"self":[{"href":"https:\/\/amalashes.com\/gb\/wp-json\/wp\/v2\/product\/13027","targetHints":{"allow":["GET"]}}],"collection":[{"href":"https:\/\/amalashes.com\/gb\/wp-json\/wp\/v2\/product"}],"about":[{"href":"https:\/\/amalashes.com\/gb\/wp-json\/wp\/v2\/types\/product"}],"replies":[{"embeddable":true,"href":"https:\/\/amalashes.com\/gb\/wp-json\/wp\/v2\/comments?post=13027"}],"wp:featuredmedia":[{"embeddable":true,"href":"https:\/\/amalashes.com\/gb\/wp-json\/wp\/v2\/media\/13042"}],"wp:attachment":[{"href":"https:\/\/amalashes.com\/gb\/wp-json\/wp\/v2\/media?parent=13027"}],"wp:term":[{"taxonomy":"product_brand","embeddable":true,"href":"https:\/\/amalashes.com\/gb\/wp-json\/wp\/v2\/product_brand?post=13027"},{"taxonomy":"product_cat","embeddable":true,"href":"https:\/\/amalashes.com\/gb\/wp-json\/wp\/v2\/product_cat?post=13027"},{"taxonomy":"product_tag","embeddable":true,"href":"https:\/\/amalashes.com\/gb\/wp-json\/wp\/v2\/product_tag?post=13027"}],"curies":[{"name":"wp","href":"https:\/\/api.w.org\/{rel}","templated":true}]}}