{"id":13030,"date":"2024-10-02T21:05:49","date_gmt":"2024-10-02T18:05:49","guid":{"rendered":"https:\/\/amalashes.com\/?post_type=product&#038;p=13030"},"modified":"2026-04-06T02:26:16","modified_gmt":"2026-04-05T23:26:16","slug":"webinar-extensii-gene-fantasy-lash-art-ama-lashes","status":"publish","type":"product","link":"https:\/\/amalashes.com\/gb\/produs\/webinar-extensii-gene-fantasy-lash-art-ama-lashes\/","title":{"rendered":"Webinar extensii gene fir cu fir Fantasy Lash Art"},"content":{"rendered":"<div class=\"kvgmc6g5 cxmmr5t8 oygrvhab hcukyx3x c1et5uql ii04i59q\">\n<div dir=\"auto\" style=\"text-align: center;\">\n<div class=\"kvgmc6g5 cxmmr5t8 oygrvhab hcukyx3x c1et5uql ii04i59q\">\n<p>Acest webinar extensii gene Fantasy Lash Art nu este doar un curs tehnic.<\/p>\n<p data-path-to-node=\"3\">E\u0219ti gata s\u0103 p\u0103\u0219e\u0219ti pe t\u0103r\u00e2mul unde estetica \u00eent\u00e2lne\u0219te magia?<\/p>\n<p data-path-to-node=\"3\"><!--more--><\/p>\n<p data-path-to-node=\"3\">Este o invita\u021bie deschis\u0103 c\u0103tre to\u021bi lash arti\u0219tii pasiona\u021bi de crea\u021bie, de vibra\u021bia culorilor \u0219i de inova\u021bie constant\u0103.<\/p>\n<p data-path-to-node=\"3\">\u00centr-o industrie care evolueaz\u0103 rapid, diferen\u021ba dintre un stilist bun \u0219i un artist vizionar const\u0103 \u00een curajul de a l\u0103sa imagina\u021bia s\u0103 se \u00eempleteasc\u0103 liber cu realitatea.<\/p>\n<p data-path-to-node=\"3\"><strong>Webinar Fantasy Lash Art: Dincolo de Limitele Privirii<\/strong><\/p>\n<h2 data-path-to-node=\"4\">Acest webinar extensii gene fantasy lash art este conceput ca o c\u0103l\u0103torie pas cu pas \u00een universul <b data-path-to-node=\"4\" data-index-in-node=\"67\">Fantasy Lash<\/b>.<\/h2>\n<p data-path-to-node=\"4\">Vom explora \u00eempreun\u0103 cum o simpl\u0103 aplicare de gene poate deveni o oper\u0103 de art\u0103 prin \u00eembinarea unor tehnici de lucru neconven\u021bionale cu accesorii str\u0103lucitoare \u0219i texturi inedite.<\/p>\n<p data-path-to-node=\"4\">Vei descoperi c\u0103 limitele nu exist\u0103 atunci c\u00e2nd \u00eenve\u021bi s\u0103 creezi propriile accesorii direct din <span style=\"color: #000000;\"><a style=\"color: #000000;\" href=\"https:\/\/amalashes.com\/produs\/extensii-gene-negre-010-amaria-collection-ama-lashes\/\">extensii de gene.<\/a><\/span>\u00a0 Transform\u00e2nd fiecare lucrare \u00eentr-o poveste vizual\u0103 unic\u0103.<\/p>\n<p data-path-to-node=\"5\">Un punct esen\u021bial al cursului este clarificarea distinc\u021biei dintre <b data-path-to-node=\"5\" data-index-in-node=\"67\">Fantasy Lash Art<\/b> \u0219i <b data-path-to-node=\"5\" data-index-in-node=\"87\">Colored Lashes<\/b>.<\/p>\n<p data-path-to-node=\"5\">\u00cen timp ce culorile aduc un plus de stil, arta fantasy aduce o \u00eentreag\u0103 arhitectur\u0103 a personajului.<\/p>\n<p data-path-to-node=\"5\">Vom discuta despre importan\u021ba alegerii \u021binutelor \u0219i a conceptului global, elemente care \u00ee\u021bi vor pune amprenta personal\u0103 pe lucrare \u0219i te vor propulsa c\u0103tre succes.<\/p>\n<p data-path-to-node=\"5\">Dac\u0103 \u021binte\u0219ti podiumul, \u00ee\u021bi vom dezv\u0103lui secretele din spatele ob\u021binerii unui <b data-path-to-node=\"5\" data-index-in-node=\"445\">punctaj maxim \u00een <span style=\"color: #000000;\"><a style=\"color: #000000;\" href=\"https:\/\/amalashes.com\/lash-masters-conference-ama-lashes\/traineri-ama-lashes\/\">campionate<\/a><\/span><\/b>, analiz\u00e2nd criteriile riguroase de jurizare.<\/p>\n<p data-path-to-node=\"6\">La <span style=\"color: #000000;\"><a style=\"color: #000000;\" href=\"https:\/\/www.facebook.com\/amalashesacademy\"><b data-path-to-node=\"6\" data-index-in-node=\"3\">AMA Lashes<\/b><\/a><\/span>, filosofia noastr\u0103 este simpl\u0103:<\/p>\n<p data-path-to-node=\"6\"><b data-path-to-node=\"6\" data-index-in-node=\"46\">\u201e\u00cenva\u021b\u0103 regulile ca un profesionist, ca s\u0103 le po\u021bi \u00eenc\u0103lca precum un artist!\u201d<\/b><\/p>\n<p data-path-to-node=\"6\">Scopul nostru nu este doar s\u0103 \u00ee\u021bi pred\u0103m o tehnic\u0103, ci s\u0103 te inspir\u0103m s\u0103 devii cea mai bun\u0103 variant\u0103 a ta.<\/p>\n<h3 data-path-to-node=\"6\">Ne dorim ca la finalul acestui webinar extensii fantasy lash art s\u0103 po\u021bi privi spre viitorul t\u0103u profesional \u0219i s\u0103 spui cu \u00eencredere:<\/h3>\n<p data-path-to-node=\"6\"><b data-path-to-node=\"6\" data-index-in-node=\"340\">\u201eDatorit\u0103 tie, am \u00eendr\u0103znit s\u0103 visez!\u201d<\/b><\/p>\n<p data-path-to-node=\"6\"><strong>Este timpul s\u0103 treci la nivelul urm\u0103tor.<\/strong><\/p>\n<p data-path-to-node=\"6\">\n<\/div>\n<\/div>\n<\/div>\n<p>&nbsp;<\/p>\n<p>&nbsp;<\/p>\n","protected":false},"excerpt":{"rendered":"<p style=\"text-align: center;\"><span style=\"color: #808080;\"><strong><span style=\"color: #ff0000;\">Produs disponibil numai prin plata cu cardul\u00a0sau prin transfer bancar.<\/span><\/strong><br \/>\n<\/span><\/p>\n<p style=\"text-align: center;\"><strong><span style=\"color: #000000;\">Dupa ce plata a fost procesata, va vom contacta pentru a stabili de comun acord data si ora workshop-ului.<\/span><\/strong><span style=\"color: #808080;\"><br \/>\n<\/span><\/p>\n","protected":false},"featured_media":18659,"comment_status":"closed","ping_status":"closed","template":"","meta":[],"product_brand":[],"product_cat":[411],"product_tag":[306,1590,1005,825,849,850,848,824,851,1004,760,761,820],"class_list":{"0":"post-13030","1":"product","2":"type-product","3":"status-publish","4":"has-post-thumbnail","6":"product_cat-cursuri-workshop-masterclass-extensii-gene-online-ama-lashes","7":"product_tag-lash-art","8":"product_tag-pregatire-campionat-gene","9":"product_tag-webinar-ama-lashes","10":"product_tag-webinar-extensii","11":"product_tag-webinar-extensii-colorate","12":"product_tag-webinar-extensii-gene","13":"product_tag-webinar-fantasy-lash-art","14":"product_tag-webinar-gene","15":"product_tag-webinar-gene-fantasy","16":"product_tag-webinar-gene-online","17":"product_tag-webinar-lash-art","18":"product_tag-webinar-online","19":"product_tag-workshop-extensii-gene","21":"first","22":"instock","23":"virtual","24":"taxable","25":"purchasable","26":"product-type-simple"},"translation":{"provider":"WPGlobus","version":"3.0.2","language":"gb","enabled_languages":["ro","gb"],"languages":{"ro":{"title":true,"content":true,"excerpt":true},"gb":{"title":false,"content":false,"excerpt":false}}},"yoast_head":"<!-- This site is optimized with the Yoast SEO plugin v27.3 - https:\/\/yoast.com\/product\/yoast-seo-wordpress\/ -->\n<title>Webinar extensii gene Fantasy Lash Art | AMA Lashes<\/title>\n<meta name=\"robots\" content=\"index, follow, max-snippet:-1, max-image-preview:large, max-video-preview:-1\" \/>\n<link rel=\"canonical\" href=\"https:\/\/amalashes.com\/produs\/webinar-extensii-gene-fantasy-lash-art-ama-lashes\/\" \/>\n<meta property=\"og:locale\" content=\"en_GB\" \/>\n<meta property=\"og:type\" content=\"article\" \/>\n<meta property=\"og:title\" content=\"Webinar extensii gene fir cu fir Fantasy Lash Art | AMA Lashes\" \/>\n<meta property=\"og:url\" content=\"https:\/\/amalashes.com\/produs\/webinar-extensii-gene-fantasy-lash-art-ama-lashes\/\" \/>\n<meta property=\"og:site_name\" content=\"AMA Lashes\" \/>\n<meta property=\"article:publisher\" content=\"https:\/\/www.facebook.com\/amalashesacademy\/\" \/>\n<meta property=\"article:modified_time\" content=\"2026-04-05T23:26:16+00:00\" \/>\n<meta property=\"og:image\" content=\"https:\/\/amalashes.com\/wp-content\/uploads\/2024\/10\/webinar-extensii-gene-fantasy-lash-art-ama-lashes-1-800x800.png\" \/>\n\t<meta property=\"og:image:width\" content=\"800\" \/>\n\t<meta property=\"og:image:height\" content=\"800\" \/>\n\t<meta property=\"og:image:type\" content=\"image\/png\" \/>\n<meta name=\"twitter:card\" content=\"summary_large_image\" \/>\n<meta name=\"twitter:label1\" content=\"Est. reading time\" \/>\n\t<meta name=\"twitter:data1\" content=\"2 minutes\" \/>\n<script type=\"application\/ld+json\" class=\"yoast-schema-graph\">{\"@context\":\"https:\\\/\\\/schema.org\",\"@graph\":[{\"@type\":\"WebPage\",\"@id\":\"https:\\\/\\\/amalashes.com\\\/produs\\\/webinar-extensii-gene-fantasy-lash-art-ama-lashes\\\/\",\"url\":\"https:\\\/\\\/amalashes.com\\\/produs\\\/webinar-extensii-gene-fantasy-lash-art-ama-lashes\\\/\",\"name\":\"Webinar extensii gene Fantasy Lash Art | AMA Lashes\",\"isPartOf\":{\"@id\":\"https:\\\/\\\/amalashes.com\\\/#website\"},\"primaryImageOfPage\":{\"@id\":\"https:\\\/\\\/amalashes.com\\\/produs\\\/webinar-extensii-gene-fantasy-lash-art-ama-lashes\\\/#primaryimage\"},\"image\":{\"@id\":\"https:\\\/\\\/amalashes.com\\\/produs\\\/webinar-extensii-gene-fantasy-lash-art-ama-lashes\\\/#primaryimage\"},\"thumbnailUrl\":\"https:\\\/\\\/amalashes.com\\\/wp-content\\\/uploads\\\/2024\\\/10\\\/webinar-extensii-gene-fantasy-lash-art-ama-lashes-1.png\",\"datePublished\":\"2024-10-02T18:05:49+00:00\",\"dateModified\":\"2026-04-05T23:26:16+00:00\",\"description\":\"Webinar extensii gene Fantasy Lash Art | Webinar sustinut de Trainer Anca Oancea, acesta contine multe informatii de interes despre Lash Art | AMA Lashes\",\"breadcrumb\":{\"@id\":\"https:\\\/\\\/amalashes.com\\\/produs\\\/webinar-extensii-gene-fantasy-lash-art-ama-lashes\\\/#breadcrumb\"},\"inLanguage\":\"en-GB\",\"potentialAction\":[{\"@type\":\"ReadAction\",\"target\":[\"https:\\\/\\\/amalashes.com\\\/produs\\\/webinar-extensii-gene-fantasy-lash-art-ama-lashes\\\/\"]}]},{\"@type\":\"ImageObject\",\"inLanguage\":\"en-GB\",\"@id\":\"https:\\\/\\\/amalashes.com\\\/produs\\\/webinar-extensii-gene-fantasy-lash-art-ama-lashes\\\/#primaryimage\",\"url\":\"https:\\\/\\\/amalashes.com\\\/wp-content\\\/uploads\\\/2024\\\/10\\\/webinar-extensii-gene-fantasy-lash-art-ama-lashes-1.png\",\"contentUrl\":\"https:\\\/\\\/amalashes.com\\\/wp-content\\\/uploads\\\/2024\\\/10\\\/webinar-extensii-gene-fantasy-lash-art-ama-lashes-1.png\",\"width\":1024,\"height\":1024,\"caption\":\"Webinar extensii gene fir cu fir Fantasy Lash Art\"},{\"@type\":\"BreadcrumbList\",\"@id\":\"https:\\\/\\\/amalashes.com\\\/produs\\\/webinar-extensii-gene-fantasy-lash-art-ama-lashes\\\/#breadcrumb\",\"itemListElement\":[{\"@type\":\"ListItem\",\"position\":1,\"name\":\"Prima pagin\u0103\",\"item\":\"https:\\\/\\\/amalashes.com\\\/\"},{\"@type\":\"ListItem\",\"position\":2,\"name\":\"AMA SHOP\",\"item\":\"https:\\\/\\\/amalashes.com\\\/ama-lashes-shop\\\/\"},{\"@type\":\"ListItem\",\"position\":3,\"name\":\"Webinar extensii gene fir cu fir Fantasy Lash Art\"}]},{\"@type\":\"WebSite\",\"@id\":\"https:\\\/\\\/amalashes.com\\\/#website\",\"url\":\"https:\\\/\\\/amalashes.com\\\/\",\"name\":\"AMA Lashes\",\"description\":\"Eyelash Extension Courses and Eyelash Extension Products, Lash Academy AMA Lashes. We offer you the most complete eyelash extension courses with an accredited diploma and a wide range of products and accessories for the application and maintenance of thread-by-thread eyelash extensions, of superior quality at a fair price. AMA Lashes products cannot be missing from the kit of a professional thread-by-thread eyelash extension technician.\",\"publisher\":{\"@id\":\"https:\\\/\\\/amalashes.com\\\/#organization\"},\"potentialAction\":[{\"@type\":\"SearchAction\",\"target\":{\"@type\":\"EntryPoint\",\"urlTemplate\":\"https:\\\/\\\/amalashes.com\\\/?s={search_term_string}\"},\"query-input\":{\"@type\":\"PropertyValueSpecification\",\"valueRequired\":true,\"valueName\":\"search_term_string\"}}],\"inLanguage\":\"en-GB\"},{\"@type\":\"Organization\",\"@id\":\"https:\\\/\\\/amalashes.com\\\/#organization\",\"name\":\"AMA Lashes\",\"url\":\"https:\\\/\\\/amalashes.com\\\/\",\"logo\":{\"@type\":\"ImageObject\",\"inLanguage\":\"en-GB\",\"@id\":\"https:\\\/\\\/amalashes.com\\\/#\\\/schema\\\/logo\\\/image\\\/\",\"url\":\"https:\\\/\\\/amalashes.com\\\/wp-content\\\/uploads\\\/2020\\\/12\\\/Logo-on-black.png\",\"contentUrl\":\"https:\\\/\\\/amalashes.com\\\/wp-content\\\/uploads\\\/2020\\\/12\\\/Logo-on-black.png\",\"width\":1920,\"height\":1920,\"caption\":\"AMA Lashes\"},\"image\":{\"@id\":\"https:\\\/\\\/amalashes.com\\\/#\\\/schema\\\/logo\\\/image\\\/\"},\"sameAs\":[\"https:\\\/\\\/www.facebook.com\\\/amalashesacademy\\\/\",\"https:\\\/\\\/www.instagram.com\\\/ama_lashes\\\/\",\"https:\\\/\\\/www.youtube.com\\\/channel\\\/UC8xFLI71s3u-oFj2OkPqSUg\"]}]}<\/script>\n<!-- \/ Yoast SEO plugin. -->","yoast_head_json":{"title":"Webinar extensii gene Fantasy Lash Art | AMA Lashes","robots":{"index":"index","follow":"follow","max-snippet":"max-snippet:-1","max-image-preview":"max-image-preview:large","max-video-preview":"max-video-preview:-1"},"canonical":"https:\/\/amalashes.com\/produs\/webinar-extensii-gene-fantasy-lash-art-ama-lashes\/","og_locale":"en_GB","og_type":"article","og_title":"Webinar extensii gene fir cu fir Fantasy Lash Art | AMA Lashes","og_url":"https:\/\/amalashes.com\/produs\/webinar-extensii-gene-fantasy-lash-art-ama-lashes\/","og_site_name":"AMA Lashes","article_publisher":"https:\/\/www.facebook.com\/amalashesacademy\/","article_modified_time":"2026-04-05T23:26:16+00:00","og_image":[{"width":800,"height":800,"url":"https:\/\/amalashes.com\/wp-content\/uploads\/2024\/10\/webinar-extensii-gene-fantasy-lash-art-ama-lashes-1-800x800.png","type":"image\/png"}],"twitter_card":"summary_large_image","twitter_misc":{"Est. reading time":"2 minutes"},"schema":{"@context":"https:\/\/schema.org","@graph":[{"@type":"WebPage","@id":"https:\/\/amalashes.com\/produs\/webinar-extensii-gene-fantasy-lash-art-ama-lashes\/","url":"https:\/\/amalashes.com\/produs\/webinar-extensii-gene-fantasy-lash-art-ama-lashes\/","name":"Webinar extensii gene Fantasy Lash Art | AMA Lashes","isPartOf":{"@id":"https:\/\/amalashes.com\/#website"},"primaryImageOfPage":{"@id":"https:\/\/amalashes.com\/produs\/webinar-extensii-gene-fantasy-lash-art-ama-lashes\/#primaryimage"},"image":{"@id":"https:\/\/amalashes.com\/produs\/webinar-extensii-gene-fantasy-lash-art-ama-lashes\/#primaryimage"},"thumbnailUrl":"https:\/\/amalashes.com\/wp-content\/uploads\/2024\/10\/webinar-extensii-gene-fantasy-lash-art-ama-lashes-1.png","datePublished":"2024-10-02T18:05:49+00:00","dateModified":"2026-04-05T23:26:16+00:00","description":"Webinar extensii gene Fantasy Lash Art | Webinar sustinut de Trainer Anca Oancea, acesta contine multe informatii de interes despre Lash Art | AMA Lashes","breadcrumb":{"@id":"https:\/\/amalashes.com\/produs\/webinar-extensii-gene-fantasy-lash-art-ama-lashes\/#breadcrumb"},"inLanguage":"en-GB","potentialAction":[{"@type":"ReadAction","target":["https:\/\/amalashes.com\/produs\/webinar-extensii-gene-fantasy-lash-art-ama-lashes\/"]}]},{"@type":"ImageObject","inLanguage":"en-GB","@id":"https:\/\/amalashes.com\/produs\/webinar-extensii-gene-fantasy-lash-art-ama-lashes\/#primaryimage","url":"https:\/\/amalashes.com\/wp-content\/uploads\/2024\/10\/webinar-extensii-gene-fantasy-lash-art-ama-lashes-1.png","contentUrl":"https:\/\/amalashes.com\/wp-content\/uploads\/2024\/10\/webinar-extensii-gene-fantasy-lash-art-ama-lashes-1.png","width":1024,"height":1024,"caption":"Webinar extensii gene fir cu fir Fantasy Lash Art"},{"@type":"BreadcrumbList","@id":"https:\/\/amalashes.com\/produs\/webinar-extensii-gene-fantasy-lash-art-ama-lashes\/#breadcrumb","itemListElement":[{"@type":"ListItem","position":1,"name":"Prima pagin\u0103","item":"https:\/\/amalashes.com\/"},{"@type":"ListItem","position":2,"name":"AMA SHOP","item":"https:\/\/amalashes.com\/ama-lashes-shop\/"},{"@type":"ListItem","position":3,"name":"Webinar extensii gene fir cu fir Fantasy Lash Art"}]},{"@type":"WebSite","@id":"https:\/\/amalashes.com\/#website","url":"https:\/\/amalashes.com\/","name":"AMA Lashes","description":"Eyelash Extension Courses and Eyelash Extension Products, Lash Academy AMA Lashes. We offer you the most complete eyelash extension courses with an accredited diploma and a wide range of products and accessories for the application and maintenance of thread-by-thread eyelash extensions, of superior quality at a fair price. AMA Lashes products cannot be missing from the kit of a professional thread-by-thread eyelash extension technician.","publisher":{"@id":"https:\/\/amalashes.com\/#organization"},"potentialAction":[{"@type":"SearchAction","target":{"@type":"EntryPoint","urlTemplate":"https:\/\/amalashes.com\/?s={search_term_string}"},"query-input":{"@type":"PropertyValueSpecification","valueRequired":true,"valueName":"search_term_string"}}],"inLanguage":"en-GB"},{"@type":"Organization","@id":"https:\/\/amalashes.com\/#organization","name":"AMA Lashes","url":"https:\/\/amalashes.com\/","logo":{"@type":"ImageObject","inLanguage":"en-GB","@id":"https:\/\/amalashes.com\/#\/schema\/logo\/image\/","url":"https:\/\/amalashes.com\/wp-content\/uploads\/2020\/12\/Logo-on-black.png","contentUrl":"https:\/\/amalashes.com\/wp-content\/uploads\/2020\/12\/Logo-on-black.png","width":1920,"height":1920,"caption":"AMA Lashes"},"image":{"@id":"https:\/\/amalashes.com\/#\/schema\/logo\/image\/"},"sameAs":["https:\/\/www.facebook.com\/amalashesacademy\/","https:\/\/www.instagram.com\/ama_lashes\/","https:\/\/www.youtube.com\/channel\/UC8xFLI71s3u-oFj2OkPqSUg"]}]}},"_links":{"self":[{"href":"https:\/\/amalashes.com\/gb\/wp-json\/wp\/v2\/product\/13030","targetHints":{"allow":["GET"]}}],"collection":[{"href":"https:\/\/amalashes.com\/gb\/wp-json\/wp\/v2\/product"}],"about":[{"href":"https:\/\/amalashes.com\/gb\/wp-json\/wp\/v2\/types\/product"}],"replies":[{"embeddable":true,"href":"https:\/\/amalashes.com\/gb\/wp-json\/wp\/v2\/comments?post=13030"}],"wp:featuredmedia":[{"embeddable":true,"href":"https:\/\/amalashes.com\/gb\/wp-json\/wp\/v2\/media\/18659"}],"wp:attachment":[{"href":"https:\/\/amalashes.com\/gb\/wp-json\/wp\/v2\/media?parent=13030"}],"wp:term":[{"taxonomy":"product_brand","embeddable":true,"href":"https:\/\/amalashes.com\/gb\/wp-json\/wp\/v2\/product_brand?post=13030"},{"taxonomy":"product_cat","embeddable":true,"href":"https:\/\/amalashes.com\/gb\/wp-json\/wp\/v2\/product_cat?post=13030"},{"taxonomy":"product_tag","embeddable":true,"href":"https:\/\/amalashes.com\/gb\/wp-json\/wp\/v2\/product_tag?post=13030"}],"curies":[{"name":"wp","href":"https:\/\/api.w.org\/{rel}","templated":true}]}}