{"id":13074,"date":"2024-10-21T22:58:12","date_gmt":"2024-10-21T19:58:12","guid":{"rendered":"https:\/\/amalashes.com\/?post_type=product&#038;p=13074"},"modified":"2026-02-19T23:23:08","modified_gmt":"2026-02-19T21:23:08","slug":"penseta-extensii-gene-dreapta-silver","status":"publish","type":"product","link":"https:\/\/amalashes.com\/gb\/produs\/penseta-extensii-gene-dreapta-silver\/","title":{"rendered":"Penseta extensii gene dreapta Silver by AMA Lashes"},"content":{"rendered":"<div class=\"page\" title=\"Page 2\">\n<div class=\"section\">\n<div class=\"layoutArea\">\n<p style=\"text-align: center;\"><b data-path-to-node=\"3\" data-index-in-node=\"0\">Penseta extensii gene dreapta Silver<\/b> a fost creat\u0103 respect\u00e2nd cele patru caracteristici esen\u021biale ale unui instrument profesional: <b data-path-to-node=\"3\" data-index-in-node=\"138\">calitate, fiabilitate, rezisten\u021b\u0103 la prindere \u0219i precizie.<\/b><\/p>\n<\/div>\n<p style=\"text-align: center;\" data-path-to-node=\"4\">Pentru a atinge aceste standarde, ne-am \u00eendreptat aten\u021bia c\u0103tre produc\u0103tori specializa\u021bi \u00een <b data-path-to-node=\"4\" data-index-in-node=\"92\">instrumentar medical<\/b>, nu doar cosmetic. Este un fapt binecunoscut c\u0103 materialele \u0219i tehnologia de produc\u021bie din domeniul medical sunt net superioare, oferind o durabilitate \u0219i o fine\u021be de neegalat.<\/p>\n<h2 style=\"text-align: center;\" data-path-to-node=\"5\">Excelen\u021b\u0103 chirurgical\u0103 pentru priviri perfecte cu aceasta <span style=\"color: #000000;\"><a style=\"color: #000000;\" href=\"https:\/\/amalashes.com\/produs\/penseta-volum-extensii-gene-c1-copper-edition-ama-lashes\/\">penseta<\/a> <\/span>extensii gene dreapta Silver<\/h2>\n<p style=\"text-align: center;\" data-path-to-node=\"6\">Aceast\u0103 penset\u0103 a fost supus\u0103 unui proces riguros de <b data-path-to-node=\"6\" data-index-in-node=\"53\">40 de etape de fabricare<\/b>, specific instrumentelor chirurgicale. Aceast\u0103 aliniere milimetric\u0103 este esen\u021bial\u0103 pentru prinderea \u0219i aplicarea corect\u0103 a extensiilor de gene fir cu fir.<\/p>\n<ul style=\"text-align: center;\" data-path-to-node=\"7\">\n<li>\n<p data-path-to-node=\"7,0,0\"><b data-path-to-node=\"7,0,0\" data-index-in-node=\"0\">Vizibilitate Maxim\u0103:<\/b> V\u00e2rful pensetei este proiectat s\u0103 ofere o vizibilitate total\u0103 atunci c\u00e2nd m\u00e2na se afl\u0103 \u00een pozi\u021bie natural\u0103.<\/p>\n<\/li>\n<li>\n<p data-path-to-node=\"7,1,0\"><b data-path-to-node=\"7,1,0\" data-index-in-node=\"0\">Ideal\u0103 pentru Izolare:<\/b> Forma dreapt\u0103 este perfect\u0103 pentru separarea precis\u0103 a genelor naturale.<\/p>\n<\/li>\n<li>\n<p data-path-to-node=\"7,2,0\"><b data-path-to-node=\"7,2,0\" data-index-in-node=\"0\">Ergonomie Smart:<\/b> Grosimea \u0219i rezisten\u021ba la str\u00e2ngere au fost calculate special pentru a nu obosi degetele, p\u0103str\u00e2nd \u00een acela\u0219i timp un \u201esim\u021b tactil\u201d maxim.<\/p>\n<\/li>\n<li>\n<p data-path-to-node=\"7,3,0\"><b data-path-to-node=\"7,3,0\" data-index-in-node=\"0\">Material Premium:<\/b> Fabricat\u0103 din <b data-path-to-node=\"7,3,0\" data-index-in-node=\"32\">o\u021bel chirurgical inoxidabil<\/b>, poate fi dezinfectat\u0103 \u00een condi\u021bii de maxim\u0103 siguran\u021b\u0103, f\u0103r\u0103 riscul apari\u021biei ruginii.<\/p>\n<\/li>\n<li>\n<h3 style=\"text-align: center;\"><span style=\"color: #000000;\"><a style=\"color: #000000;\" href=\"https:\/\/amalashes.com\/produs\/penseta-extensii-gene-iron-swan-collection-a3-by-ama-lashes\/\">Penseta<\/a> <\/span>extensii gene dreapta Silver sunt dupa parerea noastra pensetele care tind catre perfectiune.<\/h3>\n<\/li>\n<\/ul>\n<h3 style=\"text-align: center;\" data-path-to-node=\"8\">Testat\u0103 de exper\u021bi, rafinat\u0103 pentru tine<\/h3>\n<p style=\"text-align: center;\" data-path-to-node=\"9\">Penseta Silver este, dup\u0103 p\u0103rerea noastr\u0103, instrumentul care tinde c\u0103tre perfec\u021biune. Fiecare model a fost testat intens de echipa <b data-path-to-node=\"9\" data-index-in-node=\"131\">AMA Lashes<\/b> \u0219i retrimis la produc\u0103tor p\u00e2n\u0103 c\u00e2nd fiecare detaliu a fost impecabil.<\/p>\n<p style=\"text-align: center;\" data-path-to-node=\"10\">Tehnicieni cu vast\u0103 experien\u021b\u0103, at\u00e2t din \u021bar\u0103, c\u00e2t \u0219i de peste hotare, folosesc deja aceste instrumente la cele mai \u00eenalte standarde. Te invit\u0103m s\u0103 te convingi de calitatea AMA Lashes!<\/p>\n<h2 style=\"text-align: center;\" data-path-to-node=\"3\">Ghid de \u00centre\u021binere:<\/h2>\n<h2 style=\"text-align: center;\" data-path-to-node=\"3\">Cum s\u0103 ai grij\u0103 de <span style=\"color: #000000;\"><a style=\"color: #000000;\" href=\"https:\/\/amalashes.com\/produs\/poseta-pensete-extensii-gene-ama-lashes-influencer\/\">penseta<\/a> <\/span>extensii gene dreapta Silver de la <span style=\"color: #000000;\"><a style=\"color: #000000;\" href=\"https:\/\/web.facebook.com\/amalashesacademy\/\">AMA Lashes<\/a><\/span>!<\/h2>\n<p style=\"text-align: center;\" data-path-to-node=\"4\"><span style=\"color: #000000;\"><a style=\"color: #000000;\" href=\"https:\/\/amalashes.com\/produs\/solutie-curatat-pensete-ama-lashes-luxury\/\">Pensetele<\/a> <\/span>noastre sunt fabricate din <b data-path-to-node=\"4\" data-index-in-node=\"37\">o\u021bel chirurgical inoxidabil<\/b>, dar pentru a le p\u0103stra precizia milimetric\u0103 \u0219i luciul pe termen lung, au nevoie de o rutin\u0103 corect\u0103 de \u00eengrijire. Iat\u0103 pa\u0219ii esen\u021biali:<\/p>\n<h3 style=\"text-align: center;\" data-path-to-node=\"5\">1. Cur\u0103\u021barea imediat\u0103 (Post-Procedur\u0103)<\/h3>\n<p style=\"text-align: center;\" data-path-to-node=\"6\">Dup\u0103 fiecare utilizare, verific\u0103 v\u00e2rful pensetei. Dac\u0103 a r\u0103mas adeziv pe v\u00e2rfuri:<\/p>\n<ul style=\"text-align: center;\" data-path-to-node=\"7\">\n<li>\n<p data-path-to-node=\"7,0,0\"><b data-path-to-node=\"7,0,0\" data-index-in-node=\"0\">NU folosi alte pensete sau obiecte metalice<\/b> pentru a r\u0103zui adezivul, deoarece vei zg\u00e2ria suprafa\u021ba \u0219i vei distruge alinierea.<\/p>\n<\/li>\n<li>\n<p data-path-to-node=\"7,1,0\">Folose\u0219te o <b data-path-to-node=\"7,1,0\" data-index-in-node=\"12\">solu\u021bie special\u0103 de cur\u0103\u021bat pensete<\/b> (de tip <i data-path-to-node=\"7,1,0\" data-index-in-node=\"56\">Glue Remover for Tweezers<\/i>) care tope\u0219te reziduurile \u00een c\u00e2teva secunde.<\/p>\n<\/li>\n<\/ul>\n<h4 style=\"text-align: center;\" data-path-to-node=\"8\">2. Dezinfectarea corecta a pensetei pentru extensii gene dreapta Silver<\/h4>\n<p style=\"text-align: center;\" data-path-to-node=\"9\">O\u021belul chirurgical permite o dezinfectare riguroas\u0103, dar trebuie respecta\u021bi timpii de ac\u021biune:<\/p>\n<ul style=\"text-align: center;\" data-path-to-node=\"10\">\n<li>\n<p data-path-to-node=\"10,0,0\">Scufund\u0103 pensetele \u00eentr-o tav\u0103 cu dezinfectant special pentru instrumentar (ex: Barbicide sau Gigasept).<\/p>\n<\/li>\n<li>\n<p data-path-to-node=\"10,1,0\"><b data-path-to-node=\"10,1,0\" data-index-in-node=\"0\">Aten\u021bie:<\/b> Nu l\u0103sa pensetele \u00een solu\u021bie mai mult dec\u00e2t recomand\u0103 produc\u0103torul dezinfectantului. Expunerea prelungit\u0103 (peste noapte, de exemplu) poate afecta stratul protector al metalului.<\/p>\n<\/li>\n<\/ul>\n<h3 style=\"text-align: center;\" data-path-to-node=\"11\">3. Cl\u0103tirea \u0219i Uscarea (Pasul Critic)<\/h3>\n<p style=\"text-align: center;\" data-path-to-node=\"12\">Dup\u0103 scoaterea din dezinfectant:<\/p>\n<ul style=\"text-align: center;\" data-path-to-node=\"13\">\n<li>\n<p data-path-to-node=\"13,0,0\">Cl\u0103te\u0219te pensetele cu ap\u0103 din abunden\u021b\u0103 pentru a elimina orice urm\u0103 de substan\u021b\u0103 chimic\u0103.<\/p>\n<\/li>\n<li>\n<p data-path-to-node=\"13,1,0\"><b data-path-to-node=\"13,1,0\" data-index-in-node=\"0\">\u0218terge-le imediat<\/b> cu un \u0219erve\u021bel uscat sau un prosop moale. Nu le l\u0103sa s\u0103 se usuce de la sine, deoarece mineralele din ap\u0103 pot l\u0103sa pete.<\/p>\n<\/li>\n<\/ul>\n<h3 style=\"text-align: center;\" data-path-to-node=\"14\">4. Depozitarea \u00een siguran\u021b\u0103<\/h3>\n<p style=\"text-align: center;\" data-path-to-node=\"15\">V\u00e2rful unei pensete Silver este inima instrumentului. Dac\u0103 cade pe jos, penseta este, de cele mai multe ori, compromis\u0103.<\/p>\n<ul style=\"text-align: center;\" data-path-to-node=\"16\">\n<li>\n<p data-path-to-node=\"16,0,0\">Folose\u0219te \u00eentotdeauna <b data-path-to-node=\"16,0,0\" data-index-in-node=\"22\">c\u0103p\u0103celul de protec\u021bie din silicon<\/b> primit la achizi\u021bie.<\/p>\n<\/li>\n<li>\n<p data-path-to-node=\"16,1,0\">Depoziteaz\u0103 pensetele \u00eentr-un <b data-path-to-node=\"16,1,0\" data-index-in-node=\"30\">suport vertical<\/b> sau \u00eentr-un <b data-path-to-node=\"16,1,0\" data-index-in-node=\"58\">portofel magnetic\/hus\u0103 special\u0103<\/b> pentru a preveni lovirea v\u00e2rfurilor \u00eentre ele.<\/p>\n<\/li>\n<\/ul>\n<hr data-path-to-node=\"17\" \/>\n<blockquote data-path-to-node=\"18\">\n<p data-path-to-node=\"18,0\"><b data-path-to-node=\"18,0\" data-index-in-node=\"0\">Sfat de expert:<\/b> Evit\u0103 s\u0103 folose\u0219ti penseta de izolare (cea dreapt\u0103) pentru a ridica benzi de gene sau pentru alte activit\u0103\u021bi care necesit\u0103 for\u021b\u0103 mare. P\u0103streaz-o exclusiv pentru manevrarea delicat\u0103 a genelor!<\/p>\n<\/blockquote>\n<div class=\"layoutArea\" style=\"text-align: center;\">\n<div class=\"column\">\n<p style=\"text-align: center;\">\n<\/div>\n<\/div>\n<\/div>\n<\/div>\n<p style=\"text-align: center;\">\n","protected":false},"excerpt":{"rendered":"<p style=\"text-align: center;\"><span style=\"color: #000000;\">Ideala pentru i<\/span><span style=\"color: #000000;\">ziolarea genelor.<\/span><\/p>\n<p style=\"text-align: center;\"><span style=\"color: #808080;\">\u00a0<\/span><\/p>\n<p style=\"text-align: center;\"><strong><span style=\"color: #800000;\">* TRANSPORT GRATUIT IN ROMANIA<br \/>\nla toate comenzile de peste 450 lei<\/span><\/strong><\/p>\n<p style=\"text-align: center;\"><strong><span style=\"color: #800000;\">* TRANSPORT GRATUIT IN EUROPA<br \/>\nla toate comenzile de peste 1500 lei<\/span><\/strong><\/p>\n<p>&nbsp;<\/p>\n<p>&nbsp;<\/p>\n","protected":false},"featured_media":15733,"comment_status":"open","ping_status":"closed","template":"","meta":[],"product_brand":[],"product_cat":[376],"product_tag":[880,858,691,787,1000,607,872,874,767,836],"class_list":{"0":"post-13074","1":"product","2":"type-product","3":"status-publish","4":"has-post-thumbnail","6":"product_cat-pensete-extensii-gene-ama-lashes","7":"product_tag-eyelash-extensions-tweezers","8":"product_tag-penseta-ama-lashes","9":"product_tag-penseta-extensii","10":"product_tag-penseta-extensii-gene","11":"product_tag-penseta-extensii-gene-fir-cu-fir","12":"product_tag-penseta-gene","13":"product_tag-penseta-gene-buna","14":"product_tag-penseta-gene-dreapta","15":"product_tag-penseta-izolare","16":"product_tag-produse-extensii-gene","18":"first","19":"instock","20":"taxable","21":"shipping-taxable","22":"purchasable","23":"product-type-simple"},"translation":{"provider":"WPGlobus","version":"3.0.2","language":"gb","enabled_languages":["ro","gb"],"languages":{"ro":{"title":true,"content":true,"excerpt":true},"gb":{"title":false,"content":false,"excerpt":false}}},"yoast_head":"<!-- This site is optimized with the Yoast SEO plugin v27.4 - https:\/\/yoast.com\/product\/yoast-seo-wordpress\/ -->\n<title>Penseta extensii gene dreapta Silver | AMA Lashes<\/title>\n<meta name=\"robots\" content=\"index, follow, max-snippet:-1, max-image-preview:large, max-video-preview:-1\" \/>\n<link rel=\"canonical\" href=\"https:\/\/amalashes.com\/produs\/penseta-extensii-gene-dreapta-silver\/\" \/>\n<meta property=\"og:locale\" content=\"en_GB\" \/>\n<meta property=\"og:type\" content=\"article\" \/>\n<meta property=\"og:title\" content=\"Penseta extensii gene dreapta Silver by AMA Lashes | AMA Lashes\" \/>\n<meta property=\"og:url\" content=\"https:\/\/amalashes.com\/produs\/penseta-extensii-gene-dreapta-silver\/\" \/>\n<meta property=\"og:site_name\" content=\"AMA Lashes\" \/>\n<meta property=\"article:publisher\" content=\"https:\/\/www.facebook.com\/amalashesacademy\/\" \/>\n<meta property=\"article:modified_time\" content=\"2026-02-19T21:23:08+00:00\" \/>\n<meta property=\"og:image\" content=\"https:\/\/amalashes.com\/wp-content\/uploads\/2024\/10\/penseta-extensii-gene-dreapta-silver-ama-lashes.jpg\" \/>\n\t<meta property=\"og:image:width\" content=\"402\" \/>\n\t<meta property=\"og:image:height\" content=\"400\" \/>\n\t<meta property=\"og:image:type\" content=\"image\/jpeg\" \/>\n<meta name=\"twitter:card\" content=\"summary_large_image\" \/>\n<meta name=\"twitter:label1\" content=\"Est. reading time\" \/>\n\t<meta name=\"twitter:data1\" content=\"4 minutes\" \/>\n<script type=\"application\/ld+json\" class=\"yoast-schema-graph\">{\"@context\":\"https:\\\/\\\/schema.org\",\"@graph\":[{\"@type\":\"WebPage\",\"@id\":\"https:\\\/\\\/amalashes.com\\\/produs\\\/penseta-extensii-gene-dreapta-silver\\\/\",\"url\":\"https:\\\/\\\/amalashes.com\\\/produs\\\/penseta-extensii-gene-dreapta-silver\\\/\",\"name\":\"Penseta extensii gene dreapta Silver | AMA Lashes\",\"isPartOf\":{\"@id\":\"https:\\\/\\\/amalashes.com\\\/#website\"},\"primaryImageOfPage\":{\"@id\":\"https:\\\/\\\/amalashes.com\\\/produs\\\/penseta-extensii-gene-dreapta-silver\\\/#primaryimage\"},\"image\":{\"@id\":\"https:\\\/\\\/amalashes.com\\\/produs\\\/penseta-extensii-gene-dreapta-silver\\\/#primaryimage\"},\"thumbnailUrl\":\"https:\\\/\\\/amalashes.com\\\/wp-content\\\/uploads\\\/2024\\\/10\\\/penseta-extensii-gene-dreapta-silver-ama-lashes.jpg\",\"datePublished\":\"2024-10-21T19:58:12+00:00\",\"dateModified\":\"2026-02-19T21:23:08+00:00\",\"description\":\"Penseta extensii gene dreapta Silver ofera vizibilitate maxima in timpul izolarii genelor cand mana se afla in pozitia naturala | AMA Lashes\",\"breadcrumb\":{\"@id\":\"https:\\\/\\\/amalashes.com\\\/produs\\\/penseta-extensii-gene-dreapta-silver\\\/#breadcrumb\"},\"inLanguage\":\"en-GB\",\"potentialAction\":[{\"@type\":\"ReadAction\",\"target\":[\"https:\\\/\\\/amalashes.com\\\/produs\\\/penseta-extensii-gene-dreapta-silver\\\/\"]}]},{\"@type\":\"ImageObject\",\"inLanguage\":\"en-GB\",\"@id\":\"https:\\\/\\\/amalashes.com\\\/produs\\\/penseta-extensii-gene-dreapta-silver\\\/#primaryimage\",\"url\":\"https:\\\/\\\/amalashes.com\\\/wp-content\\\/uploads\\\/2024\\\/10\\\/penseta-extensii-gene-dreapta-silver-ama-lashes.jpg\",\"contentUrl\":\"https:\\\/\\\/amalashes.com\\\/wp-content\\\/uploads\\\/2024\\\/10\\\/penseta-extensii-gene-dreapta-silver-ama-lashes.jpg\",\"width\":402,\"height\":400,\"caption\":\"Penset\u0103 extensii gene profesional\u0103 dreapt\u0103 din o\u021bel chirurgical Silver by AMA Lashes pentru izolarea extensiilor de gene\"},{\"@type\":\"BreadcrumbList\",\"@id\":\"https:\\\/\\\/amalashes.com\\\/produs\\\/penseta-extensii-gene-dreapta-silver\\\/#breadcrumb\",\"itemListElement\":[{\"@type\":\"ListItem\",\"position\":1,\"name\":\"Prima pagin\u0103\",\"item\":\"https:\\\/\\\/amalashes.com\\\/\"},{\"@type\":\"ListItem\",\"position\":2,\"name\":\"AMA SHOP\",\"item\":\"https:\\\/\\\/amalashes.com\\\/ama-lashes-shop\\\/\"},{\"@type\":\"ListItem\",\"position\":3,\"name\":\"Penseta extensii gene dreapta Silver by AMA Lashes\"}]},{\"@type\":\"WebSite\",\"@id\":\"https:\\\/\\\/amalashes.com\\\/#website\",\"url\":\"https:\\\/\\\/amalashes.com\\\/\",\"name\":\"AMA Lashes\",\"description\":\"Eyelash Extension Courses and Eyelash Extension Products, Lash Academy AMA Lashes. We offer you the most complete eyelash extension courses with an accredited diploma and a wide range of products and accessories for the application and maintenance of thread-by-thread eyelash extensions, of superior quality at a fair price. AMA Lashes products cannot be missing from the kit of a professional thread-by-thread eyelash extension technician.\",\"publisher\":{\"@id\":\"https:\\\/\\\/amalashes.com\\\/#organization\"},\"potentialAction\":[{\"@type\":\"SearchAction\",\"target\":{\"@type\":\"EntryPoint\",\"urlTemplate\":\"https:\\\/\\\/amalashes.com\\\/?s={search_term_string}\"},\"query-input\":{\"@type\":\"PropertyValueSpecification\",\"valueRequired\":true,\"valueName\":\"search_term_string\"}}],\"inLanguage\":\"en-GB\"},{\"@type\":\"Organization\",\"@id\":\"https:\\\/\\\/amalashes.com\\\/#organization\",\"name\":\"AMA Lashes\",\"url\":\"https:\\\/\\\/amalashes.com\\\/\",\"logo\":{\"@type\":\"ImageObject\",\"inLanguage\":\"en-GB\",\"@id\":\"https:\\\/\\\/amalashes.com\\\/#\\\/schema\\\/logo\\\/image\\\/\",\"url\":\"https:\\\/\\\/amalashes.com\\\/wp-content\\\/uploads\\\/2020\\\/12\\\/Logo-on-black.png\",\"contentUrl\":\"https:\\\/\\\/amalashes.com\\\/wp-content\\\/uploads\\\/2020\\\/12\\\/Logo-on-black.png\",\"width\":1920,\"height\":1920,\"caption\":\"AMA Lashes\"},\"image\":{\"@id\":\"https:\\\/\\\/amalashes.com\\\/#\\\/schema\\\/logo\\\/image\\\/\"},\"sameAs\":[\"https:\\\/\\\/www.facebook.com\\\/amalashesacademy\\\/\",\"https:\\\/\\\/www.instagram.com\\\/ama_lashes\\\/\",\"https:\\\/\\\/www.youtube.com\\\/channel\\\/UC8xFLI71s3u-oFj2OkPqSUg\"]}]}<\/script>\n<!-- \/ Yoast SEO plugin. -->","yoast_head_json":{"title":"Penseta extensii gene dreapta Silver | AMA Lashes","robots":{"index":"index","follow":"follow","max-snippet":"max-snippet:-1","max-image-preview":"max-image-preview:large","max-video-preview":"max-video-preview:-1"},"canonical":"https:\/\/amalashes.com\/produs\/penseta-extensii-gene-dreapta-silver\/","og_locale":"en_GB","og_type":"article","og_title":"Penseta extensii gene dreapta Silver by AMA Lashes | AMA Lashes","og_url":"https:\/\/amalashes.com\/produs\/penseta-extensii-gene-dreapta-silver\/","og_site_name":"AMA Lashes","article_publisher":"https:\/\/www.facebook.com\/amalashesacademy\/","article_modified_time":"2026-02-19T21:23:08+00:00","og_image":[{"width":402,"height":400,"url":"https:\/\/amalashes.com\/wp-content\/uploads\/2024\/10\/penseta-extensii-gene-dreapta-silver-ama-lashes.jpg","type":"image\/jpeg"}],"twitter_card":"summary_large_image","twitter_misc":{"Est. reading time":"4 minutes"},"schema":{"@context":"https:\/\/schema.org","@graph":[{"@type":"WebPage","@id":"https:\/\/amalashes.com\/produs\/penseta-extensii-gene-dreapta-silver\/","url":"https:\/\/amalashes.com\/produs\/penseta-extensii-gene-dreapta-silver\/","name":"Penseta extensii gene dreapta Silver | AMA Lashes","isPartOf":{"@id":"https:\/\/amalashes.com\/#website"},"primaryImageOfPage":{"@id":"https:\/\/amalashes.com\/produs\/penseta-extensii-gene-dreapta-silver\/#primaryimage"},"image":{"@id":"https:\/\/amalashes.com\/produs\/penseta-extensii-gene-dreapta-silver\/#primaryimage"},"thumbnailUrl":"https:\/\/amalashes.com\/wp-content\/uploads\/2024\/10\/penseta-extensii-gene-dreapta-silver-ama-lashes.jpg","datePublished":"2024-10-21T19:58:12+00:00","dateModified":"2026-02-19T21:23:08+00:00","description":"Penseta extensii gene dreapta Silver ofera vizibilitate maxima in timpul izolarii genelor cand mana se afla in pozitia naturala | AMA Lashes","breadcrumb":{"@id":"https:\/\/amalashes.com\/produs\/penseta-extensii-gene-dreapta-silver\/#breadcrumb"},"inLanguage":"en-GB","potentialAction":[{"@type":"ReadAction","target":["https:\/\/amalashes.com\/produs\/penseta-extensii-gene-dreapta-silver\/"]}]},{"@type":"ImageObject","inLanguage":"en-GB","@id":"https:\/\/amalashes.com\/produs\/penseta-extensii-gene-dreapta-silver\/#primaryimage","url":"https:\/\/amalashes.com\/wp-content\/uploads\/2024\/10\/penseta-extensii-gene-dreapta-silver-ama-lashes.jpg","contentUrl":"https:\/\/amalashes.com\/wp-content\/uploads\/2024\/10\/penseta-extensii-gene-dreapta-silver-ama-lashes.jpg","width":402,"height":400,"caption":"Penset\u0103 extensii gene profesional\u0103 dreapt\u0103 din o\u021bel chirurgical Silver by AMA Lashes pentru izolarea extensiilor de gene"},{"@type":"BreadcrumbList","@id":"https:\/\/amalashes.com\/produs\/penseta-extensii-gene-dreapta-silver\/#breadcrumb","itemListElement":[{"@type":"ListItem","position":1,"name":"Prima pagin\u0103","item":"https:\/\/amalashes.com\/"},{"@type":"ListItem","position":2,"name":"AMA SHOP","item":"https:\/\/amalashes.com\/ama-lashes-shop\/"},{"@type":"ListItem","position":3,"name":"Penseta extensii gene dreapta Silver by AMA Lashes"}]},{"@type":"WebSite","@id":"https:\/\/amalashes.com\/#website","url":"https:\/\/amalashes.com\/","name":"AMA Lashes","description":"Eyelash Extension Courses and Eyelash Extension Products, Lash Academy AMA Lashes. We offer you the most complete eyelash extension courses with an accredited diploma and a wide range of products and accessories for the application and maintenance of thread-by-thread eyelash extensions, of superior quality at a fair price. AMA Lashes products cannot be missing from the kit of a professional thread-by-thread eyelash extension technician.","publisher":{"@id":"https:\/\/amalashes.com\/#organization"},"potentialAction":[{"@type":"SearchAction","target":{"@type":"EntryPoint","urlTemplate":"https:\/\/amalashes.com\/?s={search_term_string}"},"query-input":{"@type":"PropertyValueSpecification","valueRequired":true,"valueName":"search_term_string"}}],"inLanguage":"en-GB"},{"@type":"Organization","@id":"https:\/\/amalashes.com\/#organization","name":"AMA Lashes","url":"https:\/\/amalashes.com\/","logo":{"@type":"ImageObject","inLanguage":"en-GB","@id":"https:\/\/amalashes.com\/#\/schema\/logo\/image\/","url":"https:\/\/amalashes.com\/wp-content\/uploads\/2020\/12\/Logo-on-black.png","contentUrl":"https:\/\/amalashes.com\/wp-content\/uploads\/2020\/12\/Logo-on-black.png","width":1920,"height":1920,"caption":"AMA Lashes"},"image":{"@id":"https:\/\/amalashes.com\/#\/schema\/logo\/image\/"},"sameAs":["https:\/\/www.facebook.com\/amalashesacademy\/","https:\/\/www.instagram.com\/ama_lashes\/","https:\/\/www.youtube.com\/channel\/UC8xFLI71s3u-oFj2OkPqSUg"]}]}},"_links":{"self":[{"href":"https:\/\/amalashes.com\/gb\/wp-json\/wp\/v2\/product\/13074","targetHints":{"allow":["GET"]}}],"collection":[{"href":"https:\/\/amalashes.com\/gb\/wp-json\/wp\/v2\/product"}],"about":[{"href":"https:\/\/amalashes.com\/gb\/wp-json\/wp\/v2\/types\/product"}],"replies":[{"embeddable":true,"href":"https:\/\/amalashes.com\/gb\/wp-json\/wp\/v2\/comments?post=13074"}],"wp:featuredmedia":[{"embeddable":true,"href":"https:\/\/amalashes.com\/gb\/wp-json\/wp\/v2\/media\/15733"}],"wp:attachment":[{"href":"https:\/\/amalashes.com\/gb\/wp-json\/wp\/v2\/media?parent=13074"}],"wp:term":[{"taxonomy":"product_brand","embeddable":true,"href":"https:\/\/amalashes.com\/gb\/wp-json\/wp\/v2\/product_brand?post=13074"},{"taxonomy":"product_cat","embeddable":true,"href":"https:\/\/amalashes.com\/gb\/wp-json\/wp\/v2\/product_cat?post=13074"},{"taxonomy":"product_tag","embeddable":true,"href":"https:\/\/amalashes.com\/gb\/wp-json\/wp\/v2\/product_tag?post=13074"}],"curies":[{"name":"wp","href":"https:\/\/api.w.org\/{rel}","templated":true}]}}