{"id":14369,"date":"2025-02-28T10:21:13","date_gmt":"2025-02-28T08:21:13","guid":{"rendered":"https:\/\/amalashes.com\/?post_type=product&#038;p=14369"},"modified":"2026-04-06T02:04:52","modified_gmt":"2026-04-05T23:04:52","slug":"penseta-volum-extensii-gene-c2-copper-edition-ama-lashes","status":"publish","type":"product","link":"https:\/\/amalashes.com\/gb\/produs\/penseta-volum-extensii-gene-c2-copper-edition-ama-lashes\/","title":{"rendered":"Penseta extensii gene C2 Cooper Edition by AMA Lashes"},"content":{"rendered":"<p>&nbsp;<\/p>\n<div class=\"page\" title=\"Page 2\">\n<div class=\"section\">\n<div class=\"layoutArea\">\n<div class=\"column\" style=\"text-align: center;\">Penseta volum extensii gene C2 Copper Edition by AMA Lashes a fost creata tinandu-se cont de cele patru caracteristici definitorii ale unei pensete de volum.<\/div>\n<div><\/div>\n<div class=\"column\" style=\"text-align: center;\"><\/div>\n<div class=\"column\" style=\"text-align: center;\">Acestea fiind absolut necesare unei pensete pentru aplicarea <span style=\"color: #000000;\"><a style=\"color: #000000;\" href=\"http:\/\/www.ama-studio.ro\">extensiilor de gene fir cu fir<\/a><\/span>.<\/div>\n<div class=\"column\" style=\"text-align: center;\">\n<p>Aceste caracteristici sunt:\u00a0 <span style=\"color: #000000;\"><a style=\"color: #000000;\" href=\"http:\/\/www.ama-studio.ro\" target=\"_blank\" rel=\"noopener noreferrer\">calitatea<\/a><\/span>, fiabilitatea, rezistenta la prindere si precizia.<\/p>\n<p><!--more--><\/p>\n<p style=\"text-align: center;\">Pentru a avea cele patru caracteristici, ne-am indreptat atentia de la bun inceput catre producatorii specializati in producerea\u00a0 instrumentelor medicale.<\/p>\n<p style=\"text-align: center;\">Si nu catre cei specializati in productia de instrumente cosmetice.<\/p>\n<p style=\"text-align: center;\">Deoarece este binecunoscut faptul ca materialele si tehnologia de productie a instrumentelor medicale este cu mult superioara celor cosmetice.<\/p>\n<h2>Penseta volum extensii C2 Copper Edition by AMA Lashes a fost supusa procesului de patruzeci de etape specific instrumentelor chirurgicale.<\/h2>\n<p>Iar in etapa terminat\u0103 sunt inspectate sub microscop cu ajutorul laserului pentru a se asigura <span style=\"color: #000000;\"><a style=\"color: #000000;\" href=\"https:\/\/amalashes.com\/produsele-noastre\/extensii\/extensiile-flat-collection-0-15\/\">perfecta aliniere<\/a><\/span> a varfului.<\/p>\n<\/div>\n<div class=\"column\" style=\"text-align: center;\">Deoarece tocmai aceasta aliniere este esentiala in prinderea si aplicarea extensiilor de gene fir cu fir.<\/div>\n<div class=\"column\" style=\"text-align: center;\">\n<p>Unghiul de prindere\u00a0 a fost proiectat pentru a fi conic si cu o inclinatie specifica care permite prinderea ideala a extensiilor atunci cand mana se afla in pozitia naturala.<\/p>\n<p style=\"text-align: center;\">Rezistenta la strangere si grosimea pensetei au fost special alese pentru nu obosi degetele in timpul procedurii.<\/p>\n<p style=\"text-align: center;\">Dar in acelasi timp pentru a pastra \u201c<span style=\"color: #000000;\"><a style=\"color: #000000;\" href=\"https:\/\/amalashes.com\/produsele-noastre\/intretinere\/cleanserul-double-bubble\/\">simtul tactil<\/a><\/span>\u201d la cote maxime.<\/p>\n<h3>Penseta pentru volum extensii gene C2 Copper Edition by <span style=\"color: #000000;\"><a style=\"color: #000000;\" href=\"https:\/\/www.facebook.com\/amalashesacademy\/\">AMA Lashes<\/a><\/span> este fabricata din otel chirurgical inoxidabil.<\/h3>\n<p>Acestea pensete pentru volum extensii gene pot fi dezinfectata in conditii de maxima siguranta, fara aparitia riscului ruginirii.<\/p>\n<p>Culoarea care imita cuprul este distinctiv\u0103, aceasta\u00a0 adaug\u0103 un accent profesional setului t\u0103u de unelte, reflect\u00e2nd aten\u021bia la detalii \u0219i pasiunea pentru calitate.<\/p>\n<\/div>\n<div class=\"column\" style=\"text-align: center;\">Versatila atat pentru tehnica de banda cat si cea manuala, este perfecta pentru volume mici si mari, soft volume, volum russesc sau mega volume.<\/div>\n<div>\n<p style=\"text-align: center;\" data-path-to-node=\"23\">Este timpul s\u0103 treci la nivelul urm\u0103tor. Ofer\u0103-le clientelor tale precizie, iar \u021bie confortul pe care \u00eel meri\u021bi.<\/p>\n<p style=\"text-align: center;\" data-path-to-node=\"24\"><b data-path-to-node=\"24\" data-index-in-node=\"0\">Echipa AMA Lashes<\/b><\/p>\n<\/div>\n<\/div>\n<\/div>\n<\/div>\n<p>&nbsp;<\/p>\n<p>&nbsp;<\/p>\n","protected":false},"excerpt":{"rendered":"<p style=\"text-align: center;\"><span style=\"color: #000000;\">Ideala pentru creearea de evantaie atat din mana cat si pe banda, in procedura de aplicare a extensiilor de gene .<\/span><\/p>\n<p style=\"text-align: center;\"><span style=\"color: #808080;\">\u00a0<\/span><\/p>\n<p style=\"text-align: center;\"><strong><span style=\"color: #800000;\">* TRANSPORT GRATUIT IN ROMANIA<br \/>\nla toate comenzile de peste 450 lei<\/span><\/strong><\/p>\n<p style=\"text-align: center;\"><strong><span style=\"color: #800000;\">* TRANSPORT GRATUIT IN EUROPA<br \/>\nla toate comenzile de peste 1500 lei<\/span><\/strong><\/p>\n","protected":false},"featured_media":18348,"comment_status":"closed","ping_status":"closed","template":"","meta":[],"product_brand":[],"product_cat":[376],"product_tag":[520,880,889,858,665,954,787,1000,607,872,1150,1037,605,947,882,1274,836],"class_list":{"0":"post-14369","1":"product","2":"type-product","3":"status-publish","4":"has-post-thumbnail","6":"product_cat-pensete-extensii-gene-ama-lashes","7":"product_tag-eyelash-extensions","8":"product_tag-eyelash-extensions-tweezers","9":"product_tag-intretinere-extensii-gene","10":"product_tag-penseta-ama-lashes","11":"product_tag-penseta-amalashes","12":"product_tag-penseta-extensii-buna","13":"product_tag-penseta-extensii-gene","14":"product_tag-penseta-extensii-gene-fir-cu-fir","15":"product_tag-penseta-gene","16":"product_tag-penseta-gene-buna","17":"product_tag-penseta-gene-profesionala","18":"product_tag-penseta-gene-volum","19":"product_tag-penseta-volum","20":"product_tag-penseta-volum-extensii","21":"product_tag-penseta-volum-gene","22":"product_tag-penseta-volum-pret","23":"product_tag-produse-extensii-gene","25":"first","26":"instock","27":"taxable","28":"shipping-taxable","29":"purchasable","30":"product-type-simple"},"translation":{"provider":"WPGlobus","version":"3.0.2","language":"gb","enabled_languages":["ro","gb"],"languages":{"ro":{"title":true,"content":true,"excerpt":true},"gb":{"title":false,"content":false,"excerpt":false}}},"yoast_head":"<!-- This site is optimized with the Yoast SEO plugin v27.4 - https:\/\/yoast.com\/product\/yoast-seo-wordpress\/ -->\n<title>Penseta volum extensii gene C2 Copper | AMA Lashes<\/title>\n<meta name=\"robots\" content=\"index, follow, max-snippet:-1, max-image-preview:large, max-video-preview:-1\" \/>\n<link rel=\"canonical\" href=\"https:\/\/amalashes.com\/produs\/penseta-volum-extensii-gene-c2-copper-edition-ama-lashes\/\" \/>\n<meta property=\"og:locale\" content=\"en_GB\" \/>\n<meta property=\"og:type\" content=\"article\" \/>\n<meta property=\"og:title\" content=\"Penseta extensii gene C2 Cooper Edition by AMA Lashes | AMA Lashes\" \/>\n<meta property=\"og:url\" content=\"https:\/\/amalashes.com\/produs\/penseta-volum-extensii-gene-c2-copper-edition-ama-lashes\/\" \/>\n<meta property=\"og:site_name\" content=\"AMA Lashes\" \/>\n<meta property=\"article:publisher\" content=\"https:\/\/www.facebook.com\/amalashesacademy\/\" \/>\n<meta property=\"article:modified_time\" content=\"2026-04-05T23:04:52+00:00\" \/>\n<meta property=\"og:image\" content=\"https:\/\/amalashes.com\/wp-content\/uploads\/2025\/02\/penseta-volum-extensii-gene-c2-copper-edition-ama-lashes-1.jpg\" \/>\n\t<meta property=\"og:image:width\" content=\"962\" \/>\n\t<meta property=\"og:image:height\" content=\"1024\" \/>\n\t<meta property=\"og:image:type\" content=\"image\/jpeg\" \/>\n<meta name=\"twitter:card\" content=\"summary_large_image\" \/>\n<meta name=\"twitter:label1\" content=\"Est. reading time\" \/>\n\t<meta name=\"twitter:data1\" content=\"2 minutes\" \/>\n<script type=\"application\/ld+json\" class=\"yoast-schema-graph\">{\"@context\":\"https:\\\/\\\/schema.org\",\"@graph\":[{\"@type\":\"WebPage\",\"@id\":\"https:\\\/\\\/amalashes.com\\\/produs\\\/penseta-volum-extensii-gene-c2-copper-edition-ama-lashes\\\/\",\"url\":\"https:\\\/\\\/amalashes.com\\\/produs\\\/penseta-volum-extensii-gene-c2-copper-edition-ama-lashes\\\/\",\"name\":\"Penseta volum extensii gene C2 Copper | AMA Lashes\",\"isPartOf\":{\"@id\":\"https:\\\/\\\/amalashes.com\\\/#website\"},\"primaryImageOfPage\":{\"@id\":\"https:\\\/\\\/amalashes.com\\\/produs\\\/penseta-volum-extensii-gene-c2-copper-edition-ama-lashes\\\/#primaryimage\"},\"image\":{\"@id\":\"https:\\\/\\\/amalashes.com\\\/produs\\\/penseta-volum-extensii-gene-c2-copper-edition-ama-lashes\\\/#primaryimage\"},\"thumbnailUrl\":\"https:\\\/\\\/amalashes.com\\\/wp-content\\\/uploads\\\/2025\\\/02\\\/penseta-volum-extensii-gene-c2-copper-edition-ama-lashes-1.jpg\",\"datePublished\":\"2025-02-28T08:21:13+00:00\",\"dateModified\":\"2026-04-05T23:04:52+00:00\",\"description\":\"Penseta volum extensii gene c2 Copper Edition | Versatila atat pt tehnica de banda cat si cea manuala, este perfecta pentru volume mici si mari | AMA Lashes\",\"breadcrumb\":{\"@id\":\"https:\\\/\\\/amalashes.com\\\/produs\\\/penseta-volum-extensii-gene-c2-copper-edition-ama-lashes\\\/#breadcrumb\"},\"inLanguage\":\"en-GB\",\"potentialAction\":[{\"@type\":\"ReadAction\",\"target\":[\"https:\\\/\\\/amalashes.com\\\/produs\\\/penseta-volum-extensii-gene-c2-copper-edition-ama-lashes\\\/\"]}]},{\"@type\":\"ImageObject\",\"inLanguage\":\"en-GB\",\"@id\":\"https:\\\/\\\/amalashes.com\\\/produs\\\/penseta-volum-extensii-gene-c2-copper-edition-ama-lashes\\\/#primaryimage\",\"url\":\"https:\\\/\\\/amalashes.com\\\/wp-content\\\/uploads\\\/2025\\\/02\\\/penseta-volum-extensii-gene-c2-copper-edition-ama-lashes-1.jpg\",\"contentUrl\":\"https:\\\/\\\/amalashes.com\\\/wp-content\\\/uploads\\\/2025\\\/02\\\/penseta-volum-extensii-gene-c2-copper-edition-ama-lashes-1.jpg\",\"width\":962,\"height\":1024,\"caption\":\"Penseta volum gene C2 Copper Edition AMA Lashes din otel chirurgical cu varf de precizie\"},{\"@type\":\"BreadcrumbList\",\"@id\":\"https:\\\/\\\/amalashes.com\\\/produs\\\/penseta-volum-extensii-gene-c2-copper-edition-ama-lashes\\\/#breadcrumb\",\"itemListElement\":[{\"@type\":\"ListItem\",\"position\":1,\"name\":\"Prima pagin\u0103\",\"item\":\"https:\\\/\\\/amalashes.com\\\/\"},{\"@type\":\"ListItem\",\"position\":2,\"name\":\"AMA SHOP\",\"item\":\"https:\\\/\\\/amalashes.com\\\/ama-lashes-shop\\\/\"},{\"@type\":\"ListItem\",\"position\":3,\"name\":\"Penseta extensii gene C2 Cooper Edition by AMA Lashes\"}]},{\"@type\":\"WebSite\",\"@id\":\"https:\\\/\\\/amalashes.com\\\/#website\",\"url\":\"https:\\\/\\\/amalashes.com\\\/\",\"name\":\"AMA Lashes\",\"description\":\"Eyelash Extension Courses and Eyelash Extension Products, Lash Academy AMA Lashes. We offer you the most complete eyelash extension courses with an accredited diploma and a wide range of products and accessories for the application and maintenance of thread-by-thread eyelash extensions, of superior quality at a fair price. AMA Lashes products cannot be missing from the kit of a professional thread-by-thread eyelash extension technician.\",\"publisher\":{\"@id\":\"https:\\\/\\\/amalashes.com\\\/#organization\"},\"potentialAction\":[{\"@type\":\"SearchAction\",\"target\":{\"@type\":\"EntryPoint\",\"urlTemplate\":\"https:\\\/\\\/amalashes.com\\\/?s={search_term_string}\"},\"query-input\":{\"@type\":\"PropertyValueSpecification\",\"valueRequired\":true,\"valueName\":\"search_term_string\"}}],\"inLanguage\":\"en-GB\"},{\"@type\":\"Organization\",\"@id\":\"https:\\\/\\\/amalashes.com\\\/#organization\",\"name\":\"AMA Lashes\",\"url\":\"https:\\\/\\\/amalashes.com\\\/\",\"logo\":{\"@type\":\"ImageObject\",\"inLanguage\":\"en-GB\",\"@id\":\"https:\\\/\\\/amalashes.com\\\/#\\\/schema\\\/logo\\\/image\\\/\",\"url\":\"https:\\\/\\\/amalashes.com\\\/wp-content\\\/uploads\\\/2020\\\/12\\\/Logo-on-black.png\",\"contentUrl\":\"https:\\\/\\\/amalashes.com\\\/wp-content\\\/uploads\\\/2020\\\/12\\\/Logo-on-black.png\",\"width\":1920,\"height\":1920,\"caption\":\"AMA Lashes\"},\"image\":{\"@id\":\"https:\\\/\\\/amalashes.com\\\/#\\\/schema\\\/logo\\\/image\\\/\"},\"sameAs\":[\"https:\\\/\\\/www.facebook.com\\\/amalashesacademy\\\/\",\"https:\\\/\\\/www.instagram.com\\\/ama_lashes\\\/\",\"https:\\\/\\\/www.youtube.com\\\/channel\\\/UC8xFLI71s3u-oFj2OkPqSUg\"]}]}<\/script>\n<!-- \/ Yoast SEO plugin. -->","yoast_head_json":{"title":"Penseta volum extensii gene C2 Copper | AMA Lashes","robots":{"index":"index","follow":"follow","max-snippet":"max-snippet:-1","max-image-preview":"max-image-preview:large","max-video-preview":"max-video-preview:-1"},"canonical":"https:\/\/amalashes.com\/produs\/penseta-volum-extensii-gene-c2-copper-edition-ama-lashes\/","og_locale":"en_GB","og_type":"article","og_title":"Penseta extensii gene C2 Cooper Edition by AMA Lashes | AMA Lashes","og_url":"https:\/\/amalashes.com\/produs\/penseta-volum-extensii-gene-c2-copper-edition-ama-lashes\/","og_site_name":"AMA Lashes","article_publisher":"https:\/\/www.facebook.com\/amalashesacademy\/","article_modified_time":"2026-04-05T23:04:52+00:00","og_image":[{"width":962,"height":1024,"url":"https:\/\/amalashes.com\/wp-content\/uploads\/2025\/02\/penseta-volum-extensii-gene-c2-copper-edition-ama-lashes-1.jpg","type":"image\/jpeg"}],"twitter_card":"summary_large_image","twitter_misc":{"Est. reading time":"2 minutes"},"schema":{"@context":"https:\/\/schema.org","@graph":[{"@type":"WebPage","@id":"https:\/\/amalashes.com\/produs\/penseta-volum-extensii-gene-c2-copper-edition-ama-lashes\/","url":"https:\/\/amalashes.com\/produs\/penseta-volum-extensii-gene-c2-copper-edition-ama-lashes\/","name":"Penseta volum extensii gene C2 Copper | AMA Lashes","isPartOf":{"@id":"https:\/\/amalashes.com\/#website"},"primaryImageOfPage":{"@id":"https:\/\/amalashes.com\/produs\/penseta-volum-extensii-gene-c2-copper-edition-ama-lashes\/#primaryimage"},"image":{"@id":"https:\/\/amalashes.com\/produs\/penseta-volum-extensii-gene-c2-copper-edition-ama-lashes\/#primaryimage"},"thumbnailUrl":"https:\/\/amalashes.com\/wp-content\/uploads\/2025\/02\/penseta-volum-extensii-gene-c2-copper-edition-ama-lashes-1.jpg","datePublished":"2025-02-28T08:21:13+00:00","dateModified":"2026-04-05T23:04:52+00:00","description":"Penseta volum extensii gene c2 Copper Edition | Versatila atat pt tehnica de banda cat si cea manuala, este perfecta pentru volume mici si mari | AMA Lashes","breadcrumb":{"@id":"https:\/\/amalashes.com\/produs\/penseta-volum-extensii-gene-c2-copper-edition-ama-lashes\/#breadcrumb"},"inLanguage":"en-GB","potentialAction":[{"@type":"ReadAction","target":["https:\/\/amalashes.com\/produs\/penseta-volum-extensii-gene-c2-copper-edition-ama-lashes\/"]}]},{"@type":"ImageObject","inLanguage":"en-GB","@id":"https:\/\/amalashes.com\/produs\/penseta-volum-extensii-gene-c2-copper-edition-ama-lashes\/#primaryimage","url":"https:\/\/amalashes.com\/wp-content\/uploads\/2025\/02\/penseta-volum-extensii-gene-c2-copper-edition-ama-lashes-1.jpg","contentUrl":"https:\/\/amalashes.com\/wp-content\/uploads\/2025\/02\/penseta-volum-extensii-gene-c2-copper-edition-ama-lashes-1.jpg","width":962,"height":1024,"caption":"Penseta volum gene C2 Copper Edition AMA Lashes din otel chirurgical cu varf de precizie"},{"@type":"BreadcrumbList","@id":"https:\/\/amalashes.com\/produs\/penseta-volum-extensii-gene-c2-copper-edition-ama-lashes\/#breadcrumb","itemListElement":[{"@type":"ListItem","position":1,"name":"Prima pagin\u0103","item":"https:\/\/amalashes.com\/"},{"@type":"ListItem","position":2,"name":"AMA SHOP","item":"https:\/\/amalashes.com\/ama-lashes-shop\/"},{"@type":"ListItem","position":3,"name":"Penseta extensii gene C2 Cooper Edition by AMA Lashes"}]},{"@type":"WebSite","@id":"https:\/\/amalashes.com\/#website","url":"https:\/\/amalashes.com\/","name":"AMA Lashes","description":"Eyelash Extension Courses and Eyelash Extension Products, Lash Academy AMA Lashes. We offer you the most complete eyelash extension courses with an accredited diploma and a wide range of products and accessories for the application and maintenance of thread-by-thread eyelash extensions, of superior quality at a fair price. AMA Lashes products cannot be missing from the kit of a professional thread-by-thread eyelash extension technician.","publisher":{"@id":"https:\/\/amalashes.com\/#organization"},"potentialAction":[{"@type":"SearchAction","target":{"@type":"EntryPoint","urlTemplate":"https:\/\/amalashes.com\/?s={search_term_string}"},"query-input":{"@type":"PropertyValueSpecification","valueRequired":true,"valueName":"search_term_string"}}],"inLanguage":"en-GB"},{"@type":"Organization","@id":"https:\/\/amalashes.com\/#organization","name":"AMA Lashes","url":"https:\/\/amalashes.com\/","logo":{"@type":"ImageObject","inLanguage":"en-GB","@id":"https:\/\/amalashes.com\/#\/schema\/logo\/image\/","url":"https:\/\/amalashes.com\/wp-content\/uploads\/2020\/12\/Logo-on-black.png","contentUrl":"https:\/\/amalashes.com\/wp-content\/uploads\/2020\/12\/Logo-on-black.png","width":1920,"height":1920,"caption":"AMA Lashes"},"image":{"@id":"https:\/\/amalashes.com\/#\/schema\/logo\/image\/"},"sameAs":["https:\/\/www.facebook.com\/amalashesacademy\/","https:\/\/www.instagram.com\/ama_lashes\/","https:\/\/www.youtube.com\/channel\/UC8xFLI71s3u-oFj2OkPqSUg"]}]}},"_links":{"self":[{"href":"https:\/\/amalashes.com\/gb\/wp-json\/wp\/v2\/product\/14369","targetHints":{"allow":["GET"]}}],"collection":[{"href":"https:\/\/amalashes.com\/gb\/wp-json\/wp\/v2\/product"}],"about":[{"href":"https:\/\/amalashes.com\/gb\/wp-json\/wp\/v2\/types\/product"}],"replies":[{"embeddable":true,"href":"https:\/\/amalashes.com\/gb\/wp-json\/wp\/v2\/comments?post=14369"}],"wp:featuredmedia":[{"embeddable":true,"href":"https:\/\/amalashes.com\/gb\/wp-json\/wp\/v2\/media\/18348"}],"wp:attachment":[{"href":"https:\/\/amalashes.com\/gb\/wp-json\/wp\/v2\/media?parent=14369"}],"wp:term":[{"taxonomy":"product_brand","embeddable":true,"href":"https:\/\/amalashes.com\/gb\/wp-json\/wp\/v2\/product_brand?post=14369"},{"taxonomy":"product_cat","embeddable":true,"href":"https:\/\/amalashes.com\/gb\/wp-json\/wp\/v2\/product_cat?post=14369"},{"taxonomy":"product_tag","embeddable":true,"href":"https:\/\/amalashes.com\/gb\/wp-json\/wp\/v2\/product_tag?post=14369"}],"curies":[{"name":"wp","href":"https:\/\/api.w.org\/{rel}","templated":true}]}}