{"id":17365,"date":"2025-11-11T18:40:10","date_gmt":"2025-11-11T16:40:10","guid":{"rendered":"https:\/\/amalashes.com\/?post_type=product&#038;p=17365"},"modified":"2026-03-27T01:22:57","modified_gmt":"2026-03-26T23:22:57","slug":"penseta-aplicare-extensii-gene-x1-copper-edition-by-ama-lashes","status":"publish","type":"product","link":"https:\/\/amalashes.com\/gb\/produs\/penseta-aplicare-extensii-gene-x1-copper-edition-by-ama-lashes\/","title":{"rendered":"Penseta aplicare extensii gene X1 Copper Edition by AMA Lashes"},"content":{"rendered":"<div class=\"page\" title=\"Page 2\">\n<div class=\"section\">\n<div class=\"layoutArea\">\n<p class=\"column\" style=\"text-align: center;\">Penseta aplicare extensii gene X1 Copper Edition AMA Lashes a fost creata tinandu-se cont de cele patru caracteristici definitorii ale unei pensete de volum extensii gene.<\/p>\n<div class=\"column\" style=\"text-align: center;\"><\/div>\n<div class=\"column\" style=\"text-align: center;\">Acestea fiind absolut necesare unei pensete pentru aplicarea <span style=\"color: #000000;\"><a style=\"color: #000000;\" href=\"http:\/\/www.ama-studio.ro\">extensiilor de gene fir cu fir<\/a><\/span>.<\/div>\n<div class=\"column\" style=\"text-align: center;\">\n<p>Aceste caracteristici sunt:\u00a0 <span style=\"color: #000000;\"><a style=\"color: #000000;\" href=\"http:\/\/www.ama-studio.ro\" target=\"_blank\" rel=\"noopener noreferrer\">calitatea<\/a><\/span>, fiabilitatea, rezistenta la prindere si precizia.<\/p>\n<p style=\"text-align: center;\">Pentru a avea cele patru caracteristici, ne-am indreptat atentia de la bun inceput catre producatorii specializati in producerea\u00a0 instrumentelor medicale.<\/p>\n<p style=\"text-align: center;\">Si nu catre cei specializati in productia de instrumente cosmetice, care sunt mai slab calitative.<\/p>\n<p style=\"text-align: center;\">Deoarece este binecunoscut faptul ca materialele si tehnologia de productie a instrumentelor medicale este cu mult superioara celor cosmetice.<\/p>\n<p><!--more--><\/p>\n<h2>Penseta aplicare extensii X1 Copper Edition by AMA Lashes a fost supusa procesului de patruzeci de etape.<\/h2>\n<p>Proces specific instrumentelor chirurgicale.<\/p>\n<p>Iar in etapa terminat\u0103 sunt inspectate sub microscop cu ajutorul laserului pentru a se asigura <span style=\"color: #000000;\"><a style=\"color: #000000;\" href=\"https:\/\/amalashes.com\/produsele-noastre\/extensii\/extensiile-flat-collection-0-15\/\">perfecta aliniere<\/a><\/span> a varfului.<\/p>\n<\/div>\n<div class=\"column\" style=\"text-align: center;\">Deoarece tocmai aceasta aliniere a varfului este esentiala, in prinderea si aplicarea extensiilor de gene fir cu fir.<\/div>\n<div class=\"column\" style=\"text-align: center;\">\n<p>Unghiul de prindere\u00a0 a fost proiectat pentru a fi conic si cu o inclinatie specifica care permite prinderea ideala a extensiilor atunci cand mana se afla in pozitia naturala.<\/p>\n<p style=\"text-align: center;\">Rezistenta la strangere si grosimea pensetei au fost special alese pentru nu obosi degetele in timpul procedurii.<\/p>\n<p style=\"text-align: center;\">Dar in acelasi timp pentru a pastra \u201c<span style=\"color: #000000;\"><a style=\"color: #000000;\" href=\"https:\/\/amalashes.com\/produsele-noastre\/intretinere\/cleanserul-double-bubble\/\">simtul tactil<\/a><\/span>\u201d la cote maxime.<\/p>\n<h3>Penseta pentru aplicare extensii gene X1 Copper Edition by AMA Lashes este fabricata din otel chirurgical inoxidabil.<\/h3>\n<p>Aceasta pensete pentru aplicare extensii gene pot fi dezinfectata in conditii de maxima siguranta, fara aparitia riscului ruginirii.<\/p>\n<p>Culoarea care imita cuprul este distinctiv\u0103, aceasta\u00a0 adaug\u0103 un accent profesional setului t\u0103u de unelte, reflect\u00e2nd aten\u021bia la detalii \u0219i pasiunea pentru calitate.<\/p>\n<\/div>\n<div class=\"column\" style=\"text-align: center;\">Versatila atat pentru tehnica de banda cat si cea manuala, este perfecta pentru aplicarea extensiilor de gene fir cu fir AMA Lashes.<\/div>\n<\/div>\n<\/div>\n<\/div>\n<p>&nbsp;<\/p>\n","protected":false},"excerpt":{"rendered":"<p style=\"text-align: center;\"><strong><span style=\"color: #000000;\">Ideala pentru izolarea genelor in timpul procedurii de aplicare a extensiilor.<\/span><\/strong><\/p>\n<p style=\"text-align: center;\"><strong>Pentru uz profesional!<\/strong><\/p>\n<p style=\"text-align: center;\"><span style=\"color: #808080;\">\u00a0<\/span><\/p>\n<p style=\"text-align: center;\"><strong><span style=\"color: #800000;\">* TRANSPORT GRATUIT IN ROMANIA<br \/>\nla toate comenzile de peste 450 lei<\/span><\/strong><\/p>\n<p style=\"text-align: center;\"><strong><span style=\"color: #800000;\">* TRANSPORT GRATUIT IN EUROPA<br \/>\nla toate comenzile de peste 1500 lei<\/span><\/strong><\/p>\n","protected":false},"featured_media":18607,"comment_status":"open","ping_status":"closed","template":"","meta":[],"product_brand":[],"product_cat":[376],"product_tag":[880,858,665,1240,691,954,787,1000,607,872,1148,1150,836],"class_list":{"0":"post-17365","1":"product","2":"type-product","3":"status-publish","4":"has-post-thumbnail","6":"product_cat-pensete-extensii-gene-ama-lashes","7":"product_tag-eyelash-extensions-tweezers","8":"product_tag-penseta-ama-lashes","9":"product_tag-penseta-amalashes","10":"product_tag-penseta-aplicare-gene","11":"product_tag-penseta-extensii","12":"product_tag-penseta-extensii-buna","13":"product_tag-penseta-extensii-gene","14":"product_tag-penseta-extensii-gene-fir-cu-fir","15":"product_tag-penseta-gene","16":"product_tag-penseta-gene-buna","17":"product_tag-penseta-gene-curbura-c","18":"product_tag-penseta-gene-profesionala","19":"product_tag-produse-extensii-gene","21":"first","22":"instock","23":"taxable","24":"shipping-taxable","25":"purchasable","26":"product-type-simple"},"translation":{"provider":"WPGlobus","version":"3.0.2","language":"gb","enabled_languages":["ro","gb"],"languages":{"ro":{"title":true,"content":true,"excerpt":true},"gb":{"title":false,"content":false,"excerpt":false}}},"yoast_head":"<!-- This site is optimized with the Yoast SEO plugin v27.3 - https:\/\/yoast.com\/product\/yoast-seo-wordpress\/ -->\n<title>Penseta aplicare extensii gene X1 Copper | AMA Lashes<\/title>\n<meta name=\"robots\" content=\"index, follow, max-snippet:-1, max-image-preview:large, max-video-preview:-1\" \/>\n<link rel=\"canonical\" href=\"https:\/\/amalashes.com\/produs\/penseta-aplicare-extensii-gene-x1-copper-edition-by-ama-lashes\/\" \/>\n<meta property=\"og:locale\" content=\"en_GB\" \/>\n<meta property=\"og:type\" content=\"article\" \/>\n<meta property=\"og:title\" content=\"Penseta aplicare extensii gene X1 Copper Edition by AMA Lashes | AMA Lashes\" \/>\n<meta property=\"og:url\" content=\"https:\/\/amalashes.com\/produs\/penseta-aplicare-extensii-gene-x1-copper-edition-by-ama-lashes\/\" \/>\n<meta property=\"og:site_name\" content=\"AMA Lashes\" \/>\n<meta property=\"article:publisher\" content=\"https:\/\/www.facebook.com\/amalashesacademy\/\" \/>\n<meta property=\"article:modified_time\" content=\"2026-03-26T23:22:57+00:00\" \/>\n<meta property=\"og:image\" content=\"https:\/\/amalashes.com\/wp-content\/uploads\/2025\/11\/penseta-extensii-gene-cooper-edition-x1-ama-lashes-detaliu-varf.jpg\" \/>\n\t<meta property=\"og:image:width\" content=\"646\" \/>\n\t<meta property=\"og:image:height\" content=\"650\" \/>\n\t<meta property=\"og:image:type\" content=\"image\/jpeg\" \/>\n<meta name=\"twitter:card\" content=\"summary_large_image\" \/>\n<meta name=\"twitter:label1\" content=\"Est. reading time\" \/>\n\t<meta name=\"twitter:data1\" content=\"2 minutes\" \/>\n<script type=\"application\/ld+json\" class=\"yoast-schema-graph\">{\"@context\":\"https:\\\/\\\/schema.org\",\"@graph\":[{\"@type\":\"WebPage\",\"@id\":\"https:\\\/\\\/amalashes.com\\\/produs\\\/penseta-aplicare-extensii-gene-x1-copper-edition-by-ama-lashes\\\/\",\"url\":\"https:\\\/\\\/amalashes.com\\\/produs\\\/penseta-aplicare-extensii-gene-x1-copper-edition-by-ama-lashes\\\/\",\"name\":\"Penseta aplicare extensii gene X1 Copper | AMA Lashes\",\"isPartOf\":{\"@id\":\"https:\\\/\\\/amalashes.com\\\/#website\"},\"primaryImageOfPage\":{\"@id\":\"https:\\\/\\\/amalashes.com\\\/produs\\\/penseta-aplicare-extensii-gene-x1-copper-edition-by-ama-lashes\\\/#primaryimage\"},\"image\":{\"@id\":\"https:\\\/\\\/amalashes.com\\\/produs\\\/penseta-aplicare-extensii-gene-x1-copper-edition-by-ama-lashes\\\/#primaryimage\"},\"thumbnailUrl\":\"https:\\\/\\\/amalashes.com\\\/wp-content\\\/uploads\\\/2025\\\/11\\\/penseta-extensii-gene-cooper-edition-x1-ama-lashes-detaliu-varf.jpg\",\"datePublished\":\"2025-11-11T16:40:10+00:00\",\"dateModified\":\"2026-03-26T23:22:57+00:00\",\"description\":\"Penseta aplicare extensii gene X1 Copper Edition | Versatila si confectionata din otel inoxidabil, este perfecta pentru volume mici | AMA Lashes\",\"breadcrumb\":{\"@id\":\"https:\\\/\\\/amalashes.com\\\/produs\\\/penseta-aplicare-extensii-gene-x1-copper-edition-by-ama-lashes\\\/#breadcrumb\"},\"inLanguage\":\"en-GB\",\"potentialAction\":[{\"@type\":\"ReadAction\",\"target\":[\"https:\\\/\\\/amalashes.com\\\/produs\\\/penseta-aplicare-extensii-gene-x1-copper-edition-by-ama-lashes\\\/\"]}]},{\"@type\":\"ImageObject\",\"inLanguage\":\"en-GB\",\"@id\":\"https:\\\/\\\/amalashes.com\\\/produs\\\/penseta-aplicare-extensii-gene-x1-copper-edition-by-ama-lashes\\\/#primaryimage\",\"url\":\"https:\\\/\\\/amalashes.com\\\/wp-content\\\/uploads\\\/2025\\\/11\\\/penseta-extensii-gene-cooper-edition-x1-ama-lashes-detaliu-varf.jpg\",\"contentUrl\":\"https:\\\/\\\/amalashes.com\\\/wp-content\\\/uploads\\\/2025\\\/11\\\/penseta-extensii-gene-cooper-edition-x1-ama-lashes-detaliu-varf.jpg\",\"width\":646,\"height\":650,\"caption\":\"Penseta aplicare extensii gene X1 Copper Edition by AMA Lashes\"},{\"@type\":\"BreadcrumbList\",\"@id\":\"https:\\\/\\\/amalashes.com\\\/produs\\\/penseta-aplicare-extensii-gene-x1-copper-edition-by-ama-lashes\\\/#breadcrumb\",\"itemListElement\":[{\"@type\":\"ListItem\",\"position\":1,\"name\":\"Prima pagin\u0103\",\"item\":\"https:\\\/\\\/amalashes.com\\\/\"},{\"@type\":\"ListItem\",\"position\":2,\"name\":\"AMA SHOP\",\"item\":\"https:\\\/\\\/amalashes.com\\\/ama-lashes-shop\\\/\"},{\"@type\":\"ListItem\",\"position\":3,\"name\":\"Penseta aplicare extensii gene X1 Copper Edition by AMA Lashes\"}]},{\"@type\":\"WebSite\",\"@id\":\"https:\\\/\\\/amalashes.com\\\/#website\",\"url\":\"https:\\\/\\\/amalashes.com\\\/\",\"name\":\"AMA Lashes\",\"description\":\"Eyelash Extension Courses and Eyelash Extension Products, Lash Academy AMA Lashes. We offer you the most complete eyelash extension courses with an accredited diploma and a wide range of products and accessories for the application and maintenance of thread-by-thread eyelash extensions, of superior quality at a fair price. AMA Lashes products cannot be missing from the kit of a professional thread-by-thread eyelash extension technician.\",\"publisher\":{\"@id\":\"https:\\\/\\\/amalashes.com\\\/#organization\"},\"potentialAction\":[{\"@type\":\"SearchAction\",\"target\":{\"@type\":\"EntryPoint\",\"urlTemplate\":\"https:\\\/\\\/amalashes.com\\\/?s={search_term_string}\"},\"query-input\":{\"@type\":\"PropertyValueSpecification\",\"valueRequired\":true,\"valueName\":\"search_term_string\"}}],\"inLanguage\":\"en-GB\"},{\"@type\":\"Organization\",\"@id\":\"https:\\\/\\\/amalashes.com\\\/#organization\",\"name\":\"AMA Lashes\",\"url\":\"https:\\\/\\\/amalashes.com\\\/\",\"logo\":{\"@type\":\"ImageObject\",\"inLanguage\":\"en-GB\",\"@id\":\"https:\\\/\\\/amalashes.com\\\/#\\\/schema\\\/logo\\\/image\\\/\",\"url\":\"https:\\\/\\\/amalashes.com\\\/wp-content\\\/uploads\\\/2020\\\/12\\\/Logo-on-black.png\",\"contentUrl\":\"https:\\\/\\\/amalashes.com\\\/wp-content\\\/uploads\\\/2020\\\/12\\\/Logo-on-black.png\",\"width\":1920,\"height\":1920,\"caption\":\"AMA Lashes\"},\"image\":{\"@id\":\"https:\\\/\\\/amalashes.com\\\/#\\\/schema\\\/logo\\\/image\\\/\"},\"sameAs\":[\"https:\\\/\\\/www.facebook.com\\\/amalashesacademy\\\/\",\"https:\\\/\\\/www.instagram.com\\\/ama_lashes\\\/\",\"https:\\\/\\\/www.youtube.com\\\/channel\\\/UC8xFLI71s3u-oFj2OkPqSUg\"]}]}<\/script>\n<!-- \/ Yoast SEO plugin. -->","yoast_head_json":{"title":"Penseta aplicare extensii gene X1 Copper | AMA Lashes","robots":{"index":"index","follow":"follow","max-snippet":"max-snippet:-1","max-image-preview":"max-image-preview:large","max-video-preview":"max-video-preview:-1"},"canonical":"https:\/\/amalashes.com\/produs\/penseta-aplicare-extensii-gene-x1-copper-edition-by-ama-lashes\/","og_locale":"en_GB","og_type":"article","og_title":"Penseta aplicare extensii gene X1 Copper Edition by AMA Lashes | AMA Lashes","og_url":"https:\/\/amalashes.com\/produs\/penseta-aplicare-extensii-gene-x1-copper-edition-by-ama-lashes\/","og_site_name":"AMA Lashes","article_publisher":"https:\/\/www.facebook.com\/amalashesacademy\/","article_modified_time":"2026-03-26T23:22:57+00:00","og_image":[{"width":646,"height":650,"url":"https:\/\/amalashes.com\/wp-content\/uploads\/2025\/11\/penseta-extensii-gene-cooper-edition-x1-ama-lashes-detaliu-varf.jpg","type":"image\/jpeg"}],"twitter_card":"summary_large_image","twitter_misc":{"Est. reading time":"2 minutes"},"schema":{"@context":"https:\/\/schema.org","@graph":[{"@type":"WebPage","@id":"https:\/\/amalashes.com\/produs\/penseta-aplicare-extensii-gene-x1-copper-edition-by-ama-lashes\/","url":"https:\/\/amalashes.com\/produs\/penseta-aplicare-extensii-gene-x1-copper-edition-by-ama-lashes\/","name":"Penseta aplicare extensii gene X1 Copper | AMA Lashes","isPartOf":{"@id":"https:\/\/amalashes.com\/#website"},"primaryImageOfPage":{"@id":"https:\/\/amalashes.com\/produs\/penseta-aplicare-extensii-gene-x1-copper-edition-by-ama-lashes\/#primaryimage"},"image":{"@id":"https:\/\/amalashes.com\/produs\/penseta-aplicare-extensii-gene-x1-copper-edition-by-ama-lashes\/#primaryimage"},"thumbnailUrl":"https:\/\/amalashes.com\/wp-content\/uploads\/2025\/11\/penseta-extensii-gene-cooper-edition-x1-ama-lashes-detaliu-varf.jpg","datePublished":"2025-11-11T16:40:10+00:00","dateModified":"2026-03-26T23:22:57+00:00","description":"Penseta aplicare extensii gene X1 Copper Edition | Versatila si confectionata din otel inoxidabil, este perfecta pentru volume mici | AMA Lashes","breadcrumb":{"@id":"https:\/\/amalashes.com\/produs\/penseta-aplicare-extensii-gene-x1-copper-edition-by-ama-lashes\/#breadcrumb"},"inLanguage":"en-GB","potentialAction":[{"@type":"ReadAction","target":["https:\/\/amalashes.com\/produs\/penseta-aplicare-extensii-gene-x1-copper-edition-by-ama-lashes\/"]}]},{"@type":"ImageObject","inLanguage":"en-GB","@id":"https:\/\/amalashes.com\/produs\/penseta-aplicare-extensii-gene-x1-copper-edition-by-ama-lashes\/#primaryimage","url":"https:\/\/amalashes.com\/wp-content\/uploads\/2025\/11\/penseta-extensii-gene-cooper-edition-x1-ama-lashes-detaliu-varf.jpg","contentUrl":"https:\/\/amalashes.com\/wp-content\/uploads\/2025\/11\/penseta-extensii-gene-cooper-edition-x1-ama-lashes-detaliu-varf.jpg","width":646,"height":650,"caption":"Penseta aplicare extensii gene X1 Copper Edition by AMA Lashes"},{"@type":"BreadcrumbList","@id":"https:\/\/amalashes.com\/produs\/penseta-aplicare-extensii-gene-x1-copper-edition-by-ama-lashes\/#breadcrumb","itemListElement":[{"@type":"ListItem","position":1,"name":"Prima pagin\u0103","item":"https:\/\/amalashes.com\/"},{"@type":"ListItem","position":2,"name":"AMA SHOP","item":"https:\/\/amalashes.com\/ama-lashes-shop\/"},{"@type":"ListItem","position":3,"name":"Penseta aplicare extensii gene X1 Copper Edition by AMA Lashes"}]},{"@type":"WebSite","@id":"https:\/\/amalashes.com\/#website","url":"https:\/\/amalashes.com\/","name":"AMA Lashes","description":"Eyelash Extension Courses and Eyelash Extension Products, Lash Academy AMA Lashes. We offer you the most complete eyelash extension courses with an accredited diploma and a wide range of products and accessories for the application and maintenance of thread-by-thread eyelash extensions, of superior quality at a fair price. AMA Lashes products cannot be missing from the kit of a professional thread-by-thread eyelash extension technician.","publisher":{"@id":"https:\/\/amalashes.com\/#organization"},"potentialAction":[{"@type":"SearchAction","target":{"@type":"EntryPoint","urlTemplate":"https:\/\/amalashes.com\/?s={search_term_string}"},"query-input":{"@type":"PropertyValueSpecification","valueRequired":true,"valueName":"search_term_string"}}],"inLanguage":"en-GB"},{"@type":"Organization","@id":"https:\/\/amalashes.com\/#organization","name":"AMA Lashes","url":"https:\/\/amalashes.com\/","logo":{"@type":"ImageObject","inLanguage":"en-GB","@id":"https:\/\/amalashes.com\/#\/schema\/logo\/image\/","url":"https:\/\/amalashes.com\/wp-content\/uploads\/2020\/12\/Logo-on-black.png","contentUrl":"https:\/\/amalashes.com\/wp-content\/uploads\/2020\/12\/Logo-on-black.png","width":1920,"height":1920,"caption":"AMA Lashes"},"image":{"@id":"https:\/\/amalashes.com\/#\/schema\/logo\/image\/"},"sameAs":["https:\/\/www.facebook.com\/amalashesacademy\/","https:\/\/www.instagram.com\/ama_lashes\/","https:\/\/www.youtube.com\/channel\/UC8xFLI71s3u-oFj2OkPqSUg"]}]}},"_links":{"self":[{"href":"https:\/\/amalashes.com\/gb\/wp-json\/wp\/v2\/product\/17365","targetHints":{"allow":["GET"]}}],"collection":[{"href":"https:\/\/amalashes.com\/gb\/wp-json\/wp\/v2\/product"}],"about":[{"href":"https:\/\/amalashes.com\/gb\/wp-json\/wp\/v2\/types\/product"}],"replies":[{"embeddable":true,"href":"https:\/\/amalashes.com\/gb\/wp-json\/wp\/v2\/comments?post=17365"}],"wp:featuredmedia":[{"embeddable":true,"href":"https:\/\/amalashes.com\/gb\/wp-json\/wp\/v2\/media\/18607"}],"wp:attachment":[{"href":"https:\/\/amalashes.com\/gb\/wp-json\/wp\/v2\/media?parent=17365"}],"wp:term":[{"taxonomy":"product_brand","embeddable":true,"href":"https:\/\/amalashes.com\/gb\/wp-json\/wp\/v2\/product_brand?post=17365"},{"taxonomy":"product_cat","embeddable":true,"href":"https:\/\/amalashes.com\/gb\/wp-json\/wp\/v2\/product_cat?post=17365"},{"taxonomy":"product_tag","embeddable":true,"href":"https:\/\/amalashes.com\/gb\/wp-json\/wp\/v2\/product_tag?post=17365"}],"curies":[{"name":"wp","href":"https:\/\/api.w.org\/{rel}","templated":true}]}}