{"id":17374,"date":"2025-11-12T17:48:24","date_gmt":"2025-11-12T15:48:24","guid":{"rendered":"https:\/\/amalashes.com\/?post_type=product&#038;p=17374"},"modified":"2026-03-27T01:02:42","modified_gmt":"2026-03-26T23:02:42","slug":"volume-drop-dot-ama-lashes","status":"publish","type":"product","link":"https:\/\/amalashes.com\/gb\/produs\/volume-drop-dot-ama-lashes\/","title":{"rendered":"Volume Drop Dot AMA Lashes Luxury"},"content":{"rendered":"<p style=\"text-align: center;\">Volume Drop Dot este un accesoriu ideal facut pentru a te ajuta in creearea de evantaie din extensii de gene fir cu fir<\/p>\n<p style=\"text-align: center;\" data-path-to-node=\"2\">Volume Drop Dot\u00a0este un produs unic care\u00a0 se utilizeaz\u0103 atunci c\u00e2nd va doriti s\u0103 lucra\u021bi \u00een tehnicile de volum.<\/p>\n<p style=\"text-align: center;\" data-path-to-node=\"3\">Transform\u0103 tehnica de volum dintr-o provocare \u00eentr-o pl\u0103cere cu ajutorul acestui, accesoriul inovator creat special pentru stilistul de gene modern. Dac\u0103 \u00ee\u021bi dore\u0219ti s\u0103 creezi evantaie simetrice \u00eentr-un timp record, acest produs este piesa lips\u0103 din kit-ul t\u0103u profesional.<\/p>\n<h3 data-path-to-node=\"4\"><!--more--><\/h3>\n<p style=\"text-align: center;\" data-path-to-node=\"4\"><strong>Inova\u021bie \u00een Crearea Evantaielor<\/strong><\/p>\n<p style=\"text-align: center;\" data-path-to-node=\"5\">Acesta este un instrument unic, conceput pentru a sprijini tehnicienii care lucreaz\u0103 \u00een tehnicile de <span style=\"color: #000000;\"><a style=\"color: #000000;\" href=\"https:\/\/amalashes.com\/produs\/penseta-extensii-gene-curbura-a-ama-lashes\/\">volum<\/a> <\/span>(de la Soft Volume la Mega Volume). Realizat dintr-un <b data-path-to-node=\"5\" data-index-in-node=\"170\">silicon lipicios de \u00eenalt\u0103 calitate<\/b>, acesta ac\u021bioneaz\u0103 ca un suport stabil care faciliteaz\u0103 deschiderea firelor exact \u00een forma dorit\u0103, f\u0103r\u0103 efort suplimentar.<\/p>\n<h2 style=\"text-align: center;\" data-path-to-node=\"6\">De ce s\u0103 alegi Volume Drop Dot?<\/h2>\n<ul style=\"text-align: center;\" data-path-to-node=\"7\">\n<li>\n<p data-path-to-node=\"7,0,0\"><b data-path-to-node=\"7,0,0\" data-index-in-node=\"0\">Vitez\u0103 de lucru sporit\u0103:<\/b> Reduce considerabil timpul de formare a evantaiului, permi\u021b\u00e2ndu-\u021bi s\u0103 preiei mai mul\u021bi clien\u021bi sau s\u0103 finalizezi seturile mai rapid.<\/p>\n<\/li>\n<li>\n<p data-path-to-node=\"7,1,0\"><b data-path-to-node=\"7,1,0\" data-index-in-node=\"0\">Simetrie garantat\u0103:<\/b> Baza evantaiului este men\u021binut\u0103 compact\u0103 \u00een timp ce v\u00e2rfurile se deschid armonios pe marginea bulinei.<\/p>\n<\/li>\n<li>\n<p data-path-to-node=\"7,2,0\"><b data-path-to-node=\"7,2,0\" data-index-in-node=\"0\">Versatilitate total\u0103:<\/b> Indiferent de num\u0103rul de fire pe care \u00eel alegi, tehnica r\u0103m\u00e2ne aceea\u0219i, oferind rezultate constante.<\/p>\n<\/li>\n<\/ul>\n<h3 style=\"text-align: center;\" data-path-to-node=\"8\">Mod de utilizare pentru volume drop dot este simplu \u0219i eficient<\/h3>\n<p style=\"text-align: center;\" data-path-to-node=\"9\">Procesul este intuitiv \u0219i rapid:<\/p>\n<ol style=\"text-align: center;\" start=\"1\" data-path-to-node=\"10\">\n<li>\n<p data-path-to-node=\"10,0,0\">Desprinde num\u0103rul dorit de extensii de pe band\u0103 cu ajutorul unei pensete de precizie.<\/p>\n<\/li>\n<li>\n<p data-path-to-node=\"10,1,0\">Pozi\u021bioneaz\u0103 baza firelor pe marginea bulinei de silicon.<\/p>\n<\/li>\n<li>\n<p data-path-to-node=\"10,2,0\">Apas\u0103 u\u0219or pentru a introduce baza \u00een bulin\u0103 \u0219i elibereaz\u0103 presiunea pensetei.<\/p>\n<\/li>\n<li>\n<p data-path-to-node=\"10,3,0\"><b data-path-to-node=\"10,3,0\" data-index-in-node=\"0\">Urm\u0103re\u0219te magia:<\/b> Firele se deschid instantaneu \u00eentr-un evantai perfect. Dac\u0103 este necesar, po\u021bi retu\u0219a forma folosind v\u00e2rful pensetei <span style=\"color: #000000;\"><a style=\"color: #000000;\" href=\"https:\/\/www.facebook.com\/amalashesacademy\">AMA Lashes.<\/a><\/span><\/p>\n<\/li>\n<\/ol>\n<p style=\"text-align: center;\" data-path-to-node=\"11\"><strong>Specifica\u021bii Tehnice<\/strong><\/p>\n<h4 style=\"text-align: center;\" data-path-to-node=\"11\"><b data-path-to-node=\"12,0,0\" data-index-in-node=\"0\">Material:<\/b> Silicon premium, transparent \u0219i auto-adeziv.<\/h4>\n<ul style=\"text-align: center;\" data-path-to-node=\"12\">\n<li>\n<p data-path-to-node=\"12,1,0\"><b data-path-to-node=\"12,1,0\" data-index-in-node=\"0\">Form\u0103:<\/b> Circular\u0103, cu un diametru optim de <b data-path-to-node=\"12,1,0\" data-index-in-node=\"42\">30 mm<\/b>.<\/p>\n<\/li>\n<li>\n<p data-path-to-node=\"12,2,0\"><b data-path-to-node=\"12,2,0\" data-index-in-node=\"0\">Design:<\/b> Transparent, pentru a nu distorsiona vizibilitatea firelor de gene \u00een timpul lucrului.<\/p>\n<\/li>\n<\/ul>\n<p style=\"text-align: center;\" data-path-to-node=\"13\"><b data-path-to-node=\"13\" data-index-in-node=\"0\">Sfat de expert:<\/b> Pentru rezultate de lux \u0219i o reten\u021bie de lung\u0103 durat\u0103, folose\u0219te Volume Drop Dot \u00eempreun\u0103 cu extensiile de gene, pensetele \u0219i adezivii din gama <b data-path-to-node=\"13\" data-index-in-node=\"160\">AMA Lashes Luxury<\/b>.<\/p>\n","protected":false},"excerpt":{"rendered":"<p style=\"text-align: center;\">Volume Drop Dot este un accesoriu unic, care\u00a0 se utilizeaz\u0103 atunci c\u00e2nd va doriti s\u0103 lucra\u021bi \u00een tehnicile de volum.<\/p>\n<p style=\"text-align: center;\">Produs de unica folosinta. O bulina, o clienta!<\/p>\n<p style=\"text-align: center;\">Pentru uz profesional!<\/p>\n<p>&nbsp;<\/p>\n<p>&nbsp;<\/p>\n<p style=\"text-align: center;\"><strong><span style=\"color: #800000;\">* TRANSPORT GRATUIT IN ROMANIA<br \/>\nla toate comenzile de peste 450 lei<\/span><\/strong><\/p>\n<p style=\"text-align: center;\"><strong><span style=\"color: #800000;\">* TRANSPORT GRATUIT IN EUROPA<br \/>\nla toate comenzile de peste 1500 lei<\/span><\/strong><\/p>\n<p>&nbsp;<\/p>\n","protected":false},"featured_media":17376,"comment_status":"closed","ping_status":"closed","template":"","meta":[],"product_brand":[],"product_cat":[379],"product_tag":[112,1373,1371,718,903,719,520,434,1378,686,836,1372],"class_list":{"0":"post-17374","1":"product","2":"type-product","3":"status-publish","4":"has-post-thumbnail","6":"product_cat-accesorii-extensii-gene-ama-lashes","7":"product_tag-accesorii-extensii-gene","8":"product_tag-creeare-volum","9":"product_tag-drop-dot","10":"product_tag-extensii-gene-manechin","11":"product_tag-extensii-gene-practica","12":"product_tag-extensii-practica","13":"product_tag-eyelash-extensions","14":"product_tag-gene-practica","15":"product_tag-practica-evantaie","16":"product_tag-practica-gene","17":"product_tag-produse-extensii-gene","18":"product_tag-volume-drop-dot","20":"first","21":"instock","22":"taxable","23":"shipping-taxable","24":"purchasable","25":"product-type-variable"},"translation":{"provider":"WPGlobus","version":"3.0.2","language":"gb","enabled_languages":["ro","gb"],"languages":{"ro":{"title":true,"content":true,"excerpt":true},"gb":{"title":false,"content":false,"excerpt":false}}},"yoast_head":"<!-- This site is optimized with the Yoast SEO plugin v27.4 - https:\/\/yoast.com\/product\/yoast-seo-wordpress\/ -->\n<title>Volume Drop Dot | AMA Lashes<\/title>\n<meta name=\"robots\" content=\"index, follow, max-snippet:-1, max-image-preview:large, max-video-preview:-1\" \/>\n<link rel=\"canonical\" href=\"https:\/\/amalashes.com\/produs\/volume-drop-dot-ama-lashes\/\" \/>\n<meta property=\"og:locale\" content=\"en_GB\" \/>\n<meta property=\"og:type\" content=\"article\" \/>\n<meta property=\"og:title\" content=\"Volume Drop Dot AMA Lashes Luxury | AMA Lashes\" \/>\n<meta property=\"og:url\" content=\"https:\/\/amalashes.com\/produs\/volume-drop-dot-ama-lashes\/\" \/>\n<meta property=\"og:site_name\" content=\"AMA Lashes\" \/>\n<meta property=\"article:publisher\" content=\"https:\/\/www.facebook.com\/amalashesacademy\/\" \/>\n<meta property=\"article:modified_time\" content=\"2026-03-26T23:02:42+00:00\" \/>\n<meta property=\"og:image\" content=\"https:\/\/amalashes.com\/wp-content\/uploads\/2025\/11\/volume-drop-dot-ama-lashes-luxury-1.jpg\" \/>\n\t<meta property=\"og:image:width\" content=\"1079\" \/>\n\t<meta property=\"og:image:height\" content=\"1330\" \/>\n\t<meta property=\"og:image:type\" content=\"image\/jpeg\" \/>\n<meta name=\"twitter:card\" content=\"summary_large_image\" \/>\n<meta name=\"twitter:label1\" content=\"Est. reading time\" \/>\n\t<meta name=\"twitter:data1\" content=\"2 minutes\" \/>\n<script type=\"application\/ld+json\" class=\"yoast-schema-graph\">{\"@context\":\"https:\\\/\\\/schema.org\",\"@graph\":[{\"@type\":\"WebPage\",\"@id\":\"https:\\\/\\\/amalashes.com\\\/produs\\\/volume-drop-dot-ama-lashes\\\/\",\"url\":\"https:\\\/\\\/amalashes.com\\\/produs\\\/volume-drop-dot-ama-lashes\\\/\",\"name\":\"Volume Drop Dot | AMA Lashes\",\"isPartOf\":{\"@id\":\"https:\\\/\\\/amalashes.com\\\/#website\"},\"primaryImageOfPage\":{\"@id\":\"https:\\\/\\\/amalashes.com\\\/produs\\\/volume-drop-dot-ama-lashes\\\/#primaryimage\"},\"image\":{\"@id\":\"https:\\\/\\\/amalashes.com\\\/produs\\\/volume-drop-dot-ama-lashes\\\/#primaryimage\"},\"thumbnailUrl\":\"https:\\\/\\\/amalashes.com\\\/wp-content\\\/uploads\\\/2025\\\/11\\\/volume-drop-dot-ama-lashes-luxury-1.jpg\",\"datePublished\":\"2025-11-12T15:48:24+00:00\",\"dateModified\":\"2026-03-26T23:02:42+00:00\",\"description\":\"Volume Drop Dot este un produs unic care\u00a0 se utilizeaz\u0103 atunci c\u00e2nd va doriti s\u0103 lucra\u021bi \u00een tehnicile de volum | Pret: 5 lei | AMA Lashes\",\"breadcrumb\":{\"@id\":\"https:\\\/\\\/amalashes.com\\\/produs\\\/volume-drop-dot-ama-lashes\\\/#breadcrumb\"},\"inLanguage\":\"en-GB\",\"potentialAction\":[{\"@type\":\"ReadAction\",\"target\":[\"https:\\\/\\\/amalashes.com\\\/produs\\\/volume-drop-dot-ama-lashes\\\/\"]}]},{\"@type\":\"ImageObject\",\"inLanguage\":\"en-GB\",\"@id\":\"https:\\\/\\\/amalashes.com\\\/produs\\\/volume-drop-dot-ama-lashes\\\/#primaryimage\",\"url\":\"https:\\\/\\\/amalashes.com\\\/wp-content\\\/uploads\\\/2025\\\/11\\\/volume-drop-dot-ama-lashes-luxury-1.jpg\",\"contentUrl\":\"https:\\\/\\\/amalashes.com\\\/wp-content\\\/uploads\\\/2025\\\/11\\\/volume-drop-dot-ama-lashes-luxury-1.jpg\",\"width\":1079,\"height\":1330,\"caption\":\"Volume Drop Dot AMA Lashes suport silicon pentru evantaie gene volum\"},{\"@type\":\"BreadcrumbList\",\"@id\":\"https:\\\/\\\/amalashes.com\\\/produs\\\/volume-drop-dot-ama-lashes\\\/#breadcrumb\",\"itemListElement\":[{\"@type\":\"ListItem\",\"position\":1,\"name\":\"Prima pagin\u0103\",\"item\":\"https:\\\/\\\/amalashes.com\\\/\"},{\"@type\":\"ListItem\",\"position\":2,\"name\":\"AMA SHOP\",\"item\":\"https:\\\/\\\/amalashes.com\\\/ama-lashes-shop\\\/\"},{\"@type\":\"ListItem\",\"position\":3,\"name\":\"Volume Drop Dot AMA Lashes Luxury\"}]},{\"@type\":\"WebSite\",\"@id\":\"https:\\\/\\\/amalashes.com\\\/#website\",\"url\":\"https:\\\/\\\/amalashes.com\\\/\",\"name\":\"AMA Lashes\",\"description\":\"Eyelash Extension Courses and Eyelash Extension Products, Lash Academy AMA Lashes. We offer you the most complete eyelash extension courses with an accredited diploma and a wide range of products and accessories for the application and maintenance of thread-by-thread eyelash extensions, of superior quality at a fair price. AMA Lashes products cannot be missing from the kit of a professional thread-by-thread eyelash extension technician.\",\"publisher\":{\"@id\":\"https:\\\/\\\/amalashes.com\\\/#organization\"},\"potentialAction\":[{\"@type\":\"SearchAction\",\"target\":{\"@type\":\"EntryPoint\",\"urlTemplate\":\"https:\\\/\\\/amalashes.com\\\/?s={search_term_string}\"},\"query-input\":{\"@type\":\"PropertyValueSpecification\",\"valueRequired\":true,\"valueName\":\"search_term_string\"}}],\"inLanguage\":\"en-GB\"},{\"@type\":\"Organization\",\"@id\":\"https:\\\/\\\/amalashes.com\\\/#organization\",\"name\":\"AMA Lashes\",\"url\":\"https:\\\/\\\/amalashes.com\\\/\",\"logo\":{\"@type\":\"ImageObject\",\"inLanguage\":\"en-GB\",\"@id\":\"https:\\\/\\\/amalashes.com\\\/#\\\/schema\\\/logo\\\/image\\\/\",\"url\":\"https:\\\/\\\/amalashes.com\\\/wp-content\\\/uploads\\\/2020\\\/12\\\/Logo-on-black.png\",\"contentUrl\":\"https:\\\/\\\/amalashes.com\\\/wp-content\\\/uploads\\\/2020\\\/12\\\/Logo-on-black.png\",\"width\":1920,\"height\":1920,\"caption\":\"AMA Lashes\"},\"image\":{\"@id\":\"https:\\\/\\\/amalashes.com\\\/#\\\/schema\\\/logo\\\/image\\\/\"},\"sameAs\":[\"https:\\\/\\\/www.facebook.com\\\/amalashesacademy\\\/\",\"https:\\\/\\\/www.instagram.com\\\/ama_lashes\\\/\",\"https:\\\/\\\/www.youtube.com\\\/channel\\\/UC8xFLI71s3u-oFj2OkPqSUg\"]}]}<\/script>\n<!-- \/ Yoast SEO plugin. -->","yoast_head_json":{"title":"Volume Drop Dot | AMA Lashes","robots":{"index":"index","follow":"follow","max-snippet":"max-snippet:-1","max-image-preview":"max-image-preview:large","max-video-preview":"max-video-preview:-1"},"canonical":"https:\/\/amalashes.com\/produs\/volume-drop-dot-ama-lashes\/","og_locale":"en_GB","og_type":"article","og_title":"Volume Drop Dot AMA Lashes Luxury | AMA Lashes","og_url":"https:\/\/amalashes.com\/produs\/volume-drop-dot-ama-lashes\/","og_site_name":"AMA Lashes","article_publisher":"https:\/\/www.facebook.com\/amalashesacademy\/","article_modified_time":"2026-03-26T23:02:42+00:00","og_image":[{"width":1079,"height":1330,"url":"https:\/\/amalashes.com\/wp-content\/uploads\/2025\/11\/volume-drop-dot-ama-lashes-luxury-1.jpg","type":"image\/jpeg"}],"twitter_card":"summary_large_image","twitter_misc":{"Est. reading time":"2 minutes"},"schema":{"@context":"https:\/\/schema.org","@graph":[{"@type":"WebPage","@id":"https:\/\/amalashes.com\/produs\/volume-drop-dot-ama-lashes\/","url":"https:\/\/amalashes.com\/produs\/volume-drop-dot-ama-lashes\/","name":"Volume Drop Dot | AMA Lashes","isPartOf":{"@id":"https:\/\/amalashes.com\/#website"},"primaryImageOfPage":{"@id":"https:\/\/amalashes.com\/produs\/volume-drop-dot-ama-lashes\/#primaryimage"},"image":{"@id":"https:\/\/amalashes.com\/produs\/volume-drop-dot-ama-lashes\/#primaryimage"},"thumbnailUrl":"https:\/\/amalashes.com\/wp-content\/uploads\/2025\/11\/volume-drop-dot-ama-lashes-luxury-1.jpg","datePublished":"2025-11-12T15:48:24+00:00","dateModified":"2026-03-26T23:02:42+00:00","description":"Volume Drop Dot este un produs unic care\u00a0 se utilizeaz\u0103 atunci c\u00e2nd va doriti s\u0103 lucra\u021bi \u00een tehnicile de volum | Pret: 5 lei | AMA Lashes","breadcrumb":{"@id":"https:\/\/amalashes.com\/produs\/volume-drop-dot-ama-lashes\/#breadcrumb"},"inLanguage":"en-GB","potentialAction":[{"@type":"ReadAction","target":["https:\/\/amalashes.com\/produs\/volume-drop-dot-ama-lashes\/"]}]},{"@type":"ImageObject","inLanguage":"en-GB","@id":"https:\/\/amalashes.com\/produs\/volume-drop-dot-ama-lashes\/#primaryimage","url":"https:\/\/amalashes.com\/wp-content\/uploads\/2025\/11\/volume-drop-dot-ama-lashes-luxury-1.jpg","contentUrl":"https:\/\/amalashes.com\/wp-content\/uploads\/2025\/11\/volume-drop-dot-ama-lashes-luxury-1.jpg","width":1079,"height":1330,"caption":"Volume Drop Dot AMA Lashes suport silicon pentru evantaie gene volum"},{"@type":"BreadcrumbList","@id":"https:\/\/amalashes.com\/produs\/volume-drop-dot-ama-lashes\/#breadcrumb","itemListElement":[{"@type":"ListItem","position":1,"name":"Prima pagin\u0103","item":"https:\/\/amalashes.com\/"},{"@type":"ListItem","position":2,"name":"AMA SHOP","item":"https:\/\/amalashes.com\/ama-lashes-shop\/"},{"@type":"ListItem","position":3,"name":"Volume Drop Dot AMA Lashes Luxury"}]},{"@type":"WebSite","@id":"https:\/\/amalashes.com\/#website","url":"https:\/\/amalashes.com\/","name":"AMA Lashes","description":"Eyelash Extension Courses and Eyelash Extension Products, Lash Academy AMA Lashes. We offer you the most complete eyelash extension courses with an accredited diploma and a wide range of products and accessories for the application and maintenance of thread-by-thread eyelash extensions, of superior quality at a fair price. AMA Lashes products cannot be missing from the kit of a professional thread-by-thread eyelash extension technician.","publisher":{"@id":"https:\/\/amalashes.com\/#organization"},"potentialAction":[{"@type":"SearchAction","target":{"@type":"EntryPoint","urlTemplate":"https:\/\/amalashes.com\/?s={search_term_string}"},"query-input":{"@type":"PropertyValueSpecification","valueRequired":true,"valueName":"search_term_string"}}],"inLanguage":"en-GB"},{"@type":"Organization","@id":"https:\/\/amalashes.com\/#organization","name":"AMA Lashes","url":"https:\/\/amalashes.com\/","logo":{"@type":"ImageObject","inLanguage":"en-GB","@id":"https:\/\/amalashes.com\/#\/schema\/logo\/image\/","url":"https:\/\/amalashes.com\/wp-content\/uploads\/2020\/12\/Logo-on-black.png","contentUrl":"https:\/\/amalashes.com\/wp-content\/uploads\/2020\/12\/Logo-on-black.png","width":1920,"height":1920,"caption":"AMA Lashes"},"image":{"@id":"https:\/\/amalashes.com\/#\/schema\/logo\/image\/"},"sameAs":["https:\/\/www.facebook.com\/amalashesacademy\/","https:\/\/www.instagram.com\/ama_lashes\/","https:\/\/www.youtube.com\/channel\/UC8xFLI71s3u-oFj2OkPqSUg"]}]}},"_links":{"self":[{"href":"https:\/\/amalashes.com\/gb\/wp-json\/wp\/v2\/product\/17374","targetHints":{"allow":["GET"]}}],"collection":[{"href":"https:\/\/amalashes.com\/gb\/wp-json\/wp\/v2\/product"}],"about":[{"href":"https:\/\/amalashes.com\/gb\/wp-json\/wp\/v2\/types\/product"}],"replies":[{"embeddable":true,"href":"https:\/\/amalashes.com\/gb\/wp-json\/wp\/v2\/comments?post=17374"}],"wp:featuredmedia":[{"embeddable":true,"href":"https:\/\/amalashes.com\/gb\/wp-json\/wp\/v2\/media\/17376"}],"wp:attachment":[{"href":"https:\/\/amalashes.com\/gb\/wp-json\/wp\/v2\/media?parent=17374"}],"wp:term":[{"taxonomy":"product_brand","embeddable":true,"href":"https:\/\/amalashes.com\/gb\/wp-json\/wp\/v2\/product_brand?post=17374"},{"taxonomy":"product_cat","embeddable":true,"href":"https:\/\/amalashes.com\/gb\/wp-json\/wp\/v2\/product_cat?post=17374"},{"taxonomy":"product_tag","embeddable":true,"href":"https:\/\/amalashes.com\/gb\/wp-json\/wp\/v2\/product_tag?post=17374"}],"curies":[{"name":"wp","href":"https:\/\/api.w.org\/{rel}","templated":true}]}}