{"id":17386,"date":"2025-11-13T16:59:17","date_gmt":"2025-11-13T14:59:17","guid":{"rendered":"https:\/\/amalashes.com\/?post_type=product&#038;p=17386"},"modified":"2026-04-03T21:42:29","modified_gmt":"2026-04-03T18:42:29","slug":"servetele-curatare-adeziv-ama-lashes-luxury","status":"publish","type":"product","link":"https:\/\/amalashes.com\/gb\/produs\/servetele-curatare-adeziv-ama-lashes-luxury\/","title":{"rendered":"Servetele curatare fara scame extensii gene"},"content":{"rendered":"<h1 style=\"text-align: center;\">Servetele curatare fara scame extensii gene<\/h1>\n<p style=\"text-align: center;\">Servetele curatare adeziv special create pentru cur\u0103\u021barea surplusului de pe v\u00e2rful sticlu\u021bei de adeziv, a <span style=\"color: #000000;\"><a style=\"color: #000000;\" href=\"https:\/\/amalashes.com\/produs\/penseta-extensii-gene-unghiulara-black-mamba-edition-ama-lashes\/\">pensetelor<\/a><\/span> sau a altor instrumente cosmetice .<\/p>\n<p style=\"text-align: center;\">Pentru rezultate optime aceste servetele curatare fara scame poate folosi impreuna cu celelalte produse pentru <span style=\"color: #000000;\"><a style=\"color: #000000;\" href=\"https:\/\/amalashes.com\/produs\/extensii-gene-negre-010-amaria-collection-ama-lashes\/\">extensii gene<\/a> de la <a style=\"color: #000000;\" href=\"https:\/\/www.facebook.com\/amalashesacademy\">AMA Lashes<\/a> Luxury.<\/span><\/p>\n<p style=\"text-align: center;\" data-path-to-node=\"3\">Fiecare tehnician \u0219tie c\u0103 secretul unei aplic\u0103ri impecabile de gene st\u0103 \u00een detalii, iar men\u021binerea igienei instrumentelor este esen\u021bial\u0103.<\/p>\n<p data-path-to-node=\"3\"><!--more--><\/p>\n<h2 style=\"text-align: center;\" data-path-to-node=\"3\"><b data-path-to-node=\"3\" data-index-in-node=\"138\">Servetele curatare f\u0103r\u0103 scame<\/b> de la AMA Lashes Luxury sunt accesoriul indispensabil din kit-ul t\u0103u.<\/h2>\n<p style=\"text-align: center;\" data-path-to-node=\"3\">Acestea sunt concepute special pentru a face fa\u021b\u0103 provoc\u0103rilor adezivilor de ultim\u0103 genera\u021bie.<\/p>\n<h3 style=\"text-align: center;\" data-path-to-node=\"4\">Adio Scame!<\/h3>\n<p style=\"text-align: center;\" data-path-to-node=\"5\">Spre deosebire de \u0219erve\u021belele de bumbac obi\u0219nuite sau dischetele demachiante clasice, aceste \u0219erve\u021bele au o structur\u0103 dens\u0103 \u0219i fin\u0103 care <b data-path-to-node=\"5\" data-index-in-node=\"137\">nu las\u0103 reziduuri sau scame<\/b>.<\/p>\n<p style=\"text-align: center;\" data-path-to-node=\"5\">Aceast\u0103 caracteristic\u0103 este vital\u0103: orice fibr\u0103 minuscul\u0103 r\u0103mas\u0103 pe v\u00e2rful sticlu\u021bei de adeziv sau pe penset\u0103 poate compromite aderen\u021ba genelor sau poate duce la polimerizarea prematur\u0103 a produsului \u00een interiorul flaconului.<\/p>\n<h3 style=\"text-align: center;\" data-path-to-node=\"6\">Utiliz\u0103ri Multiple pentru un Workflow Eficient<\/h3>\n<p style=\"text-align: center;\" data-path-to-node=\"7\">Versatilitatea lor le transform\u0103 \u00een aliatul t\u0103u num\u0103rul unu \u00een salon:<\/p>\n<ul style=\"text-align: center;\" data-path-to-node=\"8\">\n<li>\n<p data-path-to-node=\"8,0,0\"><b data-path-to-node=\"8,0,0\" data-index-in-node=\"0\">Cur\u0103\u021barea sticlu\u021bei de adeziv:<\/b> \u0218terge \u201en\u0103sucul\u201d flaconului dup\u0103 fiecare utilizare pentru a preveni lipirea capacului \u0219i oxidarea adezivului.<\/p>\n<\/li>\n<li>\n<p data-path-to-node=\"8,1,0\"><b data-path-to-node=\"8,1,0\" data-index-in-node=\"0\">\u00centre\u021binerea pensetelor:<\/b> Men\u021bine instrumentele de precizie curate \u0219i gata de lucru.<\/p>\n<\/li>\n<li>\n<p data-path-to-node=\"8,2,0\"><b data-path-to-node=\"8,2,0\" data-index-in-node=\"0\">Degresarea suprafe\u021belor:<\/b> Ideale pentru a preg\u0103ti zona de lucru sau accesoriile cosmetice mici.<\/p>\n<\/li>\n<li>\n<h3 data-path-to-node=\"8,2,0\">Aceste servetele curatare profesionale f\u0103r\u0103 scame\u00a0 ofera o cur\u0103\u021bare perfect\u0103 pentru extensii de gene<\/h3>\n<\/li>\n<\/ul>\n<h3 style=\"text-align: center;\" data-path-to-node=\"9\">Specifica\u021bii \u0219i Mod de Utilizare<\/h3>\n<p style=\"text-align: center;\" data-path-to-node=\"10\">Pentru a ob\u021bine o cur\u0103\u021bare impecabil\u0103, \u0219terge\u021bi instrumentele imediat dup\u0103 utilizare, \u00eenainte ca adezivul s\u0103 se usuce complet. P<\/p>\n<p style=\"text-align: center;\" data-path-to-node=\"10\">ntru reziduuri persistente, recomand\u0103m aplicarea unei cantit\u0103\u021bi mici de <b data-path-to-node=\"10\" data-index-in-node=\"201\">Gel Remover<\/b> direct pe \u0219erve\u021bel.<\/p>\n<p style=\"text-align: center;\" data-path-to-node=\"11\"><b data-path-to-node=\"11\" data-index-in-node=\"0\">Detalii Produs:<\/b><\/p>\n<ul style=\"text-align: center;\" data-path-to-node=\"12\">\n<li>\n<p data-path-to-node=\"12,0,0\"><b data-path-to-node=\"12,0,0\" data-index-in-node=\"0\">Cantitate:<\/b> Cutie generoas\u0103 cu <b data-path-to-node=\"12,0,0\" data-index-in-node=\"30\">200 de buc\u0103\u021bi<\/b>.<\/p>\n<\/li>\n<li>\n<p data-path-to-node=\"12,1,0\"><b data-path-to-node=\"12,1,0\" data-index-in-node=\"0\">Design:<\/b> Culoare roz vibrant, pentru un plus de stil \u00een salonul t\u0103u.<\/p>\n<\/li>\n<li>\n<p data-path-to-node=\"12,2,0\"><b data-path-to-node=\"12,2,0\" data-index-in-node=\"0\">Dimensiuni:<\/b> Form\u0103 p\u0103trat\u0103 practic\u0103 de <b data-path-to-node=\"12,2,0\" data-index-in-node=\"38\">5cm x 5cm<\/b>.<\/p>\n<\/li>\n<\/ul>\n<p style=\"text-align: center;\" data-path-to-node=\"13\">Investe\u0219te \u00een longevitatea instrumentelor tale \u0219i \u00een calitatea serviciilor oferite.<\/p>\n<p style=\"text-align: center;\" data-path-to-node=\"13\">Alege produsele <b data-path-to-node=\"13\" data-index-in-node=\"100\">AMA Lashes <\/b>\u00a0pentru rezultate profesionale la fiecare aplicare!<\/p>\n","protected":false},"excerpt":{"rendered":"<p style=\"text-align: center;\">Servetele special create, pentru curatarea surplusului de pe varful sticlutei de adeziv.<\/p>\n<p>&nbsp;<\/p>\n<p style=\"text-align: center;\"><strong><span style=\"color: #800000;\">* TRANSPORT GRATUIT IN ROMANIA<br \/>\nla toate comenzile de peste 450 lei<\/span><\/strong><\/p>\n<p>&nbsp;<\/p>\n<p style=\"text-align: center;\"><strong><span style=\"color: #800000;\">* TRANSPORT GRATUIT IN EUROPA<br \/>\nla toate comenzile de peste 1500 lei<\/span><\/strong><\/p>\n<p>&nbsp;<\/p>\n","protected":false},"featured_media":17391,"comment_status":"closed","ping_status":"closed","template":"","meta":[],"product_brand":[],"product_cat":[379,377,1402],"product_tag":[112,889,1386,836,1380,1384,1381,1379,1383,1385,1382],"class_list":{"0":"post-17386","1":"product","2":"type-product","3":"status-publish","4":"has-post-thumbnail","6":"product_cat-accesorii-extensii-gene-ama-lashes","7":"product_cat-intretinere-extensii-gene-fir-cu-fir-ama-lashes","8":"product_cat-produse-accesorii-ingrijire-personala-ama-luxury","9":"product_tag-accesorii-extensii-gene","10":"product_tag-intretinere-extensii-gene","11":"product_tag-mini-servetele-curatare","12":"product_tag-produse-extensii-gene","13":"product_tag-servetele-curatare-adeziv","14":"product_tag-servetele-extensii","15":"product_tag-servetele-fara-scame","16":"product_tag-servetele-gene","17":"product_tag-servetele-manichiura","18":"product_tag-servetele-roz","19":"product_tag-sevetele-curatat-pensete","21":"first","22":"instock","23":"taxable","24":"shipping-taxable","25":"purchasable","26":"product-type-simple"},"translation":{"provider":"WPGlobus","version":"3.0.2","language":"gb","enabled_languages":["ro","gb"],"languages":{"ro":{"title":true,"content":true,"excerpt":true},"gb":{"title":false,"content":false,"excerpt":false}}},"yoast_head":"<!-- This site is optimized with the Yoast SEO plugin v27.4 - https:\/\/yoast.com\/product\/yoast-seo-wordpress\/ -->\n<title>Servetele curatare adeziv | AMA Lashes<\/title>\n<meta name=\"robots\" content=\"index, follow, max-snippet:-1, max-image-preview:large, max-video-preview:-1\" \/>\n<link rel=\"canonical\" href=\"https:\/\/amalashes.com\/produs\/servetele-curatare-adeziv-ama-lashes-luxury\/\" \/>\n<meta property=\"og:locale\" content=\"en_GB\" \/>\n<meta property=\"og:type\" content=\"article\" \/>\n<meta property=\"og:title\" content=\"Servetele curatare fara scame extensii gene | AMA Lashes\" \/>\n<meta property=\"og:url\" content=\"https:\/\/amalashes.com\/produs\/servetele-curatare-adeziv-ama-lashes-luxury\/\" \/>\n<meta property=\"og:site_name\" content=\"AMA Lashes\" \/>\n<meta property=\"article:publisher\" content=\"https:\/\/www.facebook.com\/amalashesacademy\/\" \/>\n<meta property=\"article:modified_time\" content=\"2026-04-03T18:42:29+00:00\" \/>\n<meta property=\"og:image\" content=\"https:\/\/amalashes.com\/wp-content\/uploads\/2025\/11\/servetele-curatare-adeziv-ama-lashes-luxury.jpg\" \/>\n\t<meta property=\"og:image:width\" content=\"1070\" \/>\n\t<meta property=\"og:image:height\" content=\"1600\" \/>\n\t<meta property=\"og:image:type\" content=\"image\/jpeg\" \/>\n<meta name=\"twitter:card\" content=\"summary_large_image\" \/>\n<meta name=\"twitter:label1\" content=\"Est. reading time\" \/>\n\t<meta name=\"twitter:data1\" content=\"2 minutes\" \/>\n<script type=\"application\/ld+json\" class=\"yoast-schema-graph\">{\"@context\":\"https:\\\/\\\/schema.org\",\"@graph\":[{\"@type\":\"WebPage\",\"@id\":\"https:\\\/\\\/amalashes.com\\\/produs\\\/servetele-curatare-adeziv-ama-lashes-luxury\\\/\",\"url\":\"https:\\\/\\\/amalashes.com\\\/produs\\\/servetele-curatare-adeziv-ama-lashes-luxury\\\/\",\"name\":\"Servetele curatare adeziv | AMA Lashes\",\"isPartOf\":{\"@id\":\"https:\\\/\\\/amalashes.com\\\/#website\"},\"primaryImageOfPage\":{\"@id\":\"https:\\\/\\\/amalashes.com\\\/produs\\\/servetele-curatare-adeziv-ama-lashes-luxury\\\/#primaryimage\"},\"image\":{\"@id\":\"https:\\\/\\\/amalashes.com\\\/produs\\\/servetele-curatare-adeziv-ama-lashes-luxury\\\/#primaryimage\"},\"thumbnailUrl\":\"https:\\\/\\\/amalashes.com\\\/wp-content\\\/uploads\\\/2025\\\/11\\\/servetele-curatare-adeziv-ama-lashes-luxury.jpg\",\"datePublished\":\"2025-11-13T14:59:17+00:00\",\"dateModified\":\"2026-04-03T18:42:29+00:00\",\"description\":\"Servetele curatare adeziv special create, pentru curatarea surplusului de pe varful sticlutei de adeziv, a pensetei extensii gene fir cu fir | AMA Lashes\",\"breadcrumb\":{\"@id\":\"https:\\\/\\\/amalashes.com\\\/produs\\\/servetele-curatare-adeziv-ama-lashes-luxury\\\/#breadcrumb\"},\"inLanguage\":\"en-GB\",\"potentialAction\":[{\"@type\":\"ReadAction\",\"target\":[\"https:\\\/\\\/amalashes.com\\\/produs\\\/servetele-curatare-adeziv-ama-lashes-luxury\\\/\"]}]},{\"@type\":\"ImageObject\",\"inLanguage\":\"en-GB\",\"@id\":\"https:\\\/\\\/amalashes.com\\\/produs\\\/servetele-curatare-adeziv-ama-lashes-luxury\\\/#primaryimage\",\"url\":\"https:\\\/\\\/amalashes.com\\\/wp-content\\\/uploads\\\/2025\\\/11\\\/servetele-curatare-adeziv-ama-lashes-luxury.jpg\",\"contentUrl\":\"https:\\\/\\\/amalashes.com\\\/wp-content\\\/uploads\\\/2025\\\/11\\\/servetele-curatare-adeziv-ama-lashes-luxury.jpg\",\"width\":1070,\"height\":1600,\"caption\":\"Servetele curatare fara scame extensii gene AMA Lashes Luxury cutie 200 bucati\"},{\"@type\":\"BreadcrumbList\",\"@id\":\"https:\\\/\\\/amalashes.com\\\/produs\\\/servetele-curatare-adeziv-ama-lashes-luxury\\\/#breadcrumb\",\"itemListElement\":[{\"@type\":\"ListItem\",\"position\":1,\"name\":\"Prima pagin\u0103\",\"item\":\"https:\\\/\\\/amalashes.com\\\/\"},{\"@type\":\"ListItem\",\"position\":2,\"name\":\"AMA SHOP\",\"item\":\"https:\\\/\\\/amalashes.com\\\/ama-lashes-shop\\\/\"},{\"@type\":\"ListItem\",\"position\":3,\"name\":\"Servetele curatare fara scame extensii gene\"}]},{\"@type\":\"WebSite\",\"@id\":\"https:\\\/\\\/amalashes.com\\\/#website\",\"url\":\"https:\\\/\\\/amalashes.com\\\/\",\"name\":\"AMA Lashes\",\"description\":\"Eyelash Extension Courses and Eyelash Extension Products, Lash Academy AMA Lashes. We offer you the most complete eyelash extension courses with an accredited diploma and a wide range of products and accessories for the application and maintenance of thread-by-thread eyelash extensions, of superior quality at a fair price. AMA Lashes products cannot be missing from the kit of a professional thread-by-thread eyelash extension technician.\",\"publisher\":{\"@id\":\"https:\\\/\\\/amalashes.com\\\/#organization\"},\"potentialAction\":[{\"@type\":\"SearchAction\",\"target\":{\"@type\":\"EntryPoint\",\"urlTemplate\":\"https:\\\/\\\/amalashes.com\\\/?s={search_term_string}\"},\"query-input\":{\"@type\":\"PropertyValueSpecification\",\"valueRequired\":true,\"valueName\":\"search_term_string\"}}],\"inLanguage\":\"en-GB\"},{\"@type\":\"Organization\",\"@id\":\"https:\\\/\\\/amalashes.com\\\/#organization\",\"name\":\"AMA Lashes\",\"url\":\"https:\\\/\\\/amalashes.com\\\/\",\"logo\":{\"@type\":\"ImageObject\",\"inLanguage\":\"en-GB\",\"@id\":\"https:\\\/\\\/amalashes.com\\\/#\\\/schema\\\/logo\\\/image\\\/\",\"url\":\"https:\\\/\\\/amalashes.com\\\/wp-content\\\/uploads\\\/2020\\\/12\\\/Logo-on-black.png\",\"contentUrl\":\"https:\\\/\\\/amalashes.com\\\/wp-content\\\/uploads\\\/2020\\\/12\\\/Logo-on-black.png\",\"width\":1920,\"height\":1920,\"caption\":\"AMA Lashes\"},\"image\":{\"@id\":\"https:\\\/\\\/amalashes.com\\\/#\\\/schema\\\/logo\\\/image\\\/\"},\"sameAs\":[\"https:\\\/\\\/www.facebook.com\\\/amalashesacademy\\\/\",\"https:\\\/\\\/www.instagram.com\\\/ama_lashes\\\/\",\"https:\\\/\\\/www.youtube.com\\\/channel\\\/UC8xFLI71s3u-oFj2OkPqSUg\"]}]}<\/script>\n<!-- \/ Yoast SEO plugin. -->","yoast_head_json":{"title":"Servetele curatare adeziv | AMA Lashes","robots":{"index":"index","follow":"follow","max-snippet":"max-snippet:-1","max-image-preview":"max-image-preview:large","max-video-preview":"max-video-preview:-1"},"canonical":"https:\/\/amalashes.com\/produs\/servetele-curatare-adeziv-ama-lashes-luxury\/","og_locale":"en_GB","og_type":"article","og_title":"Servetele curatare fara scame extensii gene | AMA Lashes","og_url":"https:\/\/amalashes.com\/produs\/servetele-curatare-adeziv-ama-lashes-luxury\/","og_site_name":"AMA Lashes","article_publisher":"https:\/\/www.facebook.com\/amalashesacademy\/","article_modified_time":"2026-04-03T18:42:29+00:00","og_image":[{"width":1070,"height":1600,"url":"https:\/\/amalashes.com\/wp-content\/uploads\/2025\/11\/servetele-curatare-adeziv-ama-lashes-luxury.jpg","type":"image\/jpeg"}],"twitter_card":"summary_large_image","twitter_misc":{"Est. reading time":"2 minutes"},"schema":{"@context":"https:\/\/schema.org","@graph":[{"@type":"WebPage","@id":"https:\/\/amalashes.com\/produs\/servetele-curatare-adeziv-ama-lashes-luxury\/","url":"https:\/\/amalashes.com\/produs\/servetele-curatare-adeziv-ama-lashes-luxury\/","name":"Servetele curatare adeziv | AMA Lashes","isPartOf":{"@id":"https:\/\/amalashes.com\/#website"},"primaryImageOfPage":{"@id":"https:\/\/amalashes.com\/produs\/servetele-curatare-adeziv-ama-lashes-luxury\/#primaryimage"},"image":{"@id":"https:\/\/amalashes.com\/produs\/servetele-curatare-adeziv-ama-lashes-luxury\/#primaryimage"},"thumbnailUrl":"https:\/\/amalashes.com\/wp-content\/uploads\/2025\/11\/servetele-curatare-adeziv-ama-lashes-luxury.jpg","datePublished":"2025-11-13T14:59:17+00:00","dateModified":"2026-04-03T18:42:29+00:00","description":"Servetele curatare adeziv special create, pentru curatarea surplusului de pe varful sticlutei de adeziv, a pensetei extensii gene fir cu fir | AMA Lashes","breadcrumb":{"@id":"https:\/\/amalashes.com\/produs\/servetele-curatare-adeziv-ama-lashes-luxury\/#breadcrumb"},"inLanguage":"en-GB","potentialAction":[{"@type":"ReadAction","target":["https:\/\/amalashes.com\/produs\/servetele-curatare-adeziv-ama-lashes-luxury\/"]}]},{"@type":"ImageObject","inLanguage":"en-GB","@id":"https:\/\/amalashes.com\/produs\/servetele-curatare-adeziv-ama-lashes-luxury\/#primaryimage","url":"https:\/\/amalashes.com\/wp-content\/uploads\/2025\/11\/servetele-curatare-adeziv-ama-lashes-luxury.jpg","contentUrl":"https:\/\/amalashes.com\/wp-content\/uploads\/2025\/11\/servetele-curatare-adeziv-ama-lashes-luxury.jpg","width":1070,"height":1600,"caption":"Servetele curatare fara scame extensii gene AMA Lashes Luxury cutie 200 bucati"},{"@type":"BreadcrumbList","@id":"https:\/\/amalashes.com\/produs\/servetele-curatare-adeziv-ama-lashes-luxury\/#breadcrumb","itemListElement":[{"@type":"ListItem","position":1,"name":"Prima pagin\u0103","item":"https:\/\/amalashes.com\/"},{"@type":"ListItem","position":2,"name":"AMA SHOP","item":"https:\/\/amalashes.com\/ama-lashes-shop\/"},{"@type":"ListItem","position":3,"name":"Servetele curatare fara scame extensii gene"}]},{"@type":"WebSite","@id":"https:\/\/amalashes.com\/#website","url":"https:\/\/amalashes.com\/","name":"AMA Lashes","description":"Eyelash Extension Courses and Eyelash Extension Products, Lash Academy AMA Lashes. We offer you the most complete eyelash extension courses with an accredited diploma and a wide range of products and accessories for the application and maintenance of thread-by-thread eyelash extensions, of superior quality at a fair price. AMA Lashes products cannot be missing from the kit of a professional thread-by-thread eyelash extension technician.","publisher":{"@id":"https:\/\/amalashes.com\/#organization"},"potentialAction":[{"@type":"SearchAction","target":{"@type":"EntryPoint","urlTemplate":"https:\/\/amalashes.com\/?s={search_term_string}"},"query-input":{"@type":"PropertyValueSpecification","valueRequired":true,"valueName":"search_term_string"}}],"inLanguage":"en-GB"},{"@type":"Organization","@id":"https:\/\/amalashes.com\/#organization","name":"AMA Lashes","url":"https:\/\/amalashes.com\/","logo":{"@type":"ImageObject","inLanguage":"en-GB","@id":"https:\/\/amalashes.com\/#\/schema\/logo\/image\/","url":"https:\/\/amalashes.com\/wp-content\/uploads\/2020\/12\/Logo-on-black.png","contentUrl":"https:\/\/amalashes.com\/wp-content\/uploads\/2020\/12\/Logo-on-black.png","width":1920,"height":1920,"caption":"AMA Lashes"},"image":{"@id":"https:\/\/amalashes.com\/#\/schema\/logo\/image\/"},"sameAs":["https:\/\/www.facebook.com\/amalashesacademy\/","https:\/\/www.instagram.com\/ama_lashes\/","https:\/\/www.youtube.com\/channel\/UC8xFLI71s3u-oFj2OkPqSUg"]}]}},"_links":{"self":[{"href":"https:\/\/amalashes.com\/gb\/wp-json\/wp\/v2\/product\/17386","targetHints":{"allow":["GET"]}}],"collection":[{"href":"https:\/\/amalashes.com\/gb\/wp-json\/wp\/v2\/product"}],"about":[{"href":"https:\/\/amalashes.com\/gb\/wp-json\/wp\/v2\/types\/product"}],"replies":[{"embeddable":true,"href":"https:\/\/amalashes.com\/gb\/wp-json\/wp\/v2\/comments?post=17386"}],"wp:featuredmedia":[{"embeddable":true,"href":"https:\/\/amalashes.com\/gb\/wp-json\/wp\/v2\/media\/17391"}],"wp:attachment":[{"href":"https:\/\/amalashes.com\/gb\/wp-json\/wp\/v2\/media?parent=17386"}],"wp:term":[{"taxonomy":"product_brand","embeddable":true,"href":"https:\/\/amalashes.com\/gb\/wp-json\/wp\/v2\/product_brand?post=17386"},{"taxonomy":"product_cat","embeddable":true,"href":"https:\/\/amalashes.com\/gb\/wp-json\/wp\/v2\/product_cat?post=17386"},{"taxonomy":"product_tag","embeddable":true,"href":"https:\/\/amalashes.com\/gb\/wp-json\/wp\/v2\/product_tag?post=17386"}],"curies":[{"name":"wp","href":"https:\/\/api.w.org\/{rel}","templated":true}]}}