{"id":17401,"date":"2025-11-18T13:01:01","date_gmt":"2025-11-18T11:01:01","guid":{"rendered":"https:\/\/amalashes.com\/?post_type=product&#038;p=17401"},"modified":"2026-04-02T11:39:00","modified_gmt":"2026-04-02T08:39:00","slug":"plasturi-autoadezivi-extensii-gene-ama-lashes","status":"publish","type":"product","link":"https:\/\/amalashes.com\/gb\/produs\/plasturi-autoadezivi-extensii-gene-ama-lashes\/","title":{"rendered":"Plasturi spuma auto adezivi extensii gene de la AMA Lashes"},"content":{"rendered":"<p style=\"text-align: center;\" data-path-to-node=\"3\">Ace\u0219ti <b data-path-to-node=\"3\" data-index-in-node=\"97\">plasturi autoadezivi <span style=\"color: #000000;\"><a style=\"color: #000000;\" href=\"https:\/\/amalashes.com\/produs\/extensii-gene-negre-dahoma-collection-ama-lashes\/\">extensii gene<\/a><\/span><\/b> din spum\u0103 de la <span style=\"color: #000000;\"><a style=\"color: #000000;\" href=\"https:\/\/www.facebook.com\/amalashesacademy\">AMA Lashes<\/a><\/span> nu sunt doar un accesoriu de protec\u021bie.<\/p>\n<p style=\"text-align: center;\" data-path-to-node=\"3\">Acestia sunt un instrument de precizie creat pentru a \u00eembun\u0103t\u0103\u021bi experien\u021ba tehnicianului \u0219i confortul clientei.<\/p>\n<p style=\"text-align: center;\" data-path-to-node=\"3\">Cu o form\u0103 nou\u0103 alungit\u0103 \u0219i un factor de adezivitate ridicat, ace\u0219tia r\u0103m\u00e2n fixa\u021bi impecabil, f\u0103r\u0103 a se deplasa \u00een timpul vorbirii sau schimb\u0103rii expresiilor faciale.<\/p>\n<p style=\"text-align: center;\" data-path-to-node=\"3\">Stabilitatea \u0219i vizibilitatea sunt esen\u021biale \u00een procesul meticulos de aplicare a genelor.<\/p>\n<p data-path-to-node=\"3\"><img loading=\"lazy\" decoding=\"async\" class=\"size-full wp-image-18642 aligncenter\" src=\"https:\/\/amalashes.com\/wp-content\/uploads\/2025\/11\/plasturi-autoadezivi-extensii-gene-ama-lashes-luxury.jpg\" alt=\"\" width=\"343\" height=\"300\" \/><!--more--><\/p>\n<h3 style=\"text-align: center;\" data-path-to-node=\"4\">1. Vizibilitate sporit\u0103 \u0219i suprafa\u021b\u0103 &#8220;Lint-Free&#8221; cu plasturi autoadezivi extensii gene.<\/h3>\n<p style=\"text-align: center;\" data-path-to-node=\"5\">Culoarea <b data-path-to-node=\"5\" data-index-in-node=\"9\">alb sidef mat<\/b> a fost aleas\u0103 strategic pentru a optimiza vizibilitatea \u00een timpul lucrului.<\/p>\n<p style=\"text-align: center;\" data-path-to-node=\"5\">Aceast\u0103 nuan\u021b\u0103 reflect\u0103 lumina \u00eentr-un mod bl\u00e2nd, prevenind oboseala ocular\u0103 a tehnicianului \u0219i f\u0103c\u00e2nd vizibile chiar \u0219i cele mai fine fire de tip \u201ebaby lashes\u201d.<\/p>\n<p style=\"text-align: center;\" data-path-to-node=\"5\">Suprafa\u021ba este complet lipsit\u0103 de scame (lint-free), elimin\u00e2nd riscul de a ag\u0103\u021ba penseta \u00een fibre, asigur\u00e2nd astfel o procedur\u0103 fluid\u0103 \u0219i rapid\u0103.<\/p>\n<h3 style=\"text-align: center;\" data-path-to-node=\"6\">2. Tratament cu Aloe Vera \u0219i siguran\u021b\u0103 maxim\u0103 cu plasturi autoadezivi extensii <span style=\"color: #000000;\"><a style=\"color: #000000;\" href=\"https:\/\/amalashes.com\/produs\/extensii-gene-negre-010-amaria-collection-ama-lashes\/\">gene<\/a><\/span>.<\/h3>\n<p style=\"text-align: center;\" data-path-to-node=\"7\">De\u0219i sunt accesorii tehnice, ace\u0219ti <span style=\"color: #000000;\"><a style=\"color: #000000;\" href=\"https:\/\/amalashes.com\/produs\/masca-hidratanta-tip-plasturi-ama-lashes\/\">plasturi<\/a> <\/span>ofer\u0103 un beneficiu extra: con\u021bin un extract pe baz\u0103 de <b data-path-to-node=\"7\" data-index-in-node=\"100\">aloe vera (hydrogel). <\/b><\/p>\n<p style=\"text-align: center;\" data-path-to-node=\"7\">Extract care hidrateaz\u0103 zona de sub ochi \u0219i ac\u021bioneaz\u0103 \u00eempotriva cearc\u0103nelor.<\/p>\n<p style=\"text-align: center;\" data-path-to-node=\"7\">Formula este hipoalergenic\u0103, sc\u0103z\u00e2nd la minimum \u0219ansele de iritare a pielii.<\/p>\n<p style=\"text-align: center;\" data-path-to-node=\"7\">Grosimea ideal\u0103 a spumei ofer\u0103 o barier\u0103 sigur\u0103, iar la finalul procedurii, ace\u0219tia se desprind curat \u0219i f\u0103r\u0103 durere. Plasturii nel\u0103s\u00e2nd reziduuri pe pielea clientei.<\/p>\n<hr data-path-to-node=\"8\" \/>\n<h3 style=\"text-align: center;\" data-path-to-node=\"9\">Ghid de Aplicare pentru Profesioni\u0219ti<\/h3>\n<ol start=\"1\" data-path-to-node=\"10\">\n<li style=\"text-align: center;\">\n<p data-path-to-node=\"10,0,0\"><b data-path-to-node=\"10,0,0\" data-index-in-node=\"0\">Regula de 1-2 mm:<\/b> Pozi\u021bioneaz\u0103 plasturele la 1-2 mm sub linia genelor inferioare pentru a evita iritarea mucoasei.<\/p>\n<\/li>\n<li style=\"text-align: center;\">\n<p data-path-to-node=\"10,1,0\"><b data-path-to-node=\"10,1,0\" data-index-in-node=\"0\">Tehnica Verific\u0103rii:<\/b> Dup\u0103 ce clienta \u00eenchide ochii, asigur\u0103-te c\u0103 marginea plasturelui nu \u201e\u00eempinge\u201d pleoapa inferioar\u0103 spre cornee.<\/p>\n<\/li>\n<li style=\"text-align: center;\">\n<p data-path-to-node=\"10,2,0\"><b data-path-to-node=\"10,2,0\" data-index-in-node=\"0\">Ajustarea pe Curbur\u0103:<\/b> Urmeaz\u0103 linia natural\u0103 a fe\u021bei. Datorit\u0103 formei alungite, col\u021bul extern este izolat perfect dintr-o singur\u0103 mi\u0219care.<\/p>\n<\/li>\n<li>\n<p style=\"text-align: center;\" data-path-to-node=\"10,3,0\"><b data-path-to-node=\"10,3,0\" data-index-in-node=\"0\">Gestionarea Firelor Fine:<\/b> Pe fundalul alb mat, orice <span style=\"color: #000000;\"><a style=\"color: #000000;\" href=\"https:\/\/amalashes.com\/produs\/extensii-gene-negre-007-amaria-colection-by-ama-lashes\/\">gean\u0103<\/a> <\/span>superioar\u0103 prins\u0103 sub plasture devine imediat vizibil\u0103 \u0219i poate fi eliberat\u0103 u\u0219or cu penseta.<\/p>\n<\/li>\n<\/ol>\n","protected":false},"excerpt":{"rendered":"<p style=\"text-align: center;\"><strong>Ambalate individual pentru a evita contaminarea incrucisata.<\/strong><\/p>\n<p style=\"text-align: center;\"><strong>Produs de unica folosinta.<\/strong><\/p>\n<p style=\"text-align: center;\"><strong>Fabricat in RPC<\/strong><\/p>\n<p>&nbsp;<\/p>\n<p style=\"text-align: center;\"><strong><span style=\"color: #800000;\">* TRANSPORT GRATUIT IN ROMANIA<br \/>\nla toate comenzile de peste 450 lei<\/span><\/strong><\/p>\n<p style=\"text-align: center;\"><strong><span style=\"color: #800000;\">* TRANSPORT GRATUIT IN EUROPA<br \/>\nla toate comenzile de peste 1500 lei<\/span><\/strong><\/p>\n<p>&nbsp;<\/p>\n<p>&nbsp;<\/p>\n","protected":false},"featured_media":18642,"comment_status":"open","ping_status":"closed","template":"","meta":[],"product_brand":[],"product_cat":[379,377],"product_tag":[112,652,130,520,1389,325,330,1582,1387,1388,698,1392,1394,1395],"class_list":{"0":"post-17401","1":"product","2":"type-product","3":"status-publish","4":"has-post-thumbnail","6":"product_cat-accesorii-extensii-gene-ama-lashes","7":"product_cat-intretinere-extensii-gene-fir-cu-fir-ama-lashes","8":"product_tag-accesorii-extensii-gene","9":"product_tag-accesorii-gene","10":"product_tag-eye-patches","11":"product_tag-eyelash-extensions","12":"product_tag-eyelash-extensions-patch","13":"product_tag-patches","14":"product_tag-plasturi-adezivi","15":"product_tag-plasturi-autoadezivi-gene","16":"product_tag-plasturi-extensii","17":"product_tag-plasturi-extensii-gene","18":"product_tag-plasturi-gene","19":"product_tag-plasturi-hidratanti","20":"product_tag-plasturi-spuma","21":"product_tag-plasturi-spuma-extensii-gene","23":"first","24":"instock","25":"taxable","26":"shipping-taxable","27":"purchasable","28":"product-type-variable"},"translation":{"provider":"WPGlobus","version":"3.0.2","language":"gb","enabled_languages":["ro","gb"],"languages":{"ro":{"title":true,"content":true,"excerpt":true},"gb":{"title":false,"content":false,"excerpt":false}}},"yoast_head":"<!-- This site is optimized with the Yoast SEO plugin v27.3 - https:\/\/yoast.com\/product\/yoast-seo-wordpress\/ -->\n<title>Plasturi autoadezivi extensii gene | AMA Lashes<\/title>\n<meta name=\"robots\" content=\"index, follow, max-snippet:-1, max-image-preview:large, max-video-preview:-1\" \/>\n<link rel=\"canonical\" href=\"https:\/\/amalashes.com\/produs\/plasturi-autoadezivi-extensii-gene-ama-lashes\/\" \/>\n<meta property=\"og:locale\" content=\"en_GB\" \/>\n<meta property=\"og:type\" content=\"article\" \/>\n<meta property=\"og:title\" content=\"Plasturi spuma auto adezivi extensii gene de la AMA Lashes | AMA Lashes\" \/>\n<meta property=\"og:url\" content=\"https:\/\/amalashes.com\/produs\/plasturi-autoadezivi-extensii-gene-ama-lashes\/\" \/>\n<meta property=\"og:site_name\" content=\"AMA Lashes\" \/>\n<meta property=\"article:publisher\" content=\"https:\/\/www.facebook.com\/amalashesacademy\/\" \/>\n<meta property=\"article:modified_time\" content=\"2026-04-02T08:39:00+00:00\" \/>\n<meta property=\"og:image\" content=\"https:\/\/amalashes.com\/wp-content\/uploads\/2025\/11\/plasturi-autoadezivi-extensii-gene-ama-lashes-luxury.jpg\" \/>\n\t<meta property=\"og:image:width\" content=\"343\" \/>\n\t<meta property=\"og:image:height\" content=\"300\" \/>\n\t<meta property=\"og:image:type\" content=\"image\/jpeg\" \/>\n<meta name=\"twitter:card\" content=\"summary_large_image\" \/>\n<meta name=\"twitter:label1\" content=\"Est. reading time\" \/>\n\t<meta name=\"twitter:data1\" content=\"3 minutes\" \/>\n<script type=\"application\/ld+json\" class=\"yoast-schema-graph\">{\"@context\":\"https:\\\/\\\/schema.org\",\"@graph\":[{\"@type\":\"WebPage\",\"@id\":\"https:\\\/\\\/amalashes.com\\\/produs\\\/plasturi-autoadezivi-extensii-gene-ama-lashes\\\/\",\"url\":\"https:\\\/\\\/amalashes.com\\\/produs\\\/plasturi-autoadezivi-extensii-gene-ama-lashes\\\/\",\"name\":\"Plasturi autoadezivi extensii gene | AMA Lashes\",\"isPartOf\":{\"@id\":\"https:\\\/\\\/amalashes.com\\\/#website\"},\"primaryImageOfPage\":{\"@id\":\"https:\\\/\\\/amalashes.com\\\/produs\\\/plasturi-autoadezivi-extensii-gene-ama-lashes\\\/#primaryimage\"},\"image\":{\"@id\":\"https:\\\/\\\/amalashes.com\\\/produs\\\/plasturi-autoadezivi-extensii-gene-ama-lashes\\\/#primaryimage\"},\"thumbnailUrl\":\"https:\\\/\\\/amalashes.com\\\/wp-content\\\/uploads\\\/2025\\\/11\\\/plasturi-autoadezivi-extensii-gene-ama-lashes-luxury.jpg\",\"datePublished\":\"2025-11-18T11:01:01+00:00\",\"dateModified\":\"2026-04-02T08:39:00+00:00\",\"description\":\"Plasturi spuma autoadezivi extensii gene. Forma deosebita cu un factor de adezivitate ridicat, nu se deplaseaza la schimbarea expresiei faciale | AMA Lashes\",\"breadcrumb\":{\"@id\":\"https:\\\/\\\/amalashes.com\\\/produs\\\/plasturi-autoadezivi-extensii-gene-ama-lashes\\\/#breadcrumb\"},\"inLanguage\":\"en-GB\",\"potentialAction\":[{\"@type\":\"ReadAction\",\"target\":[\"https:\\\/\\\/amalashes.com\\\/produs\\\/plasturi-autoadezivi-extensii-gene-ama-lashes\\\/\"]}]},{\"@type\":\"ImageObject\",\"inLanguage\":\"en-GB\",\"@id\":\"https:\\\/\\\/amalashes.com\\\/produs\\\/plasturi-autoadezivi-extensii-gene-ama-lashes\\\/#primaryimage\",\"url\":\"https:\\\/\\\/amalashes.com\\\/wp-content\\\/uploads\\\/2025\\\/11\\\/plasturi-autoadezivi-extensii-gene-ama-lashes-luxury.jpg\",\"contentUrl\":\"https:\\\/\\\/amalashes.com\\\/wp-content\\\/uploads\\\/2025\\\/11\\\/plasturi-autoadezivi-extensii-gene-ama-lashes-luxury.jpg\",\"width\":343,\"height\":300,\"caption\":\"Plasture autoadezivi extensii gene AMA Lashes Luxury\"},{\"@type\":\"BreadcrumbList\",\"@id\":\"https:\\\/\\\/amalashes.com\\\/produs\\\/plasturi-autoadezivi-extensii-gene-ama-lashes\\\/#breadcrumb\",\"itemListElement\":[{\"@type\":\"ListItem\",\"position\":1,\"name\":\"Prima pagin\u0103\",\"item\":\"https:\\\/\\\/amalashes.com\\\/\"},{\"@type\":\"ListItem\",\"position\":2,\"name\":\"AMA SHOP\",\"item\":\"https:\\\/\\\/amalashes.com\\\/ama-lashes-shop\\\/\"},{\"@type\":\"ListItem\",\"position\":3,\"name\":\"Plasturi spuma auto adezivi extensii gene de la AMA Lashes\"}]},{\"@type\":\"WebSite\",\"@id\":\"https:\\\/\\\/amalashes.com\\\/#website\",\"url\":\"https:\\\/\\\/amalashes.com\\\/\",\"name\":\"AMA Lashes\",\"description\":\"Eyelash Extension Courses and Eyelash Extension Products, Lash Academy AMA Lashes. We offer you the most complete eyelash extension courses with an accredited diploma and a wide range of products and accessories for the application and maintenance of thread-by-thread eyelash extensions, of superior quality at a fair price. AMA Lashes products cannot be missing from the kit of a professional thread-by-thread eyelash extension technician.\",\"publisher\":{\"@id\":\"https:\\\/\\\/amalashes.com\\\/#organization\"},\"potentialAction\":[{\"@type\":\"SearchAction\",\"target\":{\"@type\":\"EntryPoint\",\"urlTemplate\":\"https:\\\/\\\/amalashes.com\\\/?s={search_term_string}\"},\"query-input\":{\"@type\":\"PropertyValueSpecification\",\"valueRequired\":true,\"valueName\":\"search_term_string\"}}],\"inLanguage\":\"en-GB\"},{\"@type\":\"Organization\",\"@id\":\"https:\\\/\\\/amalashes.com\\\/#organization\",\"name\":\"AMA Lashes\",\"url\":\"https:\\\/\\\/amalashes.com\\\/\",\"logo\":{\"@type\":\"ImageObject\",\"inLanguage\":\"en-GB\",\"@id\":\"https:\\\/\\\/amalashes.com\\\/#\\\/schema\\\/logo\\\/image\\\/\",\"url\":\"https:\\\/\\\/amalashes.com\\\/wp-content\\\/uploads\\\/2020\\\/12\\\/Logo-on-black.png\",\"contentUrl\":\"https:\\\/\\\/amalashes.com\\\/wp-content\\\/uploads\\\/2020\\\/12\\\/Logo-on-black.png\",\"width\":1920,\"height\":1920,\"caption\":\"AMA Lashes\"},\"image\":{\"@id\":\"https:\\\/\\\/amalashes.com\\\/#\\\/schema\\\/logo\\\/image\\\/\"},\"sameAs\":[\"https:\\\/\\\/www.facebook.com\\\/amalashesacademy\\\/\",\"https:\\\/\\\/www.instagram.com\\\/ama_lashes\\\/\",\"https:\\\/\\\/www.youtube.com\\\/channel\\\/UC8xFLI71s3u-oFj2OkPqSUg\"]}]}<\/script>\n<!-- \/ Yoast SEO plugin. -->","yoast_head_json":{"title":"Plasturi autoadezivi extensii gene | AMA Lashes","robots":{"index":"index","follow":"follow","max-snippet":"max-snippet:-1","max-image-preview":"max-image-preview:large","max-video-preview":"max-video-preview:-1"},"canonical":"https:\/\/amalashes.com\/produs\/plasturi-autoadezivi-extensii-gene-ama-lashes\/","og_locale":"en_GB","og_type":"article","og_title":"Plasturi spuma auto adezivi extensii gene de la AMA Lashes | AMA Lashes","og_url":"https:\/\/amalashes.com\/produs\/plasturi-autoadezivi-extensii-gene-ama-lashes\/","og_site_name":"AMA Lashes","article_publisher":"https:\/\/www.facebook.com\/amalashesacademy\/","article_modified_time":"2026-04-02T08:39:00+00:00","og_image":[{"width":343,"height":300,"url":"https:\/\/amalashes.com\/wp-content\/uploads\/2025\/11\/plasturi-autoadezivi-extensii-gene-ama-lashes-luxury.jpg","type":"image\/jpeg"}],"twitter_card":"summary_large_image","twitter_misc":{"Est. reading time":"3 minutes"},"schema":{"@context":"https:\/\/schema.org","@graph":[{"@type":"WebPage","@id":"https:\/\/amalashes.com\/produs\/plasturi-autoadezivi-extensii-gene-ama-lashes\/","url":"https:\/\/amalashes.com\/produs\/plasturi-autoadezivi-extensii-gene-ama-lashes\/","name":"Plasturi autoadezivi extensii gene | AMA Lashes","isPartOf":{"@id":"https:\/\/amalashes.com\/#website"},"primaryImageOfPage":{"@id":"https:\/\/amalashes.com\/produs\/plasturi-autoadezivi-extensii-gene-ama-lashes\/#primaryimage"},"image":{"@id":"https:\/\/amalashes.com\/produs\/plasturi-autoadezivi-extensii-gene-ama-lashes\/#primaryimage"},"thumbnailUrl":"https:\/\/amalashes.com\/wp-content\/uploads\/2025\/11\/plasturi-autoadezivi-extensii-gene-ama-lashes-luxury.jpg","datePublished":"2025-11-18T11:01:01+00:00","dateModified":"2026-04-02T08:39:00+00:00","description":"Plasturi spuma autoadezivi extensii gene. Forma deosebita cu un factor de adezivitate ridicat, nu se deplaseaza la schimbarea expresiei faciale | AMA Lashes","breadcrumb":{"@id":"https:\/\/amalashes.com\/produs\/plasturi-autoadezivi-extensii-gene-ama-lashes\/#breadcrumb"},"inLanguage":"en-GB","potentialAction":[{"@type":"ReadAction","target":["https:\/\/amalashes.com\/produs\/plasturi-autoadezivi-extensii-gene-ama-lashes\/"]}]},{"@type":"ImageObject","inLanguage":"en-GB","@id":"https:\/\/amalashes.com\/produs\/plasturi-autoadezivi-extensii-gene-ama-lashes\/#primaryimage","url":"https:\/\/amalashes.com\/wp-content\/uploads\/2025\/11\/plasturi-autoadezivi-extensii-gene-ama-lashes-luxury.jpg","contentUrl":"https:\/\/amalashes.com\/wp-content\/uploads\/2025\/11\/plasturi-autoadezivi-extensii-gene-ama-lashes-luxury.jpg","width":343,"height":300,"caption":"Plasture autoadezivi extensii gene AMA Lashes Luxury"},{"@type":"BreadcrumbList","@id":"https:\/\/amalashes.com\/produs\/plasturi-autoadezivi-extensii-gene-ama-lashes\/#breadcrumb","itemListElement":[{"@type":"ListItem","position":1,"name":"Prima pagin\u0103","item":"https:\/\/amalashes.com\/"},{"@type":"ListItem","position":2,"name":"AMA SHOP","item":"https:\/\/amalashes.com\/ama-lashes-shop\/"},{"@type":"ListItem","position":3,"name":"Plasturi spuma auto adezivi extensii gene de la AMA Lashes"}]},{"@type":"WebSite","@id":"https:\/\/amalashes.com\/#website","url":"https:\/\/amalashes.com\/","name":"AMA Lashes","description":"Eyelash Extension Courses and Eyelash Extension Products, Lash Academy AMA Lashes. We offer you the most complete eyelash extension courses with an accredited diploma and a wide range of products and accessories for the application and maintenance of thread-by-thread eyelash extensions, of superior quality at a fair price. AMA Lashes products cannot be missing from the kit of a professional thread-by-thread eyelash extension technician.","publisher":{"@id":"https:\/\/amalashes.com\/#organization"},"potentialAction":[{"@type":"SearchAction","target":{"@type":"EntryPoint","urlTemplate":"https:\/\/amalashes.com\/?s={search_term_string}"},"query-input":{"@type":"PropertyValueSpecification","valueRequired":true,"valueName":"search_term_string"}}],"inLanguage":"en-GB"},{"@type":"Organization","@id":"https:\/\/amalashes.com\/#organization","name":"AMA Lashes","url":"https:\/\/amalashes.com\/","logo":{"@type":"ImageObject","inLanguage":"en-GB","@id":"https:\/\/amalashes.com\/#\/schema\/logo\/image\/","url":"https:\/\/amalashes.com\/wp-content\/uploads\/2020\/12\/Logo-on-black.png","contentUrl":"https:\/\/amalashes.com\/wp-content\/uploads\/2020\/12\/Logo-on-black.png","width":1920,"height":1920,"caption":"AMA Lashes"},"image":{"@id":"https:\/\/amalashes.com\/#\/schema\/logo\/image\/"},"sameAs":["https:\/\/www.facebook.com\/amalashesacademy\/","https:\/\/www.instagram.com\/ama_lashes\/","https:\/\/www.youtube.com\/channel\/UC8xFLI71s3u-oFj2OkPqSUg"]}]}},"_links":{"self":[{"href":"https:\/\/amalashes.com\/gb\/wp-json\/wp\/v2\/product\/17401","targetHints":{"allow":["GET"]}}],"collection":[{"href":"https:\/\/amalashes.com\/gb\/wp-json\/wp\/v2\/product"}],"about":[{"href":"https:\/\/amalashes.com\/gb\/wp-json\/wp\/v2\/types\/product"}],"replies":[{"embeddable":true,"href":"https:\/\/amalashes.com\/gb\/wp-json\/wp\/v2\/comments?post=17401"}],"wp:featuredmedia":[{"embeddable":true,"href":"https:\/\/amalashes.com\/gb\/wp-json\/wp\/v2\/media\/18642"}],"wp:attachment":[{"href":"https:\/\/amalashes.com\/gb\/wp-json\/wp\/v2\/media?parent=17401"}],"wp:term":[{"taxonomy":"product_brand","embeddable":true,"href":"https:\/\/amalashes.com\/gb\/wp-json\/wp\/v2\/product_brand?post=17401"},{"taxonomy":"product_cat","embeddable":true,"href":"https:\/\/amalashes.com\/gb\/wp-json\/wp\/v2\/product_cat?post=17401"},{"taxonomy":"product_tag","embeddable":true,"href":"https:\/\/amalashes.com\/gb\/wp-json\/wp\/v2\/product_tag?post=17401"}],"curies":[{"name":"wp","href":"https:\/\/api.w.org\/{rel}","templated":true}]}}