{"id":17504,"date":"2025-12-01T21:50:42","date_gmt":"2025-12-01T19:50:42","guid":{"rendered":"https:\/\/amalashes.com\/?post_type=product&#038;p=17504"},"modified":"2026-04-27T16:37:37","modified_gmt":"2026-04-27T13:37:37","slug":"masca-hidratanta-buze-colagen-acid-hialuronic","status":"publish","type":"product","link":"https:\/\/amalashes.com\/gb\/produs\/masca-hidratanta-buze-colagen-acid-hialuronic\/","title":{"rendered":"Masca hidratanta pentru buze cu colagen si acid hialuronic"},"content":{"rendered":"<div class=\"page\" title=\"Page 2\">\n<div class=\"section\" style=\"text-align: center;\">\n<div class=\"layoutArea\">\n<p class=\"column\" style=\"text-align: center;\">Aceasta masca hidratanta buze ajutand la redarea aspectului neted si luminos al buzelor.<\/p>\n<\/div>\n<div class=\"section\" style=\"text-align: center;\">\n<div class=\"layoutArea\">\n<div class=\"column\"><strong>Formula sa pe baza de colagen, acid hialuronic, vitamina C, ingrediente organice si minerale. <\/strong><\/div>\n<div class=\"column\"><strong>Ofera o hidratare intensa si o hranire profunda.<\/strong><\/div>\n<div class=\"column\"><strong>Forma:<\/strong><\/div>\n<div class=\"column\">In forma de <span style=\"color: #000000;\"><a style=\"color: #000000;\" href=\"https:\/\/amalashes.com\/produs\/plasturi-sauma-adezivi-extensii-gene-ama-lashes\/\">buze<\/a><\/span><\/div>\n<div><\/div>\n<div class=\"column\"><strong>Material:<br \/>\n<\/strong>Textura tip gel permite o aplicare confortabila, iar forma ergonomica a mastii asigura aderenta perfecta pe buze.<!--more--><strong>Ingrediente:<br \/>\n<\/strong>Ingrediente principale: Colagen, carrageenan, glicerina, alcool cetilicIngrediente active: Acid hialuronic, vitamina C, ingrediente organice, vegane si minerale<\/div>\n<div class=\"column\"><strong>Aplicatie:<br \/>\n<\/strong>\u00a0Recomandam utilizarea mastii persoanelor cu buze uscate, dezhidratate sau care vor un efect de marire.<strong><br \/>\n<\/strong>\u00a0Fiecare plic este sigilat in mod individual si contine o masca in forma de buze.<\/div>\n<\/div>\n<p>Este un produs de <span style=\"color: #000000;\"><a style=\"color: #000000;\" href=\"https:\/\/amalashes.com\/produs\/masca-hidratanta-pentru-ochii-cu-colagen-si-acid-hialuronic\/\">\u00eengrijire personala<\/a><\/span> a pielii conceput pentru hidratare intens\u0103 \u0219i reparare.<\/p>\n<\/div>\n<div class=\"section\" style=\"text-align: center;\">Aceste m\u0103\u0219ti sunt populare pentru beneficiile lor de <span style=\"color: #000000;\"><a style=\"color: #000000;\" href=\"https:\/\/www.facebook.com\/p\/AMA-Lashes-Produse-Extensii-Gene-100039828015530\/\">\u00eenfrumuse\u021bare<\/a><\/span>.<\/div>\n<div class=\"section\" style=\"text-align: center;\">\n<p><strong>Hidratare profund\u0103:<\/strong><\/p>\n<p style=\"text-align: center;\">Masca con\u021bine de obicei ingrediente precum colagen, vitamine, minerale \u0219i umectan\u021bi care ajut\u0103 la blocarea umidit\u0103\u021bii \u0219i la netezirea pielii uscate.<\/p>\n<p><strong>Aspect plin:<\/strong><\/p>\n<p style=\"text-align: center;\">Prin stimularea fluxului sanguin \u0219i hidratare, aceste m\u0103\u0219ti pot contribui la un aspect mai fresh, si un efect de buze pline.<\/p>\n<p><strong>Beneficii anti-\u00eemb\u0103tr\u00e2nire:<\/strong><\/p>\n<\/div>\n<div class=\"section\" style=\"text-align: center;\">\n<p>Ingredientele active pot ajuta la reducerea aspectului liniilor fine \u0219i al ridurilor din jurul buzelor.<\/p>\n<h2 style=\"text-align: center;\"><strong>Mod de utilizare masca hidratanta buze.<\/strong><\/h2>\n<p>Se aplica peste buze \u0219i se las\u0103 s\u0103 ac\u021bioneze timp de 10-30 de minute.<\/p>\n<\/div>\n<div class=\"section\" style=\"text-align: center;\">Permi\u021b\u00e2nd astfel substantelor hidratante s\u0103 fie absorbite \u00eenainte de \u00eendep\u0103rtare.<\/div>\n<div class=\"section\" style=\"text-align: center;\">\n<p><strong>Declinarea r\u0103spunderii<\/strong><\/p>\n<p style=\"text-align: center;\">Consulta\u021bi un specialist \u00een \u00eengrijirea pielii sau un medic \u00eenainte de a utiliza noi produse cosmetice, mai ales dac\u0103 ave\u021bi sensibilit\u0103\u021bi sau afec\u021biuni ale pielii.<\/p>\n<p><strong>Siguranta:<\/strong><\/p>\n<\/div>\n<div class=\"section\" style=\"text-align: center;\">A nu se l\u0103sa la \u00eendem\u00e2na copiilor.<\/div>\n<div class=\"section\" style=\"text-align: center;\">Exclusiv pentru uz extern.<\/div>\n<div class=\"section\" style=\"text-align: center;\">\n<p>Acest produs este alegerea perfecta pentru persoanele care isi doresc buze catifelate, hidratate si luminoase, cu un aspect ingrijit si sanatos.<\/p>\n<h3><strong>Masca hidratanta buze este tratamentul intensiv de care ai nevoie. <\/strong><\/h3>\n<p>Z\u00e2mbet Irezistibil:<\/p>\n<\/div>\n<div class=\"section\" style=\"text-align: center;\">Masc\u0103 hidratant\u0103 pentru buze cu colagen \u0219i acid hialuronic.<\/div>\n<div class=\"section\" style=\"text-align: center;\">Buzele sunt printre cele mai expuse \u0219i delicate zone ale fe\u021bei, fiind lipsite de glande sebacee, ceea ce le face predispuse la uscare, cr\u0103pare \u0219i pierderea volumului.<\/div>\n<div class=\"section\" style=\"text-align: center;\">Pentru a reda buzelor tale textura catifelat\u0103, elasticitatea \u0219i str\u0103lucirea natural\u0103, \u00eentr-un singur pas de r\u0103sf\u0103\u021b.<\/div>\n<div class=\"section\" style=\"text-align: center;\">Secretul acestei m\u0103\u0219ti const\u0103 \u00een formula sa avansat\u0103, care \u00eembin\u0103 puterea <b data-path-to-node=\"6\" data-index-in-node=\"74\">acidului hialuronic<\/b> cu cea a <b data-path-to-node=\"6\" data-index-in-node=\"103\">colagenului<\/b>.<\/div>\n<div class=\"section\" style=\"text-align: center;\">Acidul hialuronic ac\u021bioneaz\u0103 ca un rezervor de ap\u0103, hidrat\u00e2nd instantaneu \u021besutul \u0219i oferind acel aspect \u201eplin\u201d \u0219i neted.<\/div>\n<div class=\"section\" style=\"text-align: center;\">\n<p>Colagenul intervine pentru a fortifica structura pielii. Reduce vizibil liniile fine din jurul conturului buzelor (ridurile periorale) \u0219i prevenind \u00eemb\u0103tr\u00e2nirea prematur\u0103.<\/p>\n<h3 style=\"text-align: center;\" data-path-to-node=\"5\"><strong>\u00a0Hidratare profund\u0103 \u0219i volum natural cu masca buze.<\/strong><\/h3>\n<p>Infuzia de <b data-path-to-node=\"7\" data-index-in-node=\"11\">Vitamina C<\/b> \u0219i minerale esen\u021biale ofer\u0103 un efect antioxidant puternic. Protej\u00e2nd buzele de factorii externi precum v\u00e2ntul, soarele sau poluarea, \u00een timp ce ingredientele organice \u0219i vegane hr\u0103nesc pielea \u00een profunzime.<strong>\u00a0<\/strong><\/p>\n<\/div>\n<div class=\"section\" style=\"text-align: center;\"><strong>Textur\u0103 de Hidrogel \u0219i Aderen\u021b\u0103 Perfect\u0103<\/strong><\/div>\n<div class=\"section\" style=\"text-align: center;\">Realizat\u0103 dintr-un material inovator de tip <b data-path-to-node=\"9\" data-index-in-node=\"44\">hydrogel<\/b>, masca are o form\u0103 ergonomic\u0103 ce se muleaz\u0103 perfect pe forma buzelor.<\/div>\n<div class=\"section\" style=\"text-align: center;\">Textura de gel nu este doar extrem de confortabil\u0103, ci permite \u0219i un transfer optim de substan\u021be active, asigur\u00e2nd o absorb\u021bie complet\u0103 f\u0103r\u0103 a l\u0103sa o senza\u021bie lipicioas\u0103.<\/div>\n<div class=\"section\" style=\"text-align: center;\">Senza\u021bia de calmare este imediat\u0103, fiind remediul perfect pentru buzele agresate de rujurile mate sau de temperaturile extreme.<\/div>\n<div><\/div>\n<div class=\"section\" style=\"text-align: center;\"><strong>Cum s\u0103 o incluzi \u00een rutina ta.<\/strong><\/div>\n<div class=\"section\" style=\"text-align: center;\">\u00a0Aplic\u0103 plasturele pe buzele curate \u0219i las\u0103-l s\u0103 ac\u021bioneze timp de <b data-path-to-node=\"11\" data-index-in-node=\"66\">10-30 de minute<\/b>.<\/div>\n<div class=\"section\" style=\"text-align: center;\">Este momentul perfect s\u0103 te deconectezi de stresul cotidian.<\/div>\n<div class=\"section\" style=\"text-align: center;\">Dup\u0103 \u00eendep\u0103rtare, vei observa imediat c\u0103 buzele sunt mai moi, mai luminoase \u0219i mult mai bine definite.<\/div>\n<div class=\"section\" style=\"text-align: center;\">Este produsul ideal de folosit \u00eenainte de aplicarea unui ruj preten\u021bios, asigur\u00e2nd o baz\u0103 neted\u0103 \u0219i un finisaj impecabil.<\/div>\n<div class=\"section\" style=\"text-align: center;\"><b data-path-to-node=\"13\" data-index-in-node=\"0\">Recomandare:<\/b><\/div>\n<div class=\"section\" style=\"text-align: center;\">Pentru un aspect \u00eengrijit \u0219i s\u0103n\u0103tos, folose\u0219te masca ori de c\u00e2te ori sim\u021bi buzele deshidratate sau \u00eenainte de un eveniment special unde z\u00e2mbetul t\u0103u trebuie s\u0103 fie \u00een centrul aten\u021biei.<\/div>\n<p><strong>* Produs de unica folosinta<\/strong><\/p>\n<div class=\"section\"><\/div>\n<\/div>\n<\/div>\n<p style=\"text-align: center;\">\n","protected":false},"excerpt":{"rendered":"<p style=\"text-align: center;\"><strong>Masca este ambalata\u00a0 individual.<\/strong><\/p>\n<p style=\"text-align: center;\"><strong>Produs de unica folosinta.<\/strong><\/p>\n<p>&nbsp;<\/p>\n<p>&nbsp;<\/p>\n<p style=\"text-align: center;\"><strong><span style=\"color: #800000;\">* TRANSPORT GRATUIT IN ROMANIA<br \/>\nla toate comenzile de peste 450 lei<\/span><\/strong><\/p>\n<p style=\"text-align: center;\"><strong><span style=\"color: #800000;\">* TRANSPORT GRATUIT IN EUROPA<br \/>\nla toate comenzile de peste 1500 lei<\/span><\/strong><\/p>\n<p>&nbsp;<\/p>\n<p>&nbsp;<\/p>\n","protected":false},"featured_media":17836,"comment_status":"open","ping_status":"closed","template":"","meta":[],"product_brand":[],"product_cat":[462,377,1402],"product_tag":[1399,1697,1410,1696,1400,1739,1695,1413,1403,1694,1693,1412,1411,1738,1740,1398,698,1401],"class_list":{"0":"post-17504","1":"product","2":"type-product","3":"status-publish","4":"has-post-thumbnail","6":"product_cat-black-friday-extensii-gene","7":"product_cat-intretinere-extensii-gene-fir-cu-fir-ama-lashes","8":"product_cat-produse-accesorii-ingrijire-personala-ama-luxury","9":"product_tag-hidratare-buze","10":"product_tag-lip-mask","11":"product_tag-masca-acid-hialuronic","12":"product_tag-masca-buna-buze","13":"product_tag-masca-buze","14":"product_tag-masca-colagen","15":"product_tag-masca-cosmetica-buze","16":"product_tag-masca-gel-buze","17":"product_tag-masca-hidratanta","18":"product_tag-masca-hidratanta-buze","19":"product_tag-masca-hidratare-buze","20":"product_tag-masca-revitalizanta","21":"product_tag-masca-riduri","22":"product_tag-masca-silicon-buze","23":"product_tag-masca-vitamina-c","24":"product_tag-plasturi-buze","25":"product_tag-plasturi-gene","26":"product_tag-plasturi-hidratare","28":"first","29":"instock","30":"sale","31":"taxable","32":"shipping-taxable","33":"purchasable","34":"product-type-simple"},"translation":{"provider":"WPGlobus","version":"3.0.2","language":"gb","enabled_languages":["ro","gb"],"languages":{"ro":{"title":true,"content":true,"excerpt":true},"gb":{"title":false,"content":false,"excerpt":false}}},"yoast_head":"<!-- This site is optimized with the Yoast SEO plugin v27.4 - https:\/\/yoast.com\/product\/yoast-seo-wordpress\/ -->\n<title>Masca hidratanta buze | AMA Luxury<\/title>\n<meta name=\"robots\" content=\"index, follow, max-snippet:-1, max-image-preview:large, max-video-preview:-1\" \/>\n<link rel=\"canonical\" href=\"https:\/\/amalashes.com\/produs\/masca-hidratanta-buze-colagen-acid-hialuronic\/\" \/>\n<meta property=\"og:locale\" content=\"en_GB\" \/>\n<meta property=\"og:type\" content=\"article\" \/>\n<meta property=\"og:title\" content=\"Masca hidratanta pentru buze cu colagen si acid hialuronic | AMA Lashes\" \/>\n<meta property=\"og:url\" content=\"https:\/\/amalashes.com\/produs\/masca-hidratanta-buze-colagen-acid-hialuronic\/\" \/>\n<meta property=\"og:site_name\" content=\"AMA Lashes\" \/>\n<meta property=\"article:publisher\" content=\"https:\/\/www.facebook.com\/amalashesacademy\/\" \/>\n<meta property=\"article:modified_time\" content=\"2026-04-27T13:37:37+00:00\" \/>\n<meta property=\"og:image\" content=\"https:\/\/amalashes.com\/wp-content\/uploads\/2025\/12\/masca-hidratanta-pentru-buze-cu-colagen-si-acid-hialuronic-1.jpg\" \/>\n\t<meta property=\"og:image:width\" content=\"797\" \/>\n\t<meta property=\"og:image:height\" content=\"596\" \/>\n\t<meta property=\"og:image:type\" content=\"image\/jpeg\" \/>\n<meta name=\"twitter:card\" content=\"summary_large_image\" \/>\n<meta name=\"twitter:label1\" content=\"Est. reading time\" \/>\n\t<meta name=\"twitter:data1\" content=\"4 minutes\" \/>\n<script type=\"application\/ld+json\" class=\"yoast-schema-graph\">{\"@context\":\"https:\\\/\\\/schema.org\",\"@graph\":[{\"@type\":\"WebPage\",\"@id\":\"https:\\\/\\\/amalashes.com\\\/produs\\\/masca-hidratanta-buze-colagen-acid-hialuronic\\\/\",\"url\":\"https:\\\/\\\/amalashes.com\\\/produs\\\/masca-hidratanta-buze-colagen-acid-hialuronic\\\/\",\"name\":\"Masca hidratanta buze | AMA Luxury\",\"isPartOf\":{\"@id\":\"https:\\\/\\\/amalashes.com\\\/#website\"},\"primaryImageOfPage\":{\"@id\":\"https:\\\/\\\/amalashes.com\\\/produs\\\/masca-hidratanta-buze-colagen-acid-hialuronic\\\/#primaryimage\"},\"image\":{\"@id\":\"https:\\\/\\\/amalashes.com\\\/produs\\\/masca-hidratanta-buze-colagen-acid-hialuronic\\\/#primaryimage\"},\"thumbnailUrl\":\"https:\\\/\\\/amalashes.com\\\/wp-content\\\/uploads\\\/2025\\\/12\\\/masca-hidratanta-pentru-buze-cu-colagen-si-acid-hialuronic-1.jpg\",\"datePublished\":\"2025-12-01T19:50:42+00:00\",\"dateModified\":\"2026-04-27T13:37:37+00:00\",\"description\":\"Masca hidratanta pentru buze cu acid hialuronic este ideala si poate contribuii la un aspect mai plin si mai elastic al acestora | AMA Luxury\",\"breadcrumb\":{\"@id\":\"https:\\\/\\\/amalashes.com\\\/produs\\\/masca-hidratanta-buze-colagen-acid-hialuronic\\\/#breadcrumb\"},\"inLanguage\":\"en-GB\",\"potentialAction\":[{\"@type\":\"ReadAction\",\"target\":[\"https:\\\/\\\/amalashes.com\\\/produs\\\/masca-hidratanta-buze-colagen-acid-hialuronic\\\/\"]}]},{\"@type\":\"ImageObject\",\"inLanguage\":\"en-GB\",\"@id\":\"https:\\\/\\\/amalashes.com\\\/produs\\\/masca-hidratanta-buze-colagen-acid-hialuronic\\\/#primaryimage\",\"url\":\"https:\\\/\\\/amalashes.com\\\/wp-content\\\/uploads\\\/2025\\\/12\\\/masca-hidratanta-pentru-buze-cu-colagen-si-acid-hialuronic-1.jpg\",\"contentUrl\":\"https:\\\/\\\/amalashes.com\\\/wp-content\\\/uploads\\\/2025\\\/12\\\/masca-hidratanta-pentru-buze-cu-colagen-si-acid-hialuronic-1.jpg\",\"width\":797,\"height\":596,\"caption\":\"Masca hidratanta buze cu colagen si acid hialuronic\"},{\"@type\":\"BreadcrumbList\",\"@id\":\"https:\\\/\\\/amalashes.com\\\/produs\\\/masca-hidratanta-buze-colagen-acid-hialuronic\\\/#breadcrumb\",\"itemListElement\":[{\"@type\":\"ListItem\",\"position\":1,\"name\":\"Prima pagin\u0103\",\"item\":\"https:\\\/\\\/amalashes.com\\\/\"},{\"@type\":\"ListItem\",\"position\":2,\"name\":\"AMA SHOP\",\"item\":\"https:\\\/\\\/amalashes.com\\\/ama-lashes-shop\\\/\"},{\"@type\":\"ListItem\",\"position\":3,\"name\":\"Masca hidratanta pentru buze cu colagen si acid hialuronic\"}]},{\"@type\":\"WebSite\",\"@id\":\"https:\\\/\\\/amalashes.com\\\/#website\",\"url\":\"https:\\\/\\\/amalashes.com\\\/\",\"name\":\"AMA Lashes\",\"description\":\"Eyelash Extension Courses and Eyelash Extension Products, Lash Academy AMA Lashes. We offer you the most complete eyelash extension courses with an accredited diploma and a wide range of products and accessories for the application and maintenance of thread-by-thread eyelash extensions, of superior quality at a fair price. AMA Lashes products cannot be missing from the kit of a professional thread-by-thread eyelash extension technician.\",\"publisher\":{\"@id\":\"https:\\\/\\\/amalashes.com\\\/#organization\"},\"potentialAction\":[{\"@type\":\"SearchAction\",\"target\":{\"@type\":\"EntryPoint\",\"urlTemplate\":\"https:\\\/\\\/amalashes.com\\\/?s={search_term_string}\"},\"query-input\":{\"@type\":\"PropertyValueSpecification\",\"valueRequired\":true,\"valueName\":\"search_term_string\"}}],\"inLanguage\":\"en-GB\"},{\"@type\":\"Organization\",\"@id\":\"https:\\\/\\\/amalashes.com\\\/#organization\",\"name\":\"AMA Lashes\",\"url\":\"https:\\\/\\\/amalashes.com\\\/\",\"logo\":{\"@type\":\"ImageObject\",\"inLanguage\":\"en-GB\",\"@id\":\"https:\\\/\\\/amalashes.com\\\/#\\\/schema\\\/logo\\\/image\\\/\",\"url\":\"https:\\\/\\\/amalashes.com\\\/wp-content\\\/uploads\\\/2020\\\/12\\\/Logo-on-black.png\",\"contentUrl\":\"https:\\\/\\\/amalashes.com\\\/wp-content\\\/uploads\\\/2020\\\/12\\\/Logo-on-black.png\",\"width\":1920,\"height\":1920,\"caption\":\"AMA Lashes\"},\"image\":{\"@id\":\"https:\\\/\\\/amalashes.com\\\/#\\\/schema\\\/logo\\\/image\\\/\"},\"sameAs\":[\"https:\\\/\\\/www.facebook.com\\\/amalashesacademy\\\/\",\"https:\\\/\\\/www.instagram.com\\\/ama_lashes\\\/\",\"https:\\\/\\\/www.youtube.com\\\/channel\\\/UC8xFLI71s3u-oFj2OkPqSUg\"]}]}<\/script>\n<!-- \/ Yoast SEO plugin. -->","yoast_head_json":{"title":"Masca hidratanta buze | AMA Luxury","robots":{"index":"index","follow":"follow","max-snippet":"max-snippet:-1","max-image-preview":"max-image-preview:large","max-video-preview":"max-video-preview:-1"},"canonical":"https:\/\/amalashes.com\/produs\/masca-hidratanta-buze-colagen-acid-hialuronic\/","og_locale":"en_GB","og_type":"article","og_title":"Masca hidratanta pentru buze cu colagen si acid hialuronic | AMA Lashes","og_url":"https:\/\/amalashes.com\/produs\/masca-hidratanta-buze-colagen-acid-hialuronic\/","og_site_name":"AMA Lashes","article_publisher":"https:\/\/www.facebook.com\/amalashesacademy\/","article_modified_time":"2026-04-27T13:37:37+00:00","og_image":[{"width":797,"height":596,"url":"https:\/\/amalashes.com\/wp-content\/uploads\/2025\/12\/masca-hidratanta-pentru-buze-cu-colagen-si-acid-hialuronic-1.jpg","type":"image\/jpeg"}],"twitter_card":"summary_large_image","twitter_misc":{"Est. reading time":"4 minutes"},"schema":{"@context":"https:\/\/schema.org","@graph":[{"@type":"WebPage","@id":"https:\/\/amalashes.com\/produs\/masca-hidratanta-buze-colagen-acid-hialuronic\/","url":"https:\/\/amalashes.com\/produs\/masca-hidratanta-buze-colagen-acid-hialuronic\/","name":"Masca hidratanta buze | AMA Luxury","isPartOf":{"@id":"https:\/\/amalashes.com\/#website"},"primaryImageOfPage":{"@id":"https:\/\/amalashes.com\/produs\/masca-hidratanta-buze-colagen-acid-hialuronic\/#primaryimage"},"image":{"@id":"https:\/\/amalashes.com\/produs\/masca-hidratanta-buze-colagen-acid-hialuronic\/#primaryimage"},"thumbnailUrl":"https:\/\/amalashes.com\/wp-content\/uploads\/2025\/12\/masca-hidratanta-pentru-buze-cu-colagen-si-acid-hialuronic-1.jpg","datePublished":"2025-12-01T19:50:42+00:00","dateModified":"2026-04-27T13:37:37+00:00","description":"Masca hidratanta pentru buze cu acid hialuronic este ideala si poate contribuii la un aspect mai plin si mai elastic al acestora | AMA Luxury","breadcrumb":{"@id":"https:\/\/amalashes.com\/produs\/masca-hidratanta-buze-colagen-acid-hialuronic\/#breadcrumb"},"inLanguage":"en-GB","potentialAction":[{"@type":"ReadAction","target":["https:\/\/amalashes.com\/produs\/masca-hidratanta-buze-colagen-acid-hialuronic\/"]}]},{"@type":"ImageObject","inLanguage":"en-GB","@id":"https:\/\/amalashes.com\/produs\/masca-hidratanta-buze-colagen-acid-hialuronic\/#primaryimage","url":"https:\/\/amalashes.com\/wp-content\/uploads\/2025\/12\/masca-hidratanta-pentru-buze-cu-colagen-si-acid-hialuronic-1.jpg","contentUrl":"https:\/\/amalashes.com\/wp-content\/uploads\/2025\/12\/masca-hidratanta-pentru-buze-cu-colagen-si-acid-hialuronic-1.jpg","width":797,"height":596,"caption":"Masca hidratanta buze cu colagen si acid hialuronic"},{"@type":"BreadcrumbList","@id":"https:\/\/amalashes.com\/produs\/masca-hidratanta-buze-colagen-acid-hialuronic\/#breadcrumb","itemListElement":[{"@type":"ListItem","position":1,"name":"Prima pagin\u0103","item":"https:\/\/amalashes.com\/"},{"@type":"ListItem","position":2,"name":"AMA SHOP","item":"https:\/\/amalashes.com\/ama-lashes-shop\/"},{"@type":"ListItem","position":3,"name":"Masca hidratanta pentru buze cu colagen si acid hialuronic"}]},{"@type":"WebSite","@id":"https:\/\/amalashes.com\/#website","url":"https:\/\/amalashes.com\/","name":"AMA Lashes","description":"Eyelash Extension Courses and Eyelash Extension Products, Lash Academy AMA Lashes. We offer you the most complete eyelash extension courses with an accredited diploma and a wide range of products and accessories for the application and maintenance of thread-by-thread eyelash extensions, of superior quality at a fair price. AMA Lashes products cannot be missing from the kit of a professional thread-by-thread eyelash extension technician.","publisher":{"@id":"https:\/\/amalashes.com\/#organization"},"potentialAction":[{"@type":"SearchAction","target":{"@type":"EntryPoint","urlTemplate":"https:\/\/amalashes.com\/?s={search_term_string}"},"query-input":{"@type":"PropertyValueSpecification","valueRequired":true,"valueName":"search_term_string"}}],"inLanguage":"en-GB"},{"@type":"Organization","@id":"https:\/\/amalashes.com\/#organization","name":"AMA Lashes","url":"https:\/\/amalashes.com\/","logo":{"@type":"ImageObject","inLanguage":"en-GB","@id":"https:\/\/amalashes.com\/#\/schema\/logo\/image\/","url":"https:\/\/amalashes.com\/wp-content\/uploads\/2020\/12\/Logo-on-black.png","contentUrl":"https:\/\/amalashes.com\/wp-content\/uploads\/2020\/12\/Logo-on-black.png","width":1920,"height":1920,"caption":"AMA Lashes"},"image":{"@id":"https:\/\/amalashes.com\/#\/schema\/logo\/image\/"},"sameAs":["https:\/\/www.facebook.com\/amalashesacademy\/","https:\/\/www.instagram.com\/ama_lashes\/","https:\/\/www.youtube.com\/channel\/UC8xFLI71s3u-oFj2OkPqSUg"]}]}},"_links":{"self":[{"href":"https:\/\/amalashes.com\/gb\/wp-json\/wp\/v2\/product\/17504","targetHints":{"allow":["GET"]}}],"collection":[{"href":"https:\/\/amalashes.com\/gb\/wp-json\/wp\/v2\/product"}],"about":[{"href":"https:\/\/amalashes.com\/gb\/wp-json\/wp\/v2\/types\/product"}],"replies":[{"embeddable":true,"href":"https:\/\/amalashes.com\/gb\/wp-json\/wp\/v2\/comments?post=17504"}],"wp:featuredmedia":[{"embeddable":true,"href":"https:\/\/amalashes.com\/gb\/wp-json\/wp\/v2\/media\/17836"}],"wp:attachment":[{"href":"https:\/\/amalashes.com\/gb\/wp-json\/wp\/v2\/media?parent=17504"}],"wp:term":[{"taxonomy":"product_brand","embeddable":true,"href":"https:\/\/amalashes.com\/gb\/wp-json\/wp\/v2\/product_brand?post=17504"},{"taxonomy":"product_cat","embeddable":true,"href":"https:\/\/amalashes.com\/gb\/wp-json\/wp\/v2\/product_cat?post=17504"},{"taxonomy":"product_tag","embeddable":true,"href":"https:\/\/amalashes.com\/gb\/wp-json\/wp\/v2\/product_tag?post=17504"}],"curies":[{"name":"wp","href":"https:\/\/api.w.org\/{rel}","templated":true}]}}