{"id":17927,"date":"2026-01-15T03:18:12","date_gmt":"2026-01-15T01:18:12","guid":{"rendered":"https:\/\/amalashes.com\/?post_type=product&#038;p=17927"},"modified":"2026-04-15T01:00:18","modified_gmt":"2026-04-14T22:00:18","slug":"perie-par-mistret-profesionala-mare-ama-luxury","status":"publish","type":"product","link":"https:\/\/amalashes.com\/gb\/produs\/perie-par-mistret-profesionala-mare-ama-luxury\/","title":{"rendered":"Perie P\u0103r Profesional\u0103 Mare, din P\u0103r de Mistret, pentru descurcare, 24x8cm, de la AMA Luxury"},"content":{"rendered":"<div class=\"page\" title=\"Page 2\">\n<div class=\"section\">\n<div class=\"layoutArea\">\n<p style=\"text-align: center;\" data-path-to-node=\"7\"><span style=\"color: #000000;\">Perie par mistret profesionala mare, <\/span>din par de mistret de la AMA Luxury este mai mult dec\u00e2t o simpla <span style=\"color: #000000;\"><a style=\"color: #000000;\" href=\"https:\/\/amalashes.com\/produs\/perie-profesionala-masaj-uscat-ama-luxury\/\">perie<\/a> <\/span>profesionala, este un tratament natural pentru p\u0103rul t\u0103u<\/p>\n<p style=\"text-align: center;\" data-path-to-node=\"8\">Dac\u0103 \u00ee\u021bi dore\u0219ti un p\u0103r s\u0103n\u0103tos, totul \u00eencepe cu alegerea periei corecte. <span style=\"color: #000000;\"><a style=\"color: #000000;\" href=\"https:\/\/amalashes.com\/produs\/perie-par-mistret-mica-ama-luxury\/\">Peria<\/a> <\/span>profesional\u0103 mare de la AMA <span style=\"color: #000000;\"><a style=\"color: #000000;\" href=\"https:\/\/amalashes.com\/produs\/pietricele-extensii-gene-ama-lashes\/\">Luxury<\/a><\/span> combin\u0103 m\u0103iestria tradi\u021bional\u0103 cu beneficiile \u00eengrijirii organice.<\/p>\n<p data-path-to-node=\"8\"><!--more--><\/p>\n<p style=\"text-align: center;\" data-path-to-node=\"9,0,0\"><b data-path-to-node=\"9,0,0\" data-index-in-node=\"0\">Adio p\u0103r electrizat:<\/b><\/p>\n<p style=\"text-align: center;\" data-path-to-node=\"9,0,0\">Compozi\u021bia f\u0103r\u0103 plastic previne electrizarea \u0219i faciliteaz\u0103 piept\u0103natul.<\/p>\n<p style=\"text-align: center;\" data-path-to-node=\"9,0,0\"><b data-path-to-node=\"9,1,0\" data-index-in-node=\"0\">Hidratare natural\u0103:<\/b><\/p>\n<p style=\"text-align: center;\" data-path-to-node=\"9,0,0\">Perii de mistre\u021b distribuie uleiurile naturale ale scalpului, oferind protec\u021bie \u0219i str\u0103lucire fiec\u0103rei \u0219uvi\u021be.<\/p>\n<p style=\"text-align: center;\" data-path-to-node=\"9,0,0\"><b data-path-to-node=\"9,2,0\" data-index-in-node=\"0\">Durabilitate maxim\u0103:<\/b><\/p>\n<p style=\"text-align: center;\" data-path-to-node=\"9,0,0\">Lemnul de fag atent finisat \u0219i l\u0103cuit protejeaz\u0103 peria \u00eempotriva uzurii zilnice.<\/p>\n<p style=\"text-align: center;\" data-path-to-node=\"10\">Transform\u0103 s\u0103n\u0103tatea scalpului t\u0103u printr-un gest simplu \u0219i red\u0103-i p\u0103rului t\u0103u vigoarea de care are nevoie.<\/p>\n<p style=\"text-align: center;\" data-path-to-node=\"4\">Transform\u0103 simplul gest al piept\u0103natului \u00eentr-un tratament de \u00eenfrumuse\u021bare.<\/p>\n<h2 style=\"text-align: center;\" data-path-to-node=\"4\">Peria par mistret profesionala mare de la <span style=\"color: #000000;\"><a style=\"color: #000000;\" href=\"https:\/\/www.facebook.com\/amalashesacademy\/\"><b data-path-to-node=\"4\" data-index-in-node=\"96\">AMA Luxury<\/b><\/a><\/span> este conceput\u0103 special pentru persoanele care nu fac compromisuri c\u00e2nd vine vorba de s\u0103n\u0103tatea firului de p\u0103r.<\/h2>\n<p style=\"text-align: center;\" data-path-to-node=\"4\">Dimensiunea sa generoas\u0103 (Mare) o face ideal\u0103 pentru descurcarea eficient\u0103 \u0219i masajul scalpului, oferind o experien\u021b\u0103 senzorial\u0103 deosebit\u0103.<\/p>\n<p style=\"text-align: center;\" data-path-to-node=\"7,0,0\"><b data-path-to-node=\"7,0,0\" data-index-in-node=\"0\">Hidratare \u0219i Str\u0103lucire Organic\u0103:<\/b><\/p>\n<p style=\"text-align: center;\" data-path-to-node=\"7,0,0\">Spre deosebire de periile sintetice, perii naturali de mistre\u021b au o structur\u0103 similar\u0103 cu firul de p\u0103r uman.<\/p>\n<p style=\"text-align: center;\" data-path-to-node=\"7,0,0\">Ace\u0219tia capteaz\u0103 sebumul natural de la r\u0103d\u0103cin\u0103 \u0219i \u00eel distribuie uniform p\u00e2n\u0103 la v\u00e2rfuri, ac\u021bion\u00e2nd ca un balsam natural care sigileaz\u0103 cuticula \u0219i ofer\u0103 un luciu de oglind\u0103.<\/p>\n<p style=\"text-align: center;\" data-path-to-node=\"7,1,0\"><b data-path-to-node=\"7,1,0\" data-index-in-node=\"0\">Adio, P\u0103r Electrizat!<\/b><\/p>\n<h3 style=\"text-align: center;\" data-path-to-node=\"6\">De ce s\u0103 alegi acesta perie par mistret profesionala\u00a0 mare din par de mistret de la <span style=\"color: #000000;\">AMA <a style=\"color: #000000;\" href=\"https:\/\/amalashes.com\/produs\/foarfeca-profesionala-frizerie-m3-by-ama-luxury\/\">Luxury <\/a><\/span>?<\/h3>\n<p style=\"text-align: center;\" data-path-to-node=\"7,1,0\">Datorit\u0103 compozi\u021biei majoritare organice, cu foarte putine componente din plastic, peria elimin\u0103 aproape complet efectul de electrizare (antistatic).<\/p>\n<p style=\"text-align: center;\" data-path-to-node=\"7,1,0\">P\u0103rul r\u0103m\u00e2ne disciplinat, neted \u0219i u\u0219or de aranjat, chiar \u0219i \u00een zilele umede.<\/p>\n<p style=\"text-align: center;\" data-path-to-node=\"7,2,0\"><b data-path-to-node=\"7,2,0\" data-index-in-node=\"0\">Stimularea Cre\u0219terii:<\/b><\/p>\n<p style=\"text-align: center;\" data-path-to-node=\"7,2,0\">Perii naturali sunt suficient de rigizi pentru a masa scalpul \u00een profunzime, stimul\u00e2nd circula\u021bia sangvin\u0103 la nivelul foliculilor pilo\u0219i, dar suficient de delica\u021bi pentru a nu zg\u00e2ria sau irita pielea.<\/p>\n<p style=\"text-align: center;\" data-path-to-node=\"7,3,0\"><b data-path-to-node=\"7,3,0\" data-index-in-node=\"0\">Design Ergonomic \u0219i Durabil:<\/b><\/p>\n<p style=\"text-align: center;\" data-path-to-node=\"7,3,0\">Corpul periei este sculptat din <b data-path-to-node=\"7,3,0\" data-index-in-node=\"61\">lemn premium de exenta tare<\/b>, atent finisat \u0219i l\u0103cuit.<\/p>\n<p style=\"text-align: center;\" data-path-to-node=\"7,3,0\">Aceast\u0103 protec\u021bie special\u0103 \u00eempiedic\u0103 degradarea lemnului \u00een contact cu umezeala \u0219i asigur\u0103 o prindere confortabil\u0103 \u0219i sigur\u0103 \u00een timpul utiliz\u0103rii.<\/p>\n<\/div>\n<\/div>\n<\/div>\n<p>&nbsp;<\/p>\n<p>&nbsp;<\/p>\n","protected":false},"excerpt":{"rendered":"<p style=\"text-align: center;\">P\u0103rul t\u0103u merit\u0103 ce e mai bun!<\/p>\n<p style=\"text-align: center;\">Fabricat\u0103 din <b data-path-to-node=\"14\" data-index-in-node=\"45\">lemn de fag premium<\/b> \u0219i <b data-path-to-node=\"14\" data-index-in-node=\"68\">par natural de mistre\u021b<\/b>, peria AMA Luxury este aliatul t\u0103u pentru un p\u0103r str\u0103lucitor \u0219i s\u0103n\u0103tos.<\/p>\n<p>&nbsp;<\/p>\n<h3 style=\"text-align: center;\"><span style=\"color: #800000;\">* TRANSPORT GRATUIT IN ROMANIA<br \/>\nla toate comenzile de peste 450 lei<\/span><\/h3>\n<h3 style=\"text-align: center;\"><span style=\"color: #800000;\">* TRANSPORT GRATUIT IN EUROPA<br \/>\nla toate comenzile de peste 1100 lei<\/span><\/h3>\n","protected":false},"featured_media":17932,"comment_status":"open","ping_status":"closed","template":"","meta":[],"product_brand":[],"product_cat":[462,1402],"product_tag":[1451,1459,1543,1458,1544,1540,1537,1538,1714,1453,1535,1682,1681],"class_list":{"0":"post-17927","1":"product","2":"type-product","3":"status-publish","4":"has-post-thumbnail","6":"product_cat-black-friday-extensii-gene","7":"product_cat-produse-accesorii-ingrijire-personala-ama-luxury","8":"product_tag-perie-par","9":"product_tag-perie-par-antirupere","10":"product_tag-perie-par-antistatica","11":"product_tag-perie-par-buna","12":"product_tag-perie-par-calitativa","13":"product_tag-perie-par-copii","14":"product_tag-perie-par-incalcit","15":"product_tag-perie-par-incurcat","16":"product_tag-perie-par-mare","17":"product_tag-perie-par-mistret","18":"product_tag-perie-par-natural","19":"product_tag-perie-pieptanat","20":"product_tag-pieptanat-usor","22":"first","23":"instock","24":"sale","25":"taxable","26":"shipping-taxable","27":"purchasable","28":"product-type-simple"},"translation":{"provider":"WPGlobus","version":"3.0.2","language":"gb","enabled_languages":["ro","gb"],"languages":{"ro":{"title":true,"content":true,"excerpt":true},"gb":{"title":false,"content":false,"excerpt":false}}},"yoast_head":"<!-- This site is optimized with the Yoast SEO plugin v27.3 - https:\/\/yoast.com\/product\/yoast-seo-wordpress\/ -->\n<title>Perie par mistret profesionala mare | AMA Lashes<\/title>\n<meta name=\"robots\" content=\"index, follow, max-snippet:-1, max-image-preview:large, max-video-preview:-1\" \/>\n<link rel=\"canonical\" href=\"https:\/\/amalashes.com\/produs\/perie-par-mistret-profesionala-mare-ama-luxury\/\" \/>\n<meta property=\"og:locale\" content=\"en_GB\" \/>\n<meta property=\"og:type\" content=\"article\" \/>\n<meta property=\"og:title\" content=\"Perie P\u0103r Profesional\u0103 Mare, din P\u0103r de Mistret, pentru descurcare, 24x8cm, de la AMA Luxury | AMA Lashes\" \/>\n<meta property=\"og:url\" content=\"https:\/\/amalashes.com\/produs\/perie-par-mistret-profesionala-mare-ama-luxury\/\" \/>\n<meta property=\"og:site_name\" content=\"AMA Lashes\" \/>\n<meta property=\"article:publisher\" content=\"https:\/\/www.facebook.com\/amalashesacademy\/\" \/>\n<meta property=\"article:modified_time\" content=\"2026-04-14T22:00:18+00:00\" \/>\n<meta property=\"og:image\" content=\"https:\/\/amalashes.com\/wp-content\/uploads\/2026\/01\/perie-par-profesionala-mare-ama-luxury-1-1.jpeg\" \/>\n\t<meta property=\"og:image:width\" content=\"864\" \/>\n\t<meta property=\"og:image:height\" content=\"1131\" \/>\n\t<meta property=\"og:image:type\" content=\"image\/jpeg\" \/>\n<meta name=\"twitter:card\" content=\"summary_large_image\" \/>\n<meta name=\"twitter:label1\" content=\"Est. reading time\" \/>\n\t<meta name=\"twitter:data1\" content=\"3 minutes\" \/>\n<script type=\"application\/ld+json\" class=\"yoast-schema-graph\">{\"@context\":\"https:\\\/\\\/schema.org\",\"@graph\":[{\"@type\":\"WebPage\",\"@id\":\"https:\\\/\\\/amalashes.com\\\/produs\\\/perie-par-mistret-profesionala-mare-ama-luxury\\\/\",\"url\":\"https:\\\/\\\/amalashes.com\\\/produs\\\/perie-par-mistret-profesionala-mare-ama-luxury\\\/\",\"name\":\"Perie par mistret profesionala mare | AMA Lashes\",\"isPartOf\":{\"@id\":\"https:\\\/\\\/amalashes.com\\\/#website\"},\"primaryImageOfPage\":{\"@id\":\"https:\\\/\\\/amalashes.com\\\/produs\\\/perie-par-mistret-profesionala-mare-ama-luxury\\\/#primaryimage\"},\"image\":{\"@id\":\"https:\\\/\\\/amalashes.com\\\/produs\\\/perie-par-mistret-profesionala-mare-ama-luxury\\\/#primaryimage\"},\"thumbnailUrl\":\"https:\\\/\\\/amalashes.com\\\/wp-content\\\/uploads\\\/2026\\\/01\\\/perie-par-profesionala-mare-ama-luxury-1-1.jpeg\",\"datePublished\":\"2026-01-15T01:18:12+00:00\",\"dateModified\":\"2026-04-14T22:00:18+00:00\",\"description\":\"Perie par profesionala mare din par natural de mistret si lemn de de esenta tare, descurca parul incurcat fara sa rupa firul de par| AMA Lashes\",\"breadcrumb\":{\"@id\":\"https:\\\/\\\/amalashes.com\\\/produs\\\/perie-par-mistret-profesionala-mare-ama-luxury\\\/#breadcrumb\"},\"inLanguage\":\"en-GB\",\"potentialAction\":[{\"@type\":\"ReadAction\",\"target\":[\"https:\\\/\\\/amalashes.com\\\/produs\\\/perie-par-mistret-profesionala-mare-ama-luxury\\\/\"]}]},{\"@type\":\"ImageObject\",\"inLanguage\":\"en-GB\",\"@id\":\"https:\\\/\\\/amalashes.com\\\/produs\\\/perie-par-mistret-profesionala-mare-ama-luxury\\\/#primaryimage\",\"url\":\"https:\\\/\\\/amalashes.com\\\/wp-content\\\/uploads\\\/2026\\\/01\\\/perie-par-profesionala-mare-ama-luxury-1-1.jpeg\",\"contentUrl\":\"https:\\\/\\\/amalashes.com\\\/wp-content\\\/uploads\\\/2026\\\/01\\\/perie-par-profesionala-mare-ama-luxury-1-1.jpeg\",\"width\":864,\"height\":1131,\"caption\":\"Perie par mistret profesionala mare AMA Luxury din par de mistret si lemn de esenta tare l\u0103cuit.\"},{\"@type\":\"BreadcrumbList\",\"@id\":\"https:\\\/\\\/amalashes.com\\\/produs\\\/perie-par-mistret-profesionala-mare-ama-luxury\\\/#breadcrumb\",\"itemListElement\":[{\"@type\":\"ListItem\",\"position\":1,\"name\":\"Prima pagin\u0103\",\"item\":\"https:\\\/\\\/amalashes.com\\\/\"},{\"@type\":\"ListItem\",\"position\":2,\"name\":\"AMA SHOP\",\"item\":\"https:\\\/\\\/amalashes.com\\\/ama-lashes-shop\\\/\"},{\"@type\":\"ListItem\",\"position\":3,\"name\":\"Perie P\u0103r Profesional\u0103 Mare, din P\u0103r de Mistret, pentru descurcare, 24x8cm, de la AMA Luxury\"}]},{\"@type\":\"WebSite\",\"@id\":\"https:\\\/\\\/amalashes.com\\\/#website\",\"url\":\"https:\\\/\\\/amalashes.com\\\/\",\"name\":\"AMA Lashes\",\"description\":\"Eyelash Extension Courses and Eyelash Extension Products, Lash Academy AMA Lashes. We offer you the most complete eyelash extension courses with an accredited diploma and a wide range of products and accessories for the application and maintenance of thread-by-thread eyelash extensions, of superior quality at a fair price. AMA Lashes products cannot be missing from the kit of a professional thread-by-thread eyelash extension technician.\",\"publisher\":{\"@id\":\"https:\\\/\\\/amalashes.com\\\/#organization\"},\"potentialAction\":[{\"@type\":\"SearchAction\",\"target\":{\"@type\":\"EntryPoint\",\"urlTemplate\":\"https:\\\/\\\/amalashes.com\\\/?s={search_term_string}\"},\"query-input\":{\"@type\":\"PropertyValueSpecification\",\"valueRequired\":true,\"valueName\":\"search_term_string\"}}],\"inLanguage\":\"en-GB\"},{\"@type\":\"Organization\",\"@id\":\"https:\\\/\\\/amalashes.com\\\/#organization\",\"name\":\"AMA Lashes\",\"url\":\"https:\\\/\\\/amalashes.com\\\/\",\"logo\":{\"@type\":\"ImageObject\",\"inLanguage\":\"en-GB\",\"@id\":\"https:\\\/\\\/amalashes.com\\\/#\\\/schema\\\/logo\\\/image\\\/\",\"url\":\"https:\\\/\\\/amalashes.com\\\/wp-content\\\/uploads\\\/2020\\\/12\\\/Logo-on-black.png\",\"contentUrl\":\"https:\\\/\\\/amalashes.com\\\/wp-content\\\/uploads\\\/2020\\\/12\\\/Logo-on-black.png\",\"width\":1920,\"height\":1920,\"caption\":\"AMA Lashes\"},\"image\":{\"@id\":\"https:\\\/\\\/amalashes.com\\\/#\\\/schema\\\/logo\\\/image\\\/\"},\"sameAs\":[\"https:\\\/\\\/www.facebook.com\\\/amalashesacademy\\\/\",\"https:\\\/\\\/www.instagram.com\\\/ama_lashes\\\/\",\"https:\\\/\\\/www.youtube.com\\\/channel\\\/UC8xFLI71s3u-oFj2OkPqSUg\"]}]}<\/script>\n<!-- \/ Yoast SEO plugin. -->","yoast_head_json":{"title":"Perie par mistret profesionala mare | AMA Lashes","robots":{"index":"index","follow":"follow","max-snippet":"max-snippet:-1","max-image-preview":"max-image-preview:large","max-video-preview":"max-video-preview:-1"},"canonical":"https:\/\/amalashes.com\/produs\/perie-par-mistret-profesionala-mare-ama-luxury\/","og_locale":"en_GB","og_type":"article","og_title":"Perie P\u0103r Profesional\u0103 Mare, din P\u0103r de Mistret, pentru descurcare, 24x8cm, de la AMA Luxury | AMA Lashes","og_url":"https:\/\/amalashes.com\/produs\/perie-par-mistret-profesionala-mare-ama-luxury\/","og_site_name":"AMA Lashes","article_publisher":"https:\/\/www.facebook.com\/amalashesacademy\/","article_modified_time":"2026-04-14T22:00:18+00:00","og_image":[{"width":864,"height":1131,"url":"https:\/\/amalashes.com\/wp-content\/uploads\/2026\/01\/perie-par-profesionala-mare-ama-luxury-1-1.jpeg","type":"image\/jpeg"}],"twitter_card":"summary_large_image","twitter_misc":{"Est. reading time":"3 minutes"},"schema":{"@context":"https:\/\/schema.org","@graph":[{"@type":"WebPage","@id":"https:\/\/amalashes.com\/produs\/perie-par-mistret-profesionala-mare-ama-luxury\/","url":"https:\/\/amalashes.com\/produs\/perie-par-mistret-profesionala-mare-ama-luxury\/","name":"Perie par mistret profesionala mare | AMA Lashes","isPartOf":{"@id":"https:\/\/amalashes.com\/#website"},"primaryImageOfPage":{"@id":"https:\/\/amalashes.com\/produs\/perie-par-mistret-profesionala-mare-ama-luxury\/#primaryimage"},"image":{"@id":"https:\/\/amalashes.com\/produs\/perie-par-mistret-profesionala-mare-ama-luxury\/#primaryimage"},"thumbnailUrl":"https:\/\/amalashes.com\/wp-content\/uploads\/2026\/01\/perie-par-profesionala-mare-ama-luxury-1-1.jpeg","datePublished":"2026-01-15T01:18:12+00:00","dateModified":"2026-04-14T22:00:18+00:00","description":"Perie par profesionala mare din par natural de mistret si lemn de de esenta tare, descurca parul incurcat fara sa rupa firul de par| AMA Lashes","breadcrumb":{"@id":"https:\/\/amalashes.com\/produs\/perie-par-mistret-profesionala-mare-ama-luxury\/#breadcrumb"},"inLanguage":"en-GB","potentialAction":[{"@type":"ReadAction","target":["https:\/\/amalashes.com\/produs\/perie-par-mistret-profesionala-mare-ama-luxury\/"]}]},{"@type":"ImageObject","inLanguage":"en-GB","@id":"https:\/\/amalashes.com\/produs\/perie-par-mistret-profesionala-mare-ama-luxury\/#primaryimage","url":"https:\/\/amalashes.com\/wp-content\/uploads\/2026\/01\/perie-par-profesionala-mare-ama-luxury-1-1.jpeg","contentUrl":"https:\/\/amalashes.com\/wp-content\/uploads\/2026\/01\/perie-par-profesionala-mare-ama-luxury-1-1.jpeg","width":864,"height":1131,"caption":"Perie par mistret profesionala mare AMA Luxury din par de mistret si lemn de esenta tare l\u0103cuit."},{"@type":"BreadcrumbList","@id":"https:\/\/amalashes.com\/produs\/perie-par-mistret-profesionala-mare-ama-luxury\/#breadcrumb","itemListElement":[{"@type":"ListItem","position":1,"name":"Prima pagin\u0103","item":"https:\/\/amalashes.com\/"},{"@type":"ListItem","position":2,"name":"AMA SHOP","item":"https:\/\/amalashes.com\/ama-lashes-shop\/"},{"@type":"ListItem","position":3,"name":"Perie P\u0103r Profesional\u0103 Mare, din P\u0103r de Mistret, pentru descurcare, 24x8cm, de la AMA Luxury"}]},{"@type":"WebSite","@id":"https:\/\/amalashes.com\/#website","url":"https:\/\/amalashes.com\/","name":"AMA Lashes","description":"Eyelash Extension Courses and Eyelash Extension Products, Lash Academy AMA Lashes. We offer you the most complete eyelash extension courses with an accredited diploma and a wide range of products and accessories for the application and maintenance of thread-by-thread eyelash extensions, of superior quality at a fair price. AMA Lashes products cannot be missing from the kit of a professional thread-by-thread eyelash extension technician.","publisher":{"@id":"https:\/\/amalashes.com\/#organization"},"potentialAction":[{"@type":"SearchAction","target":{"@type":"EntryPoint","urlTemplate":"https:\/\/amalashes.com\/?s={search_term_string}"},"query-input":{"@type":"PropertyValueSpecification","valueRequired":true,"valueName":"search_term_string"}}],"inLanguage":"en-GB"},{"@type":"Organization","@id":"https:\/\/amalashes.com\/#organization","name":"AMA Lashes","url":"https:\/\/amalashes.com\/","logo":{"@type":"ImageObject","inLanguage":"en-GB","@id":"https:\/\/amalashes.com\/#\/schema\/logo\/image\/","url":"https:\/\/amalashes.com\/wp-content\/uploads\/2020\/12\/Logo-on-black.png","contentUrl":"https:\/\/amalashes.com\/wp-content\/uploads\/2020\/12\/Logo-on-black.png","width":1920,"height":1920,"caption":"AMA Lashes"},"image":{"@id":"https:\/\/amalashes.com\/#\/schema\/logo\/image\/"},"sameAs":["https:\/\/www.facebook.com\/amalashesacademy\/","https:\/\/www.instagram.com\/ama_lashes\/","https:\/\/www.youtube.com\/channel\/UC8xFLI71s3u-oFj2OkPqSUg"]}]}},"_links":{"self":[{"href":"https:\/\/amalashes.com\/gb\/wp-json\/wp\/v2\/product\/17927","targetHints":{"allow":["GET"]}}],"collection":[{"href":"https:\/\/amalashes.com\/gb\/wp-json\/wp\/v2\/product"}],"about":[{"href":"https:\/\/amalashes.com\/gb\/wp-json\/wp\/v2\/types\/product"}],"replies":[{"embeddable":true,"href":"https:\/\/amalashes.com\/gb\/wp-json\/wp\/v2\/comments?post=17927"}],"wp:featuredmedia":[{"embeddable":true,"href":"https:\/\/amalashes.com\/gb\/wp-json\/wp\/v2\/media\/17932"}],"wp:attachment":[{"href":"https:\/\/amalashes.com\/gb\/wp-json\/wp\/v2\/media?parent=17927"}],"wp:term":[{"taxonomy":"product_brand","embeddable":true,"href":"https:\/\/amalashes.com\/gb\/wp-json\/wp\/v2\/product_brand?post=17927"},{"taxonomy":"product_cat","embeddable":true,"href":"https:\/\/amalashes.com\/gb\/wp-json\/wp\/v2\/product_cat?post=17927"},{"taxonomy":"product_tag","embeddable":true,"href":"https:\/\/amalashes.com\/gb\/wp-json\/wp\/v2\/product_tag?post=17927"}],"curies":[{"name":"wp","href":"https:\/\/api.w.org\/{rel}","templated":true}]}}