{"id":4470,"date":"2018-12-30T19:32:43","date_gmt":"2018-12-30T17:32:43","guid":{"rendered":"https:\/\/amalashes.com\/produsele-noastre\/fara-categorie\/import-placeholder-for-3538\/"},"modified":"2026-02-25T21:23:09","modified_gmt":"2026-02-25T19:23:09","slug":"banda-extensii-gene-3m-micropore-ama-lashes","status":"publish","type":"product","link":"https:\/\/amalashes.com\/gb\/produs\/banda-extensii-gene-3m-micropore-ama-lashes\/","title":{"rendered":"Banda chirurgicala extensii gene 3M Micropore"},"content":{"rendered":"<div class=\"page\" title=\"Page 2\">\n<div class=\"section\">\n<div class=\"layoutArea\">\n<div class=\"column\">\n<p style=\"text-align: center;\">Banda chirurgicala extensii gene 3M Micropore de la <a href=\"https:\/\/www.facebook.com\/amalashesacademy\" target=\"_blank\" rel=\"noopener\"><span style=\"color: #000000;\">AMA Lashes<\/span><\/a> este un accesoriu absolut necesar pentru aplicarea extensiilor de gene.<\/p>\n<p style=\"text-align: center;\">Acesta nu trebuie sa lipsesca din trusa unui tehnician de extensii gene profesionist<\/p>\n<p style=\"text-align: center;\">Recomandam Banda chirurgicala 3M Micropore deoarece:<\/p>\n<p style=\"text-align: center;\">Este un produs calitativ fabricat in Germania.<\/p>\n<p style=\"text-align: center;\">Este hipoalergenica<br \/>\nEste rezistenta la apa<br \/>\nNu contine latex.<br \/>\nEste conceputa special pentru a avea flexibilitate in toate directiile<br \/>\nSe conformeaza cu acuratete conturului fetei<br \/>\nOfera o aderenta foarte buna.<\/p>\n<p style=\"text-align: center;\">Banda chirurgicala Micropore de la <span style=\"color: #000000;\"><a style=\"color: #000000;\" href=\"https:\/\/www.facebook.com\/amalashesacademy\">AMA Lashes<\/a> <\/span>este perfecta si pentru izolarea genelor inferioare.<\/p>\n<p style=\"text-align: center;\">Prevenind astfel lipirea genelor inferioare de genele superioare in timpul aplicarii <span style=\"color: #000000;\"><a style=\"color: #000000;\" href=\"https:\/\/amalashes.com\/produs\/extensii-gene-negre-0-03\/\">extensiilor de gene<\/a>.<\/span><\/p>\n<h2 style=\"text-align: center;\">Va recomandam sa folositi acesta banda chirurgicala pentru izolat gene 3M Micropore, impreuna cu banda pentru extensii gene 3M Transpore.<\/h2>\n<p style=\"text-align: center;\">Deoarece banda 3M Transpore este special proiectata pentru a fixa pleoapa superioara.<\/p>\n<p style=\"text-align: center;\">Banda 3M Micropore este o band\u0103 de h\u00e2rtie hipoalergenic\u0103, f\u0103r\u0103 latex, cunoscut\u0103 pentru propriet\u0103\u021bile sale de fixare delicate, respirabile \u0219i fiabile.<\/p>\n<p style=\"text-align: center;\">Este o alegere popular\u0103 pentru fixarea pansamentelor, a tubulaturii u\u0219oare \u0219i a pungilor de stomie, \u00een special pe pielea umed\u0103 \u0219i pentru pacien\u021bii cu pielea sensibil\u0103.<\/p>\n<p style=\"text-align: center;\">Caracteristici \u0219i beneficii cheie:<br \/>\nDelicat\u0103 \u0219i hipoalergenic\u0103:<br \/>\nBanda 3M Micropore este conceput\u0103 pentru a fi delicat\u0103 cu pielea. Aceasta minimiz\u00e2nd irita\u021bia \u0219i fiind potrivit\u0103 pentru pielea sensibil\u0103, inclusiv pacien\u021bii v\u00e2rstnici, sugarii \u0219i copiii.<br \/>\nRespirabil\u0103:<br \/>\nSuportul respirabil al benzii ajut\u0103 la men\u021binerea integrit\u0103\u021bii pielii permi\u021b\u00e2nd circula\u021bia aerului. Ceea ce este crucial pentru prevenirea deterior\u0103rii pielii \u0219i promovarea vindec\u0103rii.<br \/>\nAderen\u021b\u0103 fiabil\u0103:<br \/>\nAder\u0103 bine at\u00e2t la pielea uscat\u0103, c\u00e2t \u0219i la cea umed\u0103, asigur\u00e2nd c\u0103 pansamentele \u0219i dispozitivele r\u0103m\u00e2n fixate \u00een siguran\u021b\u0103.<br \/>\nF\u0103r\u0103 latex:<br \/>\nEste formulat\u0103 f\u0103r\u0103 latex de cauciuc natural, reduc\u00e2nd riscul de reac\u021bii alergice.<br \/>\nU\u0219or de utilizat:<br \/>\nBanda chirurgicala 3M Micropore este conceput\u0103 pentru o aplicare \u0219i \u00eendep\u0103rtare u\u0219oar\u0103. Cu op\u021biuni de rupere bidirec\u021bional\u0103 pentru o manipulare convenabil\u0103.<br \/>\nVersatil\u0103:<br \/>\nEste o band\u0103 multifunc\u021bional\u0103, potrivit\u0103 pentru diverse aplica\u021bii, inclusiv fixarea pansamentelor, a tubulaturii u\u0219oare \u0219i a pungilor pentru stomie.<\/p>\n<h3 style=\"text-align: center;\">\u00cen concluzie, banda chirurgicala 3M Micropore este o alegere de \u00eencredere pentru profesioni\u0219tii din domeniul s\u0103n\u0103t\u0103\u021bii.<\/h3>\n<p style=\"text-align: center;\">Aceasta datorit\u0103 performan\u021bei sale delicate, respirabile \u0219i fiabile.<\/p>\n<p style=\"text-align: center;\">Ceea ce o face o op\u021biune versatil\u0103 pentru o gam\u0103 larg\u0103 de nevoi de fixare, \u00een special pentru pacien\u021bii cu pielea sensibil\u0103.<\/p>\n<p style=\"text-align: center;\"><strong><span style=\"color: #ff0000;\">* Produs calitativ de unica folosinta fabricat in Germania.<\/span><\/strong><\/p>\n<\/div>\n<\/div>\n<\/div>\n<\/div>\n<p>&nbsp;<\/p>\n","protected":false},"excerpt":{"rendered":"<p style=\"text-align: center;\">Banda chirurgicala 3M Micropore este un produs de unica folosinta<span style=\"color: #808080;\">\u00a0<\/span><\/p>\n<p id=\"sylius-product-name\" class=\"product-name\" style=\"text-align: center;\">Dimensiune banda chirurgicala 3M Micropore 1.25cm X 9.1m<\/p>\n<p style=\"text-align: center;\">Banda de calitate superioara fabricata in Germania.<\/p>\n<p>&nbsp;<\/p>\n<p>&nbsp;<\/p>\n<p style=\"text-align: center;\"><strong><span style=\"color: #800000;\">* TRANSPORT GRATUIT IN ROMANIA<br \/>\nla toate comenzile de peste 450 lei<\/span><\/strong><\/p>\n<p style=\"text-align: center;\"><strong><span style=\"color: #800000;\">* TRANSPORT GRATUIT IN EUROPA<br \/>\nla toate comenzile de peste 1500 lei<\/span><\/strong><\/p>\n","protected":false},"featured_media":4509,"comment_status":"open","ping_status":"closed","template":"","meta":[],"product_brand":[],"product_cat":[379,377],"product_tag":[1076,140,1326,1327,737,846,736,1028,270,1330,1329,520,889,524,1328,836],"class_list":{"0":"post-4470","1":"product","2":"type-product","3":"status-publish","4":"has-post-thumbnail","6":"product_cat-accesorii-extensii-gene-ama-lashes","7":"product_cat-intretinere-extensii-gene-fir-cu-fir-ama-lashes","8":"product_tag-banda-3m-gene","9":"product_tag-banda-3m-micropore","10":"product_tag-banda-chirurgicala-3m","11":"product_tag-banda-chirurgicala-micropore","12":"product_tag-banda-extensii","13":"product_tag-banda-extensii-gene","14":"product_tag-banda-gene","15":"product_tag-banda-gene-ama-lashes","16":"product_tag-banda-medicala-3m","17":"product_tag-banda-micropore-extensii","18":"product_tag-banda-micropore-gene","19":"product_tag-eyelash-extensions","20":"product_tag-intretinere-extensii-gene","21":"product_tag-intretinere-gene","22":"product_tag-micropore-3m","23":"product_tag-produse-extensii-gene","25":"first","26":"instock","27":"taxable","28":"shipping-taxable","29":"purchasable","30":"product-type-simple"},"translation":{"provider":"WPGlobus","version":"3.0.2","language":"gb","enabled_languages":["ro","gb"],"languages":{"ro":{"title":true,"content":true,"excerpt":true},"gb":{"title":false,"content":false,"excerpt":false}}},"yoast_head":"<!-- This site is optimized with the Yoast SEO plugin v27.3 - https:\/\/yoast.com\/product\/yoast-seo-wordpress\/ -->\n<title>Banda chirurgicala extensii gene 3M Micropore | AMA Lashes<\/title>\n<meta name=\"robots\" content=\"index, follow, max-snippet:-1, max-image-preview:large, max-video-preview:-1\" \/>\n<link rel=\"canonical\" href=\"https:\/\/amalashes.com\/produs\/banda-extensii-gene-3m-micropore-ama-lashes\/\" \/>\n<meta property=\"og:locale\" content=\"en_GB\" \/>\n<meta property=\"og:type\" content=\"article\" \/>\n<meta property=\"og:title\" content=\"Banda chirurgicala extensii gene 3M Micropore | AMA Lashes\" \/>\n<meta property=\"og:url\" content=\"https:\/\/amalashes.com\/produs\/banda-extensii-gene-3m-micropore-ama-lashes\/\" \/>\n<meta property=\"og:site_name\" content=\"AMA Lashes\" \/>\n<meta property=\"article:publisher\" content=\"https:\/\/www.facebook.com\/amalashesacademy\/\" \/>\n<meta property=\"article:modified_time\" content=\"2026-02-25T19:23:09+00:00\" \/>\n<meta property=\"og:image\" content=\"https:\/\/amalashes.com\/wp-content\/uploads\/2018\/12\/banda-medicala-3m-micropore-by-ama-lashes-2.jpg\" \/>\n\t<meta property=\"og:image:width\" content=\"1000\" \/>\n\t<meta property=\"og:image:height\" content=\"1000\" \/>\n\t<meta property=\"og:image:type\" content=\"image\/jpeg\" \/>\n<meta name=\"twitter:card\" content=\"summary_large_image\" \/>\n<meta name=\"twitter:label1\" content=\"Est. reading time\" \/>\n\t<meta name=\"twitter:data1\" content=\"3 minutes\" \/>\n<script type=\"application\/ld+json\" class=\"yoast-schema-graph\">{\"@context\":\"https:\\\/\\\/schema.org\",\"@graph\":[{\"@type\":\"WebPage\",\"@id\":\"https:\\\/\\\/amalashes.com\\\/produs\\\/banda-extensii-gene-3m-micropore-ama-lashes\\\/\",\"url\":\"https:\\\/\\\/amalashes.com\\\/produs\\\/banda-extensii-gene-3m-micropore-ama-lashes\\\/\",\"name\":\"Banda chirurgicala extensii gene 3M Micropore | AMA Lashes\",\"isPartOf\":{\"@id\":\"https:\\\/\\\/amalashes.com\\\/#website\"},\"primaryImageOfPage\":{\"@id\":\"https:\\\/\\\/amalashes.com\\\/produs\\\/banda-extensii-gene-3m-micropore-ama-lashes\\\/#primaryimage\"},\"image\":{\"@id\":\"https:\\\/\\\/amalashes.com\\\/produs\\\/banda-extensii-gene-3m-micropore-ama-lashes\\\/#primaryimage\"},\"thumbnailUrl\":\"https:\\\/\\\/amalashes.com\\\/wp-content\\\/uploads\\\/2018\\\/12\\\/banda-medicala-3m-micropore-by-ama-lashes-2.jpg\",\"datePublished\":\"2018-12-30T17:32:43+00:00\",\"dateModified\":\"2026-02-25T19:23:09+00:00\",\"description\":\"Banda chirurgicala extensii gene 3M Micropore este perfecta si pentru izolarea genelor inferioare | Produs calitativ, fabricat in Germania | AMA Lashes\",\"breadcrumb\":{\"@id\":\"https:\\\/\\\/amalashes.com\\\/produs\\\/banda-extensii-gene-3m-micropore-ama-lashes\\\/#breadcrumb\"},\"inLanguage\":\"en-GB\",\"potentialAction\":[{\"@type\":\"ReadAction\",\"target\":[\"https:\\\/\\\/amalashes.com\\\/produs\\\/banda-extensii-gene-3m-micropore-ama-lashes\\\/\"]}]},{\"@type\":\"ImageObject\",\"inLanguage\":\"en-GB\",\"@id\":\"https:\\\/\\\/amalashes.com\\\/produs\\\/banda-extensii-gene-3m-micropore-ama-lashes\\\/#primaryimage\",\"url\":\"https:\\\/\\\/amalashes.com\\\/wp-content\\\/uploads\\\/2018\\\/12\\\/banda-medicala-3m-micropore-by-ama-lashes-2.jpg\",\"contentUrl\":\"https:\\\/\\\/amalashes.com\\\/wp-content\\\/uploads\\\/2018\\\/12\\\/banda-medicala-3m-micropore-by-ama-lashes-2.jpg\",\"width\":1000,\"height\":1000,\"caption\":\"Banda chirurgicala extensii gene 3M Micropore AMA Lashes\"},{\"@type\":\"BreadcrumbList\",\"@id\":\"https:\\\/\\\/amalashes.com\\\/produs\\\/banda-extensii-gene-3m-micropore-ama-lashes\\\/#breadcrumb\",\"itemListElement\":[{\"@type\":\"ListItem\",\"position\":1,\"name\":\"Prima pagin\u0103\",\"item\":\"https:\\\/\\\/amalashes.com\\\/\"},{\"@type\":\"ListItem\",\"position\":2,\"name\":\"AMA SHOP\",\"item\":\"https:\\\/\\\/amalashes.com\\\/ama-lashes-shop\\\/\"},{\"@type\":\"ListItem\",\"position\":3,\"name\":\"Banda chirurgicala extensii gene 3M Micropore\"}]},{\"@type\":\"WebSite\",\"@id\":\"https:\\\/\\\/amalashes.com\\\/#website\",\"url\":\"https:\\\/\\\/amalashes.com\\\/\",\"name\":\"AMA Lashes\",\"description\":\"Eyelash Extension Courses and Eyelash Extension Products, Lash Academy AMA Lashes. We offer you the most complete eyelash extension courses with an accredited diploma and a wide range of products and accessories for the application and maintenance of thread-by-thread eyelash extensions, of superior quality at a fair price. AMA Lashes products cannot be missing from the kit of a professional thread-by-thread eyelash extension technician.\",\"publisher\":{\"@id\":\"https:\\\/\\\/amalashes.com\\\/#organization\"},\"potentialAction\":[{\"@type\":\"SearchAction\",\"target\":{\"@type\":\"EntryPoint\",\"urlTemplate\":\"https:\\\/\\\/amalashes.com\\\/?s={search_term_string}\"},\"query-input\":{\"@type\":\"PropertyValueSpecification\",\"valueRequired\":true,\"valueName\":\"search_term_string\"}}],\"inLanguage\":\"en-GB\"},{\"@type\":\"Organization\",\"@id\":\"https:\\\/\\\/amalashes.com\\\/#organization\",\"name\":\"AMA Lashes\",\"url\":\"https:\\\/\\\/amalashes.com\\\/\",\"logo\":{\"@type\":\"ImageObject\",\"inLanguage\":\"en-GB\",\"@id\":\"https:\\\/\\\/amalashes.com\\\/#\\\/schema\\\/logo\\\/image\\\/\",\"url\":\"https:\\\/\\\/amalashes.com\\\/wp-content\\\/uploads\\\/2020\\\/12\\\/Logo-on-black.png\",\"contentUrl\":\"https:\\\/\\\/amalashes.com\\\/wp-content\\\/uploads\\\/2020\\\/12\\\/Logo-on-black.png\",\"width\":1920,\"height\":1920,\"caption\":\"AMA Lashes\"},\"image\":{\"@id\":\"https:\\\/\\\/amalashes.com\\\/#\\\/schema\\\/logo\\\/image\\\/\"},\"sameAs\":[\"https:\\\/\\\/www.facebook.com\\\/amalashesacademy\\\/\",\"https:\\\/\\\/www.instagram.com\\\/ama_lashes\\\/\",\"https:\\\/\\\/www.youtube.com\\\/channel\\\/UC8xFLI71s3u-oFj2OkPqSUg\"]}]}<\/script>\n<!-- \/ Yoast SEO plugin. -->","yoast_head_json":{"title":"Banda chirurgicala extensii gene 3M Micropore | AMA Lashes","robots":{"index":"index","follow":"follow","max-snippet":"max-snippet:-1","max-image-preview":"max-image-preview:large","max-video-preview":"max-video-preview:-1"},"canonical":"https:\/\/amalashes.com\/produs\/banda-extensii-gene-3m-micropore-ama-lashes\/","og_locale":"en_GB","og_type":"article","og_title":"Banda chirurgicala extensii gene 3M Micropore | AMA Lashes","og_url":"https:\/\/amalashes.com\/produs\/banda-extensii-gene-3m-micropore-ama-lashes\/","og_site_name":"AMA Lashes","article_publisher":"https:\/\/www.facebook.com\/amalashesacademy\/","article_modified_time":"2026-02-25T19:23:09+00:00","og_image":[{"width":1000,"height":1000,"url":"https:\/\/amalashes.com\/wp-content\/uploads\/2018\/12\/banda-medicala-3m-micropore-by-ama-lashes-2.jpg","type":"image\/jpeg"}],"twitter_card":"summary_large_image","twitter_misc":{"Est. reading time":"3 minutes"},"schema":{"@context":"https:\/\/schema.org","@graph":[{"@type":"WebPage","@id":"https:\/\/amalashes.com\/produs\/banda-extensii-gene-3m-micropore-ama-lashes\/","url":"https:\/\/amalashes.com\/produs\/banda-extensii-gene-3m-micropore-ama-lashes\/","name":"Banda chirurgicala extensii gene 3M Micropore | AMA Lashes","isPartOf":{"@id":"https:\/\/amalashes.com\/#website"},"primaryImageOfPage":{"@id":"https:\/\/amalashes.com\/produs\/banda-extensii-gene-3m-micropore-ama-lashes\/#primaryimage"},"image":{"@id":"https:\/\/amalashes.com\/produs\/banda-extensii-gene-3m-micropore-ama-lashes\/#primaryimage"},"thumbnailUrl":"https:\/\/amalashes.com\/wp-content\/uploads\/2018\/12\/banda-medicala-3m-micropore-by-ama-lashes-2.jpg","datePublished":"2018-12-30T17:32:43+00:00","dateModified":"2026-02-25T19:23:09+00:00","description":"Banda chirurgicala extensii gene 3M Micropore este perfecta si pentru izolarea genelor inferioare | Produs calitativ, fabricat in Germania | AMA Lashes","breadcrumb":{"@id":"https:\/\/amalashes.com\/produs\/banda-extensii-gene-3m-micropore-ama-lashes\/#breadcrumb"},"inLanguage":"en-GB","potentialAction":[{"@type":"ReadAction","target":["https:\/\/amalashes.com\/produs\/banda-extensii-gene-3m-micropore-ama-lashes\/"]}]},{"@type":"ImageObject","inLanguage":"en-GB","@id":"https:\/\/amalashes.com\/produs\/banda-extensii-gene-3m-micropore-ama-lashes\/#primaryimage","url":"https:\/\/amalashes.com\/wp-content\/uploads\/2018\/12\/banda-medicala-3m-micropore-by-ama-lashes-2.jpg","contentUrl":"https:\/\/amalashes.com\/wp-content\/uploads\/2018\/12\/banda-medicala-3m-micropore-by-ama-lashes-2.jpg","width":1000,"height":1000,"caption":"Banda chirurgicala extensii gene 3M Micropore AMA Lashes"},{"@type":"BreadcrumbList","@id":"https:\/\/amalashes.com\/produs\/banda-extensii-gene-3m-micropore-ama-lashes\/#breadcrumb","itemListElement":[{"@type":"ListItem","position":1,"name":"Prima pagin\u0103","item":"https:\/\/amalashes.com\/"},{"@type":"ListItem","position":2,"name":"AMA SHOP","item":"https:\/\/amalashes.com\/ama-lashes-shop\/"},{"@type":"ListItem","position":3,"name":"Banda chirurgicala extensii gene 3M Micropore"}]},{"@type":"WebSite","@id":"https:\/\/amalashes.com\/#website","url":"https:\/\/amalashes.com\/","name":"AMA Lashes","description":"Eyelash Extension Courses and Eyelash Extension Products, Lash Academy AMA Lashes. We offer you the most complete eyelash extension courses with an accredited diploma and a wide range of products and accessories for the application and maintenance of thread-by-thread eyelash extensions, of superior quality at a fair price. AMA Lashes products cannot be missing from the kit of a professional thread-by-thread eyelash extension technician.","publisher":{"@id":"https:\/\/amalashes.com\/#organization"},"potentialAction":[{"@type":"SearchAction","target":{"@type":"EntryPoint","urlTemplate":"https:\/\/amalashes.com\/?s={search_term_string}"},"query-input":{"@type":"PropertyValueSpecification","valueRequired":true,"valueName":"search_term_string"}}],"inLanguage":"en-GB"},{"@type":"Organization","@id":"https:\/\/amalashes.com\/#organization","name":"AMA Lashes","url":"https:\/\/amalashes.com\/","logo":{"@type":"ImageObject","inLanguage":"en-GB","@id":"https:\/\/amalashes.com\/#\/schema\/logo\/image\/","url":"https:\/\/amalashes.com\/wp-content\/uploads\/2020\/12\/Logo-on-black.png","contentUrl":"https:\/\/amalashes.com\/wp-content\/uploads\/2020\/12\/Logo-on-black.png","width":1920,"height":1920,"caption":"AMA Lashes"},"image":{"@id":"https:\/\/amalashes.com\/#\/schema\/logo\/image\/"},"sameAs":["https:\/\/www.facebook.com\/amalashesacademy\/","https:\/\/www.instagram.com\/ama_lashes\/","https:\/\/www.youtube.com\/channel\/UC8xFLI71s3u-oFj2OkPqSUg"]}]}},"_links":{"self":[{"href":"https:\/\/amalashes.com\/gb\/wp-json\/wp\/v2\/product\/4470","targetHints":{"allow":["GET"]}}],"collection":[{"href":"https:\/\/amalashes.com\/gb\/wp-json\/wp\/v2\/product"}],"about":[{"href":"https:\/\/amalashes.com\/gb\/wp-json\/wp\/v2\/types\/product"}],"replies":[{"embeddable":true,"href":"https:\/\/amalashes.com\/gb\/wp-json\/wp\/v2\/comments?post=4470"}],"wp:featuredmedia":[{"embeddable":true,"href":"https:\/\/amalashes.com\/gb\/wp-json\/wp\/v2\/media\/4509"}],"wp:attachment":[{"href":"https:\/\/amalashes.com\/gb\/wp-json\/wp\/v2\/media?parent=4470"}],"wp:term":[{"taxonomy":"product_brand","embeddable":true,"href":"https:\/\/amalashes.com\/gb\/wp-json\/wp\/v2\/product_brand?post=4470"},{"taxonomy":"product_cat","embeddable":true,"href":"https:\/\/amalashes.com\/gb\/wp-json\/wp\/v2\/product_cat?post=4470"},{"taxonomy":"product_tag","embeddable":true,"href":"https:\/\/amalashes.com\/gb\/wp-json\/wp\/v2\/product_tag?post=4470"}],"curies":[{"name":"wp","href":"https:\/\/api.w.org\/{rel}","templated":true}]}}