{"id":6168,"date":"2019-11-20T22:18:30","date_gmt":"2019-11-20T20:18:30","guid":{"rendered":"https:\/\/amalashes.com\/?post_type=product&#038;p=6168"},"modified":"2026-03-26T00:35:30","modified_gmt":"2026-03-25T22:35:30","slug":"adeziv-extensii-gene-the-one-5ml","status":"publish","type":"product","link":"https:\/\/amalashes.com\/gb\/produs\/adeziv-extensii-gene-the-one-5ml\/","title":{"rendered":"Adeziv extensii gene The One (NEW FORMULA) &#8211; 5ml"},"content":{"rendered":"<p style=\"text-align: center;\">Acest adeziv extensii gene The One 5ml este rezistent la ulei, umiditate si caldura.<\/p>\n<p style=\"text-align: center;\">Adezivul suprem la care a viseaza orice lash artist. Un adeziv care schimba total regulile aplicarii.<\/p>\n<p style=\"text-align: center;\">Acest adeziv trebuie utilizat numai de c\u0103tre Lash Artistii foarte experimenta\u021bi, care aplica FOARTE repede.<\/p>\n<p style=\"text-align: center;\">Dac\u0103 nu lucra\u021bi foarte repede, ve\u021bi experimenta o reten\u021bie slab\u0103, deoarece adezivul se poate usca \u00eenainte de a \u201cprinde\u201d cum trebuie genele naturale.<\/p>\n<p style=\"text-align: center;\">Adezivul The One face parte din noua genera\u021bie de adezivi, care sunt rezistenti la ulei, umiditate si caldura.<\/p>\n<p style=\"text-align: center;\">Ceea ce inseamna ca, clientele tale nu mai trebuie sa se ingrijoreze de folosirea cremelor pe baza de ulei, de umiditate si caldura.<br \/>\nAdezivul THE ONE este adezivul perfect pentru toate tipurile de extensii \u0219i toate tehnicile de aplicare!<\/p>\n<p style=\"text-align: center;\">&#8211; Lipeste in 0,5 &#8211; 1 secunde *<br \/>\n&#8211; Lucreaza cu umiditate de 30% &#8211; 70%<br \/>\n&#8211; Functioneaz\u0103 \u00eentre 18\u00b0C si 24\u00b0C temperatura camerei, dar prefera mai mult caldura mai mare (intre 23\u00b0C si 25\u00b0C)<br \/>\n&#8211; Potrivit pentru extensiile clasice, extensiile de volum si extensiile de volum Mega si extensiile color.<br \/>\n&#8211; Retentie intre 6 si 8 saptamani.<\/p>\n<p style=\"text-align: center;\">-Culoare: transparent<br \/>\n&#8211; Vapori foarte scazuti, ceea ce ofera clientei si stilistului, un sentiment complet nou atunci cand il poarta si lucreaza cu acesta!<br \/>\n&#8211; Se caracterizeaz\u0103 prin capacitatea mare de lipire si vascozitatea mica spre medie!<br \/>\n&#8211; Potrivit pentru clien\u021bii foarte sensibili &#8211; DA!<br \/>\n&#8211; Potrivit pentru toate tipurile de extensii \u0219i toate tehnicile de aplicare!<br \/>\n&#8211; Disponibil in sticlute de 3ml si 5ml.<\/p>\n<p style=\"text-align: center;\"><strong>Necesitati:<\/strong><\/p>\n<h2 style=\"text-align: center;\">&#8211; Picatura de adeziv extensii gene The One 5ml trebuie aplicata pe palete din plastic.<\/h2>\n<p style=\"text-align: center;\">Tip floare,placi din cristal\/sticla, piatra jad sau o placa metalica<\/p>\n<p style=\"text-align: center;\">Precautii:<br \/>\n&#8211; A se folosi numai de catre personal instruit.<br \/>\n&#8211; A nu se lasa la indemana copiilor.<br \/>\n&#8211; Contactul direct cu pielea sau ochiul poate provoca uneori irita\u021bii minore.<span class=\"Apple-converted-space\"><br \/>\n<\/span>&#8211; Scoate\u021bi lentilele de contact.<br \/>\n&#8211; In caz de accidente spalati cu apa zona si solicita ajutor medical.<span class=\"Apple-converted-space\"><br \/>\n<\/span>&#8211; Nu folositi atunci cand sunteti gravida.<br \/>\n&#8211; In caz de orice tip de alergie, va rugam sa consultati medicul.<br \/>\n&#8211; Pastrati recipientul bine inchis cand nu il utilizati.<span class=\"Apple-converted-space\"><br \/>\n<\/span>&#8211; Nu depozitati sub lumina directa a soarelui si pastrati-l la temperatura camerei.<\/p>\n<p style=\"text-align: center;\">Ingredient de baza: Cianoacrilat<\/p>\n<p style=\"text-align: center;\">Instructiuni de folosire:<br \/>\n&#8211; Lasati adezivul sa respire la temperatura camerei timp de 5 minute inainte de utilizare.<br \/>\n&#8211; Se agita sticla cu susul in jos timp de 3-5 minute inainte de a il folosi.<br \/>\n&#8211; Asezati adezivul numai pe palete din plastic tip floare, placa din cristal\/sticla, piatra jad sau o placa metalica.<\/p>\n<p style=\"text-align: center;\">&#8211; Se toarna o picatura un pic mai mare decat de obicei. Extensiile se \u201cinmoaie\u201d in centrul picaturii de adeziv.<\/p>\n<p style=\"text-align: center;\"><strong>DESCRIERI GENERALE<\/strong><\/p>\n<p style=\"text-align: center;\">DESPRE STICLE IN CARE SUNT IMBUTELIATI ADEZIVII <span style=\"color: #000000;\"><a style=\"color: #000000;\" href=\"https:\/\/www.facebook.com\/amalashesacademy\">AMA LASHES<\/a><\/span><br \/>\nSticlele noastre nu necesita sa fie pastrate in containere speciale<\/p>\n<p style=\"text-align: center;\">INFLUENTA FACTORULUI DE UMIDITATE<br \/>\nFactorul de umiditate incepe sa scada proprietatile adezivului si imediat ce capacul a fost scos.<\/p>\n<p style=\"text-align: center;\">Termenul de valabilitate de 9 luni al adezivului scade la 3-4 saptamani.<\/p>\n<p style=\"text-align: center;\">Cele mai bune rezultate se obtin cand nivelul de umiditate este cuprins \u00eentre 40% si 65%.<br \/>\nPentru rezultate perfecte, din punct de vedere al umiditatii nivelul acesteia trebuie sa fie 60%.<br \/>\nTinem sa va reamintim ca daca aplicarea nu este facuta corect adezivul nu va \u201cfunctiona\u201d perfect chiar daca nivelul umiditatii este ideal.<\/p>\n<p style=\"text-align: center;\"><strong>DEPOZITAREA ADEZIVULUI SIGIAT<\/strong><\/p>\n<h3 style=\"text-align: center;\">Recomandam pastrarea adezivului pt gene The One la temperatura camerei, respectiv intre 19\u00b0C &#8211; 22\u00b0C.<\/h3>\n<p style=\"text-align: center;\">Dac\u0103 adezivul sigilat, este p\u0103strat la temperaturi de 18\u00b0C\u00a0 sau mai mici, nu se intampla nimic cu ingredientele si proprietatile adezivului.<\/p>\n<p style=\"text-align: center;\">Doar ca inainte de a fi deschis pentru utilizare, acesta trebuie lasat sa ajunga la temperatura camerei.<\/p>\n<p style=\"text-align: center;\">Dac\u0103 <span style=\"color: #000000;\"><a style=\"color: #000000;\" href=\"https:\/\/amalashes.com\/produs\/adeziv-magnetic-grey\/\">adezivul sigilat<\/a><\/span>, este p\u0103strat la temperaturi de 22\u00b0C sau mai mari, nu se intampla nimic cu ingredientele si proprietatile adezivului, doar ca acesta va fi un pic mai vascos. Acesta va revini la vascozitatea normala odat\u0103 ce ajunge la temperatura camerei, de aceea recomandam ca adezivul sa nu fie desigilat inainte de a ajunge la temperatura camerei.<\/p>\n<p style=\"text-align: center;\"><strong>DESCHIDERE ADEZIVULUI<\/strong><\/p>\n<h4 style=\"text-align: center;\">La deschiderea unei sticle noi de adeziv extensii gene The One, se recomand\u0103 intai agitarea cu capacul in jos.<\/h4>\n<p style=\"text-align: center;\">Apoi, inainte de taiere, se deschide capacul pentru a verifica daca exista exces de adeziv prins \u00een duz\u0103.<\/p>\n<p style=\"text-align: center;\">Daca da, strangeti si dati drumul usor pe partea lateral\u0103 a sticlei pentru a elibera astfel excesul prins in duza si apoi taiati plasticul de sigilare.<br \/>\nPrima pic\u0103tura de adeziv trebuie \u00eentotdeauna aruncat\u0103, deoarece probabilitatea este ca aceasta sa fi stat \u00een duz\u0103 si s\u0103-si fi pierdut din proprietati.<\/p>\n<p style=\"text-align: center;\"><strong>REGULI DE RESPECTAT IN TIMPUL APLICARII:<\/strong><\/p>\n<p style=\"text-align: center;\">Este foarte recomandat pentru cele mai bune rezultate atunci c\u00e2nd utilizati adezivul \u00een conditii de umiditate sc\u0103zut\u0103 sa folositi paleta din plastic tip \u201cfloare\u201d.<\/p>\n<p style=\"text-align: center;\">Iar \u00een conditii de umiditate ridicat\u0103 sa se foloseasca pietrele din sticla tip cristal.<br \/>\nNU RECOMANDAM folosirea pietrelor de jad in timpul folosirii adezivilor AMA Lashes. Deoarece suprafata pietrei jad provoaca o \u201cuscare\u201d mai rapida a picaturii de adeziv.<br \/>\nUnii tehnicieni aplica o band\u0103 de hartie (micropore sau finepore) pe piatra de jad sau piatr\u0103 de sticl\u0103.\u00a0 Fac acest lucru pentru a mentine pietrele curate, si pun adezivul pe banda de hartie.<br \/>\nNU RECOMANDAM aceasta practica deoarece banda va absorbi elemente din componenta adezivului.\u00a0 Rezultand astfel o aplicare deficitara si picatura de adeziv se va \u201cusca\u201d mult prea repede.<\/p>\n<p style=\"text-align: center;\"><strong>CURATAREA STICLEI DE ADEZIV<\/strong><\/p>\n<p style=\"text-align: center;\">Dac\u0103 ati varsat adeziv pe duza sau \u00eenainte de \u00eenchiderea capacului, utilizati o bucata de material f\u0103r\u0103 fibre sau un servetel ca sa curatati duza, si \u00eenchideti bine capacul.<\/p>\n<p style=\"text-align: center;\"><strong>DEPOZITARE ADEZIVULUI DUPA DESCHIDERE<\/strong><\/p>\n<h4 style=\"text-align: center;\">Pastrati acest adeziv extensii gene The One 5ml in punga termoizolanta intr-un sertar, departe de c\u0103ldura direct\u0103 si de lumina.<\/h4>\n<p style=\"text-align: center;\">AMA Lashes recomanda PATCH Testului \u2013 Gradul de sensibilitate la adeziv:<br \/>\nInaintea aplicarii extensiilor, fiecare clienta trebuie intrebata daca are alergii sau infectii ale ochilor si daca au un grad crescut de sensibilitate oculara.<\/p>\n<p style=\"text-align: center;\">Chiar daca declara ca nu prezinta nici unul dintre simtomele prezentate mai sus, este obligatorie efectuarea Patch testului, pentru fiecare clienta in parte.<\/p>\n<p style=\"text-align: center;\">Testul se va face cu 48 de ore inainte de aplicarea <span style=\"color: #000000;\"><a style=\"color: #000000;\" href=\"https:\/\/amalashes.com\/produs\/extensii-gene-negre-010-amaria-collection-ama-lashes\/\">extensiilor<\/a> <\/span>urmand urmatorii pasi:<br \/>\n1. Aplicati 5-6 extensii la fiecare ochi.<br \/>\n2. Reprogramati clienta dupa 48 de ore, si daca in acest interval clienta a simtit disconfort.<\/p>\n<p style=\"text-align: center;\">Cum ar fi :\u00a0(usturime, mancarime, roaseata a ochilor, etc) inseamna ca riscul de a dezvolta o reactie adversa, este crescut.<br \/>\n3. In cazul in care, in aceste 48 de ore, clienta dezvolata o reactie alergica, indepartati IMEDIAT extensiile aplicate.<\/p>\n<p style=\"text-align: center;\">*Patch Testul nu reprezinta o garantie sigura si infailibila, deoarece in timpul testului cantitatea de adeziv folosita este minima.<\/p>\n<p style=\"text-align: center;\">Efectuarea acestui test ajuta si limiteaza riscul aparitiei eventualelor alergii si iritatii la adeziv. Dar este posibil, chiar daca extrem de rar, sa apara reactii alergice la adeziv in timpul aplicarii.<\/p>\n<p style=\"text-align: center;\">Deoarece cantitatea de adeziv folosita este cu mult mai mare decat cea folosita atunci cand efectuam testul.<\/p>\n<p style=\"text-align: center;\"><strong>FOARTE IMPORTANT:<\/strong><\/p>\n<h5 style=\"text-align: center;\">Adeziv extensii gene The One, este destinat EXCLUSIV tehnicienilor cu experienta in aplicarea extensiilor de gene fir cu fir.<\/h5>\n<p style=\"text-align: center;\">Celor are au efectuat un curs de aplicare acreditat al extensiilor de gene fir cu fir.<br \/>\nNu folositi adezivul The One pentru a va aplica extensiile de una singura.<br \/>\nAMA Lashes nu poate fi considerata responsabila de folosirea necorespunzatoare a adezivului.<\/p>\n<p style=\"text-align: center;\">Din momentul cumpararii produsului sunteti direct raspunzatori de modul in care il folositi.<br \/>\nPerformanta si proprietatile adezivului pot varia de la o persoana la alta in functie de climatul camerei, temperatura si client.<br \/>\nInainte de a folosi adezivul The One trebuie sa cunoasteti toate procedurile ce trebuiesc intreprinse in cazul in care apar iritatii sau inflamari.<br \/>\nLa cerere va putem oferi informatii suplimentare deoarece, pentru noi, siguranta dumneavoasta si a clientelor dumneavoastra este primordiala.<\/p>\n<p style=\"text-align: center;\">Nu lasati la indemana copiilor!<\/p>\n<p style=\"text-align: center;\">Doar pentru uz profesional!<\/p>\n<h3 style=\"text-align: center;\"><\/h3>\n<p>&nbsp;<\/p>\n","protected":false},"excerpt":{"rendered":"<div class=\"page\" title=\"Page 3\">\n<div class=\"section\">\n<div class=\"layoutArea\">\n<div class=\"column\">\n<h5 style=\"text-align: center;\"><strong><span style=\"color: #808080;\">ADEZIVUL CARE <span style=\"color: #ff0000;\">NU CONTINE FORMALDEHIDE<\/span>,<\/span><\/strong><br \/>\n<strong><span style=\"color: #808080;\">STABILIZATORUL RESPONSABIL PENTRU MAJORITATEA ALERGIILOR.<\/span><\/strong><\/h5>\n<p style=\"text-align: center;\"><strong><span style=\"color: #808080;\">SPECIFICATII TEHNICE:<\/span><\/strong><br \/>\n<strong><span style=\"color: #808080;\">Timp de uscare: 0.5\u00a0 sec <\/span><\/strong><br \/>\n<strong><span style=\"color: #808080;\">Umiditate Recomandata: 30% &#8211; 70%<\/span><\/strong><br \/>\n<strong><span style=\"color: #808080;\">Umiditate Acceptata: 25% \u2013 80%<\/span><\/strong><br \/>\n<strong><span style=\"color: #808080;\">Temperatura Recomandata: 20\u00b0C &#8211; 24\u00b0C <\/span><\/strong><br \/>\n<strong><span style=\"color: #808080;\">Temperatura Acceptata: 18\u00b0C \u2013 26\u00b0C <\/span><\/strong><br \/>\n<strong><span style=\"color: #808080;\">In comformitate cu ISO 9001\u00a0 si ISO 14001\u00a0 <\/span><\/strong><\/p>\n<p style=\"text-align: center;\"><strong><span style=\"color: #808080;\">Culoare: Transparent<\/span><\/strong><\/p>\n<p style=\"text-align: center;\"><strong><span style=\"color: #808080;\">Cantitate: 5 ml<\/span><\/strong><\/p>\n<p style=\"text-align: center;\"><strong><span style=\"color: #808080;\">\u00a0<\/span><\/strong><\/p>\n<p style=\"text-align: center;\"><strong><span style=\"color: #800000;\">* TRANSPORT GRATUIT IN ROMANIA<br \/>\nla toate comenzile de peste 450 lei<\/span><\/strong><\/p>\n<p style=\"text-align: center;\"><strong><span style=\"color: #800000;\">* TRANSPORT GRATUIT IN EUROPA<br \/>\nla toate comenzile de peste 1500 lei<\/span><\/strong><\/p>\n<p style=\"text-align: center;\">\n<\/div>\n<\/div>\n<\/div>\n<\/div>\n","protected":false},"featured_media":17843,"comment_status":"open","ping_status":"closed","template":"","meta":[],"product_brand":[],"product_cat":[375],"product_tag":[390,400,599,389,1033,934,699,889,524,936,1051,935,836],"class_list":{"0":"post-6168","1":"product","2":"type-product","3":"status-publish","4":"has-post-thumbnail","6":"product_cat-adezivi-extensii-gene-ama-lashes","7":"product_tag-adeziv-extensii","8":"product_tag-adeziv-extensii-gene","9":"product_tag-adeziv-extensii-gene-bun","10":"product_tag-adeziv-gene","11":"product_tag-aplicare-extensii-gene","12":"product_tag-eyelash-extensions-glue","13":"product_tag-intretinere-extensii","14":"product_tag-intretinere-extensii-gene","15":"product_tag-intretinere-gene","16":"product_tag-lipici-extensii","17":"product_tag-lipici-extensii-gene","18":"product_tag-lipici-gene","19":"product_tag-produse-extensii-gene","21":"first","22":"instock","23":"taxable","24":"shipping-taxable","25":"purchasable","26":"product-type-simple"},"translation":{"provider":"WPGlobus","version":"3.0.2","language":"gb","enabled_languages":["ro","gb"],"languages":{"ro":{"title":true,"content":true,"excerpt":true},"gb":{"title":false,"content":false,"excerpt":false}}},"yoast_head":"<!-- This site is optimized with the Yoast SEO plugin v27.3 - https:\/\/yoast.com\/product\/yoast-seo-wordpress\/ -->\n<title>Adeziv extensii gene The One 5ml | AMA Lashes<\/title>\n<meta name=\"robots\" content=\"index, follow, max-snippet:-1, max-image-preview:large, max-video-preview:-1\" \/>\n<link rel=\"canonical\" href=\"https:\/\/amalashes.com\/produs\/adeziv-extensii-gene-the-one-5ml\/\" \/>\n<meta property=\"og:locale\" content=\"en_GB\" \/>\n<meta property=\"og:type\" content=\"article\" \/>\n<meta property=\"og:title\" content=\"Adeziv extensii gene The One (NEW FORMULA) - 5ml | AMA Lashes\" \/>\n<meta property=\"og:url\" content=\"https:\/\/amalashes.com\/produs\/adeziv-extensii-gene-the-one-5ml\/\" \/>\n<meta property=\"og:site_name\" content=\"AMA Lashes\" \/>\n<meta property=\"article:publisher\" content=\"https:\/\/www.facebook.com\/amalashesacademy\/\" \/>\n<meta property=\"article:modified_time\" content=\"2026-03-25T22:35:30+00:00\" \/>\n<meta property=\"og:image\" content=\"https:\/\/amalashes.com\/wp-content\/uploads\/2019\/11\/adeziv-the-one-ama-lashes-academy-produse-extensii-gene-fir-cu-fir-3-1.jpg\" \/>\n\t<meta property=\"og:image:width\" content=\"1024\" \/>\n\t<meta property=\"og:image:height\" content=\"1024\" \/>\n\t<meta property=\"og:image:type\" content=\"image\/jpeg\" \/>\n<meta name=\"twitter:card\" content=\"summary_large_image\" \/>\n<meta name=\"twitter:label1\" content=\"Est. reading time\" \/>\n\t<meta name=\"twitter:data1\" content=\"8 minutes\" \/>\n<script type=\"application\/ld+json\" class=\"yoast-schema-graph\">{\"@context\":\"https:\\\/\\\/schema.org\",\"@graph\":[{\"@type\":\"WebPage\",\"@id\":\"https:\\\/\\\/amalashes.com\\\/produs\\\/adeziv-extensii-gene-the-one-5ml\\\/\",\"url\":\"https:\\\/\\\/amalashes.com\\\/produs\\\/adeziv-extensii-gene-the-one-5ml\\\/\",\"name\":\"Adeziv extensii gene The One 5ml | AMA Lashes\",\"isPartOf\":{\"@id\":\"https:\\\/\\\/amalashes.com\\\/#website\"},\"primaryImageOfPage\":{\"@id\":\"https:\\\/\\\/amalashes.com\\\/produs\\\/adeziv-extensii-gene-the-one-5ml\\\/#primaryimage\"},\"image\":{\"@id\":\"https:\\\/\\\/amalashes.com\\\/produs\\\/adeziv-extensii-gene-the-one-5ml\\\/#primaryimage\"},\"thumbnailUrl\":\"https:\\\/\\\/amalashes.com\\\/wp-content\\\/uploads\\\/2019\\\/11\\\/adeziv-the-one-ama-lashes-academy-produse-extensii-gene-fir-cu-fir-3-1.jpg\",\"datePublished\":\"2019-11-20T20:18:30+00:00\",\"dateModified\":\"2026-03-25T22:35:30+00:00\",\"description\":\"Acest adeziv extensii gene The One 5ml este un super adeziv | Nu este afectat de umiditate, de temperatura si emana foarte putini vapori | AMA Lashes\",\"breadcrumb\":{\"@id\":\"https:\\\/\\\/amalashes.com\\\/produs\\\/adeziv-extensii-gene-the-one-5ml\\\/#breadcrumb\"},\"inLanguage\":\"en-GB\",\"potentialAction\":[{\"@type\":\"ReadAction\",\"target\":[\"https:\\\/\\\/amalashes.com\\\/produs\\\/adeziv-extensii-gene-the-one-5ml\\\/\"]}]},{\"@type\":\"ImageObject\",\"inLanguage\":\"en-GB\",\"@id\":\"https:\\\/\\\/amalashes.com\\\/produs\\\/adeziv-extensii-gene-the-one-5ml\\\/#primaryimage\",\"url\":\"https:\\\/\\\/amalashes.com\\\/wp-content\\\/uploads\\\/2019\\\/11\\\/adeziv-the-one-ama-lashes-academy-produse-extensii-gene-fir-cu-fir-3-1.jpg\",\"contentUrl\":\"https:\\\/\\\/amalashes.com\\\/wp-content\\\/uploads\\\/2019\\\/11\\\/adeziv-the-one-ama-lashes-academy-produse-extensii-gene-fir-cu-fir-3-1.jpg\",\"width\":1024,\"height\":1024,\"caption\":\"THE ONE face parte din noua genera\u021bie de adezivi, care sunt rezistenti la ulei, umiditate si caldura, ceea ce inseamna ca, clientele tale nu mai trebuie sa se ingrijoreze de folosirea cremelor pe baza de ulei, de umiditate si caldura.\"},{\"@type\":\"BreadcrumbList\",\"@id\":\"https:\\\/\\\/amalashes.com\\\/produs\\\/adeziv-extensii-gene-the-one-5ml\\\/#breadcrumb\",\"itemListElement\":[{\"@type\":\"ListItem\",\"position\":1,\"name\":\"Prima pagin\u0103\",\"item\":\"https:\\\/\\\/amalashes.com\\\/\"},{\"@type\":\"ListItem\",\"position\":2,\"name\":\"AMA SHOP\",\"item\":\"https:\\\/\\\/amalashes.com\\\/ama-lashes-shop\\\/\"},{\"@type\":\"ListItem\",\"position\":3,\"name\":\"Adeziv extensii gene The One (NEW FORMULA) &#8211; 5ml\"}]},{\"@type\":\"WebSite\",\"@id\":\"https:\\\/\\\/amalashes.com\\\/#website\",\"url\":\"https:\\\/\\\/amalashes.com\\\/\",\"name\":\"AMA Lashes\",\"description\":\"Eyelash Extension Courses and Eyelash Extension Products, Lash Academy AMA Lashes. We offer you the most complete eyelash extension courses with an accredited diploma and a wide range of products and accessories for the application and maintenance of thread-by-thread eyelash extensions, of superior quality at a fair price. AMA Lashes products cannot be missing from the kit of a professional thread-by-thread eyelash extension technician.\",\"publisher\":{\"@id\":\"https:\\\/\\\/amalashes.com\\\/#organization\"},\"potentialAction\":[{\"@type\":\"SearchAction\",\"target\":{\"@type\":\"EntryPoint\",\"urlTemplate\":\"https:\\\/\\\/amalashes.com\\\/?s={search_term_string}\"},\"query-input\":{\"@type\":\"PropertyValueSpecification\",\"valueRequired\":true,\"valueName\":\"search_term_string\"}}],\"inLanguage\":\"en-GB\"},{\"@type\":\"Organization\",\"@id\":\"https:\\\/\\\/amalashes.com\\\/#organization\",\"name\":\"AMA Lashes\",\"url\":\"https:\\\/\\\/amalashes.com\\\/\",\"logo\":{\"@type\":\"ImageObject\",\"inLanguage\":\"en-GB\",\"@id\":\"https:\\\/\\\/amalashes.com\\\/#\\\/schema\\\/logo\\\/image\\\/\",\"url\":\"https:\\\/\\\/amalashes.com\\\/wp-content\\\/uploads\\\/2020\\\/12\\\/Logo-on-black.png\",\"contentUrl\":\"https:\\\/\\\/amalashes.com\\\/wp-content\\\/uploads\\\/2020\\\/12\\\/Logo-on-black.png\",\"width\":1920,\"height\":1920,\"caption\":\"AMA Lashes\"},\"image\":{\"@id\":\"https:\\\/\\\/amalashes.com\\\/#\\\/schema\\\/logo\\\/image\\\/\"},\"sameAs\":[\"https:\\\/\\\/www.facebook.com\\\/amalashesacademy\\\/\",\"https:\\\/\\\/www.instagram.com\\\/ama_lashes\\\/\",\"https:\\\/\\\/www.youtube.com\\\/channel\\\/UC8xFLI71s3u-oFj2OkPqSUg\"]}]}<\/script>\n<!-- \/ Yoast SEO plugin. -->","yoast_head_json":{"title":"Adeziv extensii gene The One 5ml | AMA Lashes","robots":{"index":"index","follow":"follow","max-snippet":"max-snippet:-1","max-image-preview":"max-image-preview:large","max-video-preview":"max-video-preview:-1"},"canonical":"https:\/\/amalashes.com\/produs\/adeziv-extensii-gene-the-one-5ml\/","og_locale":"en_GB","og_type":"article","og_title":"Adeziv extensii gene The One (NEW FORMULA) - 5ml | AMA Lashes","og_url":"https:\/\/amalashes.com\/produs\/adeziv-extensii-gene-the-one-5ml\/","og_site_name":"AMA Lashes","article_publisher":"https:\/\/www.facebook.com\/amalashesacademy\/","article_modified_time":"2026-03-25T22:35:30+00:00","og_image":[{"width":1024,"height":1024,"url":"https:\/\/amalashes.com\/wp-content\/uploads\/2019\/11\/adeziv-the-one-ama-lashes-academy-produse-extensii-gene-fir-cu-fir-3-1.jpg","type":"image\/jpeg"}],"twitter_card":"summary_large_image","twitter_misc":{"Est. reading time":"8 minutes"},"schema":{"@context":"https:\/\/schema.org","@graph":[{"@type":"WebPage","@id":"https:\/\/amalashes.com\/produs\/adeziv-extensii-gene-the-one-5ml\/","url":"https:\/\/amalashes.com\/produs\/adeziv-extensii-gene-the-one-5ml\/","name":"Adeziv extensii gene The One 5ml | AMA Lashes","isPartOf":{"@id":"https:\/\/amalashes.com\/#website"},"primaryImageOfPage":{"@id":"https:\/\/amalashes.com\/produs\/adeziv-extensii-gene-the-one-5ml\/#primaryimage"},"image":{"@id":"https:\/\/amalashes.com\/produs\/adeziv-extensii-gene-the-one-5ml\/#primaryimage"},"thumbnailUrl":"https:\/\/amalashes.com\/wp-content\/uploads\/2019\/11\/adeziv-the-one-ama-lashes-academy-produse-extensii-gene-fir-cu-fir-3-1.jpg","datePublished":"2019-11-20T20:18:30+00:00","dateModified":"2026-03-25T22:35:30+00:00","description":"Acest adeziv extensii gene The One 5ml este un super adeziv | Nu este afectat de umiditate, de temperatura si emana foarte putini vapori | AMA Lashes","breadcrumb":{"@id":"https:\/\/amalashes.com\/produs\/adeziv-extensii-gene-the-one-5ml\/#breadcrumb"},"inLanguage":"en-GB","potentialAction":[{"@type":"ReadAction","target":["https:\/\/amalashes.com\/produs\/adeziv-extensii-gene-the-one-5ml\/"]}]},{"@type":"ImageObject","inLanguage":"en-GB","@id":"https:\/\/amalashes.com\/produs\/adeziv-extensii-gene-the-one-5ml\/#primaryimage","url":"https:\/\/amalashes.com\/wp-content\/uploads\/2019\/11\/adeziv-the-one-ama-lashes-academy-produse-extensii-gene-fir-cu-fir-3-1.jpg","contentUrl":"https:\/\/amalashes.com\/wp-content\/uploads\/2019\/11\/adeziv-the-one-ama-lashes-academy-produse-extensii-gene-fir-cu-fir-3-1.jpg","width":1024,"height":1024,"caption":"THE ONE face parte din noua genera\u021bie de adezivi, care sunt rezistenti la ulei, umiditate si caldura, ceea ce inseamna ca, clientele tale nu mai trebuie sa se ingrijoreze de folosirea cremelor pe baza de ulei, de umiditate si caldura."},{"@type":"BreadcrumbList","@id":"https:\/\/amalashes.com\/produs\/adeziv-extensii-gene-the-one-5ml\/#breadcrumb","itemListElement":[{"@type":"ListItem","position":1,"name":"Prima pagin\u0103","item":"https:\/\/amalashes.com\/"},{"@type":"ListItem","position":2,"name":"AMA SHOP","item":"https:\/\/amalashes.com\/ama-lashes-shop\/"},{"@type":"ListItem","position":3,"name":"Adeziv extensii gene The One (NEW FORMULA) &#8211; 5ml"}]},{"@type":"WebSite","@id":"https:\/\/amalashes.com\/#website","url":"https:\/\/amalashes.com\/","name":"AMA Lashes","description":"Eyelash Extension Courses and Eyelash Extension Products, Lash Academy AMA Lashes. We offer you the most complete eyelash extension courses with an accredited diploma and a wide range of products and accessories for the application and maintenance of thread-by-thread eyelash extensions, of superior quality at a fair price. AMA Lashes products cannot be missing from the kit of a professional thread-by-thread eyelash extension technician.","publisher":{"@id":"https:\/\/amalashes.com\/#organization"},"potentialAction":[{"@type":"SearchAction","target":{"@type":"EntryPoint","urlTemplate":"https:\/\/amalashes.com\/?s={search_term_string}"},"query-input":{"@type":"PropertyValueSpecification","valueRequired":true,"valueName":"search_term_string"}}],"inLanguage":"en-GB"},{"@type":"Organization","@id":"https:\/\/amalashes.com\/#organization","name":"AMA Lashes","url":"https:\/\/amalashes.com\/","logo":{"@type":"ImageObject","inLanguage":"en-GB","@id":"https:\/\/amalashes.com\/#\/schema\/logo\/image\/","url":"https:\/\/amalashes.com\/wp-content\/uploads\/2020\/12\/Logo-on-black.png","contentUrl":"https:\/\/amalashes.com\/wp-content\/uploads\/2020\/12\/Logo-on-black.png","width":1920,"height":1920,"caption":"AMA Lashes"},"image":{"@id":"https:\/\/amalashes.com\/#\/schema\/logo\/image\/"},"sameAs":["https:\/\/www.facebook.com\/amalashesacademy\/","https:\/\/www.instagram.com\/ama_lashes\/","https:\/\/www.youtube.com\/channel\/UC8xFLI71s3u-oFj2OkPqSUg"]}]}},"_links":{"self":[{"href":"https:\/\/amalashes.com\/gb\/wp-json\/wp\/v2\/product\/6168","targetHints":{"allow":["GET"]}}],"collection":[{"href":"https:\/\/amalashes.com\/gb\/wp-json\/wp\/v2\/product"}],"about":[{"href":"https:\/\/amalashes.com\/gb\/wp-json\/wp\/v2\/types\/product"}],"replies":[{"embeddable":true,"href":"https:\/\/amalashes.com\/gb\/wp-json\/wp\/v2\/comments?post=6168"}],"wp:featuredmedia":[{"embeddable":true,"href":"https:\/\/amalashes.com\/gb\/wp-json\/wp\/v2\/media\/17843"}],"wp:attachment":[{"href":"https:\/\/amalashes.com\/gb\/wp-json\/wp\/v2\/media?parent=6168"}],"wp:term":[{"taxonomy":"product_brand","embeddable":true,"href":"https:\/\/amalashes.com\/gb\/wp-json\/wp\/v2\/product_brand?post=6168"},{"taxonomy":"product_cat","embeddable":true,"href":"https:\/\/amalashes.com\/gb\/wp-json\/wp\/v2\/product_cat?post=6168"},{"taxonomy":"product_tag","embeddable":true,"href":"https:\/\/amalashes.com\/gb\/wp-json\/wp\/v2\/product_tag?post=6168"}],"curies":[{"name":"wp","href":"https:\/\/api.w.org\/{rel}","templated":true}]}}